{"id":3186,"date":"2024-10-29T13:27:39","date_gmt":"2024-10-29T13:27:39","guid":{"rendered":"https:\/\/nfc-readers.com\/?post_type=product&#038;p=3186"},"modified":"2024-10-29T13:59:52","modified_gmt":"2024-10-29T13:59:52","slug":"dia-30mm-ntag-424-dna-nfc-sticker-tamper-proof-high-security","status":"publish","type":"product","link":"https:\/\/nfc-readers.com\/hr\/ic-reader\/dia-30mm-ntag-424-dna-nfc-sticker-tamper-proof-high-security\/","title":{"rendered":"Promjer 30 mm NTAG 424 DNA NFC naljepnica Visoka sigurnost otporna na neovla\u0161teno kori\u0161tenje"},"content":{"rendered":"<h2><strong>Promjer 30 mm NTAG 424 DNA NFC naljepnica Visoka sigurnost otporna na neovla\u0161teno kori\u0161tenje<\/strong><\/h2>\n<p>Otkrijte sljede\u0107u razinu sigurne komunikacije s <strong>Promjer 30 mm NTAG 424 DNK NFC naljepnica<\/strong>. Ovo je dizajnirano za tvrtke koje \u017eele pobolj\u0161ati svoje sigurnosne mjere\u00a0<strong>NFC kartica<\/strong>\u00a0koristi vrhunsku tehnologiju koja ne samo da sprje\u010dava neovla\u0161teno rukovanje, ve\u0107 tako\u0111er osigurava besprijekornu sljedivost. Bilo da se bavite vinskom industrijom koja nagla\u0161ava mjere protiv krivotvorenja ili bilo kojim drugim sektorom kojem je potrebna napredna za\u0161tita, ova svestrana NFC naljepnica neprocjenjiva je vrijednost.<\/p>\n<p>&nbsp;<\/p>\n<h2><strong>Klju\u010dne prednosti NTAG 424 DNA NFC naljepnice promjera 30 mm<\/strong><\/h2>\n<p>The\u00a0<strong>NTAG 424 DNA NFC naljepnica<\/strong>\u00a0integrira zvjezdane zna\u010dajke za pru\u017eanje vrhunske sigurnosti i prakti\u010dnosti. Njegova fleksibilnost i jednostavnost kori\u0161tenja \u010dine ga izvanrednim rje\u0161enjem za tvrtke koje te\u017ee pobolj\u0161anoj komunikaciji i sljedivosti. Uz mogu\u0107nost sigurnog prijenosa vitalnih informacija, ovi\u00a0<strong>NFC proizvodi<\/strong>\u00a0opremljeni su 128-bitnom AES sigurno\u0161\u0107u, \u0161to ih \u010dini otpornima na krivotvorenje. Ulaganjem u ovaj inovativni proizvod ne samo da \u010duvate integritet svoje robne marke, ve\u0107 i pove\u0107avate povjerenje kupaca.<\/p>\n<p>&nbsp;<\/p>\n<h3><strong>Inovativno NFC rje\u0161enje za poslovne kartice<\/strong><\/h3>\n<p>The\u00a0<strong>Promjer 30 mm NTAG 424 DNK NFC naljepnica<\/strong>\u00a0redefinira na\u010din na koji do\u017eivljavamo tradicionalne posjetnice. Kao a\u00a0<strong>digitalna posjetnica<\/strong>, omogu\u0107uje korisnicima da &quot;dodirnu&quot; svoje pametne telefone kako bi bez napora prikupili podatke za kontakt. Zaboravite gnjava\u017eu oko no\u0161enja vi\u0161e papirnatih kartica; jednostavnim dodirom klijenti mogu u trenu pristupiti va\u0161im profilima na dru\u0161tvenim mre\u017eama i kontakt podacima. Ovaj\u00a0<strong>NFC posjetnica<\/strong>\u00a0ne samo da pobolj\u0161ava profesionalni imid\u017e va\u0161eg brenda, ve\u0107 tako\u0111er pokazuje va\u0161u predanost usvajanju moderne tehnologije.<\/p>\n<p>\u0160tovi\u0161e, ove\u00a0<strong>NFC kartice<\/strong>\u00a0savr\u0161eni su za mre\u017ene doga\u0111aje na kojima je prvi dojam va\u017ean. Omogu\u0107uju vam da se istaknete u konkurentskom okru\u017eenju \u010dine\u0107i dijeljenje informacija interaktivnim i nezaboravnim.<\/p>\n<p>&nbsp;<\/p>\n<h3><strong>\u010cesto postavljana pitanja (FAQ)<\/strong><\/h3>\n<p><strong>P: Kako mogu koristiti NFC naljepnicu?<\/strong><br \/>\nO: Jednostavno dotaknite pametnim telefonom naljepnicu i ugra\u0111ene informacije pojavit \u0107e se na zaslonu.<\/p>\n<p><strong>P: Mogu li se NFC naljepnice prilagoditi?<\/strong><br \/>\nO: Da, nudimo prilagodljive dizajne, uklju\u010duju\u0107i logotipe i opcije teksta, \u0161to vam omogu\u0107uje stvaranje jedinstvenog NFC iskustva.<\/p>\n<p><strong>P: Koliki je \u017eivotni vijek Dia 30 mm NTAG 424 DNA NFC naljepnice?<\/strong><br \/>\nO: S postojano\u0161\u0107u pisanja od 200 000 ciklusa, ove naljepnice napravljene su za dugotrajnu upotrebu i pouzdanost.<\/p>\n<p><strong>P: Mogu li koristiti ove naljepnice za promocije?<\/strong><br \/>\nO: Definitivno! Savr\u0161eni su za interaktivne promotivne kampanje i mogu se koristiti za dijeljenje ponuda, popusta ili informacija o proizvodu.<\/p>\n<p>&nbsp;<\/p>\n<p>&nbsp;<\/p>\n<h3><strong>Tehni\u010dke specifikacije NFC kartice<\/strong><\/h3>\n<table class=\"preview\" style=\"height: 299px;\" width=\"532\">\n<thead>\n<tr>\n<th><strong>Zna\u010dajka<\/strong><\/th>\n<th><strong>pojedinosti<\/strong><\/th>\n<\/tr>\n<\/thead>\n<tbody>\n<tr>\n<td><strong>Vrsta \u010dipa<\/strong><\/td>\n<td>NTAG 424 DNK<\/td>\n<\/tr>\n<tr>\n<td><strong>Memorija<\/strong><\/td>\n<td>416 bajtova<\/td>\n<\/tr>\n<tr>\n<td><strong>Sigurnost<\/strong><\/td>\n<td>128-bitni AES, LRP<\/td>\n<\/tr>\n<tr>\n<td><strong>Pristupni klju\u010devi<\/strong><\/td>\n<td>5 x 128 bita<\/td>\n<\/tr>\n<tr>\n<td><strong>Napi\u0161i Izdr\u017eljivost<\/strong><\/td>\n<td>200 000 ciklusa<\/td>\n<\/tr>\n<tr>\n<td><strong>Komunikacijsko su\u010delje<\/strong><\/td>\n<td>NFC forum tipa 4<\/td>\n<\/tr>\n<tr>\n<td><strong>Materijal<\/strong><\/td>\n<td>LJUBIMAC<\/td>\n<\/tr>\n<tr>\n<td><strong>Veli\u010dina antene<\/strong><\/td>\n<td>Promjer 30 mm<\/td>\n<\/tr>\n<tr>\n<td><strong>Pakiranje<\/strong><\/td>\n<td>1000-5000 KOM\/Rola<\/td>\n<\/tr>\n<tr>\n<td><strong>Certifikacija<\/strong><\/td>\n<td>ISO14443A, ISO15693<\/td>\n<\/tr>\n<\/tbody>\n<\/table>\n<p>&nbsp;<\/p>","protected":false},"excerpt":{"rendered":"<p>NTAG 424 DNA NFC naljepnica promjera 30 mm nudi visoku sigurnost s tehnologijom za\u0161tite od neovla\u0161tenog otvaranja, osiguravaju\u0107i pouzdanu za\u0161titu podataka i besprijekorno korisni\u010dko iskustvo. Savr\u0161eno za tvrtke kojima su potrebna sigurna rje\u0161enja!<\/p>","protected":false},"featured_media":3188,"template":"","meta":[],"product_brand":[],"product_cat":[48],"product_tag":[],"class_list":{"0":"post-3186","1":"product","2":"type-product","3":"status-publish","4":"has-post-thumbnail","6":"product_cat-nfc-stickers","8":"first","9":"instock","10":"shipping-taxable","11":"product-type-simple"},"_links":{"self":[{"href":"https:\/\/nfc-readers.com\/hr\/wp-json\/wp\/v2\/product\/3186","targetHints":{"allow":["GET"]}}],"collection":[{"href":"https:\/\/nfc-readers.com\/hr\/wp-json\/wp\/v2\/product"}],"about":[{"href":"https:\/\/nfc-readers.com\/hr\/wp-json\/wp\/v2\/types\/product"}],"wp:featuredmedia":[{"embeddable":true,"href":"https:\/\/nfc-readers.com\/hr\/wp-json\/wp\/v2\/media\/3188"}],"wp:attachment":[{"href":"https:\/\/nfc-readers.com\/hr\/wp-json\/wp\/v2\/media?parent=3186"}],"wp:term":[{"taxonomy":"product_brand","embeddable":true,"href":"https:\/\/nfc-readers.com\/hr\/wp-json\/wp\/v2\/product_brand?post=3186"},{"taxonomy":"product_cat","embeddable":true,"href":"https:\/\/nfc-readers.com\/hr\/wp-json\/wp\/v2\/product_cat?post=3186"},{"taxonomy":"product_tag","embeddable":true,"href":"https:\/\/nfc-readers.com\/hr\/wp-json\/wp\/v2\/product_tag?post=3186"}],"curies":[{"name":"wp","href":"https:\/\/api.w.org\/{rel}","templated":true}]}}