{"id":3195,"date":"2024-10-29T13:40:47","date_gmt":"2024-10-29T13:40:47","guid":{"rendered":"https:\/\/nfc-readers.com\/?post_type=product&#038;p=3195"},"modified":"2024-10-29T14:03:42","modified_gmt":"2024-10-29T14:03:42","slug":"iso14443a-pet-wet-inlay-nfc-sticker-dia30mm-for-smart-phone","status":"publish","type":"product","link":"https:\/\/nfc-readers.com\/hr\/ic-reader\/iso14443a-pet-wet-inlay-nfc-sticker-dia30mm-for-smart-phone\/","title":{"rendered":"ISO14443A PET Wet Inlay NFC naljepnica promjera 30 mm za pametni telefon"},"content":{"rendered":"<h2 style=\"text-align: center;\"><strong>ISO14443A PET Wet Inlay NFC naljepnica promjera 30 mm za pametni telefon<\/strong><\/h2>\n<p>&nbsp;<\/p>\n<p>U dana\u0161njem brzom digitalnom svijetu komunikacija mora biti besprijekorna i u\u010dinkovita. The\u00a0<strong>ISO14443A PET Wet Inlay NFC naljepnica promjera 30 mm za pametni telefon<\/strong>\u00a0osmi\u0161ljen je da revolucionira na\u010din na koji dijelite svoje podatke. Bilo da ste vlasnik tvrtke, kreativni profesionalac ili netko tko \u017eeli pojednostaviti dijeljenje kontakata, ova NFC kartica nudi bezbroj prednosti koje je \u010dine nezamjenjivim alatom. Sa svojom vodootpornom konstrukcijom, prilagodljivim zna\u010dajkama i kompatibilno\u0161\u0107u sa svim pametnim telefonima, nije samo prakti\u010dno rje\u0161enje ve\u0107 i moderan dodatak va\u0161em alatu za umre\u017eavanje.<\/p>\n<p>Zamislite da dijelite svoje podatke za kontakt, profile na dru\u0161tvenim mre\u017eama ili prilago\u0111ene veze jednostavnim dodirom pametnog telefona na ovu NFC naljepnicu! Zaronimo dublje u ono po \u010demu se ovaj NFC proizvod isti\u010de i za\u0161to biste ga trebali uvrstiti u svoj digitalni arsenal.<\/p>\n<p>&nbsp;<\/p>\n<h3><strong>Klju\u010dne zna\u010dajke NFC poslovne kartice<\/strong><\/h3>\n<p>The\u00a0<strong>NFC posjetnica<\/strong>\u00a0nadilazi tradicionalne kartice svojim impresivnim zna\u010dajkama koje dodaju vrijednost va\u0161im profesionalnim interakcijama. Opremljen sa\u00a0<strong>NTAG \u010dipovi<\/strong>\u00a0(213, 215, 216), ovaj NFC proizvod omogu\u0107uje besprijekoran prijenos podataka, omogu\u0107uju\u0107i vam dijeljenje bitnih informacija bez gnjava\u017ee s papirnatim karticama. Njegova izdr\u017eljivost tako\u0111er osigurava otpornost na razli\u010dite uvjete okoline, \u0161to ga \u010dini pouzdanim za vanjsku upotrebu.<\/p>\n<p>&nbsp;<\/p>\n<h3><strong>Tehni\u010dke specifikacije NFC naljepnica<\/strong><\/h3>\n<table class=\"preview\" style=\"height: 234px;\" width=\"525\">\n<thead>\n<tr>\n<th>Specifikacija<\/th>\n<th>Detalj<\/th>\n<\/tr>\n<\/thead>\n<tbody>\n<tr>\n<td><strong>Protokol<\/strong><\/td>\n<td>ISO14443A<\/td>\n<\/tr>\n<tr>\n<td><strong>Materijal<\/strong><\/td>\n<td>PET otporan na vlagu<\/td>\n<\/tr>\n<tr>\n<td><strong>Mogu\u0107nosti \u010dipova<\/strong><\/td>\n<td>NTAG 213, NTAG 215, NTAG 216<\/td>\n<\/tr>\n<tr>\n<td><strong>Veli\u010dina<\/strong><\/td>\n<td>Promjer 30 mm\/prilago\u0111eno<\/td>\n<\/tr>\n<tr>\n<td><strong>Kapacitet memorije<\/strong><\/td>\n<td>144 \/ 504 \/ 888 bajtova<\/td>\n<\/tr>\n<tr>\n<td><strong>Kompatibilni ure\u0111aji<\/strong><\/td>\n<td>Telefoni s NFC tehnologijom<\/td>\n<\/tr>\n<tr>\n<td><strong>Detalji pakiranja<\/strong><\/td>\n<td>100kom\/vre\u0107ica, 5000kom\/kutija<\/td>\n<\/tr>\n<tr>\n<td><strong>Luka<\/strong><\/td>\n<td>Shenzhen<\/td>\n<\/tr>\n<\/tbody>\n<\/table>\n<p>&nbsp;<\/p>\n<h3><strong>\u010cesto postavljana pitanja o NFC karticama<\/strong><\/h3>\n<p>&nbsp;<\/p>\n<h3>\u0160to je an\u00a0<strong>NFC kartica<\/strong>?<\/h3>\n<p>NFC kartica je beskontaktna pametna kartica koja koristi tehnologiju Near Field Communication za olak\u0161avanje prijenosa podataka jednostavnim dodirivanjem ure\u0111aja koji podr\u017eava NFC.<\/p>\n<h3>Kako da programiram svoj\u00a0<strong>NFC \u010dip<\/strong>?<\/h3>\n<p>Za programiranje NFC naljepnica mo\u017eete koristiti razne NFC aplikacije dostupne na pametnim telefonima. Ove vam aplikacije omogu\u0107uju unos podataka koje \u017eelite podijeliti, kao \u0161to su podaci o kontaktu ili odre\u0111ene veze.<\/p>\n<h3>Jesu li\u00a0<strong>NFC digitalne posjetnice<\/strong>\u00a0kompatibilan sa svim ure\u0111ajima?<\/h3>\n<p>Da, na\u0161e NFC naljepnice su kompatibilne sa svim pametnim telefonima opremljenim NFC mogu\u0107nostima. To osigurava \u0161irok doseg i pristupa\u010dnost, \u0161to vam omogu\u0107uje povezivanje s vi\u0161e pojedinaca.<\/p>\n<h3>Postoji li na\u010din za pra\u0107enje interakcija s mojim NFC proizvodima?<\/h3>\n<p>Iako samostalne NFC naljepnice nemaju zna\u010dajke pra\u0107enja, kada su povezane s odre\u0111enim URL-ovima, mo\u017eete koristiti analiti\u010dke alate za pra\u0107enje klikova i interakcija.<\/p>\n<h3>Mogu li dobiti besplatnu dostavu za svoju narud\u017ebu?<\/h3>\n<p>Da! \u010cesto nudimo besplatnu dostavu, posebno za skupne narud\u017ebe. Provjerite na\u0161e najnovije promocije za vi\u0161e detalja.<\/p>\n<p>&nbsp;<\/p>\n<p>&nbsp;<\/p>","protected":false},"excerpt":{"rendered":"<p>The\u00a0<strong>ISO14443A PET Wet Inlay NFC naljepnica promjera 30 mm<\/strong>\u00a0je svestrano, vodootporno NFC rje\u0161enje dizajnirano za besprijekorno dijeljenje podataka s pametnim telefonima. Ova kompaktna naljepnica omogu\u0107uje brz pristup va\u0161im podacima za kontakt i digitalnim profilima samo jednim dodirom, revolucioniraju\u0107i umre\u017eavanje i komunikaciju.<\/p>","protected":false},"featured_media":3196,"template":"","meta":[],"product_brand":[],"product_cat":[48],"product_tag":[],"class_list":{"0":"post-3195","1":"product","2":"type-product","3":"status-publish","4":"has-post-thumbnail","6":"product_cat-nfc-stickers","8":"first","9":"instock","10":"shipping-taxable","11":"product-type-simple"},"_links":{"self":[{"href":"https:\/\/nfc-readers.com\/hr\/wp-json\/wp\/v2\/product\/3195","targetHints":{"allow":["GET"]}}],"collection":[{"href":"https:\/\/nfc-readers.com\/hr\/wp-json\/wp\/v2\/product"}],"about":[{"href":"https:\/\/nfc-readers.com\/hr\/wp-json\/wp\/v2\/types\/product"}],"wp:featuredmedia":[{"embeddable":true,"href":"https:\/\/nfc-readers.com\/hr\/wp-json\/wp\/v2\/media\/3196"}],"wp:attachment":[{"href":"https:\/\/nfc-readers.com\/hr\/wp-json\/wp\/v2\/media?parent=3195"}],"wp:term":[{"taxonomy":"product_brand","embeddable":true,"href":"https:\/\/nfc-readers.com\/hr\/wp-json\/wp\/v2\/product_brand?post=3195"},{"taxonomy":"product_cat","embeddable":true,"href":"https:\/\/nfc-readers.com\/hr\/wp-json\/wp\/v2\/product_cat?post=3195"},{"taxonomy":"product_tag","embeddable":true,"href":"https:\/\/nfc-readers.com\/hr\/wp-json\/wp\/v2\/product_tag?post=3195"}],"curies":[{"name":"wp","href":"https:\/\/api.w.org\/{rel}","templated":true}]}}