{"id":3204,"date":"2024-10-30T02:21:36","date_gmt":"2024-10-30T02:21:36","guid":{"rendered":"https:\/\/nfc-readers.com\/?post_type=product&#038;p=3204"},"modified":"2024-10-30T02:21:37","modified_gmt":"2024-10-30T02:21:37","slug":"acr122u-nfc-smart-card-skimmer","status":"publish","type":"product","link":"https:\/\/nfc-readers.com\/hr\/ic-reader\/acr122u-nfc-smart-card-skimmer\/","title":{"rendered":"ACR122U NFC skimer pametne kartice"},"content":{"rendered":"<h1 class=\"AnswerParser_AnswerParserH1__6UNv6\">Unaprijedite svoje poslovanje s ACR122U NFC \u010dita\u010dem<\/h1>\n<p><span class=\"AnswerParser_TextContainer__z_Iiv\" data-testid=\"youchat-text\">U svijetu tehnologije koji se brzo razvija,\u00a0<strong>NFC (Near Field Communication)<\/strong>\u00a0pojavio se kao promjena na\u010dina na koji komuniciramo s ure\u0111ajima i provodimo transakcije. The\u00a0<strong>ACR122U NFC \u010dita\u010d<\/strong>\u00a0mo\u0107an je alat osmi\u0161ljen za olak\u0161avanje besprijekorne komunikacije s razli\u010ditim\u00a0<strong>NFC oznake<\/strong>\u00a0i\u00a0<strong>pametne kartice<\/strong>. Ovaj\u00a0<strong>NFC \u010dita\u010d<\/strong>\u00a0ne samo da pove\u0107ava sigurnost i u\u010dinkovitost, ve\u0107 tako\u0111er otvara nove mogu\u0107nosti za tvrtke i pojedince. Sa svojim naprednim zna\u010dajkama i dizajnom prilago\u0111enim korisniku, ACR122U je neophodan dodatak svakom okru\u017eenju koje poznaje tehnologiju.<\/span><\/p>\n<h2 class=\"AnswerParser_AnswerParserH2__SIHnF\">Za\u0161to odabrati ACR122U NFC \u010dita\u010d?<\/h2>\n<p><span class=\"AnswerParser_TextContainer__z_Iiv\" data-testid=\"youchat-text\">ACR122U NFC \u010dita\u010d isti\u010de se na tr\u017ei\u0161tu zbog svojih impresivnih specifikacija i svestranosti. s a\u00a0<strong>USB 2.0 su\u010delje pune brzine<\/strong>\u00a0koji je u skladu s\u00a0<strong>CCID standard<\/strong>, ovaj \u010dita\u010d osigurava brze i pouzdane veze. Njegovo\u00a0<strong>brzina \u010ditanja\/pisanja<\/strong>\u00a0od do\u00a0<strong>424 kbps<\/strong>\u00a0omogu\u0107uje u\u010dinkovit prijenos podataka, dok ugra\u0111ena antena omogu\u0107uje udaljenost \u010ditanja do\u00a0<strong>50 mm<\/strong>, ovisno o vrsti oznake koja se koristi. Ova kombinacija brzine i svestranosti \u010dini ACR122U idealnim izborom za razli\u010dite primjene, od sigurnih transakcija do u\u010dinkovite kontrole pristupa.<\/span><\/p>\n<h2 class=\"AnswerParser_AnswerParserH2__SIHnF\">Opis proizvoda<\/h2>\n<h3 class=\"AnswerParser_AnswerParserH3__Mpe4s\">1. NFC \u010dita\u010d: Izvedba velike brzine<\/h3>\n<p><span class=\"AnswerParser_TextContainer__z_Iiv\" data-testid=\"youchat-text\">ACR122U NFC \u010dita\u010d opremljen je s\u00a0<strong>USB 2.0 su\u010delje pune brzine<\/strong>, osiguravaju\u0107i brzi prijenos podataka. s a\u00a0<strong>brzina \u010ditanja\/pisanja<\/strong>\u00a0od do\u00a0<strong>424 kbps<\/strong>, omogu\u0107uje korisnicima brz pristup i upravljanje podacima o\u00a0<strong>NFC oznake<\/strong>\u00a0i\u00a0<strong>RFID kartice<\/strong>. Ove performanse velike brzine klju\u010dne su za aplikacije koje zahtijevaju brze transakcije, kao \u0161to su sustavi prodajnih mjesta i kontrola pristupa.<\/span><\/p>\n<h3 class=\"AnswerParser_AnswerParserH3__Mpe4s\">2. Svestrana kompatibilnost<\/h3>\n<p><span class=\"AnswerParser_TextContainer__z_Iiv\" data-testid=\"youchat-text\">Ovaj\u00a0<strong>\u010dita\u010d pametnih kartica<\/strong>\u00a0podr\u017eava \u0161irok raspon vrsta kartica, uklju\u010duju\u0107i\u00a0<strong>Kartice klase A i klase B<\/strong>\u00a0kako je definirano u\u00a0<strong>ISO 14443<\/strong>,\u00a0<strong>Mifare kartice<\/strong>, i\u00a0<strong>FeliCa kartice<\/strong>. Osim toga, kompatibilan je sa sve \u010detiri vrste\u00a0<strong>NFC oznake<\/strong>\u00a0prema\u00a0<strong>ISO\/IEC 18092<\/strong>\u00a0standard. Ova svestranost \u010dini ACR122U prikladnim za razne industrije, od maloprodaje do transporta.<\/span><\/p>\n<h3 class=\"AnswerParser_AnswerParserH3__Mpe4s\">3. Ugra\u0111ena antena za beskontaktni pristup<\/h3>\n<p><span class=\"AnswerParser_TextContainer__z_Iiv\" data-testid=\"youchat-text\">ACR122U ima ugra\u0111enu antenu koja omogu\u0107uje pristup beskontaktnim oznakama. Uz udaljenost \u010ditanja do\u00a0<strong>50 mm<\/strong>, korisnici mogu komunicirati sa svojim karticama bez potrebe za fizi\u010dkim kontaktom. Ova zna\u010dajka pove\u0107ava prakti\u010dnost i higijenu, \u0161to je \u010dini idealnom za okru\u017eenja u kojima je brz pristup neophodan.<\/span><\/p>\n<h3 class=\"AnswerParser_AnswerParserH3__Mpe4s\">4. Zna\u010dajka protiv sudara<\/h3>\n<p><span class=\"AnswerParser_TextContainer__z_Iiv\" data-testid=\"youchat-text\">Jedna od istaknutih zna\u010dajki ACR122U je njegova ugra\u0111ena sposobnost protiv sudara. Ovo osigurava da se samo jednoj oznaci mo\u017ee pristupiti u bilo kojem trenutku, sprje\u010davaju\u0107i smetnje podataka i pove\u0107avaju\u0107i sigurnost. Ova zna\u010dajka je posebno va\u017ena u okru\u017eenjima u kojima mo\u017ee biti prisutno vi\u0161e kartica, kao \u0161to su sustavi kontrole pristupa.<\/span><\/p>\n<h3 class=\"AnswerParser_AnswerParserH3__Mpe4s\">5. Podr\u0161ka za programsko su\u010delje aplikacije (API).<\/h3>\n<p><span class=\"AnswerParser_TextContainer__z_Iiv\" data-testid=\"youchat-text\">ACR122U podr\u017eava oboje\u00a0<strong>PC\/SC<\/strong>\u00a0i\u00a0<strong>CT-API<\/strong>, \u0161to omogu\u0107uje jednostavnu integraciju s razli\u010ditim softverskim aplikacijama. Ova fleksibilnost omogu\u0107uje programerima stvaranje prilago\u0111enih rje\u0161enja koja iskori\u0161tavaju mogu\u0107nosti ACR122U, \u010dine\u0107i ga vrijednim alatom za tvrtke koje \u017eele implementirati NFC tehnologiju.<\/span><\/p>\n<h3 class=\"AnswerParser_AnswerParserH3__Mpe4s\">6. Dizajn prilago\u0111en korisniku<\/h3>\n<p><span class=\"AnswerParser_TextContainer__z_Iiv\" data-testid=\"youchat-text\">ACR122U dizajniran je imaju\u0107i na umu korisni\u010dko iskustvo. Sadr\u017ei a\u00a0<strong>LED indikator u dvije boje<\/strong>\u00a0koji pru\u017ea vizualnu povratnu informaciju tijekom rada, kao i a\u00a0<strong>monotono zujalo<\/strong>\u00a0za zvu\u010dne obavijesti. Ove zna\u010dajke pove\u0107avaju upotrebljivost i osiguravaju da su korisnici u svakom trenutku obavije\u0161teni o statusu \u010dita\u010da.<\/span><\/p>\n<h3 class=\"AnswerParser_AnswerParserH3__Mpe4s\">7. Kompatibilnost s Androidom i iOS-om<\/h3>\n<p><span class=\"AnswerParser_TextContainer__z_Iiv\" data-testid=\"youchat-text\">ACR122U podr\u017eava\u00a0<strong>Android MOS 3.1 i noviji<\/strong>, \u0161to ga \u010dini svestranim izborom za mobilne aplikacije. Ova kompatibilnost omogu\u0107uje korisnicima da iskoriste snagu NFC tehnologije na svojim pametnim telefonima i tabletima, omogu\u0107uju\u0107i \u0161irok raspon funkcionalnosti od mobilnog pla\u0107anja do dijeljenja podataka.<\/span><\/p>\n<h3 class=\"AnswerParser_AnswerParserH3__Mpe4s\">8. Tehni\u010dke specifikacije<\/h3>\n<p><span class=\"AnswerParser_TextContainer__z_Iiv\" data-testid=\"youchat-text\">ACR122U mo\u017ee se pohvaliti impresivnim tehni\u010dkim specifikacijama, uklju\u010duju\u0107i:<\/span><\/p>\n<div class=\"AnswerParser_TableContainer__Erb6v\" data-testid=\"table-container\">\n<table>\n<thead>\n<tr>\n<th>Zna\u010dajka<\/th>\n<th>Specifikacija<\/th>\n<\/tr>\n<\/thead>\n<tbody>\n<tr>\n<td>Dimenzije<\/td>\n<td>98,0 mm (D) x 65,0 mm (\u0160) x 12,8 mm (V)<\/td>\n<\/tr>\n<tr>\n<td>Te\u017eina<\/td>\n<td>70 g<\/td>\n<\/tr>\n<tr>\n<td>USB su\u010delje<\/td>\n<td>USB CCID<\/td>\n<\/tr>\n<tr>\n<td>Izvor napajanja<\/td>\n<td>Iz USB priklju\u010dka<\/td>\n<\/tr>\n<tr>\n<td>Ubrzati<\/td>\n<td>USB pune brzine (12 Mbps)<\/td>\n<\/tr>\n<tr>\n<td>Du\u017eina kabela<\/td>\n<td>1,0 m, Fiksno<\/td>\n<\/tr>\n<tr>\n<td>Su\u010delje beskontaktne pametne kartice<\/td>\n<td>ISO\/IEC 18092 NFC, ISO 14443 Tip A &amp; B, MIFARE\u00ae, FeliCa<\/td>\n<\/tr>\n<tr>\n<td>Protokol<\/td>\n<td>ISO 14443-4 kompatibilna kartica, T=CL, MIFARE\u00ae Classic kartica, T=CL, ISO18092, NFC oznake, FeliCa<\/td>\n<\/tr>\n<tr>\n<td>Ugra\u0111ene periferije<\/td>\n<td>1 dvobojna LED dioda, monotoni zujalica<\/td>\n<\/tr>\n<tr>\n<td>Certifikati\/sukladnost<\/td>\n<td>EN 60950\/IEC 60950, ISO 18092, ISO 14443, USB Full Speed, PC\/SC, CCID, VCCI (Japan), KC (Koreja), Microsoft\u00ae WHQL, CE, FCC, RoHS 2, REACH<\/td>\n<\/tr>\n<tr>\n<td>Podr\u0161ka za operativni sustav upravlja\u010dkog programa ure\u0111aja<\/td>\n<td>Windows\u00ae CE, Windows\u00ae, Linux\u00ae, MAC OS\u00ae, Solaris, Android\u2122<\/td>\n<\/tr>\n<\/tbody>\n<\/table>\n<\/div>\n<h3 class=\"AnswerParser_AnswerParserH3__Mpe4s\">9. Utjecaj na okoli\u0161<\/h3>\n<p><span class=\"AnswerParser_TextContainer__z_Iiv\" data-testid=\"youchat-text\">U eri u kojoj je odr\u017eivost najva\u017enija, ACR122U dizajniran je imaju\u0107i na umu brigu o okoli\u0161u. Njegov energetski u\u010dinkovit rad i dug \u017eivotni vijek doprinose smanjenju elektroni\u010dkog otpada, \u0161to ga \u010dini odgovornim izborom za ekolo\u0161ki osvije\u0161tene potro\u0161a\u010de.<\/span><\/p>\n<h3 class=\"AnswerParser_AnswerParserH3__Mpe4s\">10. Recenzije kupaca<\/h3>\n<p><span class=\"AnswerParser_TextContainer__z_Iiv\" data-testid=\"youchat-text\">Korisnici su hvalili ACR122U zbog njegove pouzdanosti i jednostavnosti kori\u0161tenja. Mnogi cijene njegove mogu\u0107nosti brzog \u010ditanja i kompatibilnost s razli\u010ditim vrstama kartica. Evo nekoliko naglasaka iz povratnih informacija kupaca:<\/span><\/p>\n<ul class=\"AnswerParser_AnswerParserUnorderedList__P_1FW\">\n<li class=\"AnswerParser_ListItem__XqLOV\" translate=\"yes\">\u201cACR122U je u\u010dinio na\u0161 sustav kontrole pristupa puno u\u010dinkovitijim. Brzina \u010ditanja je impresivna!\u201d<\/li>\n<li class=\"AnswerParser_ListItem__XqLOV\" translate=\"yes\">\u201cSvi\u0111a mi se kako je jednostavno integrirati se s na\u0161im postoje\u0107im softverom. Podr\u0161ka za API mijenja igru.\u201d<\/li>\n<li class=\"AnswerParser_ListItem__XqLOV\" translate=\"yes\">\u201cUgra\u0111ena antena savr\u0161eno odgovara na\u0161im potrebama. Mo\u017eemo \u010ditati kartice bez ikakvih problema.\u201d<\/li>\n<\/ul>\n<h3 class=\"AnswerParser_AnswerParserH3__Mpe4s\">11. \u010cesta pitanja<\/h3>\n<ul class=\"AnswerParser_AnswerParserUnorderedList__P_1FW\">\n<li class=\"AnswerParser_ListItem__XqLOV\" translate=\"yes\"><span class=\"AnswerParser_TextContainer__z_Iiv\" data-testid=\"youchat-text\"><strong>P: Mo\u017ee li ACR122U \u010ditati NFC oznake s pametnih telefona?<\/strong><\/span>\n<ul class=\"AnswerParser_AnswerParserUnorderedList__P_1FW\">\n<li class=\"AnswerParser_ListItem__XqLOV\" translate=\"yes\">O: Da, ACR122U mo\u017ee komunicirati s NFC-omogu\u0107enim pametnim telefonima i tabletima, omogu\u0107uju\u0107i besprijekornu razmjenu podataka.<\/li>\n<\/ul>\n<\/li>\n<li class=\"AnswerParser_ListItem__XqLOV\" translate=\"yes\"><span class=\"AnswerParser_TextContainer__z_Iiv\" data-testid=\"youchat-text\"><strong>P: Je li ACR122U kompatibilan s Android i iOS ure\u0111ajima?<\/strong><\/span>\n<ul class=\"AnswerParser_AnswerParserUnorderedList__P_1FW\">\n<li class=\"AnswerParser_ListItem__XqLOV\" translate=\"yes\">O: Apsolutno! ACR122U radi s Android i iOS ure\u0111ajima, \u0161to ga \u010dini svestranom opcijom za razli\u010dite korisnike.<\/li>\n<\/ul>\n<\/li>\n<li class=\"AnswerParser_ListItem__XqLOV\" translate=\"yes\"><span class=\"AnswerParser_TextContainer__z_Iiv\" data-testid=\"youchat-text\"><strong>P: Kako da postavim ACR122U?<\/strong><\/span>\n<ul class=\"AnswerParser_AnswerParserUnorderedList__P_1FW\">\n<li class=\"AnswerParser_ListItem__XqLOV\" translate=\"yes\">O: Postavljanje ACR122U je jednostavno. Jednostavno ga pove\u017eite putem USB-a, instalirajte potrebne upravlja\u010dke programe i spremni ste za po\u010detak \u010ditanja i pisanja NFC oznaka.<\/li>\n<\/ul>\n<\/li>\n<\/ul>\n<h2 class=\"AnswerParser_AnswerParserH2__SIHnF\">Zaklju\u010dak<\/h2>\n<p><span class=\"AnswerParser_TextContainer__z_Iiv\" data-testid=\"youchat-text\">The\u00a0<strong>ACR122U NFC \u010dita\u010d<\/strong>\u00a0je sna\u017ean i svestran alat koji otklju\u010dava potencijal beskontaktne komunikacije. Sa svojim robusnim zna\u010dajkama, kompatibilno\u0161\u0107u s raznim NFC oznakama i pametnim karticama te dizajnom prilago\u0111enim korisniku, izvrsna je investicija za svakoga tko \u017eeli pobolj\u0161ati svoje NFC mogu\u0107nosti. Bilo za osobnu upotrebu ili poslovne aplikacije, ovo\u00a0<strong>NFC \u010dita\u010d<\/strong>\u00a0zasigurno \u0107e zadovoljiti va\u0161e potrebe i prema\u0161iti va\u0161a o\u010dekivanja.<\/span><span class=\"AnswerParser_TextContainer__z_Iiv\" data-testid=\"youchat-text\">Odabirom ACR122U ne kupujete samo proizvod; ula\u017eete u budu\u0107nost u kojoj beskontaktna tehnologija pojednostavljuje i pobolj\u0161ava va\u0161e svakodnevne interakcije. Ne propustite\u2014<strong>dodajte ga u svoju ko\u0161aricu<\/strong>\u00a0danas i do\u017eivite pogodnost NFC tehnologije!<\/span><\/p>\n<p>&nbsp;<\/p>","protected":false},"excerpt":{"rendered":"<p>Oslobodite snagu beskontaktne komunikacije sa svestranim i sigurnim ACR122U NFC Skimmerom. Nemojte \u010dekati, unaprijedite svoje NFC mogu\u0107nosti ve\u0107 danas!<\/p>","protected":false},"featured_media":3210,"template":"","meta":[],"product_brand":[],"product_cat":[45],"product_tag":[],"class_list":{"0":"post-3204","1":"product","2":"type-product","3":"status-publish","4":"has-post-thumbnail","6":"product_cat-contactless-nfc-reader","8":"first","9":"instock","10":"shipping-taxable","11":"product-type-simple"},"_links":{"self":[{"href":"https:\/\/nfc-readers.com\/hr\/wp-json\/wp\/v2\/product\/3204","targetHints":{"allow":["GET"]}}],"collection":[{"href":"https:\/\/nfc-readers.com\/hr\/wp-json\/wp\/v2\/product"}],"about":[{"href":"https:\/\/nfc-readers.com\/hr\/wp-json\/wp\/v2\/types\/product"}],"wp:featuredmedia":[{"embeddable":true,"href":"https:\/\/nfc-readers.com\/hr\/wp-json\/wp\/v2\/media\/3210"}],"wp:attachment":[{"href":"https:\/\/nfc-readers.com\/hr\/wp-json\/wp\/v2\/media?parent=3204"}],"wp:term":[{"taxonomy":"product_brand","embeddable":true,"href":"https:\/\/nfc-readers.com\/hr\/wp-json\/wp\/v2\/product_brand?post=3204"},{"taxonomy":"product_cat","embeddable":true,"href":"https:\/\/nfc-readers.com\/hr\/wp-json\/wp\/v2\/product_cat?post=3204"},{"taxonomy":"product_tag","embeddable":true,"href":"https:\/\/nfc-readers.com\/hr\/wp-json\/wp\/v2\/product_tag?post=3204"}],"curies":[{"name":"wp","href":"https:\/\/api.w.org\/{rel}","templated":true}]}}