{"id":3225,"date":"2024-11-01T09:59:32","date_gmt":"2024-11-01T09:59:32","guid":{"rendered":"https:\/\/nfc-readers.com\/?post_type=product&#038;p=3225"},"modified":"2024-11-04T09:03:20","modified_gmt":"2024-11-04T09:03:20","slug":"mifare-rfid-pvc-card-full-color-printed-for-cashless-payment","status":"publish","type":"product","link":"https:\/\/nfc-readers.com\/hr\/ic-reader\/mifare-rfid-pvc-card-full-color-printed-for-cashless-payment\/","title":{"rendered":"MIFARE RFID PVC kartica ispisana u punoj boji za bezgotovinsko pla\u0107anje"},"content":{"rendered":"<h1><span style=\"color: #000080;\"><strong>MIFARE RFID PVC kartica ispisana u punoj boji za bezgotovinsko pla\u0107anje<\/strong><\/span><\/h1>\n<h4 class=\"w-8 h-8 flex-center rounded-lg cursor-pointer hover:bg-grey-fill1-hover\"><span style=\"color: #666699;\">Uvod U eri u kojoj digitalne transakcije postaju norma, <strong>MIFARE RFID PVC kartica<\/strong>, posebno dizajniran za\u00a0<strong>bezgotovinsko pla\u0107anje<\/strong>, isti\u010de se kao revolucionarni alat za tvrtke i potro\u0161a\u010de. Ove ispisane kartice u boji ne samo da pru\u017eaju atraktivnu povr\u0161inu za brendiranje, ve\u0107 se tako\u0111er mogu pohvaliti naprednom tehnologijom za sigurne, besprijekorne transakcije. Bilo da se bavite maloprodajom, upravljanjem doga\u0111ajima ili umre\u017eavanjem, ove kartice predstavljaju svestrano rje\u0161enje koje zadovoljava razli\u010dite potrebe u na\u0161em digitalnom svijetu.<\/span><\/h4>\n<hr \/>\n<h2 class=\"w-8 h-8 flex-center rounded-lg cursor-pointer hover:bg-grey-fill1-hover\" style=\"text-align: center;\"><span style=\"color: #000080;\"><em><strong>Prednosti proizvoda<\/strong><\/em><\/span><\/h2>\n<h3 class=\"w-8 h-8 flex-center rounded-lg cursor-pointer hover:bg-grey-fill1-hover\"><span style=\"color: #333399;\"><strong>1. Visoka sigurnost<\/strong><\/span><\/h3>\n<p class=\"w-8 h-8 flex-center rounded-lg cursor-pointer hover:bg-grey-fill1-hover\">Na\u0161e MIFARE RFID PVC kartice koriste <strong>MIFARE Desfire EV3 tehnologija<\/strong>, poznat po svojoj visokoj sigurnosti i pouzdanosti.<\/p>\n<p class=\"w-8 h-8 flex-center rounded-lg cursor-pointer hover:bg-grey-fill1-hover\">Ovaj napredni \u010dip osigurava da su osjetljive informacije za\u0161ti\u0107ene od neovla\u0161tenog pristupa. S vi\u0161estrukim slojevima enkripcije, ove kartice su idealne za aplikacije koje zahtijevaju stroge sigurnosne mjere.<\/p>\n<div class=\"answer-markdown-box h-[calc(100%-57px)] bg-grey-layer2-normal\">\n<div class=\"markdown-body h-full\">\n<div class=\"custom-scrollbar overflow-auto custom-scrollbar-wide h-full\">\n<table class=\"preview\">\n<thead>\n<tr>\n<th><strong>Zna\u010dajka<\/strong><\/th>\n<th><strong>Specifikacija<\/strong><\/th>\n<\/tr>\n<\/thead>\n<tbody>\n<tr>\n<td><strong>\u010cip<\/strong><\/td>\n<td>MIFARE Desfire EV3<\/td>\n<\/tr>\n<tr>\n<td><strong>Mogu\u0107nosti memorije<\/strong><\/td>\n<td>2K\/4K\/8K<\/td>\n<\/tr>\n<tr>\n<td><strong>Protokol<\/strong><\/td>\n<td>ISO14443A<\/td>\n<\/tr>\n<tr>\n<td><strong>Frekvencija<\/strong><\/td>\n<td>13,56 MHz<\/td>\n<\/tr>\n<tr>\n<td><strong>Materijal<\/strong><\/td>\n<td>PVC<\/td>\n<\/tr>\n<tr>\n<td><strong>Veli\u010dina<\/strong><\/td>\n<td>CR80 (85,5 x 54 mm)<\/td>\n<\/tr>\n<tr>\n<td><strong>Mogu\u0107nosti ispisa<\/strong><\/td>\n<td>CMYK \/ Pantone<\/td>\n<\/tr>\n<tr>\n<td><strong>Povr\u0161inska obrada<\/strong><\/td>\n<td>Sjajni\/mat<\/td>\n<\/tr>\n<tr>\n<td><strong>Podrijetlo<\/strong><\/td>\n<td>Guangdong, Kina<\/td>\n<\/tr>\n<tr>\n<td><strong>Vrsta kartice<\/strong><\/td>\n<td>beskontaktna kartica (RFID)<\/td>\n<\/tr>\n<tr>\n<td><strong>Radna temperatura<\/strong><\/td>\n<td>-20\u00b0C do 60\u00b0C<\/td>\n<\/tr>\n<tr>\n<td><strong>Temperatura skladi\u0161tenja<\/strong><\/td>\n<td>-40\u00b0C do 80\u00b0C<\/td>\n<\/tr>\n<tr>\n<td><strong>Vla\u017enost<\/strong><\/td>\n<td>0-100%RH<\/td>\n<\/tr>\n<tr>\n<td><strong>Zadr\u017eavanje podataka<\/strong><\/td>\n<td>10 godina ili vi\u0161e<\/td>\n<\/tr>\n<tr>\n<td><strong>Napajanje<\/strong><\/td>\n<td>Nije potrebno vanjsko napajanje<\/td>\n<\/tr>\n<tr>\n<td><strong>Vrsta senzora<\/strong><\/td>\n<td>13,56 MHz RFID<\/td>\n<\/tr>\n<tr>\n<td><strong>Raspon<\/strong><\/td>\n<td>Do 10 cm<\/td>\n<\/tr>\n<tr>\n<td><strong>Kompatibilnost<\/strong><\/td>\n<td>Ure\u0111aji s NFC-om (pametni telefoni, tableti itd.)<\/td>\n<\/tr>\n<tr>\n<td><strong>Sigurnost<\/strong><\/td>\n<td>DES,3DES, AES \u0161ifriranje<\/td>\n<\/tr>\n<tr>\n<td><strong>Certifikati<\/strong><\/td>\n<td>ISO\/IEC14443, NFC forum<\/td>\n<\/tr>\n<\/tbody>\n<\/table>\n<h2><\/h2>\n<h3><span style=\"color: #333399;\"><strong>2. Svestranost u primjeni<\/strong><\/span><\/h3>\n<p>Ove svestrane kartice nisu samo za bezgotovinsko pla\u0107anje. Mogu se koristiti u raznim aplikacijama uklju\u010duju\u0107i:<\/p>\n<ul>\n<li><strong>Kontrola pristupa<\/strong><\/li>\n<li><strong>Prodaja ulaznica za doga\u0111aje<\/strong><\/li>\n<li><strong>\u010clanske iskaznice<\/strong><\/li>\n<li><strong>Programi vjernosti<\/strong><\/li>\n<li><strong>NFC posjetnice<\/strong><\/li>\n<\/ul>\n<p>Ova prilagodljivost \u010dini ih pametnom investicijom za svaku tvrtku koja \u017eeli unaprijediti svoju ponudu usluga.<\/p>\n<p>&nbsp;<\/p>\n<h3><span style=\"color: #333399;\"><strong>3. Trajnost i dizajn<\/strong><\/span><\/h3>\n<p>Izgra\u0111en od <strong>visokokvalitetni PVC<\/strong>, ove su kartice vodootporne i otporne na habanje. Dizajnirani su da traju, smanjuju\u0107i potrebu za \u010destim zamjenama.\u00a0<strong>Tisak u boji<\/strong>\u00a0opcije omogu\u0107uju tvrtkama stvaranje privla\u010dnog dizajna koji je u skladu s njihovim brendiranjem, osiguravaju\u0107i da svaka kartica slu\u017ei kao marketin\u0161ki alat.<\/p>\n<p>&nbsp;<\/p>\n<h3><span style=\"color: #333399;\"><strong>4. Jednostavan za kori\u0161tenje<\/strong><\/span><\/h3>\n<p>Na\u0161e MIFARE RFID PVC kartice dizajnirane su za jednostavnu upotrebu. Jednostavno prislonite karticu uz bilo koji ure\u0111aj s omogu\u0107enom NFC tehnologijom za brze transakcije. Ovo korisni\u010dko iskustvo mo\u017ee pove\u0107ati zadovoljstvo korisnika i pojednostaviti procese pla\u0107anja.<\/p>\n<p><img loading=\"lazy\" decoding=\"async\" class=\"alignnone wp-image-3344\" src=\"https:\/\/nfc-readers.com\/wp-content\/uploads\/2024\/11\/main-image-4-6-300x300.jpeg\" alt=\"\" width=\"336\" height=\"336\" srcset=\"https:\/\/nfc-readers.com\/wp-content\/uploads\/2024\/11\/main-image-4-6-300x300.jpeg 300w, https:\/\/nfc-readers.com\/wp-content\/uploads\/2024\/11\/main-image-4-6-150x150.jpeg 150w, https:\/\/nfc-readers.com\/wp-content\/uploads\/2024\/11\/main-image-4-6-768x768.jpeg 768w, https:\/\/nfc-readers.com\/wp-content\/uploads\/2024\/11\/main-image-4-6-12x12.jpeg 12w, https:\/\/nfc-readers.com\/wp-content\/uploads\/2024\/11\/main-image-4-6-600x600.jpeg 600w, https:\/\/nfc-readers.com\/wp-content\/uploads\/2024\/11\/main-image-4-6-100x100.jpeg 100w, https:\/\/nfc-readers.com\/wp-content\/uploads\/2024\/11\/main-image-4-6.jpeg 800w\" sizes=\"auto, (max-width: 336px) 100vw, 336px\" \/><img loading=\"lazy\" decoding=\"async\" class=\"alignnone wp-image-3346\" src=\"https:\/\/nfc-readers.com\/wp-content\/uploads\/2024\/11\/main-image-6-5-300x300.jpeg\" alt=\"\" width=\"347\" height=\"347\" srcset=\"https:\/\/nfc-readers.com\/wp-content\/uploads\/2024\/11\/main-image-6-5-300x300.jpeg 300w, https:\/\/nfc-readers.com\/wp-content\/uploads\/2024\/11\/main-image-6-5-150x150.jpeg 150w, https:\/\/nfc-readers.com\/wp-content\/uploads\/2024\/11\/main-image-6-5-768x768.jpeg 768w, https:\/\/nfc-readers.com\/wp-content\/uploads\/2024\/11\/main-image-6-5-12x12.jpeg 12w, https:\/\/nfc-readers.com\/wp-content\/uploads\/2024\/11\/main-image-6-5-600x600.jpeg 600w, https:\/\/nfc-readers.com\/wp-content\/uploads\/2024\/11\/main-image-6-5-100x100.jpeg 100w, https:\/\/nfc-readers.com\/wp-content\/uploads\/2024\/11\/main-image-6-5.jpeg 800w\" sizes=\"auto, (max-width: 347px) 100vw, 347px\" \/><\/p>\n<hr \/>\n<h2 style=\"text-align: center;\"><em><span style=\"color: #000080;\"><strong>Inovativne zna\u010dajke<\/strong><\/span><\/em><\/h2>\n<h3><span style=\"color: #333399;\"><strong>1. Mogu\u0107nosti prilagodbe<\/strong><\/span><\/h3>\n<p>Prilagodba je klju\u010dna za svaku tvrtku koja \u017eeli ostaviti trajan dojam. Na\u0161e kartice nude niz opcija ispisa, uklju\u010duju\u0107i:<\/p>\n<ul>\n<li><strong>Ispis u boji<\/strong>: \u017divopisni dizajni koji isti\u010du va\u0161u marku.<\/li>\n<li><strong>Prilago\u0111eni oblici i veli\u010dine<\/strong>: Prilagodite dimenzije kartice svojim potrebama.<\/li>\n<\/ul>\n<p>&nbsp;<\/p>\n<h3><span style=\"color: #333399;\"><strong>2. Kompatibilnost s NFC tehnologijom<\/strong><\/span><\/h3>\n<p>MIFARE RFID PVC kartice su kompatibilne sa svim ure\u0111ajima koji podr\u017eavaju NFC, osiguravaju\u0107i besprijekornu komunikaciju. Ova \u0161iroka kompatibilnost zna\u010di da korisnici mogu jednostavno komunicirati sa svojim pametnim telefonima ili terminalima za pla\u0107anje.<\/p>\n<p>&nbsp;<\/p>\n<h3><span style=\"color: #333399;\"><strong>3. Ekolo\u0161ki prihvatljiva proizvodnja<\/strong><\/span><\/h3>\n<p>Na\u0161e su kartice izra\u0111ene od izdr\u017eljivog PVC-a, \u010dime se smanjuje otpad u usporedbi s papirnatim karticama za jednokratnu upotrebu. Ulaganje u visokokvalitetne RFID kartice korak je prema odr\u017eivosti, privla\u010dan ekolo\u0161ki osvije\u0161tenim potro\u0161a\u010dima koji tra\u017ee zelenije alternative.<\/p>\n<p>&nbsp;<\/p>\n<h3><span style=\"color: #333399;\"><strong>4. Mogu\u0107nosti brzog punjenja i ponovnog ispisa<\/strong><\/span><\/h3>\n<p>Ako ikada trebate ponovno ispisati karticu, na\u0161 pojednostavljeni postupak omogu\u0107uje brzo ponovno naru\u010divanje. Osim toga, opcije prilagodbe zna\u010de da ponovni ispisi mogu neprimjetno prikazati a\u017eurirane informacije ili brendiranje.<\/p>\n<hr \/>\n<p>&nbsp;<\/p>\n<h3><em><span style=\"color: #666699;\">Svakodnevna upotreba-\u00a0<strong>Dodirnite i platite<\/strong>: <\/span><\/em><\/h3>\n<p><strong>Korisnici jednostavno prislone svoju karticu na kompatibilni ure\u0111aj kako bi dovr\u0161ili transakciju.<\/strong><\/p>\n<ul>\n<li><strong>Dijeljenje informacija<\/strong>: Za NFC posjetnice, korisnici mogu dijeliti podatke o kontaktu brzim dodirom, eliminiraju\u0107i potrebu za tradicionalnim posjetnicama.<\/li>\n<\/ul>\n<hr \/>\n<h2><\/h2>\n<h2 style=\"text-align: center;\"><em><span style=\"color: #000080;\"><strong>Recenzije kupaca<\/strong><\/span><\/em><\/h2>\n<p><strong>Mnoge tvrtke su otkrile da je prelazak na MIFARE RFID PVC kartice bio koristan u raznim aspektima. Evo nekoliko izjava na\u0161ih klijenata:<\/strong><\/p>\n<p><span style=\"color: #008080;\"><strong>\u201cOtkako smo integrirali MIFARE kartice za na\u0161 sustav bezgotovinskog pla\u0107anja, na\u0161a se stopa transakcija dramati\u010dno pove\u0107ala. Kartice su jednostavne za kori\u0161tenje i imaju elegantan dizajn koji impresionira na\u0161e klijente.\u201d \u2013 John M., voditelj maloprodaje<\/strong><\/span><\/p>\n<blockquote><p><strong>\u201cPrilago\u0111ene NFC posjetnice koje smo naru\u010dili transformirale su na\u0161e mre\u017ene doga\u0111aje. Dijeljenje podataka za kontakt sada je jednostavno, a kvaliteta je vrhunska.\u201d \u2013 Sarah L., koordinatorica doga\u0111aja<\/strong><\/p><\/blockquote>\n<hr \/>\n<h2><\/h2>\n<h2 style=\"text-align: center;\"><span style=\"color: #000080;\"><em><strong>\u010cesto postavljana pitanja<\/strong><\/em><\/span><\/h2>\n<p><strong>1. Jesu li MIFARE kartice kompatibilne sa svim pametnim telefonima?<\/strong><\/p>\n<p>Da, MIFARE RFID PVC kartice kompatibilne su sa svim pametnim telefonima koji podr\u017eavaju NFC, \u0161to korisnicima omogu\u0107uje jednostavno obavljanje transakcija.<\/p>\n<p><strong>2. Mogu li prilagoditi dizajn svojih MIFARE kartica?<\/strong><\/p>\n<p>Apsolutno! Na\u0161e kartice dolaze s raznim opcijama prilagodbe prilago\u0111enim va\u0161im potrebama brendiranja.<\/p>\n<p><strong>3. Koliko su sigurne MIFARE RFID PVC kartice?<\/strong><\/p>\n<p>Uz MIFARE Desfire EV3 tehnologiju, ove kartice nude visoku razinu sigurnosti za pohranu osjetljivih informacija.<\/p>\n<p><strong>4. Nudite li besplatnu dostavu?<\/strong><\/p>\n<p>Da, pru\u017eamo\u00a0<strong>besplatna dostava<\/strong>\u00a0na sve narud\u017ebe, osiguravaju\u0107i da \u0107ete uz svoju kupnju dobiti dodatnu vrijednost.<\/p>\n<p>&nbsp;<\/p>\n<p><strong>5. \u0160to trebam u\u010diniti ako trebam ponovno ispisati karticu?<\/strong><\/p>\n<p>Na\u0161 postupak ponovnog naru\u010divanja bez muke olak\u0161ava zahtjev za ponovni ispis. Samo naru\u010dite, a mi \u0107emo se pobrinuti za ostalo.<\/p>\n<p>&nbsp;<\/p>\n<hr \/>\n<h4><span style=\"color: #666699;\">Pobolj\u0161ajte svoja rje\u0161enja za pla\u0107anje danas Ula\u017eu\u0107i u\u00a0<strong>MIFARE RFID PVC kartice<\/strong>\u00a0predstavlja strate\u0161ki pomak prema modernizaciji va\u0161ih transakcijskih procesa. Sa svojim visokokvalitetnim materijalima, naprednom tehnologijom i opse\u017enim mogu\u0107nostima prilagodbe, ove su kartice savr\u0161ene za tvrtke koje \u017eele unaprijediti svoje korisni\u010dko iskustvo. Zapo\u010dnite prijelaz na\u00a0<strong>bezgotovinska rje\u0161enja<\/strong>\u00a0danas! Bilo da \u017eelite integrirati pametne sustave pla\u0107anja ili izraditi zadivljuju\u0107e NFC poslovne kartice, MIFARE RFID PVC kartice su sve za vas.<\/span><\/h4>\n<h3><a href=\"\/\/dhoenijjpgpeimemopealfcbiecgceod\/sidepanel.html#\" target=\"_blank\" rel=\"noopener\">Javite nam se za besplatan uzorak<\/a><\/h3>\n<h3><span style=\"color: #008080;\"><strong>Ne propustite ovu priliku da pobolj\u0161ate mogu\u0107nosti pla\u0107anja i brendiranje svoje tvrtke. Kliknite gornju poveznicu kako biste se raspitali o na\u0161im opcijama kartice ili zatra\u017eili besplatni uzorak!<\/strong><\/span><\/h3>\n<\/div>\n<\/div>\n<\/div>","protected":false},"excerpt":{"rendered":"<div class=\"chat-list relative custom-scrollbar-reset-margin custom-scrollbar custom-scrollbar-hidden custom-scrollbar-float pb-9 flex-1 overflow-y-auto\">\n<div class=\"mx-auto max-w-[790px]\">\n<div class=\"message-item-outer relative px-4 mb-2\" data-id=\"0a4f4511-bd05-49a5-8695-d7a6fad22471\">\n<div class=\"content-area pl-[0px]\">\n<div class=\"message-item select-text relative\">\n<div class=\"message-inner relative\">\n<div class=\"py-[2px]\">\n<div class=\"flex flex-col gap-2\">\n<div class=\"answer-markdown-box overflow-x-auto select-text custom-scrollbar\">\n<div class=\"markdown-body\">\n<p>Predstavljamo MIFARE RFID PVC karticu, dizajniranu za moderna rje\u0161enja za bezgotovinsko pla\u0107anje. Koriste\u0107i tehnologiju MIFARE Desfire EV3, ove ispisane kartice u punoj boji osiguravaju visoku sigurnost i pouzdanost, \u0161to ih \u010dini idealnim za tvrtke koje zahtijevaju za\u0161titu osjetljivih podataka. Svestrani u primjeni, mogu se koristiti za kontrolu pristupa, prodaju ulaznica za doga\u0111aje, \u010dlanske kartice, programe vjernosti i NFC posjetnice. Izra\u0111ene od izdr\u017eljivog, vodootpornog PVC-a, ove su kartice otporne na habanje, osiguravaju\u0107i dugovje\u010dnost i smanjuju\u0107i tro\u0161kove zamjene. Korisnici mogu jednostavno dovr\u0161iti transakcije jednostavnim prislanjanjem svoje kartice na bilo koji ure\u0111aj s omogu\u0107enom NFC tehnologijom, pru\u017eaju\u0107i korisni\u010dko iskustvo koje pove\u0107ava zadovoljstvo korisnika. Osim toga, kartice nude opse\u017ene mogu\u0107nosti prilagodbe, uklju\u010duju\u0107i \u017eivopisan ispis u punoj boji i prilago\u0111ene oblike. Uz ekolo\u0161ki prihvatljive proizvodne metode, MIFARE RFID PVC kartice predstavljaju odr\u017eivu alternativu tradicionalnim papirnatim karticama. Ulo\u017eite u modernizaciju svojih transakcijskih procesa ve\u0107 danas i pove\u0107ajte prisutnost svog brenda ovim inovativnim karticama visoke kvalitete. Zatra\u017eite besplatni uzorak kako biste iz prve ruke istra\u017eili njihove prednosti!<\/p>\n<\/div>\n<\/div>\n<\/div>\n<\/div>\n<\/div>\n<\/div>\n<\/div>\n<\/div>\n<\/div>\n<\/div>","protected":false},"featured_media":3341,"template":"","meta":[],"product_brand":[],"product_cat":[46],"product_tag":[],"class_list":{"0":"post-3225","1":"product","2":"type-product","3":"status-publish","4":"has-post-thumbnail","6":"product_cat-nfc-cards","8":"first","9":"instock","10":"shipping-taxable","11":"product-type-simple"},"_links":{"self":[{"href":"https:\/\/nfc-readers.com\/hr\/wp-json\/wp\/v2\/product\/3225","targetHints":{"allow":["GET"]}}],"collection":[{"href":"https:\/\/nfc-readers.com\/hr\/wp-json\/wp\/v2\/product"}],"about":[{"href":"https:\/\/nfc-readers.com\/hr\/wp-json\/wp\/v2\/types\/product"}],"wp:featuredmedia":[{"embeddable":true,"href":"https:\/\/nfc-readers.com\/hr\/wp-json\/wp\/v2\/media\/3341"}],"wp:attachment":[{"href":"https:\/\/nfc-readers.com\/hr\/wp-json\/wp\/v2\/media?parent=3225"}],"wp:term":[{"taxonomy":"product_brand","embeddable":true,"href":"https:\/\/nfc-readers.com\/hr\/wp-json\/wp\/v2\/product_brand?post=3225"},{"taxonomy":"product_cat","embeddable":true,"href":"https:\/\/nfc-readers.com\/hr\/wp-json\/wp\/v2\/product_cat?post=3225"},{"taxonomy":"product_tag","embeddable":true,"href":"https:\/\/nfc-readers.com\/hr\/wp-json\/wp\/v2\/product_tag?post=3225"}],"curies":[{"name":"wp","href":"https:\/\/api.w.org\/{rel}","templated":true}]}}