{"id":3226,"date":"2024-10-30T09:53:08","date_gmt":"2024-10-30T09:53:08","guid":{"rendered":"https:\/\/nfc-readers.com\/?post_type=product&#038;p=3226"},"modified":"2024-10-30T10:11:20","modified_gmt":"2024-10-30T10:11:20","slug":"waterproof-rfid-nfc-keychain-13-56mhz","status":"publish","type":"product","link":"https:\/\/nfc-readers.com\/hr\/ic-reader\/waterproof-rfid-nfc-keychain-13-56mhz\/","title":{"rendered":"Vodootporni RFID NFC privjesak za klju\u010deve 13,56 Mhz"},"content":{"rendered":"<h1 style=\"text-align: center;\"><strong>Vodootporni RFID NFC privjesak za klju\u010deve 13,56 Mhz<\/strong><\/h1>\n<p>U svijetu elektri\u010dnih vozila (EV), koji se brzo razvija, bitni su prakti\u010dnost, sigurnost i lako\u0107a kori\u0161tenja. Upoznajte <strong>Vodootporni RFID NFC privjesak za klju\u010deve<\/strong>\u00a0\u2014 revolucionarni proizvod koji integrira vrhunsku tehnologiju s iznimnom izdr\u017eljivo\u0161\u0107u, posebno dizajniran za\u00a0<strong>Stanice za punjenje elektri\u010dnih vozila<\/strong>. Operacijski na\u00a0<strong>13,56MHz<\/strong>, ovaj kompaktni, ali mo\u0107ni privjesak za klju\u010deve va\u0161 je vrhunski alat za besprijekoran pristup i pobolj\u0161anu sigurnost.<\/p>\n<p>Ovaj privjesak za klju\u010deve mijenja pravila igre za vlasnike elektri\u010dnih vozila, pru\u017eaju\u0107i ne samo pogodnost, ve\u0107 i bezbri\u017enost. Zamislite da bez napora pristupate stanicama za punjenje bez tra\u017eenja klju\u010deva ili pam\u0107enja slo\u017eenih lozinki. The <strong>Vodootporni RFID NFC privjesak za klju\u010deve<\/strong>\u00a0nudi idealno rje\u0161enje sa svojom beskontaktnom sposobno\u0161\u0107u i dizajnom otpornim na vremenske uvjete, \u0161to ga \u010dini vrijednim dodatkom va\u0161oj dodatnoj opremi za EV. Otkrijte za\u0161to je ovaj inovativni privjesak vrijedan dodavanja va\u0161em alatu.<\/p>\n<p>&nbsp;<\/p>\n<h3><strong>Prednosti vodootpornog RFID NFC privjeska za klju\u010deve<\/strong><\/h3>\n<ol>\n<li><strong>Trajnost i otpornost na vremenske uvjete<\/strong>: Izra\u0111en od materijala vrhunske kvalitete, ovaj privjesak za klju\u010deve dizajniran je da bude otporan na vanjske elemente, osiguravaju\u0107i da ostane funkcionalan tijekom vremena, bez obzira na vremenske uvjete.<\/li>\n<li><strong>Beskontaktna komunikacija<\/strong>: Koriste\u0107i i RFID i NFC tehnologiju, privjesak za klju\u010deve omogu\u0107uje brz i siguran pristup stanicama za punjenje i drugim sustavima za ulazak bez klju\u010da bez fizi\u010dkog kontakta.<\/li>\n<li><strong>Visoka kompatibilnost<\/strong>: Dizajnirano na protokolima\u00a0<strong>ISO14443A i ISO15693<\/strong>, ovaj RFID privjesak za klju\u010deve neprimjetno se povezuje sa \u0161irokim spektrom ure\u0111aja, \u0161to ga \u010dini svestranim za razli\u010dite slu\u010dajeve upotrebe izvan punjenja EV.<\/li>\n<li><strong>Velika udaljenost \u010ditanja<\/strong>: S udaljenosti \u010ditanja od\u00a0<strong>2-10 cm<\/strong>, mo\u017eete jednostavno i brzo dobiti pristup svojoj EV stanici za punjenje uz minimalan napor.<\/li>\n<li><strong>Mogu\u0107nost ponovnog pisanja<\/strong>: NTAG216 \u010dip iznutra omogu\u0107uje ciklus pisanja do\u00a0<strong>100 000 puta<\/strong>, \u010dine\u0107i ovaj privjesak ne samo lakim za kori\u0161tenje, ve\u0107 i prilagodljivim promjenjivim zahtjevima.<\/li>\n<\/ol>\n<p>&nbsp;<\/p>\n<h3><strong>Va\u017enost RFID-a u dana\u0161njem svijetu<\/strong><\/h3>\n<p>RFID koristi elektromagnetska polja za automatsku identifikaciju i pra\u0107enje oznaka pri\u010dvr\u0161\u0107enih na objekte. U kontekstu va\u0161ih potreba za punjenjem EV-a, ova vam tehnologija omogu\u0107uje otklju\u010davanje i autoriziranje pristupa stanicama za punjenje jednostavnim dr\u017eanjem privjeska za klju\u010deve blizu RFID \u010dita\u010da. Pogodnost koju nudi zna\u010dajno pobolj\u0161ava korisni\u010dko iskustvo, omogu\u0107uju\u0107i brzo\u00a0<strong>ulaz bez klju\u010da<\/strong>\u00a0do stanica za punjenje bez potrebe za fizi\u010dkim kontaktom.<\/p>\n<p>&nbsp;<\/p>\n<h3><strong>Tehni\u010dke specifikacije i izvedba<\/strong><\/h3>\n<div>Razumijevanje tehni\u010dkih mogu\u0107nosti vodootpornog RFID NFC privjeska klju\u010dno je za potencijalne kupce. Ovo su specifikacije koje biste trebali znati:<\/div>\n<div><\/div>\n<div><strong>\u010cip<\/strong>: NTAG216<\/div>\n<div><strong>Ciklus pisanja:<\/strong> 100 000 puta<\/div>\n<div><strong>Udaljenost \u010ditanja<\/strong>: 2-10 cm<\/div>\n<div><strong>Radna temperatura<\/strong>: 20 \u2103 do +65 \u2103<\/div>\n<div><strong>Mjesto podrijetla<\/strong>: Guangdong, Kina<\/div>\n<div><strong>MOQ (minimalna koli\u010dina za narud\u017ebu)<\/strong>: 500 kom<\/div>\n<div><strong>Pakiranje<\/strong>: Prilagodljiv paket za pranje rublja<\/div>\n<div><strong>Sposobnost opskrbe<\/strong>: 20.000.000 komada mjese\u010dno<\/div>\n<div><\/div>\n<div>Napredna metrika performansi osigurava da ovaj privjesak za klju\u010deve ispunjava rigorozne zahtjeve svakodnevne uporabe. Visok ciklus pisanja i tolerancija na temperaturu dodatno pove\u0107avaju njegovu korisnost u razli\u010ditim okru\u017eenjima.<\/div>\n<h3><strong>Prijave za EV punionice<\/strong><\/h3>\n<p>Primarna primjena\u00a0<strong>Vodootporni RFID NFC privjesak za klju\u010deve<\/strong>\u00a0nalazi se na stanicama za punjenje elektri\u010dnih vozila. Njegov dizajn i tehnologija \u010dine ga savr\u0161enim rje\u0161enjem<\/p>\n<p>&nbsp;<\/p>\n<h3><strong>\u010cesto postavljana pitanja o vodootpornom RFID NFC privjesku za klju\u010deve<\/strong><\/h3>\n<h3>1.\u00a0<strong>Koja je svrha vodootpornog RFID NFC privjeska za klju\u010deve?<\/strong><\/h3>\n<p>Vodootporni RFID NFC privjesak za klju\u010deve dizajniran je za siguran, beskontaktni pristup stanicama za punjenje elektri\u010dnih vozila i drugim sustavima koji podr\u017eavaju RFID. Omogu\u0107uje korisnicima da otklju\u010daju stanice jednostavnim pribli\u017eavanjem \u010dita\u010du, pove\u0107avaju\u0107i prakti\u010dnost i u\u010dinkovitost.<\/p>\n<h3>2.\u00a0<strong>Je li privjesak za klju\u010deve uistinu vodootporan?<\/strong><\/h3>\n<p>Da, privjesak za klju\u010deve izra\u0111en je od izdr\u017eljivih epoksidnih i PVC materijala, \u0161to ga \u010dini vodootpornim i otpornim na vremenske uvjete. To osigurava funkcionalnost u razli\u010ditim vremenskim uvjetima, od ki\u0161e do ekstremne vru\u0107ine.<\/p>\n<h3>3.\u00a0<strong>Koliko daleko privjesak mo\u017ee raditi od RFID \u010dita\u010da?<\/strong><\/h3>\n<p>Privjesak ima udaljenost o\u010ditavanja od 2-10 cm, \u0161to zna\u010di da se aktivira \u010dim se na\u0111e u neposrednoj blizini RFID \u010dita\u010da ili ure\u0111aja koji podr\u017eava NFC.<\/p>\n<h3>4.\u00a0<strong>Mo\u017ee li se privjesak za klju\u010deve prilagoditi?<\/strong><\/h3>\n<p>Da, pakiranje privjeska za klju\u010deve mo\u017ee se prilagoditi va\u0161em brendu ili posebnim zahtjevima. To ga \u010dini odli\u010dnom opcijom za tvrtke koje \u017eele personalizirati svoja pristupna rje\u0161enja.<\/p>\n<h3>5.\u00a0<strong>Koliko se puta mo\u017ee pisati na privjesak?<\/strong><\/h3>\n<p>Privjesak za klju\u010deve ima ciklus pisanja do 100 000 puta, pru\u017eaju\u0107i veliku upotrebljivost za razli\u010dite primjene bez brige o degradaciji performansi.<\/p>","protected":false},"excerpt":{"rendered":"<p>Vodootporni RFID NFC privjesak za klju\u010deve (13,56MHz) nudi siguran, beskontaktni pristup stanicama za punjenje elektri\u010dnih vozila. Njegov izdr\u017eljivi dizajn osigurava pouzdan rad u svim vremenskim uvjetima.<\/p>","protected":false},"featured_media":3234,"template":"","meta":[],"product_brand":[],"product_cat":[49],"product_tag":[],"class_list":{"0":"post-3226","1":"product","2":"type-product","3":"status-publish","4":"has-post-thumbnail","6":"product_cat-nfc-key-fobs","8":"first","9":"instock","10":"shipping-taxable","11":"product-type-simple"},"_links":{"self":[{"href":"https:\/\/nfc-readers.com\/hr\/wp-json\/wp\/v2\/product\/3226","targetHints":{"allow":["GET"]}}],"collection":[{"href":"https:\/\/nfc-readers.com\/hr\/wp-json\/wp\/v2\/product"}],"about":[{"href":"https:\/\/nfc-readers.com\/hr\/wp-json\/wp\/v2\/types\/product"}],"wp:featuredmedia":[{"embeddable":true,"href":"https:\/\/nfc-readers.com\/hr\/wp-json\/wp\/v2\/media\/3234"}],"wp:attachment":[{"href":"https:\/\/nfc-readers.com\/hr\/wp-json\/wp\/v2\/media?parent=3226"}],"wp:term":[{"taxonomy":"product_brand","embeddable":true,"href":"https:\/\/nfc-readers.com\/hr\/wp-json\/wp\/v2\/product_brand?post=3226"},{"taxonomy":"product_cat","embeddable":true,"href":"https:\/\/nfc-readers.com\/hr\/wp-json\/wp\/v2\/product_cat?post=3226"},{"taxonomy":"product_tag","embeddable":true,"href":"https:\/\/nfc-readers.com\/hr\/wp-json\/wp\/v2\/product_tag?post=3226"}],"curies":[{"name":"wp","href":"https:\/\/api.w.org\/{rel}","templated":true}]}}