{"id":3248,"date":"2024-10-30T12:48:01","date_gmt":"2024-10-30T12:48:01","guid":{"rendered":"https:\/\/nfc-readers.com\/?post_type=product&#038;p=3248"},"modified":"2024-10-30T12:48:01","modified_gmt":"2024-10-30T12:48:01","slug":"waterproof-mifare-classic-1k-programmable-rfid-nfc-key-fob","status":"publish","type":"product","link":"https:\/\/nfc-readers.com\/hr\/ic-reader\/waterproof-mifare-classic-1k-programmable-rfid-nfc-key-fob\/","title":{"rendered":"Vodootporni MIFARE Classic 1K programabilni RFID NFC privjesak za klju\u010deve"},"content":{"rendered":"<h1 style=\"text-align: center;\"><strong>Vodootporni MIFARE Classic 1K programabilni RFID NFC privjesak za klju\u010deve<\/strong><\/h1>\n<p>&nbsp;<\/p>\n<p>Svijet sigurnosti i kontrole pristupa strahovito se razvio, s tehnologijom koja utire put pametnijim rje\u0161enjima. Me\u0111u njima, <strong>Vodootporni MIFARE Classic 1K programabilni RFID NFC privjesak za klju\u010deve<\/strong>\u00a0isti\u010de se kao svestran i pouzdan izbor za osobnu i profesionalnu upotrebu. Stvoren za vrhunsku funkcionalnost i pogodnost za korisnike, ovaj RFID privjesak za klju\u010deve vi\u0161e je od na\u010dina otklju\u010davanja vrata\u2014to je vi\u0161enamjensko rje\u0161enje skrojeno da zadovolji razli\u010dite potrebe. Sa svojim vodootpornim dizajnom, programabilnim zna\u010dajkama i kompatibilno\u0161\u0107u s NFC tehnologijom, ovaj privjesak za klju\u010deve nije samo inovativan, ve\u0107 je i isplativa investicija za svakoga tko tra\u017ei pouzdanost i sigurnost.<\/p>\n<p>&nbsp;<\/p>\n<p>&nbsp;<\/p>\n<h3><strong>Prednosti proizvoda: Za\u0161to je vodootporni MIFARE Classic 1K RFID NFC privjesak vrijedan kupnje<\/strong><\/h3>\n<p>Pobolj\u0161anje kontrole pristupa nikada nije bilo tako jednostavno, a ovaj NFC privjesak iznimno je lako integrirati u postoje\u0107e sustave. Prednosti se\u017eu daleko izvan prakti\u010dnosti; njegova svojstva otpornosti na vodu i vremenske uvjete \u010dine ga idealnim za vanjske primjene. S prilagodljivim dizajnom dostupnim u razli\u010ditim bojama i mogu\u0107no\u0161\u0107u ispisa jedinstvenih identifikatora, ova oznaka RFID klju\u010da mo\u017ee se neprimjetno uklopiti u osobni ili korporativni brend. Za korisnike koji tra\u017ee jednostavan na\u010din automatiziranja pristupa svojim nekretninama, vozilima ili ure\u0111ajima, vodootporni MIFARE Classic 1K izniman je izbor.<\/p>\n<p>&nbsp;<\/p>\n<h3><strong>Pregled zna\u010dajki i specifikacija<\/strong><\/h3>\n<h3><strong>1.RFID i NFC komunikacijske tehnologije<\/strong><\/h3>\n<p>RFID (Radio-Frequency Identification) i NFC (Near Field Communication) sr\u017e su ove napredne tehnologije privjeska za klju\u010deve. Rade\u0107i na frekvenciji od\u00a0<strong>13,56 MHz<\/strong>, ure\u0111aj osigurava brzu i pouzdanu komunikaciju izme\u0111u foba i \u010dita\u010da. Mogu\u0107nost NFC-a omogu\u0107uje intuitivne interakcije, \u0161to ga \u010dini idealnim za razne aplikacije poput mobilnog pla\u0107anja i kontrole pristupa.<\/p>\n<h3>2.\u00a0<strong>Dizajn otporan na vodu i vremenske uvjete<\/strong><\/h3>\n<p>Ovo je posebno projektirano za izdr\u017eljivost\u00a0<strong>RFID privjesak za klju\u010deve<\/strong>\u00a0vodootporan je i otporan na vremenske uvjete. Nepokolebljiv u nepovoljnim uvjetima okoline, savr\u0161en je za kori\u0161tenje na otvorenom, osiguravaju\u0107i maksimalnu za\u0161titu za unutarnje sklopove. Ova zna\u010dajka je klju\u010dna za tvrtke i pojedince koji zahtijevaju pouzdanost bez obzira na vremenske prilike.<\/p>\n<h3>3.\u00a0<strong>Programabilne zna\u010dajke za prilagodbu<\/strong><\/h3>\n<p>Jedna od istaknutih zna\u010dajki Waterproof MIFARE Classic 1K je njegova mogu\u0107nost programiranja. Korisnici mogu prilagoditi funkcionalnost privjeska kako bi odgovarala njihovim posebnim potrebama kontrole pristupa. Trebate li\u00a0<strong>ulaz bez klju\u010da<\/strong>, ili trebate pohraniti odre\u0111ene dozvole pristupa, programabilni aspekt ovoga\u00a0<strong>privjesak za klju\u010deve<\/strong>\u00a0nudi fleksibilnost kakva nije vi\u0111ena u standardnim modelima.<\/p>\n<h3>4.\u00a0<strong>Vi\u0161e opcija veli\u010dina i prilagodba<\/strong><\/h3>\n<p>S raznim veli\u010dinama uklju\u010duju\u0107i\u00a0<strong>41<em>32 mm, 25<\/em>34,5 mm i drugi<\/strong>, privjesak za klju\u010deve zadovoljava razli\u010dite preferencije korisnika. I ne samo to, proizvod mo\u017eete dodatno personalizirati prilago\u0111enim logotipima i bojama, \u010dine\u0107i ga jedinstvenim dodatkom va\u0161oj liniji RFID proizvoda.<\/p>\n<h3>5.\u00a0<strong>Izdr\u017eljiv materijal i estetska privla\u010dnost<\/strong><\/h3>\n<p>Izra\u0111en od visokokvalitetnog ABS materijala, ovaj privjesak za klju\u010deve izra\u0111en je da izdr\u017ei habanje, \u0161to rezultira dugim vijekom trajanja. Plus, mogu\u0107nost izbora\u00a0<strong>sve boje<\/strong>\u00a0osigurava da se mo\u017ee besprijekorno uklopiti u bilo koju osobnu ili profesionalnu estetiku.<\/p>\n<h3>6.\u00a0<strong>Sveobuhvatni certifikati<\/strong><\/h3>\n<p>Za mir, vodootporni MIFARE Classic 1K RFID privjesak za klju\u010deve certificiran je prema ISO 9001:2008, SGS i ROHS. To jam\u010di da proizvod zadovoljava stroge standarde kvalitete i sigurnosti, uvjeravaju\u0107i kupce u njegovu pouzdanost.<\/p>\n<h3>7.\u00a0<strong>U\u010dinkovito pakiranje i dostava<\/strong><\/h3>\n<p>Ovaj RFID privjesak za klju\u010deve u\u010dinkovito je pakiran s\u00a0<strong>2000 kom\/karton<\/strong>\u00a0i\u00a0<strong>100 kom\/opp vre\u0107ica<\/strong>, dizajniran za optimalno rukovanje i transport. Ovaj sustav ne samo da poma\u017ee u o\u010duvanju cjelovitosti proizvoda, ve\u0107 tako\u0111er pobolj\u0161ava logisti\u010dke operacije korisnika.<\/p>\n<h3>8.\u00a0<strong>Recenzije i iskustva kupaca<\/strong><\/h3>\n<p>Povratne informacije zadovoljnih kupaca isti\u010du iznimnu pouzdanost i u\u010dinkovitost privjeska. Korisnici \u010desto spominju njegovu jednostavnost programiranja i robusnost zna\u010dajke vodootpornosti, \u0161to ga \u010dini preferiranim izborom za one kojima su potrebna rje\u0161enja za siguran pristup.<\/p>\n<p>&nbsp;<\/p>\n<h3><strong>\u010cesto postavljana pitanja: Rje\u0161avanje uobi\u010dajenih problema<\/strong><\/h3>\n<p>Potencijalni kupci mogu imati razli\u010dite nedoumice i pitanja u vezi s RFID privjeskom za klju\u010deve. Evo nekoliko \u010desto postavljanih pitanja:<\/p>\n<ul>\n<li><strong>P: Mo\u017ee li se ovaj privjesak koristiti u sustavima kontrole pristupa?<\/strong>\n<ul>\n<li><strong>A:<\/strong>\u00a0Da, posebno je dizajniran za sustave kontrole pristupa i mo\u017ee olak\u0161ati ulazak bez klju\u010da.<\/li>\n<\/ul>\n<\/li>\n<li><strong>P: Je li prilagodljiv?<\/strong>\n<ul>\n<li><strong>A:<\/strong>\u00a0Apsolutno! Mo\u017eete prilagoditi boju, logotip, pa \u010dak i serijske brojeve za svoje specifi\u010dne potrebe.<\/li>\n<\/ul>\n<\/li>\n<li><strong>P: Koje je jamstvo na proizvod?<\/strong>\n<ul>\n<li><strong>A:<\/strong> Dajemo jamstvo na nedostatke u proizvodnji. Detaljne informacije potra\u017eite u dokumentaciji proizvoda.<\/li>\n<\/ul>\n<\/li>\n<\/ul>\n<table class=\"all magic-13\" style=\"height: 269px;\" width=\"563\">\n<tbody>\n<tr>\n<td colspan=\"1\" rowspan=\"1\">\n<div class=\"magic-17\"><span class=\"magic-9\" data-spm-anchor-id=\"a2700.details.0.i42.61ee6b21Q8d0lU\">Artikal<\/span><\/div>\n<\/td>\n<td colspan=\"1\" rowspan=\"1\">\n<div class=\"magic-18\">RFID privjesak za klju\u010deve<\/div>\n<\/td>\n<\/tr>\n<tr>\n<td colspan=\"1\" rowspan=\"1\">\n<div class=\"magic-17\">Materijal<\/div>\n<\/td>\n<td colspan=\"1\" rowspan=\"1\">\n<div class=\"magic-18\">ABS, bakrena antena s IC<\/div>\n<\/td>\n<\/tr>\n<tr>\n<td colspan=\"1\" rowspan=\"1\">\n<div class=\"magic-17\">Boja<\/div>\n<\/td>\n<td colspan=\"1\" rowspan=\"1\">\n<div class=\"magic-18\">plava, crna, \u017euta, zelena, crvena itd<\/div>\n<\/td>\n<\/tr>\n<tr>\n<td colspan=\"1\" rowspan=\"1\">\n<div class=\"magic-17\">\u010cip<\/div>\n<\/td>\n<td colspan=\"1\" rowspan=\"1\">\n<div class=\"magic-18\">MIFARE Classic\u00ae 1K ili drugi<\/div>\n<\/td>\n<\/tr>\n<tr>\n<td colspan=\"1\" rowspan=\"1\">\n<div class=\"magic-17\">Frekvencija<\/div>\n<\/td>\n<td colspan=\"1\" rowspan=\"1\">\n<div class=\"magic-18\">13,56 MHz<\/div>\n<\/td>\n<\/tr>\n<tr>\n<td colspan=\"1\" rowspan=\"1\">\n<div class=\"magic-17\">Protokol zra\u010dnog su\u010delja<\/div>\n<\/td>\n<td colspan=\"1\" rowspan=\"1\">\n<div class=\"magic-18\">ISO14443A<\/div>\n<\/td>\n<\/tr>\n<tr>\n<td colspan=\"1\" rowspan=\"1\">\n<div class=\"magic-17\">Ispis<\/div>\n<\/td>\n<td colspan=\"1\" rowspan=\"1\">\n<div class=\"magic-18\">Prilago\u0111eni logotip, serijski broj, QR kod, UID broj<\/div>\n<\/td>\n<\/tr>\n<tr>\n<td colspan=\"1\" rowspan=\"1\">\n<div class=\"magic-17\">Zna\u010dajka<\/div>\n<\/td>\n<td colspan=\"1\" rowspan=\"1\">\n<div class=\"magic-18\">Vodootporan, otporan na udarce<\/div>\n<\/td>\n<\/tr>\n<tr>\n<td colspan=\"1\" rowspan=\"1\">\n<div class=\"magic-17\">Prilog<\/div>\n<\/td>\n<td colspan=\"1\" rowspan=\"1\">\n<div class=\"magic-18\">Dvostruki srebrni metalni prsten<\/div>\n<\/td>\n<\/tr>\n<tr>\n<td colspan=\"1\" rowspan=\"1\">\n<div class=\"magic-17\">Primjena<\/div>\n<\/td>\n<td colspan=\"1\" rowspan=\"1\">\n<div class=\"magic-18\">Kontrola pristupa, upravljanje prisustvom, autentifikacija identiteta<\/div>\n<\/td>\n<\/tr>\n<\/tbody>\n<\/table>","protected":false},"excerpt":{"rendered":"<p>The\u00a0<strong>Vodootporni MIFARE Classic 1K programabilni RFID NFC privjesak za klju\u010deve<\/strong>\u00a0nudi trajno i svestrano rje\u0161enje za sigurnu kontrolu pristupa, kombiniraju\u0107i naprednu NFC tehnologiju s dizajnom otpornim na vremenske uvjete. Idealan za razne primjene, ovaj privjesak za klju\u010deve omogu\u0107uje jednostavnu prilagodbu i programiranje, pobolj\u0161avaju\u0107i i funkcionalnost i prakti\u010dnost.<\/p>","protected":false},"featured_media":3249,"template":"","meta":[],"product_brand":[],"product_cat":[49],"product_tag":[],"class_list":{"0":"post-3248","1":"product","2":"type-product","3":"status-publish","4":"has-post-thumbnail","6":"product_cat-nfc-key-fobs","8":"first","9":"instock","10":"shipping-taxable","11":"product-type-simple"},"_links":{"self":[{"href":"https:\/\/nfc-readers.com\/hr\/wp-json\/wp\/v2\/product\/3248","targetHints":{"allow":["GET"]}}],"collection":[{"href":"https:\/\/nfc-readers.com\/hr\/wp-json\/wp\/v2\/product"}],"about":[{"href":"https:\/\/nfc-readers.com\/hr\/wp-json\/wp\/v2\/types\/product"}],"wp:featuredmedia":[{"embeddable":true,"href":"https:\/\/nfc-readers.com\/hr\/wp-json\/wp\/v2\/media\/3249"}],"wp:attachment":[{"href":"https:\/\/nfc-readers.com\/hr\/wp-json\/wp\/v2\/media?parent=3248"}],"wp:term":[{"taxonomy":"product_brand","embeddable":true,"href":"https:\/\/nfc-readers.com\/hr\/wp-json\/wp\/v2\/product_brand?post=3248"},{"taxonomy":"product_cat","embeddable":true,"href":"https:\/\/nfc-readers.com\/hr\/wp-json\/wp\/v2\/product_cat?post=3248"},{"taxonomy":"product_tag","embeddable":true,"href":"https:\/\/nfc-readers.com\/hr\/wp-json\/wp\/v2\/product_tag?post=3248"}],"curies":[{"name":"wp","href":"https:\/\/api.w.org\/{rel}","templated":true}]}}