{"id":3255,"date":"2024-10-30T13:04:41","date_gmt":"2024-10-30T13:04:41","guid":{"rendered":"https:\/\/nfc-readers.com\/?post_type=product&#038;p=3255"},"modified":"2024-11-14T14:40:45","modified_gmt":"2024-11-14T14:40:45","slug":"125khz-proximity-rewritable-tk4100-t5577-rfid-keyfob","status":"publish","type":"product","link":"https:\/\/nfc-readers.com\/hr\/ic-reader\/125khz-proximity-rewritable-tk4100-t5577-rfid-keyfob\/","title":{"rendered":"125KHz proximity prepisivi TK4100 T5577 RFID privjesak"},"content":{"rendered":"<h1 style=\"text-align: center;\"><strong>125KHz proximity prepisivi TK4100 T5577 RFID privjesak<\/strong><\/h1>\n<p>The\u00a0<strong>125KHz proximity prepisivi TK4100 T5577 RFID privjesak<\/strong>\u00a0je inovativno rje\u0161enje za sustave kontrole pristupa, pru\u017eaju\u0107i robustan i svestran na\u010din upravljanja sigurnim ulazima. Ovaj visokokvalitetni privjesak za klju\u010deve mo\u017ee se ponovno pisati, \u0161to korisnicima omogu\u0107uje izmjenu informacija prema njihovim zahtjevima. Bilo da se koristi za kontrolu pristupa zgradama, hotelima ili klju\u010devima automobila, ovaj se privjesak neprimjetno integrira u va\u0161e sigurnosne protokole.<\/p>\n<h2>Prednosti TK4100 T5577 RFID privjeska za klju\u010deve<\/h2>\n<p>Prednosti ulaganja u ovaj RFID privjesak za klju\u010deve nadilaze jednostavnu kontrolu pristupa. Vodootporan je i otporan na udarce, osiguravaju\u0107i trajnost \u010dak i u te\u0161kim uvjetima okoline. S prilagodljivim opcijama, uklju\u010duju\u0107i ispis logotipa, ovaj privjesak za klju\u010deve predstavlja priliku za brendiranje uz zadr\u017eavanje funkcionalnosti. Zna\u010dajka ponovnog pisanja pobolj\u0161ava njegovu prilagodljivost razli\u010ditim aplikacijama, \u0161to ga \u010dini idealnim izborom za poslovne i osobne potrebe.<\/p>\n<h2>Klju\u010dne zna\u010dajke TK4100 T5577 RFID privjeska za klju\u010deve<\/h2>\n<p>The\u00a0<strong>125KHz proximity prepisivi TK4100 T5577 RFID privjesak<\/strong>\u00a0isti\u010de se u svojoj klasi zbog nekoliko zna\u010dajki bez premca. Ovaj privjesak za klju\u010deve integrira i TK4100 i T5577 \u010dipove, omogu\u0107uju\u0107i raznoliku kompatibilnost s postoje\u0107im RFID tehnologijama.<\/p>\n<ul>\n<li><strong>Mogu\u0107nost vi\u0161e frekvencija<\/strong>: Ovaj privjesak za klju\u010deve radi na frekvencijama od 125 KHz i 13,56 MHz, osiguravaju\u0107i \u0161iroku kompatibilnost s razli\u010ditim sustavima kontrole pristupa.<\/li>\n<li><strong>Kompaktan i lagan dizajn<\/strong>: Sa svojim mini tag oblikom, privjesak se lako mo\u017ee pri\u010dvrstiti na privjeske za klju\u010deve ili torbe, \u0161to ga \u010dini jednostavnim za no\u0161enje i kori\u0161tenje.<\/li>\n<\/ul>\n<p>Privjesak za klju\u010deve prvenstveno slu\u017ei kao\u00a0<strong>beskontaktna RFID klju\u010dna oznaka<\/strong>, dramati\u010dno pojednostavljuju\u0107i obradu unosa za korisnike. Ova prakti\u010dnost posebno je korisna u prometnim okru\u017eenjima kao \u0161to su hoteli i uredi.<\/p>\n<h2>Izdr\u017eljivost: vodootporan i otporan na udarce<\/h2>\n<p>Jedno od obilje\u017eja\u00a0<strong>TK4100 T5577 RFID privjesak za klju\u010deve<\/strong>\u00a0je njegova izuzetna trajnost.<\/p>\n<ul>\n<li><strong>Vodootporan\/otporan na vremenske uvjete<\/strong>: Izra\u0111en od visokokvalitetnog ABS materijala, mo\u017ee izdr\u017eati izlaganje vodi i elementima, osiguravaju\u0107i pouzdan rad u svim uvjetima. Ova zna\u010dajka uklanja brige tijekom ki\u0161nog vremena ili u vanjskim okru\u017eenjima, omogu\u0107uju\u0107i dosljednu izvedbu.<\/li>\n<li><strong>Dizajn otporan na udarce<\/strong>: Robusna konstrukcija tako\u0111er jam\u010di da privjesak za klju\u010deve mo\u017ee podnijeti padove i udarce bez o\u0161te\u0107enja, \u0161to ga \u010dini idealnim za pojedince koji vode aktivan stil \u017eivota ili rade u zahtjevnim okru\u017eenjima.<\/li>\n<\/ul>\n<p>Ova izdr\u017eljivost pogoduje ne samo dugovje\u010dnosti proizvoda, ve\u0107 tako\u0111er pridonosi njegovoj pouzdanosti kao ure\u0111aja za siguran ulaz.<\/p>\n<h2>Mogu\u0107nost ponovnog pisanja: Prilagodba i prilagodljivost<\/h2>\n<p>Jo\u0161 jedna istaknuta zna\u010dajka\u00a0<strong>TK4100 T5577 RFID privjesak za klju\u010deve<\/strong>\u00a0je njegova mogu\u0107nost ponovnog pisanja.<\/p>\n<ul>\n<li><strong>Prilagodljive informacije<\/strong>: Korisnici mogu mijenjati ili a\u017eurirati RFID podatke pohranjene unutar foba. Ova zna\u010dajka je osobito vrijedna za organizacije koje zahtijevaju \u010desta a\u017euriranja za pristup dozvolama ili za tvrtke koje \u017eele personalizirati brendiranje na privjesku.<\/li>\n<li><strong>Jednostavno umno\u017eavanje<\/strong>: Mogu\u0107nost ponovnog pisanja omogu\u0107uje jednostavno umno\u017eavanje, \u0161to tvrtkama omogu\u0107uje proizvodnju rezervnih privjesaka za klju\u010deve bez napora bez potrebe za zamjenom cijelih jedinica.<\/li>\n<\/ul>\n<p>Ova razina prilagodbe stvara vrlo prilagodljiv alat za kontrolu pristupa, a istovremeno nudi zna\u010dajne mogu\u0107nosti u\u0161tede.<\/p>\n<h2>Specifikacije: Detaljan tehni\u010dki pregled<\/h2>\n<p>The\u00a0<strong>TK4100 T5577 RFID privjesak za klju\u010deve<\/strong>\u00a0je dizajniran sa posebnim zna\u010dajkama za olak\u0161avanje u\u010dinkovite kontrole pristupa:<\/p>\n<table class=\"w-fit !mb-0 !max-w-none\" style=\"height: 187px;\" width=\"477\">\n<thead>\n<tr>\n<th><strong>Specifikacija<\/strong><\/th>\n<th><strong>pojedinosti<\/strong><\/th>\n<\/tr>\n<\/thead>\n<tbody>\n<tr>\n<td><strong>Frekvencijski raspon<\/strong><\/td>\n<td>125KHz i 13.56MHz<\/td>\n<\/tr>\n<tr>\n<td><strong>Komunikacijsko su\u010delje<\/strong><\/td>\n<td>RFID<\/td>\n<\/tr>\n<tr>\n<td><strong>Materijal<\/strong><\/td>\n<td>ABS<\/td>\n<\/tr>\n<tr>\n<td><strong>Mogu\u0107nosti boja<\/strong><\/td>\n<td>Crna, sme\u0111a, plava, crvena, ru\u017ei\u010dasta<\/td>\n<\/tr>\n<tr>\n<td><strong>Dostupnost uzoraka<\/strong><\/td>\n<td>Uzorci dostupni<\/td>\n<\/tr>\n<tr>\n<td><strong>Minimalna koli\u010dina za narud\u017ebu (MOQ)<\/strong><\/td>\n<td>200 kom<\/td>\n<\/tr>\n<\/tbody>\n<\/table>\n<p>&nbsp;<\/p>\n<p>&nbsp;<\/p>","protected":false},"excerpt":{"rendered":"<p>125KHz proximity rewritable TK4100 T5577 RFID privjesak za klju\u010deve pru\u017ea sigurnu, beskontaktnu kontrolu pristupa s izdr\u017eljivim i prilagodljivim dizajnom. Idealan za razli\u010dite primjene, osigurava fleksibilnost i pouzdanost u upravljanju unosima.<\/p>","protected":false},"featured_media":3262,"template":"","meta":[],"product_brand":[],"product_cat":[49],"product_tag":[],"class_list":{"0":"post-3255","1":"product","2":"type-product","3":"status-publish","4":"has-post-thumbnail","6":"product_cat-nfc-key-fobs","8":"first","9":"instock","10":"shipping-taxable","11":"product-type-simple"},"_links":{"self":[{"href":"https:\/\/nfc-readers.com\/hr\/wp-json\/wp\/v2\/product\/3255","targetHints":{"allow":["GET"]}}],"collection":[{"href":"https:\/\/nfc-readers.com\/hr\/wp-json\/wp\/v2\/product"}],"about":[{"href":"https:\/\/nfc-readers.com\/hr\/wp-json\/wp\/v2\/types\/product"}],"wp:featuredmedia":[{"embeddable":true,"href":"https:\/\/nfc-readers.com\/hr\/wp-json\/wp\/v2\/media\/3262"}],"wp:attachment":[{"href":"https:\/\/nfc-readers.com\/hr\/wp-json\/wp\/v2\/media?parent=3255"}],"wp:term":[{"taxonomy":"product_brand","embeddable":true,"href":"https:\/\/nfc-readers.com\/hr\/wp-json\/wp\/v2\/product_brand?post=3255"},{"taxonomy":"product_cat","embeddable":true,"href":"https:\/\/nfc-readers.com\/hr\/wp-json\/wp\/v2\/product_cat?post=3255"},{"taxonomy":"product_tag","embeddable":true,"href":"https:\/\/nfc-readers.com\/hr\/wp-json\/wp\/v2\/product_tag?post=3255"}],"curies":[{"name":"wp","href":"https:\/\/api.w.org\/{rel}","templated":true}]}}