{"id":3264,"date":"2024-10-30T13:19:53","date_gmt":"2024-10-30T13:19:53","guid":{"rendered":"https:\/\/nfc-readers.com\/?post_type=product&#038;p=3264"},"modified":"2024-10-30T13:19:53","modified_gmt":"2024-10-30T13:19:53","slug":"rewritable-abs-t5577-lf-125khz-waterproof-rfid-keyfob","status":"publish","type":"product","link":"https:\/\/nfc-readers.com\/hr\/ic-reader\/rewritable-abs-t5577-lf-125khz-waterproof-rfid-keyfob\/","title":{"rendered":"Prepisivi ABS T5577 LF 125Khz vodootporan RFID privjesak"},"content":{"rendered":"<h1 style=\"text-align: center;\"><strong>Prepisivi ABS T5577 LF 125Khz vodootporan RFID privjesak<\/strong><\/h1>\n<p>&nbsp;<\/p>\n<p>Predstavljamo\u00a0<strong>Prepisivi ABS T5577 LF 125KHz vodootporan RFID privjesak<\/strong>: idealno rje\u0161enje za va\u0161e potrebe kontrole pristupa! Bez obzira trebate li privjesak za klju\u010deve zbog sigurnosti, prakti\u010dnosti ili u\u010dinkovitosti, ovaj svestrani RFID privjesak za klju\u010deve nudi iznimne zna\u010dajke koje ga \u010dine neophodnim za osobnu i profesionalnu upotrebu.<\/p>\n<p>Ovaj izdr\u017eljiv i siguran privjesak za klju\u010deve dizajniran je da izdr\u017ei te\u0161ke vremenske uvjete i savr\u0161en je za vanjske primjene. S niskom frekvencijom od 125 KHz, ovaj RFID privjesak za klju\u010deve osigurava stabilnu komunikaciju i mo\u017ee se pisati, \u0161to vam omogu\u0107uje da ga modificirate kako bi odgovarao va\u0161im specifi\u010dnim potrebama. U ovom sveobuhvatnom opisu proizvoda zadubit \u0107emo se u bezbroj prednosti prepisivog ABS T5577 RFID privjeska za klju\u010deve i istra\u017eiti za\u0161to ga vrijedi razmotriti za va\u0161a rje\u0161enja za kontrolu pristupa.<\/p>\n<p>&nbsp;<\/p>\n<h3><strong>Pregled prepisivog ABS T5577 privjeska za klju\u010deve<\/strong><\/h3>\n<p>The\u00a0<strong>Prepisivi ABS T5577 LF 125KHz vodootporan RFID privjesak<\/strong>\u00a0je savr\u0161ena mje\u0161avina sigurnosti, svestranosti i lako\u0107e kori\u0161tenja. Dizajniran u Guangdongu u Kini, a proizveden u ZD-u, ovaj RFID privjesak za klju\u010deve mo\u017ee se koristiti u razli\u010ditim okru\u017eenjima, pru\u017eaju\u0107i pouzdano rje\u0161enje za sustave kontrole pristupa.<\/p>\n<p>Bez obzira upravljate li hotelom, osiguravate parkirali\u0161te ili nadgledate doga\u0111aj, zna\u010dajka koja se mo\u017ee prepisivati omogu\u0107uje vam da prilagodite svaki privjesak za odre\u0111ene aplikacije, \u0161to ga \u010dini isplativim izborom za tvrtke i pojedince.<\/p>\n<p>&nbsp;<\/p>\n<h3><strong>Klju\u010dne zna\u010dajke<\/strong><\/h3>\n<p>The\u00a0<strong>Prepisivi ABS T5577 privjesak za klju\u010deve<\/strong>\u00a0mo\u017ee se pohvaliti raznim posebnim zna\u010dajkama:<\/p>\n<ul>\n<li><strong>Otporan na vodu i vremenske uvjete:<\/strong>\u00a0Napravljen da izdr\u017ei vanjske elemente, osiguravaju\u0107i trajnost i pouzdanost.<\/li>\n<li><strong>Dizajn mini oznake:<\/strong>\u00a0Kompaktan i lagan, \u0161to ga \u010dini lakim za no\u0161enje i kori\u0161tenje.<\/li>\n<li><strong>RFID komunikacija:<\/strong>\u00a0Koristi RFID tehnologiju za besprijekornu interakciju s kompatibilnim \u010dita\u010dima.<\/li>\n<li><strong>Mogu\u0107nost pisanja:<\/strong>\u00a0Prilagodba privjeska je jednostavna; mo\u017eete prepisati informacije kad god je potrebno.<\/li>\n<li><strong>Raznolikost boja:<\/strong>\u00a0Dostupan u \u017eutoj, plavoj, crvenoj, crnoj, zelenoj i drugim bojama, pru\u017eaju\u0107i estetski izbor uz funkcionalnost.<\/li>\n<li><strong>Laserski gravirani ispis:<\/strong>\u00a0Idealno za tvrtke koje \u017eele prikazati logotipe ili serijske brojeve.<\/li>\n<\/ul>\n<p>Ove zna\u010dajke \u010dine ovaj privjesak prakti\u010dnim izborom za razli\u010dite primjene, podi\u017eu\u0107i njegovu vrijednost u sustavu kontrole pristupa.<\/p>\n<p>&nbsp;<\/p>\n<h3><strong>Trajnost i vodootpornost<\/strong><\/h3>\n<p>Jedna od istaknutih prednosti\u00a0<strong>Prepisivi ABS T5577 privjesak za klju\u010deve<\/strong>\u00a0je njegov dizajn otporan na vodu i vremenske uvjete. Izra\u0111en od visokokvalitetnog ABS materijala, otporan je na promjene vremenskih uvjeta i mo\u017ee pouzdano funkcionirati na otvorenom.<\/p>\n<p>Njegove niskofrekventne mogu\u0107nosti (125KHz) tako\u0111er poma\u017eu pobolj\u0161ati u\u010dinkovitost komunikacije s RFID \u010dita\u010dima, omogu\u0107uju\u0107i korisnicima nesmetan pristup bez brige o vremenskim nepogodama koje utje\u010du na njihov pristup. Ova razina izdr\u017eljivosti \u010dini ga posebno vrijednim za hotele i vanjske sigurnosne sustave, gdje su vrijeme i pouzdanost klju\u010dni.<\/p>\n<p>&nbsp;<\/p>\n<h3><strong>Jednostavnost kori\u0161tenja i postavljanja<\/strong><\/h3>\n<p>Postavljanje\u00a0<strong>Prepisivi ABS T5577 privjesak za klju\u010deve<\/strong>\u00a0je jednostavan, \u0161to ga \u010dini idealnim izborom \u010dak i za one koji nisu posebno upu\u0107eni u tehnologiju. Zna\u010dajka ponovnog pisanja omogu\u0107uje korisnicima brzo a\u017euriranje ili izmjenu pohranjenih podataka bez potrebe za slo\u017eenim alatima ili aplikacijama.<\/p>\n<p>Jednostavno postavite privjesak na odgovaraju\u0107i RFID programator i po\u010dnite kodirati svoje \u017eeljene informacije, bilo da se radi o jedinstvenom identifikacijskom broju, dopu\u0161tenjima pristupa ili drugim relevantnim podacima. Ovo jednostavno postavljanje pojednostavljuje integraciju privjeska za klju\u010deve u bilo koji postoje\u0107i sustav kontrole pristupa.<\/p>\n<p>&nbsp;<\/p>\n<h3><strong>\u010cesto postavljana pitanja (FAQ)<\/strong><\/h3>\n<h3>P1: Koja je frekvencija prepisivog ABS T5577 RFID privjeska?<\/h3>\n<p><strong>A:<\/strong>\u00a0Rewritable ABS T5577 Keyfob radi na frekvenciji od\u00a0<strong>125 KHz<\/strong>, koji omogu\u0107uje u\u010dinkovitu komunikaciju s RFID \u010dita\u010dima koji se obi\u010dno koriste u sustavima kontrole pristupa.<\/p>\n<h3>P2: Je li privjesak vodootporan?<\/h3>\n<p><strong>A:<\/strong>\u00a0Da, prepisivi ABS T5577 privjesak za klju\u010deve otporan je na vodu i vremenske uvjete, osiguravaju\u0107i izdr\u017eljivost i pouzdanost \u010dak iu te\u0161kim vanjskim okru\u017eenjima.<\/p>\n<h3>P3: Mogu li prepisati informacije na privjesku?<\/h3>\n<p><strong>A:<\/strong>\u00a0Apsolutno! Ovaj privjesak za klju\u010deve ima a\u00a0<strong>mogu\u0107nost ponovnog pisanja<\/strong>\u00a0koji vam omogu\u0107uje jednostavno prilago\u0111avanje ili a\u017euriranje podataka pohranjenih na njemu prema va\u0161im potrebama.<\/p>\n<h3>P4: Od kojeg je materijala napravljen privjesak?<\/h3>\n<p><strong>A:<\/strong>\u00a0Privjesak je izra\u0111en od visokokvalitetnog\u00a0<strong>ABS materijal<\/strong>, koji pru\u017ea izdr\u017eljivost i otpornost na habanje.<\/p>\n<h3>P5: Kako mogu postaviti privjesak?<\/h3>\n<p><strong>A:<\/strong>\u00a0Postavljanje prepisivog ABS T5577 privjeska za klju\u010deve je jednostavno. Jednostavno ga pove\u017eite s kompatibilnim RFID programatorom za u\u010ditavanje \u017eeljenih informacija, poput ID brojeva ili dopu\u0161tenja pristupa.<\/p>","protected":false},"excerpt":{"rendered":"<p>The\u00a0<strong>Prepisivi ABS T5577 LF 125KHz vodootporan RFID privjesak<\/strong>\u00a0nudi svestrano i trajno rje\u0161enje za potrebe kontrole pristupa, kombiniraju\u0107i user-friendly funkciju ponovnog pisanja s pouzdano\u0161\u0107u otpornom na vremenske uvjete. Idealan za vanjske primjene, ovaj privjesak za klju\u010deve osigurava sigurnu i u\u010dinkovitu komunikaciju s RFID \u010dita\u010dima u kompaktnom dizajnu.<\/p>","protected":false},"featured_media":3265,"template":"","meta":[],"product_brand":[],"product_cat":[49],"product_tag":[],"class_list":{"0":"post-3264","1":"product","2":"type-product","3":"status-publish","4":"has-post-thumbnail","6":"product_cat-nfc-key-fobs","8":"first","9":"instock","10":"shipping-taxable","11":"product-type-simple"},"_links":{"self":[{"href":"https:\/\/nfc-readers.com\/hr\/wp-json\/wp\/v2\/product\/3264","targetHints":{"allow":["GET"]}}],"collection":[{"href":"https:\/\/nfc-readers.com\/hr\/wp-json\/wp\/v2\/product"}],"about":[{"href":"https:\/\/nfc-readers.com\/hr\/wp-json\/wp\/v2\/types\/product"}],"wp:featuredmedia":[{"embeddable":true,"href":"https:\/\/nfc-readers.com\/hr\/wp-json\/wp\/v2\/media\/3265"}],"wp:attachment":[{"href":"https:\/\/nfc-readers.com\/hr\/wp-json\/wp\/v2\/media?parent=3264"}],"wp:term":[{"taxonomy":"product_brand","embeddable":true,"href":"https:\/\/nfc-readers.com\/hr\/wp-json\/wp\/v2\/product_brand?post=3264"},{"taxonomy":"product_cat","embeddable":true,"href":"https:\/\/nfc-readers.com\/hr\/wp-json\/wp\/v2\/product_cat?post=3264"},{"taxonomy":"product_tag","embeddable":true,"href":"https:\/\/nfc-readers.com\/hr\/wp-json\/wp\/v2\/product_tag?post=3264"}],"curies":[{"name":"wp","href":"https:\/\/api.w.org\/{rel}","templated":true}]}}