{"id":3286,"date":"2024-10-31T02:35:44","date_gmt":"2024-10-31T02:35:44","guid":{"rendered":"https:\/\/nfc-readers.com\/?post_type=product&#038;p=3286"},"modified":"2024-10-31T02:40:35","modified_gmt":"2024-10-31T02:40:35","slug":"acr1555u-bluetooth-usb-nfc-contactless-reader-writer","status":"publish","type":"product","link":"https:\/\/nfc-readers.com\/hr\/ic-reader\/acr1555u-bluetooth-usb-nfc-contactless-reader-writer\/","title":{"rendered":"ACR1555U Bluetooth USB NFC beskontaktni \u010dita\u010d pisa\u010d"},"content":{"rendered":"<h1 class=\"AnswerParser_AnswerParserH1__6UNv6\">Otkrijte ACR1555U NFC \u010dita\u010d: Va\u0161e ultimativno beskontaktno rje\u0161enje<\/h1>\n<p><span class=\"AnswerParser_TextContainer__z_Iiv\" data-testid=\"youchat-text\">The\u00a0<strong>ACR1555U NFC \u010dita\u010d<\/strong>\u00a0je najsuvremeniji ure\u0111aj dizajniran za omogu\u0107avanje besprijekorne interakcije izme\u0111u NFC-omogu\u0107enih ure\u0111aja i pametnih kartica. Ovaj\u00a0<strong>NFC \u010dita\u010d<\/strong>\u00a0podr\u017eava razne beskontaktne tehnologije, omogu\u0107uju\u0107i korisnicima u\u010dinkovito \u010ditanje i pisanje podataka. Svestranost i mogu\u0107nosti visokih performansi ACR1555U \u010dine ga bitnim alatom za tvrtke, programere i tehnolo\u0161ke entuzijaste. S ovim \u010dita\u010dem mo\u017eete otklju\u010dati svijet mogu\u0107nosti u obradi pla\u0107anja, kontroli pristupa i razmjeni podataka, \u0161to ga \u010dini vrijednom investicijom za svakoga tko \u017eeli pobolj\u0161ati svoj NFC tehnolo\u0161ki alat.<\/span><\/p>\n<h2 class=\"AnswerParser_AnswerParserH2__SIHnF\">Opis proizvoda<\/h2>\n<ol class=\"AnswerParser_AnswerParserOrderedList__kl_2Y\">\n<li class=\"AnswerParser_ListItem__XqLOV\" translate=\"yes\"><strong>\u0160to je ACR1555U NFC \u010dita\u010d?<\/strong><\/li>\n<li class=\"AnswerParser_ListItem__XqLOV\" translate=\"yes\"><strong>Klju\u010dne zna\u010dajke ACR1555U<\/strong><\/li>\n<li class=\"AnswerParser_ListItem__XqLOV\" translate=\"yes\"><strong>Podr\u017eane NFC oznake i kartice<\/strong><\/li>\n<li class=\"AnswerParser_ListItem__XqLOV\" translate=\"yes\"><strong>Tehni\u010dke specifikacije<\/strong><\/li>\n<li class=\"AnswerParser_ListItem__XqLOV\" translate=\"yes\"><strong>Upute za kori\u0161tenje<\/strong><\/li>\n<li class=\"AnswerParser_ListItem__XqLOV\" translate=\"yes\"><strong>Utjecaj na okoli\u0161 i odr\u017eivost<\/strong><\/li>\n<li class=\"AnswerParser_ListItem__XqLOV\" translate=\"yes\"><strong>Ocjene i recenzije kupaca<\/strong><\/li>\n<li class=\"AnswerParser_ListItem__XqLOV\" translate=\"yes\"><strong>\u010cesto postavljana pitanja (FAQ)<\/strong><\/li>\n<li class=\"AnswerParser_ListItem__XqLOV\" translate=\"yes\"><strong>Srodni proizvodi koji bi vam se tako\u0111er mogli svidjeti<\/strong><\/li>\n<li class=\"AnswerParser_ListItem__XqLOV\" translate=\"yes\"><strong>Za\u0161to odabrati ACR1555U NFC \u010dita\u010d?<\/strong><\/li>\n<\/ol>\n<hr \/>\n<h2 class=\"AnswerParser_AnswerParserH2__SIHnF\">\u0160to je ACR1555U NFC \u010dita\u010d?<\/h2>\n<p><span class=\"AnswerParser_TextContainer__z_Iiv\" data-testid=\"youchat-text\">The\u00a0<strong>ACR1555U NFC \u010dita\u010d<\/strong>\u00a0je vrhunski ure\u0111aj dizajniran za beskontaktnu komunikaciju visokih performansi. Podr\u017eava razli\u010dite NFC standarde, uklju\u010duju\u0107i\u00a0<strong>ISO 14443<\/strong>\u00a0i\u00a0<strong>ISO 18092<\/strong>, \u0161to ga \u010dini kompatibilnim sa \u0161irokim rasponom NFC oznaka i pametnih kartica. Bilo da \u017eelite obra\u0111ivati pla\u0107anja, upravljati kontrolom pristupa ili komunicirati s ure\u0111ajima koji podr\u017eavaju NFC, ACR1555U pru\u017ea brzo i pouzdano rje\u0161enje.<\/span><span class=\"AnswerParser_TextContainer__z_Iiv\" data-testid=\"youchat-text\">Ovaj\u00a0<strong>NFC \u010dita\u010d<\/strong>\u00a0posebno je koristan za tvrtke u maloprodaji, zdravstvu i logistici, gdje su brze i sigurne transakcije klju\u010dne. Njegove Bluetooth mogu\u0107nosti dodatno pobolj\u0161avaju njegovu upotrebljivost dopu\u0161taju\u0107i be\u017ei\u010dno povezivanje s pametnim telefonima i tabletima, \u0161to ga \u010dini svestranim izborom za razne aplikacije.<\/span><\/p>\n<h2 class=\"AnswerParser_AnswerParserH2__SIHnF\">Klju\u010dne zna\u010dajke ACR1555U<\/h2>\n<p><span class=\"AnswerParser_TextContainer__z_Iiv\" data-testid=\"youchat-text\">ACR1555U ima nekoliko klju\u010dnih zna\u010dajki koje ga izdvajaju od ostalih NFC \u010dita\u010da na tr\u017ei\u0161tu:<\/span><\/p>\n<ul class=\"AnswerParser_AnswerParserUnorderedList__P_1FW\">\n<li class=\"AnswerParser_ListItem__XqLOV\" translate=\"yes\"><strong>Bluetooth povezivanje<\/strong>: Koriste\u0107i Bluetooth tehnologiju, ACR1555U omogu\u0107uje jednostavno uparivanje s pametnim telefonima i tabletima, omogu\u0107uju\u0107i iskustvo bez kabela.<\/li>\n<li class=\"AnswerParser_ListItem__XqLOV\" translate=\"yes\"><strong>\u0160iroka kompatibilnost<\/strong>: Ovo\u00a0<strong>NFC ure\u0111aj<\/strong>\u00a0podr\u017eava vi\u0161e standarda, uklju\u010duju\u0107i\u00a0<strong>MIFARE<\/strong>,\u00a0<strong>FeliCa<\/strong>, i razne vrste RFID kartica, osiguravaju\u0107i da mo\u017eete raditi sa \u0161irokim rasponom tehnologija.<\/li>\n<li class=\"AnswerParser_ListItem__XqLOV\" translate=\"yes\"><strong>Su\u010delje prilago\u0111eno korisniku<\/strong>: Ure\u0111aj je opremljen intuitivnim kontrolama i indikatorima, \u0161to olak\u0161ava pra\u0107enje njegovog statusa i u\u010dinkovit rad.<\/li>\n<\/ul>\n<p><span class=\"AnswerParser_TextContainer__z_Iiv\" data-testid=\"youchat-text\">Ove zna\u010dajke \u010dine ACR1555U ne samo sna\u017enim nego i nevjerojatno lakim za kori\u0161tenje, osiguravaju\u0107i da mo\u017eete maksimizirati njegove mogu\u0107nosti bez strme krivulje u\u010denja.<\/span><\/p>\n<h2 class=\"AnswerParser_AnswerParserH2__SIHnF\">Podr\u017eane NFC oznake i kartice<\/h2>\n<p><span class=\"AnswerParser_TextContainer__z_Iiv\" data-testid=\"youchat-text\">ACR1555U je svestran i podr\u017eava \u0161iroku lepezu NFC oznaka i kartica:<\/span><\/p>\n<ul class=\"AnswerParser_AnswerParserUnorderedList__P_1FW\">\n<li class=\"AnswerParser_ListItem__XqLOV\" translate=\"yes\"><strong>MIFARE\u00ae kartice<\/strong>: Ove kartice se obi\u010dno koriste u kontroli pristupa i javnom prijevozu, a ACR1555U ih dobro podr\u017eava.<\/li>\n<li class=\"AnswerParser_ListItem__XqLOV\" translate=\"yes\"><strong>ISO 14443 Tip A i B<\/strong>: Ova kompatibilnost osigurava da mo\u017eete komunicirati s ve\u0107inom beskontaktnih pametnih kartica na tr\u017ei\u0161tu.<\/li>\n<li class=\"AnswerParser_ListItem__XqLOV\" translate=\"yes\"><strong>NFC oznake<\/strong>: Bez obzira koristite li NFC naljepnice za marketing ili posjetnice s NFC-om, ACR1555U mo\u017ee besprijekorno \u010ditati i pisati podatke.<\/li>\n<\/ul>\n<p><span class=\"AnswerParser_TextContainer__z_Iiv\" data-testid=\"youchat-text\">Ova \u0161iroka kompatibilnost omogu\u0107uje korisnicima interakciju s razli\u010ditim\u00a0<strong>Vrste NFC oznaka<\/strong>, \u010dine\u0107i ACR1555U fleksibilnim izborom za svaki projekt.<\/span><\/p>\n<h2 class=\"AnswerParser_AnswerParserH2__SIHnF\">Tehni\u010dke specifikacije<\/h2>\n<div class=\"AnswerParser_TableContainer__Erb6v\" data-testid=\"table-container\">\n<table>\n<thead>\n<tr>\n<th>Specifikacija<\/th>\n<th>pojedinosti<\/th>\n<\/tr>\n<\/thead>\n<tbody>\n<tr>\n<td><strong>Komunikacijsko su\u010delje<\/strong><\/td>\n<td>USB i Bluetooth<\/td>\n<\/tr>\n<tr>\n<td><strong>Podr\u017eani standardi<\/strong><\/td>\n<td>ISO 14443, ISO 18092<\/td>\n<\/tr>\n<tr>\n<td><strong>Radna frekvencija<\/strong><\/td>\n<td>13,56 MHz<\/td>\n<\/tr>\n<tr>\n<td><strong>Napajanje<\/strong><\/td>\n<td>450mAh punjiva baterija<\/td>\n<\/tr>\n<tr>\n<td><strong>Kompatibilnost<\/strong><\/td>\n<td>Android i iOS ure\u0111aji<\/td>\n<\/tr>\n<\/tbody>\n<\/table>\n<\/div>\n<p><span class=\"AnswerParser_TextContainer__z_Iiv\" data-testid=\"youchat-text\">Ove tehni\u010dke specifikacije isti\u010du robustan dizajn ACR1555U i njegovu sposobnost u\u010dinkovitog rada u razli\u010ditim okru\u017eenjima.<\/span><\/p>\n<h2 class=\"AnswerParser_AnswerParserH2__SIHnF\">Upute za kori\u0161tenje<\/h2>\n<p><span class=\"AnswerParser_TextContainer__z_Iiv\" data-testid=\"youchat-text\">Kori\u0161tenje ACR1555U NFC \u010dita\u010da je jednostavno:<\/span><\/p>\n<ol class=\"AnswerParser_AnswerParserOrderedList__kl_2Y\">\n<li class=\"AnswerParser_ListItem__XqLOV\" translate=\"yes\"><strong>Spojite ure\u0111aj<\/strong>: Koristite USB vezu za izravnu upotrebu ili omogu\u0107ite Bluetooth za be\u017ei\u010dnu komunikaciju s va\u0161im pametnim telefonom ili tabletom.<\/li>\n<li class=\"AnswerParser_ListItem__XqLOV\" translate=\"yes\"><strong>Instalirajte NFC alate<\/strong>: Preuzmite kompatibilne NFC alate s\u00a0<strong>App Store<\/strong>\u00a0ili relevantna tr\u017ei\u0161ta aplikacija za pobolj\u0161anje funkcionalnosti.<\/li>\n<li class=\"AnswerParser_ListItem__XqLOV\" translate=\"yes\"><strong>Po\u010dnite \u010ditati i pisati<\/strong>: S instaliranim NFC alatima mo\u017eete jednostavno \u010ditati i pisati podatke na NFC oznake i kartice, \u010dine\u0107i proces brzim i lakim.<\/li>\n<\/ol>\n<p><span class=\"AnswerParser_TextContainer__z_Iiv\" data-testid=\"youchat-text\">Ova jednostavnost kori\u0161tenja zna\u010dajna je prednost za tehni\u010dke i netehni\u010dke korisnike.<\/span><\/p>\n<h2 class=\"AnswerParser_AnswerParserH2__SIHnF\">Utjecaj na okoli\u0161 i odr\u017eivost<\/h2>\n<p><span class=\"AnswerParser_TextContainer__z_Iiv\" data-testid=\"youchat-text\">Kako tehnologija napreduje, tako raste i naglasak na odr\u017eivosti okoli\u0161a. ACR1555U je dizajniran imaju\u0107i na umu ekolo\u0161ke prakse. Njegova niska potro\u0161nja energije i punjiva baterija smanjuju otpad i uglji\u010dni otisak ure\u0111aja. Kori\u0161tenjem\u00a0<strong>13,56 MHz beskontaktna tehnologija<\/strong>, ACR1555U promovira u\u010dinkovito kori\u0161tenje energije, uskla\u0111uju\u0107i se s globalnim ciljevima odr\u017eivosti.<\/span><\/p>\n<h2 class=\"AnswerParser_AnswerParserH2__SIHnF\">Ocjene i recenzije kupaca<\/h2>\n<p><span class=\"AnswerParser_TextContainer__z_Iiv\" data-testid=\"youchat-text\">ACR1555U dobio je pozitivne povratne informacije od korisnika iz raznih sektora. Mnogi kupci cijene njegovu pouzdanost, jednostavnost kori\u0161tenja i svestranost. Evo nekih istaknutih stavki iz ocjena i recenzija:<\/span><\/p>\n<ul class=\"AnswerParser_AnswerParserUnorderedList__P_1FW\">\n<li class=\"AnswerParser_ListItem__XqLOV\" translate=\"yes\"><strong>Prilago\u0111en korisniku<\/strong>: Kupci \u010desto spominju kako je jednostavno postaviti i po\u010deti koristiti ure\u0111aj.<\/li>\n<li class=\"AnswerParser_ListItem__XqLOV\" translate=\"yes\"><strong>Svestran<\/strong>: Korisnici vole mogu\u0107nost rada s razli\u010ditim NFC oznakama i karticama, \u0161to ga \u010dini prikladnim za razne primjene.<\/li>\n<li class=\"AnswerParser_ListItem__XqLOV\" translate=\"yes\"><strong>Pouzdana izvedba<\/strong>: Mnogi su primijetili da ACR1555U dosljedno pru\u017ea brze i u\u010dinkovite performanse.<\/li>\n<\/ul>\n<p><span class=\"AnswerParser_TextContainer__z_Iiv\" data-testid=\"youchat-text\">Ove recenzije odra\u017eavaju iskustvo visoke kvalitete koje dolazi s kori\u0161tenjem ACR1555U NFC \u010dita\u010da.<\/span><\/p>\n<h2 class=\"AnswerParser_AnswerParserH2__SIHnF\">\u010cesto postavljana pitanja (FAQ)<\/h2>\n<p><span class=\"AnswerParser_TextContainer__z_Iiv\" data-testid=\"youchat-text\"><strong>P1: Koliki je domet Bluetooth veze?<\/strong><br \/>\nA1: Bluetooth veza obi\u010dno ima domet od oko 10 metara, \u0161to omogu\u0107uje fleksibilnu upotrebu u razli\u010ditim okru\u017eenjima.<\/span><\/p>\n<p><span class=\"AnswerParser_TextContainer__z_Iiv\" data-testid=\"youchat-text\"><strong>P2: Mogu li koristiti ACR1555U sa svojim pametnim telefonom?<\/strong><br \/>\nA2: Da! ACR1555U je kompatibilan s Android i iOS ure\u0111ajima, \u0161to ga \u010dini savr\u0161enim izborom za mobilne aplikacije.<\/span><\/p>\n<p><span class=\"AnswerParser_TextContainer__z_Iiv\" data-testid=\"youchat-text\"><strong>P3: Je li ACR1555U prikladan za aplikacije kontrole pristupa?<\/strong><br \/>\nA3: Apsolutno! Sa svojom podr\u0161kom za razne pametne kartice i NFC tehnologije, ACR1555U je idealan za sustave kontrole pristupa.<\/span><\/p>\n<h2 class=\"AnswerParser_AnswerParserH2__SIHnF\">Srodni proizvodi koji bi vam se tako\u0111er mogli svidjeti<\/h2>\n<ul class=\"AnswerParser_AnswerParserUnorderedList__P_1FW\">\n<li class=\"AnswerParser_ListItem__XqLOV\" translate=\"yes\"><strong>ACR122U NFC \u010dita\u010d<\/strong>: Svestrani USB NFC \u010dita\u010d koji podr\u017eava razne NFC oznake i kartice.<\/li>\n<li class=\"AnswerParser_ListItem__XqLOV\" translate=\"yes\"><strong>Aplikacija NFC alati<\/strong>: mo\u0107na aplikacija dostupna na\u00a0<strong>App Store<\/strong>\u00a0za upravljanje i kori\u0161tenje NFC mogu\u0107nosti.<\/li>\n<li class=\"AnswerParser_ListItem__XqLOV\" translate=\"yes\"><strong>Arduino NFC \u0161tit<\/strong>: Pobolj\u0161ajte svoje Arduino projekte s NFC mogu\u0107nostima koriste\u0107i ovaj kompatibilni \u0161tit.<\/li>\n<\/ul>\n<h2 class=\"AnswerParser_AnswerParserH2__SIHnF\">Za\u0161to odabrati ACR1555U NFC \u010dita\u010d?<\/h2>\n<p><span class=\"AnswerParser_TextContainer__z_Iiv\" data-testid=\"youchat-text\">NFC \u010dita\u010d ACR1555U isti\u010de se kao izniman proizvod u podru\u010dju beskontaktne tehnologije. Njegova kombinacija\u00a0<strong>Bluetooth<\/strong>\u00a0povezivost, opse\u017ena kompatibilnost s raznim NFC i RFID karticama i jednostavnost kori\u0161tenja \u010dine ga neprocjenjivim sredstvom za tvrtke i programere koji \u017eele iskoristiti NFC tehnologiju. Bilo da \u017eelite pobolj\u0161ati obradu pla\u0107anja, pojednostaviti kontrolu pristupa ili uvesti inovacije s NFC aplikacijama, ACR1555U je savr\u0161en izbor.<\/span><span class=\"AnswerParser_TextContainer__z_Iiv\" data-testid=\"youchat-text\">Dodavanjem ACR1555U u svoju ko\u0161aricu, ne samo da ula\u017eete u visokokvalitetni proizvod, ve\u0107 se tako\u0111er postavljate na \u010delo beskontaktne tehnologije. Iskusite mogu\u0107nosti koje je ovo unaprijedilo\u00a0<strong>NFC \u010dita\u010d<\/strong>\u00a0nudi i transformirajte svoje NFC interakcije danas!<\/span><\/p>\n<hr \/>\n<p><span class=\"AnswerParser_TextContainer__z_Iiv\" data-testid=\"youchat-text\">Zaklju\u010dno, ACR1555U NFC \u010dita\u010d mo\u0107an je, svestran alat za svakoga tko \u017eeli pobolj\u0161ati svoje NFC mogu\u0107nosti. Njegova \u0161iroka kompatibilnost i zna\u010dajke jednostavne za kori\u0161tenje \u010dine ga najboljim izborom na tr\u017ei\u0161tu. Ne propustite priliku da unaprijedite svoje NFC iskustvo\u2014razmislite o ACR1555U za svoj sljede\u0107i projekt!<\/span><\/p>","protected":false},"excerpt":{"rendered":"<p>ACR1555u je Bluetooth NFC \u010dita\u010d\/pisa\u010d koji mo\u017ee brzo i jednostavno implementirati razne aplikacije.<\/p>","protected":false},"featured_media":2775,"template":"","meta":[],"product_brand":[],"product_cat":[45,38],"product_tag":[],"class_list":{"0":"post-3286","1":"product","2":"type-product","3":"status-publish","4":"has-post-thumbnail","6":"product_cat-contactless-nfc-reader","7":"product_cat-mobile-ble-nfc-reader","9":"first","10":"instock","11":"shipping-taxable","12":"product-type-simple"},"_links":{"self":[{"href":"https:\/\/nfc-readers.com\/hr\/wp-json\/wp\/v2\/product\/3286","targetHints":{"allow":["GET"]}}],"collection":[{"href":"https:\/\/nfc-readers.com\/hr\/wp-json\/wp\/v2\/product"}],"about":[{"href":"https:\/\/nfc-readers.com\/hr\/wp-json\/wp\/v2\/types\/product"}],"wp:featuredmedia":[{"embeddable":true,"href":"https:\/\/nfc-readers.com\/hr\/wp-json\/wp\/v2\/media\/2775"}],"wp:attachment":[{"href":"https:\/\/nfc-readers.com\/hr\/wp-json\/wp\/v2\/media?parent=3286"}],"wp:term":[{"taxonomy":"product_brand","embeddable":true,"href":"https:\/\/nfc-readers.com\/hr\/wp-json\/wp\/v2\/product_brand?post=3286"},{"taxonomy":"product_cat","embeddable":true,"href":"https:\/\/nfc-readers.com\/hr\/wp-json\/wp\/v2\/product_cat?post=3286"},{"taxonomy":"product_tag","embeddable":true,"href":"https:\/\/nfc-readers.com\/hr\/wp-json\/wp\/v2\/product_tag?post=3286"}],"curies":[{"name":"wp","href":"https:\/\/api.w.org\/{rel}","templated":true}]}}