{"id":3288,"date":"2024-10-31T08:03:14","date_gmt":"2024-10-31T08:03:14","guid":{"rendered":"https:\/\/nfc-readers.com\/?post_type=product&#038;p=3288"},"modified":"2024-10-31T08:03:15","modified_gmt":"2024-10-31T08:03:15","slug":"acr1581u-15693-dualboost-iii-dual-interface-nfc-reader-writer","status":"publish","type":"product","link":"https:\/\/nfc-readers.com\/hr\/ic-reader\/acr1581u-15693-dualboost-iii-dual-interface-nfc-reader-writer\/","title":{"rendered":"ACR1581U 15693 DualBoost III NFC \u010dita\u010d i zapisiva\u010d s dvostrukim su\u010deljem"},"content":{"rendered":"<h1 class=\"AnswerParser_AnswerParserH1__6UNv6\">ACR1581U NFC \u010dita\u010d: vrhunsko beskontaktno rje\u0161enje za va\u0161e poslovanje<\/h1>\n<p><span class=\"AnswerParser_TextContainer__z_Iiv\" data-testid=\"youchat-text\">The\u00a0<strong>ACR1581U NFC \u010dita\u010d<\/strong>\u00a0je najsuvremeniji ure\u0111aj dizajniran za omogu\u0107avanje besprijekorne interakcije s kontaktnim i beskontaktnim pametnim karticama. Ova svestrana\u00a0<strong>NFC \u010dita\u010d<\/strong>\u00a0podr\u017eava \u0161irok raspon aplikacija, \u0161to ga \u010dini bitnim alatom za tvrtke i programere. Bilo da trebate obra\u0111ivati pla\u0107anja, upravljati kontrolom pristupa ili \u010ditati podatke s NFC oznaka, ACR1581U nudi pouzdano i u\u010dinkovito rje\u0161enje. Sa svojim robusnim zna\u010dajkama i dizajnom prilago\u0111enim korisniku, ovaj \u010dita\u010d vrijedi svakog penija za svakoga tko \u017eeli pobolj\u0161ati svoj NFC tehnolo\u0161ki alat.<\/span><\/p>\n<hr \/>\n<h2 class=\"AnswerParser_AnswerParserH2__SIHnF\">Opis proizvoda<\/h2>\n<ol class=\"AnswerParser_AnswerParserOrderedList__kl_2Y\">\n<li class=\"AnswerParser_ListItem__XqLOV\" translate=\"yes\"><strong>Pregled ACR1581U NFC \u010dita\u010da<\/strong><\/li>\n<li class=\"AnswerParser_ListItem__XqLOV\" translate=\"yes\"><strong>Klju\u010dne zna\u010dajke ACR1581U<\/strong><\/li>\n<li class=\"AnswerParser_ListItem__XqLOV\" translate=\"yes\"><strong>Fizi\u010dke karakteristike<\/strong><\/li>\n<li class=\"AnswerParser_ListItem__XqLOV\" translate=\"yes\"><strong>Podr\u017eane vrste kartica<\/strong><\/li>\n<li class=\"AnswerParser_ListItem__XqLOV\" translate=\"yes\"><strong>Tehni\u010dke specifikacije<\/strong><\/li>\n<li class=\"AnswerParser_ListItem__XqLOV\" translate=\"yes\"><strong>Upute za kori\u0161tenje<\/strong><\/li>\n<li class=\"AnswerParser_ListItem__XqLOV\" translate=\"yes\"><strong>Utjecaj na okoli\u0161 i sukladnost<\/strong><\/li>\n<li class=\"AnswerParser_ListItem__XqLOV\" translate=\"yes\"><strong>Ocjene i recenzije kupaca<\/strong><\/li>\n<li class=\"AnswerParser_ListItem__XqLOV\" translate=\"yes\"><strong>\u010cesto postavljana pitanja (FAQ)<\/strong><\/li>\n<li class=\"AnswerParser_ListItem__XqLOV\" translate=\"yes\"><strong>Za\u0161to odabrati ACR1581U NFC \u010dita\u010d?<\/strong><\/li>\n<\/ol>\n<hr \/>\n<h2 class=\"AnswerParser_AnswerParserH2__SIHnF\">Pregled ACR1581U NFC \u010dita\u010da<\/h2>\n<p><span class=\"AnswerParser_TextContainer__z_Iiv\" data-testid=\"youchat-text\">The\u00a0<strong>ACR1581U NFC \u010dita\u010d<\/strong>\u00a0je projektiran da zadovolji zahtjeve modernih aplikacija koje zahtijevaju sigurnu i u\u010dinkovitu razmjenu podataka. S podr\u0161kom za kontaktne i beskontaktne pametne kartice, ovaj je \u010dita\u010d idealan za razne industrije, uklju\u010duju\u0107i financije, zdravstvo i sigurnost. Njegova sposobnost \u010ditanja i pisanja podataka s vi\u0161e vrsta kartica osigurava da se mo\u017ee prilagoditi rastu\u0107im potrebama korisnika.<\/span><span class=\"AnswerParser_TextContainer__z_Iiv\" data-testid=\"youchat-text\">Opremljen naprednim zna\u010dajkama i korisni\u010dki prilago\u0111enim su\u010deljem, ACR1581U je savr\u0161en za tvrtke koje \u017eele pojednostaviti svoje operacije i pobolj\u0161ati korisni\u010dko iskustvo. Njegova mogu\u0107nost dvostrukog su\u010delja omogu\u0107uje fleksibilnost u kori\u0161tenju, \u0161to ga \u010dini svestranim izborom za svaku primjenu.<\/span><\/p>\n<h2 class=\"AnswerParser_AnswerParserH2__SIHnF\">Klju\u010dne zna\u010dajke ACR1581U<\/h2>\n<h3 class=\"AnswerParser_AnswerParserH3__Mpe4s\">Mogu\u0107nost dvostrukog su\u010delja<\/h3>\n<p><span class=\"AnswerParser_TextContainer__z_Iiv\" data-testid=\"youchat-text\">ACR1581U podr\u017eava oboje\u00a0<strong>kontakt<\/strong>\u00a0i\u00a0<strong>beskontaktno<\/strong>\u00a0su\u010delja pametnih kartica, omogu\u0107uju\u0107i korisnicima interakciju sa \u0161irokim rasponom kartica. Ova dvostruka funkcionalnost \u010dini ga prikladnim za razli\u010dite primjene, od obrade pla\u0107anja do kontrole pristupa. Mogu\u0107nost \u010ditanja i pisanja NFC oznaka i kartica pove\u0107ava njegovu upotrebljivost u razli\u010ditim scenarijima.<\/span><\/p>\n<h3 class=\"AnswerParser_AnswerParserH3__Mpe4s\">Prijenos podataka velike brzine<\/h3>\n<p><span class=\"AnswerParser_TextContainer__z_Iiv\" data-testid=\"youchat-text\">s a\u00a0<strong>USB pune brzine<\/strong>\u00a0su\u010delja, ACR1581U osigurava brzi prijenos podataka do\u00a0<strong>12 Mbps<\/strong>. Ova brzina je klju\u010dna za aplikacije koje zahtijevaju brze i u\u010dinkovite transakcije, pobolj\u0161avaju\u0107i cjelokupno korisni\u010dko iskustvo. Bilo da obra\u0111ujete pla\u0107anja ili pristupate sigurnim informacijama, ACR1581U pru\u017ea pouzdane performanse.<\/span><\/p>\n<h3 class=\"AnswerParser_AnswerParserH3__Mpe4s\">Dizajn prilago\u0111en korisniku<\/h3>\n<p><span class=\"AnswerParser_TextContainer__z_Iiv\" data-testid=\"youchat-text\">ACR1581U ima dvobojne LED diode koje mo\u017ee kontrolirati korisnik (plava i zelena) i monotono zujalo, pru\u017eaju\u0107i vizualnu i zvu\u010dnu povratnu informaciju tijekom rada. Ovaj dizajn pove\u0107ava upotrebljivost dopu\u0161taju\u0107i korisnicima jednostavno pra\u0107enje statusa ure\u0111aja. Intuitivno su\u010delje osigurava da \u010dak i oni koji tek upoznaju NFC tehnologiju mogu s lako\u0107om upravljati \u010dita\u010dem.<\/span><\/p>\n<h2 class=\"AnswerParser_AnswerParserH2__SIHnF\">Fizi\u010dke karakteristike<\/h2>\n<ul class=\"AnswerParser_AnswerParserUnorderedList__P_1FW\">\n<li class=\"AnswerParser_ListItem__XqLOV\" translate=\"yes\"><strong>Dimenzije<\/strong>: 120,5 mm (D) x 72,0 mm (\u0160) x 20,4 mm (V)<\/li>\n<li class=\"AnswerParser_ListItem__XqLOV\" translate=\"yes\"><strong>Te\u017eina<\/strong>: 143 g<\/li>\n<li class=\"AnswerParser_ListItem__XqLOV\" translate=\"yes\"><strong>USB su\u010delje<\/strong>:\n<ul class=\"AnswerParser_AnswerParserUnorderedList__P_1FW\">\n<li class=\"AnswerParser_ListItem__XqLOV\" translate=\"yes\">Protokol: USB CCID<\/li>\n<li class=\"AnswerParser_ListItem__XqLOV\" translate=\"yes\">Vrsta konektora: USB Type-A (ACR1581U-C1), USB Type-C (ACR1581U-CF)<\/li>\n<li class=\"AnswerParser_ListItem__XqLOV\" translate=\"yes\">Duljina kabela: 2 m, neodvojiv<\/li>\n<\/ul>\n<\/li>\n<\/ul>\n<p><span class=\"AnswerParser_TextContainer__z_Iiv\" data-testid=\"youchat-text\">Kompaktan dizajn ACR1581U olak\u0161ava integraciju u razli\u010dita okru\u017eenja, bilo na prodajnom mjestu ili u sigurnom sustavu kontrole pristupa.<\/span><\/p>\n<h2 class=\"AnswerParser_AnswerParserH2__SIHnF\">Podr\u017eane vrste kartica<\/h2>\n<p><span class=\"AnswerParser_TextContainer__z_Iiv\" data-testid=\"youchat-text\">ACR1581U je kompatibilan sa \u0161irokim rasponom pametnih kartica, uklju\u010duju\u0107i:<\/span><\/p>\n<ul class=\"AnswerParser_AnswerParserUnorderedList__P_1FW\">\n<li class=\"AnswerParser_ListItem__XqLOV\" translate=\"yes\"><strong>Kontaktirajte pametne kartice<\/strong>: Podr\u017eava ISO 7816 klase A, B i C (5V, 3V, 1.8V) s protokolima T=0 i T=1.<\/li>\n<li class=\"AnswerParser_ListItem__XqLOV\" translate=\"yes\"><strong>Beskontaktne pametne kartice<\/strong>: Podr\u017eava ISO 14443 tip A &amp; B, ISO 15693, MIFARE\u00ae i FeliCa.<\/li>\n<li class=\"AnswerParser_ListItem__XqLOV\" translate=\"yes\"><strong>Su\u010delje SAM kartice<\/strong>: Uklju\u010duje jedan standardni utor za SIM karticu za sigurno upravljanje pristupom.<\/li>\n<\/ul>\n<p><span class=\"AnswerParser_TextContainer__z_Iiv\" data-testid=\"youchat-text\">Ova opse\u017ena kompatibilnost osigurava da ACR1581U mo\u017ee zadovoljiti potrebe raznih industrija i aplikacija.<\/span><\/p>\n<h2 class=\"AnswerParser_AnswerParserH2__SIHnF\">Tehni\u010dke specifikacije<\/h2>\n<div class=\"AnswerParser_TableContainer__Erb6v\" data-testid=\"table-container\">\n<table>\n<thead>\n<tr>\n<th>Specifikacija<\/th>\n<th>pojedinosti<\/th>\n<\/tr>\n<\/thead>\n<tbody>\n<tr>\n<td><strong>su\u010delje<\/strong><\/td>\n<td>USB CCID<\/td>\n<\/tr>\n<tr>\n<td><strong>Vrsta konektora<\/strong><\/td>\n<td>USB vrste A (ACR1581U-C1), USB vrste C (ACR1581U-CF)<\/td>\n<\/tr>\n<tr>\n<td><strong>Izvor napajanja<\/strong><\/td>\n<td>Iz USB priklju\u010dka<\/td>\n<\/tr>\n<tr>\n<td><strong>Ubrzati<\/strong><\/td>\n<td>USB pune brzine (12 Mbps)<\/td>\n<\/tr>\n<tr>\n<td><strong>Dimenzije<\/strong><\/td>\n<td>120,5 mm (D) x 72,0 mm (\u0160) x 20,4 mm (V)<\/td>\n<\/tr>\n<tr>\n<td><strong>Te\u017eina<\/strong><\/td>\n<td>143 g<\/td>\n<\/tr>\n<tr>\n<td><strong>Kontaktirajte su\u010delje pametne kartice<\/strong><\/td>\n<td>ISO 7816 klasa A, B, C<\/td>\n<\/tr>\n<tr>\n<td><strong>Su\u010delje beskontaktne pametne kartice<\/strong><\/td>\n<td>ISO 14443 Tip A &amp; B, ISO 15693, MIFARE\u00ae, FeliCa<\/td>\n<\/tr>\n<tr>\n<td><strong>Nadogradnja firmvera<\/strong><\/td>\n<td>Podr\u017eano<\/td>\n<\/tr>\n<tr>\n<td><strong>Certifikati<\/strong><\/td>\n<td>IEC\/EN 62368, CE, FCC, UKCA, VCCI, RoHS, REACH, WEEE<\/td>\n<\/tr>\n<\/tbody>\n<\/table>\n<\/div>\n<h2 class=\"AnswerParser_AnswerParserH2__SIHnF\">Upute za kori\u0161tenje<\/h2>\n<p><span class=\"AnswerParser_TextContainer__z_Iiv\" data-testid=\"youchat-text\">Kori\u0161tenje ACR1581U NFC \u010dita\u010da je jednostavno:<\/span><\/p>\n<ol class=\"AnswerParser_AnswerParserOrderedList__kl_2Y\">\n<li class=\"AnswerParser_ListItem__XqLOV\" translate=\"yes\"><strong>Spojite ure\u0111aj<\/strong>: Uklju\u010dite \u010dita\u010d u svoje ra\u010dunalo ili kompatibilni ure\u0111aj pomo\u0107u USB veze.<\/li>\n<li class=\"AnswerParser_ListItem__XqLOV\" translate=\"yes\"><strong>Instalirajte potreban softver<\/strong>: Ovisno o va\u0161oj aplikaciji, mo\u017eda \u0107ete morati instalirati odre\u0111eni softver ili upravlja\u010dke programe. ACR1581U je kompatibilan s razli\u010ditim operativnim sustavima, uklju\u010duju\u0107i Windows, Linux, macOS, Android\u2122 i iOS\/iPadOS (16 ili noviji).<\/li>\n<li class=\"AnswerParser_ListItem__XqLOV\" translate=\"yes\"><strong>Po\u010dnite \u010ditati i pisati<\/strong>: S povezanim ure\u0111ajem i instaliranim softverom, mo\u017eete po\u010deti \u010ditati i pisati podatke na pametne kartice i NFC oznake. Korisni\u010dko su\u010delje i mehanizmi povratnih informacija \u010dine ovaj proces brzim i u\u010dinkovitim.<\/li>\n<\/ol>\n<h2 class=\"AnswerParser_AnswerParserH2__SIHnF\">Utjecaj na okoli\u0161 i sukladnost<\/h2>\n<p><span class=\"AnswerParser_TextContainer__z_Iiv\" data-testid=\"youchat-text\">\u010cita\u010d pametnih kartica ACR1581U dizajniran je imaju\u0107i na umu odr\u017eivost. Sukladan je s raznim ekolo\u0161kim standardima, uklju\u010duju\u0107i RoHS i WEEE, \u010dime se osigurava ispunjavanje globalnih ciljeva odr\u017eivosti. Upotrebom u\u010dinkovitog upravljanja energijom i materijala koji se mogu reciklirati, ACR1581U minimalizira svoj utjecaj na okoli\u0161.<\/span><\/p>\n<h2 class=\"AnswerParser_AnswerParserH2__SIHnF\">Ocjene i recenzije kupaca<\/h2>\n<p><span class=\"AnswerParser_TextContainer__z_Iiv\" data-testid=\"youchat-text\">ACR1581U dobio je pozitivne povratne informacije od korisnika iz raznih sektora. Kupci cijene njegovu pouzdanost, jednostavnost kori\u0161tenja i svestranost. Evo nekih istaknutih stavki iz ocjena i recenzija:<\/span><\/p>\n<ul class=\"AnswerParser_AnswerParserUnorderedList__P_1FW\">\n<li class=\"AnswerParser_ListItem__XqLOV\" translate=\"yes\"><strong>Prilago\u0111en korisniku<\/strong>: Mnogi korisnici primijetili su kako je jednostavno postaviti i po\u010deti koristiti ure\u0111aj.<\/li>\n<li class=\"AnswerParser_ListItem__XqLOV\" translate=\"yes\"><strong>Svestran<\/strong>: Korisnici vole mogu\u0107nost rada s razli\u010ditim pametnim karticama i NFC oznakama, \u0161to ga \u010dini prikladnim za razne primjene.<\/li>\n<li class=\"AnswerParser_ListItem__XqLOV\" translate=\"yes\"><strong>Pouzdana izvedba<\/strong>: Korisnici \u010desto spominju da ACR1581U dosljedno pru\u017ea brze i u\u010dinkovite performanse.<\/li>\n<\/ul>\n<h2 class=\"AnswerParser_AnswerParserH2__SIHnF\">\u010cesto postavljana pitanja (FAQ)<\/h2>\n<p><span class=\"AnswerParser_TextContainer__z_Iiv\" data-testid=\"youchat-text\"><strong>P1: Koje vrste kartica mo\u017ee \u010ditati ACR1581U?<\/strong><br \/>\nA1: ACR1581U mo\u017ee \u010ditati razli\u010dite pametne kartice, uklju\u010duju\u0107i ISO 7816, ISO 14443 tip A &amp; B, MIFARE\u00ae i FeliCa.<\/span><\/p>\n<p><span class=\"AnswerParser_TextContainer__z_Iiv\" data-testid=\"youchat-text\"><strong>P2: Je li ACR1581U kompatibilan s mobilnim ure\u0111ajima?<\/strong><br \/>\nO2: Da, ACR1581U je kompatibilan s Android\u2122 i iOS\/iPadOS ure\u0111ajima, \u0161to ga \u010dini svestranim za mobilne aplikacije.<\/span><\/p>\n<p><span class=\"AnswerParser_TextContainer__z_Iiv\" data-testid=\"youchat-text\"><strong>P3: Mogu li nadograditi firmver ACR1581U?<\/strong><br \/>\nA3: Da, ACR1581U podr\u017eava nadogradnje firmvera kako bi se osigurale optimalne performanse i kompatibilnost s novim standardima.<\/span><\/p>\n<h2 class=\"AnswerParser_AnswerParserH2__SIHnF\">Za\u0161to odabrati ACR1581U NFC \u010dita\u010d?<\/h2>\n<p><span class=\"AnswerParser_TextContainer__z_Iiv\" data-testid=\"youchat-text\">\u010cita\u010d pametnih kartica ACR1581U isti\u010de se kao izniman proizvod u podru\u010dju beskontaktne tehnologije. Njegova kombinacija mogu\u0107nosti dvostrukog su\u010delja, opse\u017ena kompatibilnost s raznim pametnim karticama i jednostavnost kori\u0161tenja \u010dine ga neprocjenjivim sredstvom za tvrtke i programere koji \u017eele iskoristiti NFC tehnologiju. Bilo da \u017eelite pobolj\u0161ati obradu pla\u0107anja, pojednostaviti kontrolu pristupa ili uvesti inovacije s NFC aplikacijama, ACR1581U je savr\u0161en izbor.<\/span><span class=\"AnswerParser_TextContainer__z_Iiv\" data-testid=\"youchat-text\">Ulaganje u ACR1581U zna\u010di opremiti se visokokvalitetnim, pouzdanim \u010dita\u010dem pametnih kartica koji se mo\u017ee prilagoditi va\u0161im potrebama. Iskusite mogu\u0107nosti koje je ovo unaprijedilo\u00a0<strong>\u010dita\u010d pametnih kartica<\/strong>\u00a0nudi i transformirajte svoje NFC interakcije danas!<\/span><\/p>\n<hr \/>\n<p><span class=\"AnswerParser_TextContainer__z_Iiv\" data-testid=\"youchat-text\">Odabirom ACR1581U ne samo da pobolj\u0161avate svoju operativnu u\u010dinkovitost, ve\u0107 tako\u0111er osiguravate da ste opremljeni ure\u0111ajem koji je u skladu s najnovijim standardima i tehnologijama. Ne propustite priliku da unaprijedite svoje NFC iskustvo\u2014razmislite o ACR1581U za svoj sljede\u0107i projekt!<\/span><\/p>","protected":false},"excerpt":{"rendered":"<p>ACR1581U je \u010dita\u010d pametnih kartica koji podr\u017eava NFC i ISO\/IEC 15693, 14443.<\/p>","protected":false},"featured_media":3289,"template":"","meta":[],"product_brand":[],"product_cat":[45,39,40],"product_tag":[],"class_list":{"0":"post-3288","1":"product","2":"type-product","3":"status-publish","4":"has-post-thumbnail","6":"product_cat-contactless-nfc-reader","7":"product_cat-usb-ic-smartcard-reader","8":"product_cat-rfid-nfc-reader","10":"first","11":"instock","12":"shipping-taxable","13":"product-type-simple"},"_links":{"self":[{"href":"https:\/\/nfc-readers.com\/hr\/wp-json\/wp\/v2\/product\/3288","targetHints":{"allow":["GET"]}}],"collection":[{"href":"https:\/\/nfc-readers.com\/hr\/wp-json\/wp\/v2\/product"}],"about":[{"href":"https:\/\/nfc-readers.com\/hr\/wp-json\/wp\/v2\/types\/product"}],"wp:featuredmedia":[{"embeddable":true,"href":"https:\/\/nfc-readers.com\/hr\/wp-json\/wp\/v2\/media\/3289"}],"wp:attachment":[{"href":"https:\/\/nfc-readers.com\/hr\/wp-json\/wp\/v2\/media?parent=3288"}],"wp:term":[{"taxonomy":"product_brand","embeddable":true,"href":"https:\/\/nfc-readers.com\/hr\/wp-json\/wp\/v2\/product_brand?post=3288"},{"taxonomy":"product_cat","embeddable":true,"href":"https:\/\/nfc-readers.com\/hr\/wp-json\/wp\/v2\/product_cat?post=3288"},{"taxonomy":"product_tag","embeddable":true,"href":"https:\/\/nfc-readers.com\/hr\/wp-json\/wp\/v2\/product_tag?post=3288"}],"curies":[{"name":"wp","href":"https:\/\/api.w.org\/{rel}","templated":true}]}}