{"id":3296,"date":"2024-11-01T05:02:29","date_gmt":"2024-11-01T05:02:29","guid":{"rendered":"https:\/\/nfc-readers.com\/?post_type=product&#038;p=3296"},"modified":"2024-11-01T05:02:30","modified_gmt":"2024-11-01T05:02:30","slug":"aes-128-encryption-algorithm-nfc-forum-4-dia-30mm-nfc-tag","status":"publish","type":"product","link":"https:\/\/nfc-readers.com\/hr\/ic-reader\/aes-128-encryption-algorithm-nfc-forum-4-dia-30mm-nfc-tag\/","title":{"rendered":"AES 128 Algoritam \u0161ifriranja NFC Forum 4 Dia 30mm NFC Tag"},"content":{"rendered":"<h1 style=\"text-align: center;\"><strong>AES 128 Algoritam \u0161ifriranja NFC Forum 4 Dia 30mm NFC Tag<\/strong><\/h1>\n<p>&nbsp;<\/p>\n<p>The <strong>AES 128 algoritam \u0161ifriranja NFC Forum 4 Dia 30 mm NFC oznaka<\/strong>\u00a0je svestrano i sigurno rje\u0161enje za razne aplikacije koje zahtijevaju pouzdanu podatkovnu komunikaciju i sigurnost. Proizveden najsuvremenijom tehnologijom, ova NFC oznaka integrira napredni NTAG 424 DNA \u010dip, osiguravaju\u0107i najvi\u0161u razinu za\u0161tite podataka putem AES 128 \u0161ifriranog UID-a, \u0161to ga \u010dini idealnim izborom za poslovne i osobne potrebe. U ovom opse\u017enom opisu proizvoda zadubit \u0107emo se u njegove zna\u010dajke, prednosti i prakti\u010dne primjene, isti\u010du\u0107i za\u0161to je to vrijedna investicija za va\u0161e NFC potrebe.<\/p>\n<p>&nbsp;<\/p>\n<h3><strong>Za\u0161to kupiti AES 128 enkripciju NFC oznaku?<\/strong><\/h3>\n<p>NFC Forum 4 Tag opremljen enkripcijom AES 128 nudi neusporedivu sigurnost i funkcionalnost u kompaktnom obliku. Njegove karakteristike vodootpornosti i otpornosti na vremenske uvjete \u010dine ga otpornim za vanjsku upotrebu, osiguravaju\u0107i da ga mo\u017eete nanijeti na razli\u010dite povr\u0161ine, uklju\u010duju\u0107i metal. Dizajniran za inovativnu upotrebu, od <strong>wifi uparivanje<\/strong>\u00a0do\u00a0<strong>integracije poster kartica<\/strong>, ova NFC oznaka pru\u017ea sigurnu metodu za prijenos podataka bez napora. Osim toga, njegova kompatibilnost s\u00a0<strong>Mobilni ure\u0111aji s omogu\u0107enom NFC tehnologijom<\/strong>\u00a0pojednostavljuje korisni\u010dko iskustvo, omogu\u0107uju\u0107i jednostavan pristup informacijama samo jednim dodirom.<\/p>\n<p>&nbsp;<\/p>\n<h3><strong>Posebne zna\u010dajke AES 128 enkripcije NFC oznake<\/strong><\/h3>\n<p>&nbsp;<\/p>\n<p>The\u00a0<strong>AES 128 Enkripcija NFC oznaka<\/strong>\u00a0pun je zna\u010dajki koje pobolj\u0161avaju njegovu funkcionalnost i pouzdanost u razli\u010ditim okru\u017eenjima:<\/p>\n<ul>\n<li><strong>Vodootporan\/otporan na vremenske uvjete:<\/strong>\u00a0To osigurava izdr\u017eljivost i u\u010dinkovitost u unutarnjim i vanjskim postavkama, \u0161tite\u0107i ga od vlage i pra\u0161ine.<\/li>\n<li><strong>Vidljivo neovla\u0161teno:<\/strong>\u00a0Oznaka uklju\u010duje zna\u010dajke koje pokazuju je li neovla\u0161teno mijenjana, pru\u017eaju\u0107i dodatni sloj sigurnosti protiv neovla\u0161tenog pristupa.<\/li>\n<\/ul>\n<p>Njegova jedinstvena kombinacija zna\u010dajki \u010dini ga preferiranim izborom za tvrtke koje \u017eele pobolj\u0161ati svoje sigurnosne mjere ili pojednostaviti svoje operacije.<\/p>\n<p>&nbsp;<\/p>\n<table class=\"preview\" style=\"height: 271px;\" width=\"529\">\n<thead>\n<tr>\n<th>Specifikacija<\/th>\n<th>pojedinosti<\/th>\n<\/tr>\n<\/thead>\n<tbody>\n<tr>\n<td>Broj modela<\/td>\n<td>SX-T424DNA<\/td>\n<\/tr>\n<tr>\n<td>\u010cip<\/td>\n<td>NTAG 424 DNK<\/td>\n<\/tr>\n<tr>\n<td>Veli\u010dina<\/td>\n<td>Promjer 30 mm<\/td>\n<\/tr>\n<tr>\n<td>Kapacitet<\/td>\n<td>50 PF<\/td>\n<\/tr>\n<tr>\n<td>Brzina prijenosa<\/td>\n<td>848 Kbit\/s<\/td>\n<\/tr>\n<tr>\n<td>Protokol<\/td>\n<td>ISO\/IEC 14443-A<\/td>\n<\/tr>\n<tr>\n<td>Vrsta oznake<\/td>\n<td>NFC forum 4<\/td>\n<\/tr>\n<tr>\n<td>Povr\u0161inska obrada<\/td>\n<td>Sjajni\/matirani<\/td>\n<\/tr>\n<tr>\n<td>Pakiranje<\/td>\n<td>1000-5000 kom\/<\/td>\n<\/tr>\n<\/tbody>\n<\/table>\n<h3><\/h3>\n<h3><strong>\u010cesto postavljana pitanja o NFC oznaci<\/strong><\/h3>\n<h3>1.\u00a0<strong>\u0160to je NFC oznaka?<\/strong><\/h3>\n<p>Oznaka NFC (Near Field Communication) mali je \u010dip koji omogu\u0107uje be\u017ei\u010dnu komunikaciju izme\u0111u ure\u0111aja kada su u neposrednoj blizini. Obi\u010dno se koristi za razmjenu podataka, beskontaktno pla\u0107anje i razne aplikacije u marketingu i dijeljenju informacija.<\/p>\n<h3>2.\u00a0<strong>Kako AES 128 enkripcija pove\u0107ava sigurnost?<\/strong><\/h3>\n<p>Enkripcija AES 128 dodaje sloj sigurnosti kodiranjem podataka pohranjenih na NFC oznaci. To zna\u010di da \u010dak i ako netko uspije pro\u010ditati podatke, ne\u0107e ih mo\u0107i razumjeti bez odgovaraju\u0107eg klju\u010da za de\u0161ifriranje, \u010dime se osjetljive informacije \u0161tite od neovla\u0161tenog pristupa.<\/p>\n<h3>3.\u00a0<strong>Mo\u017ee li se ova NFC oznaka koristiti na metalnim povr\u0161inama?<\/strong><\/h3>\n<p>Da, AES 128 \u0161ifrirana NFC oznaka posebno je dizajnirana za svestranost i mo\u017ee se primijeniti na metalne povr\u0161ine kao i na druge materijale. To ga \u010dini idealnim za razne primjene, uklju\u010duju\u0107i ozna\u010davanje proizvoda i industrijsku upotrebu.<\/p>\n<h3>4.\u00a0<strong>Koji su ure\u0111aji kompatibilni s NFC oznakama?<\/strong><\/h3>\n<p>Ve\u0107ina modernih pametnih telefona i tableta koji podr\u017eavaju NFC tehnologiju kompatibilni su s ovom oznakom. Korisnici mogu jednostavno pro\u010ditati pohranjene podatke jednostavnim dodirom ure\u0111aja uz NFC oznaku.<\/p>\n<h3>5.\u00a0<strong>Mo\u017ee li se ova oznaka prepisati?<\/strong><\/h3>\n<p>Da, AES 128 Encryption NFC oznaka je prepisiva, \u0161to vam omogu\u0107uje promjenu pohranjenih podataka prema potrebi. Ova zna\u010dajka je posebno korisna za tvrtke koje zahtijevaju fleksibilnost u a\u017euriranju informacija.<\/p>","protected":false},"excerpt":{"rendered":"<p>AES 128 Encryption NFC Forum 4 Tag, promjera 30 mm, nudi sna\u017enu sigurnost za prijenos podataka. Idealan za razne primjene, osigurava besprijekorne i pouzdane NFC interakcije.<\/p>","protected":false},"featured_media":3297,"template":"","meta":[],"product_brand":[],"product_cat":[47],"product_tag":[],"class_list":{"0":"post-3296","1":"product","2":"type-product","3":"status-publish","4":"has-post-thumbnail","6":"product_cat-nfc-tags","8":"first","9":"instock","10":"shipping-taxable","11":"product-type-simple"},"_links":{"self":[{"href":"https:\/\/nfc-readers.com\/hr\/wp-json\/wp\/v2\/product\/3296","targetHints":{"allow":["GET"]}}],"collection":[{"href":"https:\/\/nfc-readers.com\/hr\/wp-json\/wp\/v2\/product"}],"about":[{"href":"https:\/\/nfc-readers.com\/hr\/wp-json\/wp\/v2\/types\/product"}],"wp:featuredmedia":[{"embeddable":true,"href":"https:\/\/nfc-readers.com\/hr\/wp-json\/wp\/v2\/media\/3297"}],"wp:attachment":[{"href":"https:\/\/nfc-readers.com\/hr\/wp-json\/wp\/v2\/media?parent=3296"}],"wp:term":[{"taxonomy":"product_brand","embeddable":true,"href":"https:\/\/nfc-readers.com\/hr\/wp-json\/wp\/v2\/product_brand?post=3296"},{"taxonomy":"product_cat","embeddable":true,"href":"https:\/\/nfc-readers.com\/hr\/wp-json\/wp\/v2\/product_cat?post=3296"},{"taxonomy":"product_tag","embeddable":true,"href":"https:\/\/nfc-readers.com\/hr\/wp-json\/wp\/v2\/product_tag?post=3296"}],"curies":[{"name":"wp","href":"https:\/\/api.w.org\/{rel}","templated":true}]}}