{"id":3303,"date":"2024-11-01T05:12:29","date_gmt":"2024-11-01T05:12:29","guid":{"rendered":"https:\/\/nfc-readers.com\/?post_type=product&#038;p=3303"},"modified":"2024-11-01T05:12:29","modified_gmt":"2024-11-01T05:12:29","slug":"dia-30mm-ntag-424-dna-nfc-sticker-tamper-proof-high-security-2","status":"publish","type":"product","link":"https:\/\/nfc-readers.com\/hr\/ic-reader\/dia-30mm-ntag-424-dna-nfc-sticker-tamper-proof-high-security-2\/","title":{"rendered":"Promjer 30 mm NTAG 424 DNA NFC naljepnica Visoka sigurnost otporna na neovla\u0161teno kori\u0161tenje"},"content":{"rendered":"<h1 style=\"text-align: center;\"><strong>Promjer 30 mm NTAG 424 DNA NFC naljepnica Visoka sigurnost otporna na neovla\u0161teno kori\u0161tenje<\/strong><\/h1>\n<p>&nbsp;<\/p>\n<p>Pobolj\u0161ajte autenti\u010dnost svog proizvoda inovativnim\u00a0<strong>Promjer 30 mm NTAG 424 DNK NFC naljepnica<\/strong>. Ovaj vrhunski proizvod kombinira visoku sigurnost i zna\u010dajke jednostavne za kori\u0161tenje, \u0161to ga \u010dini nezamjenjivim alatom za sljedivost crnog vina protiv krivotvorina i \u0161ire. Sa svojim mogu\u0107nostima za\u0161tite od neovla\u0161tenog otvaranja, vodootpornim dizajnom i sigurnim komunikacijskim su\u010deljem, ova NFC naljepnica neophodna je za robne marke koje \u017eele za\u0161tititi svoje proizvode i osigurati povjerenje kupaca.<\/p>\n<h3><\/h3>\n<p>&nbsp;<\/p>\n<p>Rastu\u0107a potreba za provjerom proizvoda na dana\u0161njem tr\u017ei\u0161tu ne mo\u017ee se precijeniti. Sa sve ve\u0107im brojem slu\u010dajeva krivotvorenja, posebno kod vrijednih proizvoda poput crnog vina, osiguranje integriteta va\u0161eg brenda je najva\u017enije. NTAG 424 DNA NFC naljepnica nudi nevjerojatne za\u0161titne mjere protiv petljanja i neovla\u0161tenog pristupa, hvale\u0107i se zna\u010dajkama podr\u017eanim najsuvremenijim sigurnosnim protokolima. Ulaganjem u ove NFC naljepnice \u0161titite svoj proizvod, pobolj\u0161avate korisni\u010dko iskustvo i ja\u010date lojalnost brendu.<\/p>\n<p>&nbsp;<\/p>\n<h3><strong>Pregled proizvoda i specifikacije<\/strong><\/h3>\n<p>The\u00a0<strong>Promjer 30 mm NTAG 424 DNA NFC naljepnica<\/strong>\u00a0dizajniran je za vrhunske performanse, kombiniraju\u0107i visokosigurnosni \u010dip s vi\u0161enamjenskim mogu\u0107nostima. Stvoreno od izdr\u017eljivog\u00a0<strong>PET materijal<\/strong>, ova naljepnica nije samo dizajnirana da traje, ve\u0107 i da izdr\u017ei razli\u010dite uvjete okoline. Ispod su kriti\u010dne specifikacije koje treba uzeti u obzir:<\/p>\n<ul>\n<li><strong>Model \u010dipa<\/strong>: NTAG 424 DNA<\/li>\n<li><strong>Veli\u010dina<\/strong>: Promjer 30 mm<\/li>\n<li><strong>Memorija<\/strong>: 416 bajtova<\/li>\n<li><strong>Frekvencija<\/strong>: 13,56 MHz<\/li>\n<li><strong>Vrsta NFC foruma<\/strong>: Tip 4<\/li>\n<li><strong>Sigurnosni protokol<\/strong>: 128-bitni AES, LRP<\/li>\n<li><strong>Pristupni klju\u010devi<\/strong>: 5 x 128-bit<\/li>\n<li><strong>Napi\u0161i Izdr\u017eljivost<\/strong>: 200 000 ciklusa<\/li>\n<li><strong>Materijal<\/strong>: PET (vodootporan\/otporan na vremenske uvjete)<\/li>\n<li><strong>Mjesto podrijetla<\/strong>: Guangdong, Kina<\/li>\n<\/ul>\n<p>Ove specifikacije pokazuju da je ova NFC naljepnica napravljena za visoke performanse i pouzdanost, idealna za aplikacije kojima je potrebna stalna interakcija i sigurnost podataka.<\/p>\n<p>&nbsp;<\/p>\n<p>&nbsp;<\/p>\n<h3><strong>Klju\u010dne zna\u010dajke NTAG 424 DNA NFC naljepnice<\/strong><\/h3>\n<p>&nbsp;<\/p>\n<p>The\u00a0<strong>NFC naljepnica<\/strong>\u00a0integrira neke\u00a0<strong>posebne zna\u010dajke<\/strong>\u00a0koji pobolj\u0161avaju njegovu ukupnu izvedbu. Evo nekih istaknutih karakteristika:<\/p>\n<ul>\n<li><strong>Otporan na vodu i vremenske uvjete<\/strong>: Ova NFC naljepnica dizajnirana je da izdr\u017ei razli\u010dite uvjete okoline, \u0161to je \u010dini prikladnom za unutarnju i vanjsku primjenu. Bilo da se radi o prskanju vode ili izlaganju sun\u010devoj svjetlosti,\u00a0<strong>NTAG 424 DNA NFC naljepnica<\/strong>\u00a0ostaje funkcionalan i netaknut.<\/li>\n<li><strong>Komunikacija visokih performansi<\/strong>: Radi na frekvenciji od\u00a0<strong>13,56 MHz<\/strong>, ova NFC naljepnica omogu\u0107uje brzu komunikaciju s\u00a0<strong>Pametni telefoni s NFC-om<\/strong>\u00a0i ure\u0111aji. Takva besprijekorna interakcija osigurava u\u010dinkovit i brz pristup informacijama kada se naljepnica skenira.<\/li>\n<li><strong>Tehnologija za\u0161ti\u0107ena od neovla\u0161tenog otvaranja<\/strong>: Sposobnost naljepnice da djeluje kao pe\u010dat protiv neovla\u0161tenog otvaranja osigurava mir. Ako netko poku\u0161a pristupiti informacijama bez odgovaraju\u0107eg ovla\u0161tenja, naljepnica signalizira neovla\u0161teno mijenjanje, \u010dime se \u0161titi integritet va\u0161eg proizvoda.<\/li>\n<\/ul>\n<p>Ova kombinacija zna\u010dajki \u010dini NTAG 424 DNA NFC naljepnicu vrijednom imovinom za tvrtke koje ula\u017eu u za\u0161titu i provjeru svojih proizvoda.<\/p>\n<p>&nbsp;<\/p>\n<h3><strong>\u010cesto postavljana pitanja: Uobi\u010dajena pitanja o dijametru 30 mm NTAG 424 DNA NFC naljepnice<\/strong><\/h3>\n<h3>1.\u00a0<strong>Za \u0161to se koristi Dia 30mm NTAG 424 DNA NFC naljepnica?<\/strong><\/h3>\n<p>NTAG 424 DNA NFC naljepnica primarno se koristi za provjeru autenti\u010dnosti proizvoda i za\u0161titu od krivotvorenja, osobito u vrijednim predmetima kao \u0161to je crno vino. Tako\u0111er mo\u017ee slu\u017eiti raznim aplikacijama u sektorima kao \u0161to su maloprodaja, logistika i upravljanje zalihama pru\u017eaju\u0107i jednostavan pristup digitalnom sadr\u017eaju kada se skenira pametnim telefonom s NFC-om.<\/p>\n<h3>2.\u00a0<strong>Kako mogu koristiti NFC naljepnicu?<\/strong><\/h3>\n<p>Za kori\u0161tenje NFC naljepnice jednostavno skinite ljepljivu podlogu i pri\u010dvrstite je na \u017eeljenu povr\u0161inu. Korisnicima je za skeniranje potreban pametni telefon ili ure\u0111aj koji podr\u017eava NFC. Dr\u017eanjem ure\u0111aja blizu naljepnice automatski se mo\u017ee pristupiti informacijama pohranjenim u njemu.<\/p>\n<h3>3.\u00a0<strong>Je li NTAG 424 DNA NFC naljepnica vodootporna?<\/strong><\/h3>\n<p>Da, NTAG 424 DNA NFC naljepnica dizajnirana je da bude vodootporna i otporna na vremenske uvjete. Mo\u017ee izdr\u017eati razli\u010dite uvjete okoline, \u0161to ga \u010dini prikladnim za unutarnju i vanjsku primjenu.<\/p>\n<h3>4.\u00a0<strong>Koliko su sigurni podaci pohranjeni na NFC naljepnici?<\/strong><\/h3>\n<p>Naljepnica sadr\u017ei robusne sigurnosne protokole, uklju\u010duju\u0107i 128-bitnu AES enkripciju i vi\u0161estruke pristupne klju\u010deve (5 x 128-bit). Ova razina sigurnosti poma\u017ee u za\u0161titi podataka od neovla\u0161tenog pristupa i osigurava da samo dopu\u0161teni korisnici mogu dohvatiti ili izmijeniti informacije pohranjene na njima.<\/p>\n<h3>5.\u00a0<strong>Mogu li se podaci na NFC naljepnici a\u017eurirati?<\/strong><\/h3>\n<p>Da, podaci pohranjeni na NTAG 424 DNA NFC naljepnici mogu se a\u017eurirati pomo\u0107u ure\u0111aja koji podr\u017eava NFC. Ova je zna\u010dajka posebno korisna za tvrtke koje trebaju odr\u017eavati informacije o proizvodu aktualnima i relevantnima tijekom vremena.<\/p>","protected":false},"excerpt":{"rendered":"<p>The\u00a0<strong>Promjer 30 mm NTAG 424 DNK NFC naljepnica<\/strong>\u00a0nudi zna\u010dajke visoke sigurnosti i za\u0161tite od neovla\u0161tenog otvaranja, \u0161to ga \u010dini bitnim rje\u0161enjem za provjeru autenti\u010dnosti proizvoda i za\u0161titu od krivotvorenja. Dizajnirana za izdr\u017eljivost i vodootpornost, ova NFC naljepnica osigurava pouzdanu za\u0161titu i sljedivost za \u0161irok raspon primjena.<\/p>","protected":false},"featured_media":3304,"template":"","meta":[],"product_brand":[],"product_cat":[48],"product_tag":[],"class_list":{"0":"post-3303","1":"product","2":"type-product","3":"status-publish","4":"has-post-thumbnail","6":"product_cat-nfc-stickers","8":"first","9":"instock","10":"shipping-taxable","11":"product-type-simple"},"_links":{"self":[{"href":"https:\/\/nfc-readers.com\/hr\/wp-json\/wp\/v2\/product\/3303","targetHints":{"allow":["GET"]}}],"collection":[{"href":"https:\/\/nfc-readers.com\/hr\/wp-json\/wp\/v2\/product"}],"about":[{"href":"https:\/\/nfc-readers.com\/hr\/wp-json\/wp\/v2\/types\/product"}],"wp:featuredmedia":[{"embeddable":true,"href":"https:\/\/nfc-readers.com\/hr\/wp-json\/wp\/v2\/media\/3304"}],"wp:attachment":[{"href":"https:\/\/nfc-readers.com\/hr\/wp-json\/wp\/v2\/media?parent=3303"}],"wp:term":[{"taxonomy":"product_brand","embeddable":true,"href":"https:\/\/nfc-readers.com\/hr\/wp-json\/wp\/v2\/product_brand?post=3303"},{"taxonomy":"product_cat","embeddable":true,"href":"https:\/\/nfc-readers.com\/hr\/wp-json\/wp\/v2\/product_cat?post=3303"},{"taxonomy":"product_tag","embeddable":true,"href":"https:\/\/nfc-readers.com\/hr\/wp-json\/wp\/v2\/product_tag?post=3303"}],"curies":[{"name":"wp","href":"https:\/\/api.w.org\/{rel}","templated":true}]}}