{"id":3318,"date":"2024-11-01T05:29:10","date_gmt":"2024-11-01T05:29:10","guid":{"rendered":"https:\/\/nfc-readers.com\/?post_type=product&#038;p=3318"},"modified":"2024-11-01T05:29:20","modified_gmt":"2024-11-01T05:29:20","slug":"iso15693-icode-custom-size-pet-wet-dry-inlay-nfc-sticker","status":"publish","type":"product","link":"https:\/\/nfc-readers.com\/hr\/ic-reader\/iso15693-icode-custom-size-pet-wet-dry-inlay-nfc-sticker\/","title":{"rendered":"ISO15693 ICODE prilago\u0111ena veli\u010dina PET VLA\u017dNO Suho umetanje NFC naljepnica"},"content":{"rendered":"<h1 style=\"text-align: center;\"><strong>ISO15693 ICODE prilago\u0111ena veli\u010dina PET VLA\u017dNO Suho umetanje NFC naljepnica<\/strong><\/h1>\n<p>&nbsp;<\/p>\n<p>U dana\u0161nje digitalno doba integracija tehnologije Near Field Communication (NFC) promijenila je na\u010din na koji tvrtke komuniciraju i komuniciraju sa svojim klijentima. The\u00a0<strong>ISO15693 ICODE prilago\u0111ena veli\u010dina PET VLA\u017dNO Suho umetanje NFC naljepnica<\/strong>\u00a0predstavlja zna\u010dajan napredak u NFC proizvodima, nude\u0107i pouzdanu komunikaciju, svestrane primjene i iznimnu izdr\u017eljivost. Ova svestrana NFC naljepnica, dizajnirana za razli\u010dite slu\u010dajeve uporabe, osigurava besprijekornu interakciju izme\u0111u ure\u0111aja, \u0161to je \u010dini bitnim alatom za moderne tvrtke i pojedince.<\/p>\n<p>S NFC naljepnicom mo\u017eete pojednostaviti procese, pobolj\u0161ati anga\u017eman korisnika i u\u010diniti svakodnevne zadatke u\u010dinkovitijima. Bilo da \u017eelite nadograditi svoje marketin\u0161ke strategije, pobolj\u0161ati korisni\u010dko iskustvo ili pojednostaviti transakcije, ova NFC naljepnica pru\u017ea zna\u010dajke i pouzdanost koje trebate.<\/p>\n<p>&nbsp;<\/p>\n<h2><strong>Jedinstvene zna\u010dajke<\/strong><\/h2>\n<p>Izvanredne zna\u010dajke ISO15693 ICODE NFC naljepnice \u010dine je neophodnom opremom za tvrtke i pojedince koji \u017eele pojednostaviti svoje poslovanje.<\/p>\n<ul>\n<li><strong>Vodootporan\/otporan na vremenske uvjete<\/strong>: Sposobnost da izdr\u017ee razli\u010dite uvjete okoline zna\u010di da se NFC naljepnice mogu koristiti na otvorenom ili u podru\u010djima gdje bi mogla biti prisutna vlaga. Ova zna\u010dajka osigurava da naljepnica zadr\u017ei svoju funkcionalnost bez degradacije tijekom vremena.<\/li>\n<li><strong>Prilago\u0111ene veli\u010dine<\/strong>: Ova NFC naljepnica mo\u017ee se proizvesti u razli\u010ditim veli\u010dinama i oblicima, ovisno o va\u0161im zahtjevima, \u0161to je \u010dini prikladnom za razli\u010dite primjene\u2014bilo da se radi o ozna\u010davanju proizvoda, zna\u010dkama za kontrolu pristupa ili promotivnim materijalima.<\/li>\n<\/ul>\n<p>Ove jedinstvene zna\u010dajke ne samo da pove\u0107avaju upotrebljivost, ve\u0107 i pro\u0161iruju mogu\u0107nosti primjene u vi\u0161e industrija.<\/p>\n<p>&nbsp;<\/p>\n<h2><strong>Tehni\u010dke specifikacije<\/strong><\/h2>\n<table class=\"w-fit !mb-0 !max-w-none\" style=\"height: 300px;\" width=\"443\">\n<thead>\n<tr>\n<th>Specifikacija<\/th>\n<th>pojedinosti<\/th>\n<\/tr>\n<\/thead>\n<tbody>\n<tr>\n<td><strong>Frekvencija<\/strong><\/td>\n<td>13,56 MHz<\/td>\n<\/tr>\n<tr>\n<td><strong>Vrste \u010dipova<\/strong><\/td>\n<td>ICODE SLIX \/ SLIX2 \/ SLIXS<\/td>\n<\/tr>\n<tr>\n<td><strong>Memorija<\/strong><\/td>\n<td>Na temelju \u010dipa<\/td>\n<\/tr>\n<tr>\n<td><strong>Protokol<\/strong><\/td>\n<td>ISO15693<\/td>\n<\/tr>\n<tr>\n<td><strong>Materijal<\/strong><\/td>\n<td>LJUBIMAC<\/td>\n<\/tr>\n<tr>\n<td><strong>Prilago\u0111ena veli\u010dina<\/strong><\/td>\n<td>50*50MM ili po narud\u017ebi<\/td>\n<\/tr>\n<tr>\n<td><strong>Mjesto podrijetla<\/strong><\/td>\n<td>Guangdong, Kina<\/td>\n<\/tr>\n<tr>\n<td><strong>Detalji pakiranja<\/strong><\/td>\n<td>100kom\/vre\u0107ica, 5000kom\/kutija<\/td>\n<\/tr>\n<tr>\n<td><strong>Luka<\/strong><\/td>\n<td>Shenzhen<\/td>\n<\/tr>\n<tr>\n<td><strong>Te\u017eina<\/strong><\/td>\n<td>0,010 kg<\/td>\n<\/tr>\n<\/tbody>\n<\/table>\n<p>Detaljne tehni\u010dke specifikacije osiguravaju da proizvod zadovoljava industrijske standarde, istovremeno pru\u017eaju\u0107i fleksibilnost za razli\u010dite primjene.<\/p>\n<p>&nbsp;<\/p>\n<h2><strong>FAQ<\/strong><\/h2>\n<p>Evo nekih \u010desto postavljanih pitanja u vezi s\u00a0<strong>ISO15693 ICODE prilago\u0111ena veli\u010dina PET VLA\u017dNO Suho umetanje NFC naljepnica<\/strong>\u00a0kako bismo vam pomogli da bolje razumijete njegove mogu\u0107nosti i primjene:<\/p>\n<h3><strong>1. Koji ure\u0111aji mogu komunicirati s NFC naljepnicom?<\/strong><\/h3>\n<p>NFC naljepnice kompatibilne su s ve\u0107inom\u00a0<strong>Pametni telefoni s NFC-om<\/strong>, tablete i beskontaktne \u010dita\u010de. Ure\u0111aji koji podr\u017eavaju NFC tehnologiju mo\u0107i \u0107e \u010ditati informacije ugra\u0111ene u naljepnicu.<\/p>\n<h3><strong>2. Koliko je izdr\u017eljiva NFC naljepnica?<\/strong><\/h3>\n<p>ISO15693 ICODE NFC naljepnica napravljena je od\u00a0<strong>PET materijal<\/strong>, \u010dine\u0107i oboje\u00a0<strong>vodootporan i otporan na vremenske uvjete<\/strong>. Dizajniran je da izdr\u017ei razli\u010dite uvjete okoline, osiguravaju\u0107i pouzdanost i dugovje\u010dnost u razli\u010ditim okru\u017eenjima.<\/p>\n<h3><strong>3. Mogu li prilagoditi veli\u010dinu i oblik NFC naljepnice?<\/strong><\/h3>\n<p>Da! NFC naljepnica mo\u017ee se proizvesti u\u00a0<strong>razli\u010ditih veli\u010dina i oblika<\/strong>, omogu\u0107uju\u0107i prilagodbu u skladu s va\u0161im specifi\u010dnim potrebama aplikacije. Raspitajte se o dostupnim opcijama.<\/p>\n<h3><strong>4. Koliki je domet \u010ditanja NFC naljepnice?<\/strong><\/h3>\n<p>Raspon \u010ditanja za NFC tehnologiju obi\u010dno je\u00a0<strong>nekoliko centimetara<\/strong>\u00a0(do 10 cm). U\u010dinkovitost naljepnice mo\u017ee varirati ovisno o ure\u0111aju koji se koristi za skeniranje i \u010dimbenicima okoline.<\/p>\n<h3><strong>5. Koje informacije mogu pohraniti na NFC naljepnicu?<\/strong><\/h3>\n<p>Na NFC naljepnicu mo\u017eete pohraniti razli\u010dite vrste informacija, uklju\u010duju\u0107i\u00a0<strong>URL-ovi, podaci za kontakt, tekst i mali binarni podaci<\/strong>\u00a0(obi\u010dno unutar ograni\u010denja memorije \u010dipa). Kori\u0161tenjem razli\u010ditih opcija \u010dipa (kao \u0161to je ICODE SLIX), memorija mo\u017ee varirati.<\/p>","protected":false},"excerpt":{"rendered":"<p>ISO15693 ICODE prilago\u0111ena veli\u010dina PET WET Dry Inlay NFC naljepnica je svestrano i izdr\u017eljivo NFC rje\u0161enje dizajnirano za besprijekornu komunikaciju u mokrom i suhom okru\u017eenju. S prilagodljivim veli\u010dinama i robusnim vodootpornim zna\u010dajkama, idealan je za razli\u010dite primjene, od marketin\u0161kih promocija do sigurne kontrole pristupa.<\/p>","protected":false},"featured_media":3319,"template":"","meta":[],"product_brand":[],"product_cat":[48],"product_tag":[],"class_list":{"0":"post-3318","1":"product","2":"type-product","3":"status-publish","4":"has-post-thumbnail","6":"product_cat-nfc-stickers","8":"first","9":"instock","10":"shipping-taxable","11":"product-type-simple"},"_links":{"self":[{"href":"https:\/\/nfc-readers.com\/hr\/wp-json\/wp\/v2\/product\/3318","targetHints":{"allow":["GET"]}}],"collection":[{"href":"https:\/\/nfc-readers.com\/hr\/wp-json\/wp\/v2\/product"}],"about":[{"href":"https:\/\/nfc-readers.com\/hr\/wp-json\/wp\/v2\/types\/product"}],"wp:featuredmedia":[{"embeddable":true,"href":"https:\/\/nfc-readers.com\/hr\/wp-json\/wp\/v2\/media\/3319"}],"wp:attachment":[{"href":"https:\/\/nfc-readers.com\/hr\/wp-json\/wp\/v2\/media?parent=3318"}],"wp:term":[{"taxonomy":"product_brand","embeddable":true,"href":"https:\/\/nfc-readers.com\/hr\/wp-json\/wp\/v2\/product_brand?post=3318"},{"taxonomy":"product_cat","embeddable":true,"href":"https:\/\/nfc-readers.com\/hr\/wp-json\/wp\/v2\/product_cat?post=3318"},{"taxonomy":"product_tag","embeddable":true,"href":"https:\/\/nfc-readers.com\/hr\/wp-json\/wp\/v2\/product_tag?post=3318"}],"curies":[{"name":"wp","href":"https:\/\/api.w.org\/{rel}","templated":true}]}}