{"id":3325,"date":"2024-11-01T05:35:51","date_gmt":"2024-11-01T05:35:51","guid":{"rendered":"https:\/\/nfc-readers.com\/?post_type=product&#038;p=3325"},"modified":"2024-11-01T05:35:51","modified_gmt":"2024-11-01T05:35:51","slug":"ntag-215-75mm-nfc-epoxy-custom-table-menu-sticker","status":"publish","type":"product","link":"https:\/\/nfc-readers.com\/hr\/ic-reader\/ntag-215-75mm-nfc-epoxy-custom-table-menu-sticker\/","title":{"rendered":"Ntag 215 75 MM NFC epoksi prilago\u0111ena naljepnica izbornika stola"},"content":{"rendered":"<h1 style=\"text-align: center;\"><strong>Ntag 215 75 MM NFC epoksi prilago\u0111ena naljepnica izbornika stola<\/strong><\/h1>\n<p>&nbsp;<\/p>\n<p>U krajoliku restoranske tehnologije koji se neprestano razvija,\u00a0<strong>Ntag 215 75 MM NFC epoksi prilago\u0111ena naljepnica izbornika stola<\/strong>\u00a0pojavljuje se kao inovativno rje\u0161enje za moderna gastronomska iskustva. Ova svestrana NFC naljepnica omogu\u0107uje restoranima da predstave svoje jelovnike na svje\u017e, privla\u010dan na\u010din dok istovremeno pobolj\u0161avaju korisni\u010dko iskustvo kroz snagu beskontaktne tehnologije. Recite zbogom tradicionalnim papirnatim jelovnicima i pozdravite besprijekornu digitalnu interakciju.<\/p>\n<p>&nbsp;<\/p>\n<h3><strong>Prednosti Ntag 215 NFC epoksidne naljepnice<\/strong><\/h3>\n<p>Ntag 215 NFC naljepnica nije samo proizvod; to je transformativni alat za pobolj\u0161anje ugostiteljskih usluga. Sa svojom vodootpornom zna\u010dajkom i mogu\u0107nostima prilago\u0111avanja, ova NFC oznaka zadovoljava jedinstvene potrebe razli\u010ditih prehrambenih objekata. Evo uvjerljivih razloga za ulaganje u ovaj proizvod:<\/p>\n<ul>\n<li><strong>Beskontaktno dijeljenje<\/strong>: Korisnici mogu bez napora pristupiti digitalnim jelovnicima koriste\u0107i svoje pametne telefone s NFC-om, stvaraju\u0107i higijensko i interaktivno iskustvo objedovanja.<\/li>\n<li><strong>Prilagodba<\/strong>: Prilagodite naljepnicu razli\u010ditim veli\u010dinama, otiscima i dizajnom kako bi najbolje odgovarala robnoj marki va\u0161eg restorana dok prikazujete svoj jelovnik i promocije.<\/li>\n<li><strong>Izdr\u017eljiv i pouzdan<\/strong>: S dizajnom otpornim na vodu i vremenske uvjete i izra\u0111en od visokokvalitetnih materijala poput epoksida i papira\/PVC-a, Ntag 215 naljepnica napravljena je da traje, osiguravaju\u0107i dugotrajnu upotrebu u prometnim okru\u017eenjima restorana.<\/li>\n<li><\/li>\n<\/ul>\n<h3><strong>Zna\u010dajke Ntag 215 NFC naljepnice<\/strong><\/h3>\n<p>The\u00a0<strong>Ntag 215 75 MM NFC epoksi prilago\u0111ena naljepnica izbornika stola<\/strong>\u00a0mo\u017ee se pohvaliti brojnim specifikacijama koje ga izdvajaju:<\/p>\n<ul>\n<li><strong>Materijali<\/strong>: Izra\u0111eno od\u00a0<strong>epoksi i papir\/PVC<\/strong>, ova naljepnica napravljena je za izdr\u017eljivost i otpornost na tipi\u010dna okru\u017eenja restorana.<\/li>\n<li><strong>Veli\u010dina i prilagodba<\/strong>: Dok je standardna veli\u010dina\u00a0<strong>75 MM<\/strong>, dostupne su prilago\u0111ene dimenzije, \u0161to omogu\u0107uje potpuno prilago\u0111avanje bilo kojoj temi trgovine ili potrebama jelovnika.<\/li>\n<li><strong>Komunikacijsko su\u010delje<\/strong>: Koriste\u0107i NFC komunikacijsko su\u010delje, radi na a\u00a0<strong>frekvencija 13,56 MHz<\/strong>, osiguravaju\u0107i pouzdanost i brzinu prijenosa podataka.<\/li>\n<\/ul>\n<p>Nude\u0107i opcije za\u00a0<strong>offset i sitotisak<\/strong>, naljepnica Ntag 215 mo\u017ee do\u0107i s va\u0161im logotipom, QR kodovima ili detaljnim stavkama izbornika, \u010dime se pove\u0107ava prepoznatljivost robne marke i anga\u017eman kupaca.<\/p>\n<p>&nbsp;<\/p>\n<h3><strong>Mogu\u0107nosti prilagodbe<\/strong><\/h3>\n<p>Budu\u0107i da je prilagodba zna\u010dajan aspekt\u00a0<strong>Ntag 215 NFC naljepnica<\/strong>, restorani mogu birati izme\u0111u bezbroj opcija:<\/p>\n<ul>\n<li><strong>Mogu\u0107nosti ispisa<\/strong>: Odaberite iz\u00a0<strong>offset tisak, sitotisak ili QR kodove<\/strong>\u00a0\u2013 sve posebno dizajnirano kako bi odgovaralo temi restorana.<\/li>\n<li><strong>Veli\u010dine i oblici<\/strong>: Dok je standardni promjer\u00a0<strong>75 MM<\/strong>, tvrtke mogu zatra\u017eiti prilago\u0111ene veli\u010dine kako bi odgovarale odre\u0111enim stolovima ili potrebama dekora. Fleksibilne opcije omogu\u0107uju prilagodbu razli\u010ditim okru\u017eenjima, bilo da se postavljaju na ravnu povr\u0161inu ili na metal.<\/li>\n<\/ul>\n<p>Mogu\u0107nost prilagodbe va\u0161e NFC naljepnice zna\u010di da va\u0161 restoran mo\u017ee zadr\u017eati dosljednost robne marke dok istovremeno pobolj\u0161ava interakciju s klijentima.<\/p>\n<p>&nbsp;<\/p>\n<h3><strong>\u010cesto postavljana pitanja za Ntag 215 NFC epoksidnu prilago\u0111enu naljepnicu izbornika tablice<\/strong><\/h3>\n<h3>1.\u00a0<strong>\u0160to je Ntag 215 NFC epoksi prilago\u0111ena naljepnica izbornika stola?<\/strong><\/h3>\n<p>Ntag 215 NFC epoksidna naljepnica prilago\u0111enog stolnog jelovnika je izdr\u017eljiva, beskontaktna NFC naljepnica dizajnirana za restorane i druge ugostiteljske objekte. Korisnicima omogu\u0107uje jednostavan pristup digitalnim izbornicima i promocijama tako \u0161to \u0107e svojim pametnim telefonom s NFC-om dodirnuti naljepnicu.<\/p>\n<h3>2.\u00a0<strong>Kako radi NFC tehnologija?<\/strong><\/h3>\n<p>NFC (Near Field Communication) omogu\u0107uje be\u017ei\u010dnu komunikaciju izme\u0111u ure\u0111aja na kratkim udaljenostima (obi\u010dno manje od 4 cm). Kada kupac svojim NFC-omogu\u0107enim pametnim telefonom dodirne Ntag 215 naljepnicu, on \u010dita podatke pohranjene na naljepnici i prikazuje digitalni izbornik na njegovom ure\u0111aju.<\/p>\n<h3>3.\u00a0<strong>Jesu li naljepnice vodootporne?<\/strong><\/h3>\n<p>Da, naljepnice Ntag 215 dizajnirane su da budu vodootporne i otporne na vremenske uvjete. To osigurava izdr\u017eljivost i dugotrajnost \u010dak iu prometnim okru\u017eenjima restorana gdje su prolijevanje i prskanje \u010desti.<\/p>\n<h3>4.\u00a0<strong>Mogu li prilagoditi dizajn naljepnice?<\/strong><\/h3>\n<p>Apsolutno! Ntag 215 NFC naljepnicu mo\u017eete prilagoditi razli\u010ditim opcijama dizajna, uklju\u010duju\u0107i ofsetni tisak, sitotisak, logotipe, QR kodove i prilago\u0111ene dimenzije. To vam omogu\u0107uje da naljepnicu u\u010dinkovito uskladite s robnom markom va\u0161eg restorana.<\/p>\n<h3>5.\u00a0<strong>Koje opcije \u010dipova su dostupne?<\/strong><\/h3>\n<p>Naljepnica Ntag 215 dolazi s unaprijed instaliranim \u010dipom Ntag 215, ali tako\u0111er mo\u017eete odabrati druge opcije NFC \u010dipa kao \u0161to su Ntag 213, Ntag 216 ili prilago\u0111ene konfiguracije na temelju va\u0161ih specifi\u010dnih potreba.<\/p>","protected":false},"excerpt":{"rendered":"<p>Ntag 215 75 MM NFC epoksidna naljepnica prilago\u0111enog stolnog jelovnika pru\u017ea besprijekoran, beskontaktan na\u010din za korisnike da pristupe digitalnim izbornicima. Izdr\u017eljiv i prilagodljiv, pobolj\u0161ava iskustvo objedovanja u modernim restoranima.<\/p>","protected":false},"featured_media":3326,"template":"","meta":[],"product_brand":[],"product_cat":[48],"product_tag":[],"class_list":{"0":"post-3325","1":"product","2":"type-product","3":"status-publish","4":"has-post-thumbnail","6":"product_cat-nfc-stickers","8":"first","9":"instock","10":"shipping-taxable","11":"product-type-simple"},"_links":{"self":[{"href":"https:\/\/nfc-readers.com\/hr\/wp-json\/wp\/v2\/product\/3325","targetHints":{"allow":["GET"]}}],"collection":[{"href":"https:\/\/nfc-readers.com\/hr\/wp-json\/wp\/v2\/product"}],"about":[{"href":"https:\/\/nfc-readers.com\/hr\/wp-json\/wp\/v2\/types\/product"}],"wp:featuredmedia":[{"embeddable":true,"href":"https:\/\/nfc-readers.com\/hr\/wp-json\/wp\/v2\/media\/3326"}],"wp:attachment":[{"href":"https:\/\/nfc-readers.com\/hr\/wp-json\/wp\/v2\/media?parent=3325"}],"wp:term":[{"taxonomy":"product_brand","embeddable":true,"href":"https:\/\/nfc-readers.com\/hr\/wp-json\/wp\/v2\/product_brand?post=3325"},{"taxonomy":"product_cat","embeddable":true,"href":"https:\/\/nfc-readers.com\/hr\/wp-json\/wp\/v2\/product_cat?post=3325"},{"taxonomy":"product_tag","embeddable":true,"href":"https:\/\/nfc-readers.com\/hr\/wp-json\/wp\/v2\/product_tag?post=3325"}],"curies":[{"name":"wp","href":"https:\/\/api.w.org\/{rel}","templated":true}]}}