{"id":3332,"date":"2024-11-01T05:43:23","date_gmt":"2024-11-01T05:43:23","guid":{"rendered":"https:\/\/nfc-readers.com\/?post_type=product&#038;p=3332"},"modified":"2024-11-01T05:43:24","modified_gmt":"2024-11-01T05:43:24","slug":"ntag-213-custom-nfc-epoxy-sticker-for-nfc-smart-phone","status":"publish","type":"product","link":"https:\/\/nfc-readers.com\/hr\/ic-reader\/ntag-213-custom-nfc-epoxy-sticker-for-nfc-smart-phone\/","title":{"rendered":"Ntag 213 prilago\u0111ena NFC epoksi naljepnica za NFC pametni telefon"},"content":{"rendered":"<h1 style=\"text-align: center;\"><strong>Ntag 213 prilago\u0111ena NFC epoksi naljepnica za NFC pametni telefon<\/strong><\/h1>\n<p>&nbsp;<\/p>\n<p>Istra\u017eite budu\u0107nost povezivanja s\u00a0<strong>Ntag 213 prilago\u0111ena NFC epoksidna naljepnica<\/strong>, svestran i inovativan proizvod dizajniran za besprijekornu interakciju s\u00a0<strong>Pametni telefoni s NFC-om<\/strong>. Sa svojim izvrsnim zna\u010dajkama, uklju\u010duju\u0107i\u00a0<em>vodonepropusnost<\/em>, izdr\u017eljivog epoksidnog materijala i prilagodljivih opcija, ova NFC oznaka nije samo jo\u0161 jedan gadget ve\u0107 revolucionarni alat koji pobolj\u0161ava va\u0161e digitalno iskustvo. Od aplikacija za pla\u0107anje do jednostavnog dijeljenja digitalnih informacija, naljepnica Ntag 213 nezaobilazna je za svakoga tko tra\u017ei prakti\u010dnost i u\u010dinkovitost.<\/p>\n<p>&nbsp;<\/p>\n<h3><strong>Za\u0161to biste trebali kupiti Ntag 213 NFC naljepnice<\/strong><\/h3>\n<p>Odabir prave NFC oznake mo\u017ee unaprijediti va\u0161u poslovnu ili osobnu robnu marku, istovremeno osiguravaju\u0107i glatko korisni\u010dko iskustvo. Ntag 213 prilago\u0111ena NFC epoksidna naljepnica isti\u010de se svojom jedinstvenom mje\u0161avinom pouzdanosti, visokih performansi i prilagodljivosti. Uz mogu\u0107nost pohranjivanja 144 bajta podataka, ova NFC naljepnica idealna je za mno\u0161tvo aplikacija, \u0161to je \u010dini bitnim alatom u dana\u0161njem svijetu kojim upravlja tehnologija. Ali za\u0161to je ova naljepnica vrijedna kupnje? Evo nekoliko uvjerljivih razloga:<\/p>\n<ul>\n<li><strong>Izdr\u017eljivost<\/strong>: Zahvaljuju\u0107i epoksidnom premazu, ova NFC naljepnica je\u00a0<strong>vodootporan i otporan na vremenske uvjete<\/strong>, omogu\u0107uju\u0107i mu da zadr\u017ei funkcionalnost u razli\u010ditim okru\u017eenjima.<\/li>\n<li><strong>Svestranost<\/strong>: Uz mogu\u0107nosti prilagodbe veli\u010dine, boje i dizajna ispisa, ovaj proizvod mo\u017eete prilagoditi svojim specifi\u010dnim potrebama brendiranja.<\/li>\n<li><strong>Jednostavna integracija<\/strong>: Kompatibilan sa \u0161irokim rasponom\u00a0<strong>NFC ure\u0111aji<\/strong>, uklju\u010duju\u0107i Android i iPhone, omogu\u0107uje korisnicima da bez napora dijele informacije i bave se digitalnim sadr\u017eajem.<\/li>\n<\/ul>\n<p>&nbsp;<\/p>\n<h3><strong>Zna\u010dajke i prednosti proizvoda<\/strong><\/h3>\n<h3>Prilago\u0111ene veli\u010dine i boje<\/h3>\n<p>Svaki projekt je jedinstven, a na\u0161\u00a0<strong>Ntag 213 NFC naljepnica<\/strong>\u00a0mo\u017ee se prilagoditi specifi\u010dnim zahtjevima. Trebate li a\u00a0<strong>pravokutnik<\/strong>, ovalnog ili okruglog dizajna, nudimo fleksibilnost u obliku i veli\u010dini. Tako\u0111er mo\u017eete birati izme\u0111u raznih boja koje \u0107e upotpuniti va\u0161 brend. Ova razina\u00a0<strong>prilago\u0111avanje<\/strong>\u00a0osigurava savr\u0161eno uklapanje u va\u0161e marketin\u0161ke strategije ili osobne projekte.<\/p>\n<h3>Dizajn otporan na vodu i vremenske uvjete<\/h3>\n<p>The\u00a0<strong>epoksi materijal<\/strong>\u00a0koji se koristi u naljepnici Ntag 213 daje izvanrednu za\u0161titu od vlage i o\u0161trih vremenskih uvjeta. Ovaj\u00a0<strong>vodootporan<\/strong>\u00a0sposobnost zna\u010di da ne morate brinuti o izlo\u017eenosti elementima. Bilo da se koriste u zatvorenom prostoru ili na otvorenom, ove NFC oznake zadr\u017eat \u0107e svoju funkcionalnost i u\u010dinkovitost, \u0161to ih \u010dini prikladnima za aplikacije poput vanjskog ogla\u0161avanja ili pametnih ure\u0111aja koji zahtijevaju otpornost.<\/p>\n<h3>Komunikacijska frekvencija 13,56 MHz<\/h3>\n<p>Kori\u0161tenje standarda\u00a0<strong>Frekvencija komunikacije 13,56 MHz<\/strong>, ove NFC naljepnice koriste snagu\u00a0<strong>RFID<\/strong>\u00a0tehnologija. Ova frekvencija pru\u017ea pouzdano komunikacijsko su\u010delje, osiguravaju\u0107i brz i siguran prijenos podataka kada ih skenira ure\u0111aj koji podr\u017eava NFC. Ova kompatibilnost dodatno pobolj\u0161ava upotrebljivost, omogu\u0107uju\u0107i besprijekorno iskustvo na razli\u010ditim platformama i ure\u0111ajima.<\/p>\n<h3>NTAG213 \u010dip za visoke performanse<\/h3>\n<p>Srce svake prilago\u0111ene naljepnice Ntag 213 je\u00a0<strong>NTAG213 \u010dip<\/strong>, poznat po svojim visokim performansama i svestranosti. Sa sje\u0107anjem na\u00a0<strong>144 bajta<\/strong>, uspje\u0161no pohranjuje URL-ove, tekst ili male skupove podataka. Arhitektura \u010dipa omogu\u0107uje opse\u017ene primjene od posjetnica do interaktivnih marketin\u0161kih kampanja. Njegova pouzdanost osigurava da se va\u0161e oznake mogu skenirati i pristupati vi\u0161e puta bez gre\u0161ke.<\/p>\n<p>&nbsp;<\/p>\n<h3><strong>Tehni\u010dke specifikacije<\/strong><\/h3>\n<table class=\"w-fit !mb-0 !max-w-none\" style=\"height: 297px;\" width=\"431\">\n<thead>\n<tr>\n<th>Zna\u010dajka<\/th>\n<th>Specifikacija<\/th>\n<\/tr>\n<\/thead>\n<tbody>\n<tr>\n<td>\u010cip<\/td>\n<td>NTAG213<\/td>\n<\/tr>\n<tr>\n<td>Frekvencija<\/td>\n<td>13,56 MHz<\/td>\n<\/tr>\n<tr>\n<td>Memorija<\/td>\n<td>144 bajta<\/td>\n<\/tr>\n<tr>\n<td>Protokol<\/td>\n<td>ISO14443<\/td>\n<\/tr>\n<tr>\n<td>Materijal<\/td>\n<td>Epoksi<\/td>\n<\/tr>\n<tr>\n<td>Veli\u010dina<\/td>\n<td>Obi\u010daj<\/td>\n<\/tr>\n<tr>\n<td>Boja<\/td>\n<td>Obi\u010daj<\/td>\n<\/tr>\n<tr>\n<td>Mogu\u0107nosti ispisa<\/td>\n<td>Offset tisak\/Pantone\/QR<\/td>\n<\/tr>\n<tr>\n<td>Mjesto podrijetla<\/td>\n<td>Guangdong, Kina<\/td>\n<\/tr>\n<tr>\n<td>Posebne zna\u010dajke<\/td>\n<td>Vodootporan\/otporan na vremenske uvjete<\/td>\n<\/tr>\n<\/tbody>\n<\/table>\n<h3><\/h3>\n<h3><strong>FAQ<\/strong><\/h3>\n<h3>Koji su ure\u0111aji kompatibilni s Ntag 213 NFC naljepnicom?<\/h3>\n<p>Naljepnice Ntag 213 kompatibilne su sa svim pametnim telefonima s NFC-om, uklju\u010duju\u0107i popularne marke poput\u00a0<strong>iPhone<\/strong>\u00a0i\u00a0<strong>Samsung<\/strong>.<\/p>\n<h3>Koliko traje baterija?<\/h3>\n<p>Ntag 213 NFC naljepnice ne zahtijevaju bateriju; oni su pasivni ure\u0111aji koji se napajaju iz NFC-omogu\u0107enog \u010dita\u010da. Sve dok je oznaka netaknuta i unutar dometa, funkcionirat \u0107e.<\/p>\n<h3>Mogu li se ove naljepnice koristiti na otvorenom?<\/h3>\n<p>Da! Na\u0161e NFC naljepnice dizajnirane su da budu\u00a0<strong>vodootporan i otporan na vremenske uvjete<\/strong>, \u0161to ih \u010dini prikladnima za unutarnju i vanjsku primjenu.<\/p>\n<h3>Postoji li najve\u0107a udaljenost skeniranja?<\/h3>\n<p>U\u010dinkovita udaljenost skeniranja obi\u010dno je do 10 cm (4 in\u010da), ovisno o snazi NFC antene ure\u0111aja i \u010dimbenicima okoline.<\/p>","protected":false},"excerpt":{"rendered":"<p>The\u00a0<strong>NTAG-213 prilago\u0111ena NFC epoksidna naljepnica<\/strong>\u00a0je svestrana, vodootporna NFC oznaka dizajnirana za besprijekornu interakciju s pametnim telefonima koji podr\u017eavaju NFC. Prilagodljiva veli\u010dina, boja i mogu\u0107nosti ispisa, ova izdr\u017eljiva naljepnica omogu\u0107uje tvrtkama i pojedincima dijeljenje digitalnog sadr\u017eaja bez napora, pove\u0107avaju\u0107i anga\u017eman korisnika i mogu\u0107nosti brendiranja.<\/p>","protected":false},"featured_media":3333,"template":"","meta":[],"product_brand":[],"product_cat":[48],"product_tag":[],"class_list":{"0":"post-3332","1":"product","2":"type-product","3":"status-publish","4":"has-post-thumbnail","6":"product_cat-nfc-stickers","8":"first","9":"instock","10":"shipping-taxable","11":"product-type-simple"},"_links":{"self":[{"href":"https:\/\/nfc-readers.com\/hr\/wp-json\/wp\/v2\/product\/3332","targetHints":{"allow":["GET"]}}],"collection":[{"href":"https:\/\/nfc-readers.com\/hr\/wp-json\/wp\/v2\/product"}],"about":[{"href":"https:\/\/nfc-readers.com\/hr\/wp-json\/wp\/v2\/types\/product"}],"wp:featuredmedia":[{"embeddable":true,"href":"https:\/\/nfc-readers.com\/hr\/wp-json\/wp\/v2\/media\/3333"}],"wp:attachment":[{"href":"https:\/\/nfc-readers.com\/hr\/wp-json\/wp\/v2\/media?parent=3332"}],"wp:term":[{"taxonomy":"product_brand","embeddable":true,"href":"https:\/\/nfc-readers.com\/hr\/wp-json\/wp\/v2\/product_brand?post=3332"},{"taxonomy":"product_cat","embeddable":true,"href":"https:\/\/nfc-readers.com\/hr\/wp-json\/wp\/v2\/product_cat?post=3332"},{"taxonomy":"product_tag","embeddable":true,"href":"https:\/\/nfc-readers.com\/hr\/wp-json\/wp\/v2\/product_tag?post=3332"}],"curies":[{"name":"wp","href":"https:\/\/api.w.org\/{rel}","templated":true}]}}