{"id":3348,"date":"2024-11-01T10:53:48","date_gmt":"2024-11-01T10:53:48","guid":{"rendered":"https:\/\/nfc-readers.com\/?post_type=product&#038;p=3348"},"modified":"2024-11-04T09:04:23","modified_gmt":"2024-11-04T09:04:23","slug":"rfid-ultralight-playground-ticket-proximity-pvc-vip-card","status":"publish","type":"product","link":"https:\/\/nfc-readers.com\/hr\/ic-reader\/rfid-ultralight-playground-ticket-proximity-pvc-vip-card\/","title":{"rendered":"Mifare Ultralight ev1 PVC RFID kartica za ulaznicu za igrali\u0161te"},"content":{"rendered":"<h1><strong><span style=\"color: #000080;\">Mifare Ultralight ev1 PVC RFID kartica za ulaznicu za igrali\u0161te<\/span><\/strong><\/h1>\n<p>&nbsp;<\/p>\n<h4><strong><span style=\"color: #008080;\">Revolucioniranje rje\u0161enja kontrole pristupa i prodaje karata<\/span><\/strong><\/h4>\n<p><span style=\"color: #666699;\">U dana\u0161njem svijetu bez gotovine, Mifare Ultralight ev1 PVC RFID kartica za ulaznice za igrali\u0161te stoji na \u010delu modernih rje\u0161enja za izdavanje ulaznica i kontrolu pristupa. Ova kartica visoke tehnologije ne samo da pojednostavljuje ulazak u zabavne parkove i doga\u0111aje, ve\u0107 i pobolj\u0161ava korisni\u010dko iskustvo svojim robusnim dizajnom i tehnologijom pametnih kartica. Nude\u0107i neusporedivu sigurnost, prakti\u010dnost i svestranost, to je idealan izbor za tvrtke koje \u017eele pove\u0107ati svoj anga\u017eman korisnika i operativnu u\u010dinkovitost.<\/span><\/p>\n<hr \/>\n<h2><\/h2>\n<h2 style=\"text-align: center;\"><span style=\"color: #000080;\"><em><strong>Zna\u010dajke i prednosti proizvoda<\/strong><\/em><\/span><\/h2>\n<h3><span style=\"color: #333399;\">1. <strong>Izdr\u017eljiv i pouzdan materijal<\/strong><\/span><\/h3>\n<p>Izra\u0111ena od visokokvalitetnog PVC-a, ova RFID kartica dizajnirana je da izdr\u017ei te\u0161ke uvjete okoline. Njegovo\u00a0<strong>vodootporan<\/strong>\u00a0i\u00a0<strong>otporan na vremenske uvjete<\/strong>\u00a0zna\u010dajke sprje\u010davaju tro\u0161enje i habanje, osiguravaju\u0107i dugotrajnu izdr\u017eljivost. Bilo da se koristi u zabavnim parkovima na otvorenom ili doga\u0111anjima u zatvorenom prostoru,\u00a0<strong>RFID Ultralight Playground kartica<\/strong>\u00a0ostaje funkcionalan i vizualno privla\u010dan, \u0161to mo\u017ee smanjiti tro\u0161kove zamjene tijekom vremena.<\/p>\n<p>&nbsp;<\/p>\n<h3><span style=\"color: #333399;\"><strong>2. Svestrane primjene<\/strong><\/span><\/h3>\n<p>Dizajnirana za razli\u010dite namjene, Mifare Ultralight ev1 PVC RFID kartica za ulaznicu za igrali\u0161te savr\u0161ena je za\u00a0<strong>prodaja karata<\/strong>,\u00a0<strong>kontrola pristupa<\/strong>,\u00a0<strong>programi vjernosti<\/strong>, i\u00a0<strong>upravljanje doga\u0111ajima<\/strong>. Kartica u\u010dinkovito pojednostavljuje procese ulaska, \u0161to je \u010dini izvrsnim izborom za sustave javnog prijevoza, zabavne parkove, festivale i jo\u0161 mnogo toga. Njegova svestranost omogu\u0107uje tvrtkama implementaciju jedinstvenog rje\u0161enja za razli\u010dite operativne potrebe.<\/p>\n<p>&nbsp;<\/p>\n<h3><span style=\"color: #333399;\">3. <strong>Zgodno korisni\u010dko iskustvo<\/strong><\/span><\/h3>\n<p>s a\u00a0<strong>udaljenost \u010ditanja<\/strong>\u00a0od 1-20 cm i opcija debljine od\u00a0<strong>0,76 mm\/0,84 mm<\/strong>, kartica osigurava jednostavnost kori\u0161tenja i zadovoljstvo korisnika. Korisnici mogu jednostavno prisloniti karticu na bilo koji ure\u0111aj koji podr\u017eava NFC, \u0161to rezultira brzom transakcijom. Ovaj\u00a0<strong>beskontaktno<\/strong>\u00a0zna\u010dajka minimizira fizi\u010dki kontakt i pobolj\u0161ava higijenu\u2014\u0161to je bitno u dana\u0161njem okru\u017eenju.<\/p>\n<p>&nbsp;<\/p>\n<h3><span style=\"color: #333399;\"><strong>4. Mogu\u0107nosti prilagodbe<\/strong><\/span><\/h3>\n<p>Mifare Ultralight ev1 PVC RFID Card for Playground ulaznica nudi \u0161iroku prilagodbu kako bi odgovarala potrebama brendiranja i marketinga. Kupci mogu birati izme\u0111u raznih opcija ispisa, uklju\u010duju\u0107i\u00a0<strong>CMYK4C ispis<\/strong>,\u00a0<strong>termalni tisak<\/strong>, i\u00a0<strong>sitotisak<\/strong>. Dodatno, elementi kao \u0161to su\u00a0<strong>laserski kod<\/strong>,\u00a0<strong>serijski brojevi<\/strong>, i\u00a0<strong>utiskivanje<\/strong>\u00a0mo\u017ee se prilagoditi za stvaranje jedinstvenog identiteta za svaku karticu, pove\u0107avaju\u0107i vidljivost marke i lojalnost.<\/p>\n<p>&nbsp;<\/p>\n<h3><span style=\"color: #333399;\"><strong>5. Tehni\u010dke specifikacije<\/strong><\/span><\/h3>\n<div class=\"table-with-header rounded-lg border border-solid border-grey-line2-normal w-fit max-w-full mb-2\">\n<div class=\"overflow-x-auto custom-scrollbar custom-scrollbar-float max-w-full\">\n<table class=\"w-fit !mb-0 !max-w-none\" style=\"height: 339px;\" width=\"403\">\n<thead>\n<tr>\n<th>Zna\u010dajka<\/th>\n<th>Specifikacija<\/th>\n<\/tr>\n<\/thead>\n<tbody>\n<tr>\n<td><\/td>\n<td><\/td>\n<\/tr>\n<tr>\n<td>Vrsta \u010dipa<\/td>\n<td>MIFARE Ultralight\u00ae C<\/td>\n<\/tr>\n<tr>\n<td>Frekvencija<\/td>\n<td>13,56 MHz<\/td>\n<\/tr>\n<tr>\n<td>Materijal<\/td>\n<td>PVC<\/td>\n<\/tr>\n<tr>\n<td>Udaljenost \u010ditanja<\/td>\n<td>2-10 CM<\/td>\n<\/tr>\n<tr>\n<td>Debljina<\/td>\n<td>0,76 mm \/ 0,84 mm \/ prilago\u0111eno<\/td>\n<\/tr>\n<tr>\n<td>Veli\u010dina<\/td>\n<td>CR80<\/td>\n<\/tr>\n<tr>\n<td>Zanat<\/td>\n<td>Laserski kod, UV tinta, serijski br.<\/td>\n<\/tr>\n<tr>\n<td>Ciklus pisanja<\/td>\n<td>100 000 puta<\/td>\n<\/tr>\n<tr>\n<td>Mjesto podrijetla<\/td>\n<td>Guangdong, Kina<\/td>\n<\/tr>\n<\/tbody>\n<\/table>\n<\/div>\n<\/div>\n<hr \/>\n<h2 style=\"text-align: center;\"><span style=\"color: #000080;\"><strong>Upute za kori\u0161tenje<\/strong><\/span><\/h2>\n<ol>\n<li><strong>Aktivirajte karticu<\/strong>: Provjerite je li kartica aktivirana putem softvera za upravljanje RFID-om.<\/li>\n<li><strong>Dodirnite Reader<\/strong>: Dr\u017eite karticu unutar 1-20 cm od NFC \u010dita\u010da.<\/li>\n<li><strong>Potvrda transakcije<\/strong>: \u010cita\u010d \u0107e potvrditi transakciju zvu\u010dnim signalom ili svjetlosnim indikatorom.<\/li>\n<li><strong>Pristup odobren<\/strong>: Korisnici mogu nastaviti s ulaskom u prostor ili s kori\u0161tenjem usluge.<\/li>\n<\/ol>\n<p>&nbsp;<\/p>\n<h2 style=\"text-align: center;\"><em><span style=\"color: #000080;\"><strong>Ekolo\u0161ki prihvatljiva proizvodnja<\/strong><\/span><\/em><\/h2>\n<p><span style=\"color: #666699;\">Odr\u017eivost je klju\u010dna za modernu proizvodnju, a proizvodnja Mifare Ultralight ev1 PVC RFID kartice za ulaznice za igrali\u0161te uskla\u0111ena je s ekolo\u0161kom praksom. Ulaganjem u odr\u017eive materijale i procese, poduze\u0107a mogu pridonijeti o\u010duvanju okoli\u0161a, a istodobno pru\u017eaju visokokvalitetni proizvod. Ova predanost dobro odjekuje kod ekolo\u0161ki osvije\u0161tenih potro\u0161a\u010da i unapre\u0111uje korporativnu odgovornost.<\/span><\/p>","protected":false},"excerpt":{"rendered":"<p>Otkrijte Mifare Ultralight ev1 PVC RFID karticu za ulaznicu za igrali\u0161te \u2013 izdr\u017eljivu, svestranu i ekolo\u0161ki prihvatljivu za besprijekornu kontrolu pristupa i izdavanje ulaznica.<\/p>","protected":false},"featured_media":3349,"template":"","meta":[],"product_brand":[],"product_cat":[46],"product_tag":[],"class_list":{"0":"post-3348","1":"product","2":"type-product","3":"status-publish","4":"has-post-thumbnail","6":"product_cat-nfc-cards","8":"first","9":"instock","10":"shipping-taxable","11":"product-type-simple"},"_links":{"self":[{"href":"https:\/\/nfc-readers.com\/hr\/wp-json\/wp\/v2\/product\/3348","targetHints":{"allow":["GET"]}}],"collection":[{"href":"https:\/\/nfc-readers.com\/hr\/wp-json\/wp\/v2\/product"}],"about":[{"href":"https:\/\/nfc-readers.com\/hr\/wp-json\/wp\/v2\/types\/product"}],"wp:featuredmedia":[{"embeddable":true,"href":"https:\/\/nfc-readers.com\/hr\/wp-json\/wp\/v2\/media\/3349"}],"wp:attachment":[{"href":"https:\/\/nfc-readers.com\/hr\/wp-json\/wp\/v2\/media?parent=3348"}],"wp:term":[{"taxonomy":"product_brand","embeddable":true,"href":"https:\/\/nfc-readers.com\/hr\/wp-json\/wp\/v2\/product_brand?post=3348"},{"taxonomy":"product_cat","embeddable":true,"href":"https:\/\/nfc-readers.com\/hr\/wp-json\/wp\/v2\/product_cat?post=3348"},{"taxonomy":"product_tag","embeddable":true,"href":"https:\/\/nfc-readers.com\/hr\/wp-json\/wp\/v2\/product_tag?post=3348"}],"curies":[{"name":"wp","href":"https:\/\/api.w.org\/{rel}","templated":true}]}}