{"id":3353,"date":"2024-11-01T11:19:32","date_gmt":"2024-11-01T11:19:32","guid":{"rendered":"https:\/\/nfc-readers.com\/?post_type=product&#038;p=3353"},"modified":"2024-11-04T08:59:53","modified_gmt":"2024-11-04T08:59:53","slug":"iso14443a-mifare-rfid-hotel-card-magnetic-stripe-available","status":"publish","type":"product","link":"https:\/\/nfc-readers.com\/hr\/ic-reader\/iso14443a-mifare-rfid-hotel-card-magnetic-stripe-available\/","title":{"rendered":"ISO14443A MIFARE RFID hotelska magnetska traka dostupna"},"content":{"rendered":"<h1><span style=\"color: #000080;\"><strong>ISO14443A MIFARE RFID hotelska magnetska traka dostupna<\/strong><\/span><\/h1>\n<p><span style=\"color: #666699;\">Budu\u0107nost kontrole pristupa U modernoj ugostiteljskoj industriji, besprijekoran pristup sobama i objektima je najva\u017eniji. The <strong>ISO14443A MIFARE RFID hotelska kartica s magnetskom trakom<\/strong>\u00a0pojavio se kao transformativno rje\u0161enje koje spaja naprednu RFID tehnologiju i dizajn jednostavan za kori\u0161tenje. Ova kartica unapre\u0111uje iskustvo gosta, a istovremeno osigurava vrhunsku sigurnost za menad\u017ement hotela. <\/span><\/p>\n<p><span style=\"color: #666699;\">Gosti mogu u\u017eivati u beskontaktnom pristupu, dok hotelski operateri imaju koristi od pobolj\u0161ane sigurnosti i u\u010dinkovitosti. Sa svojim atributima vodootpornosti i otpornosti na vremenske uvjete, RFID kartica je dizajnirana za izdr\u017eljivost, osiguravaju\u0107i dugotrajnost \u010dak iu najprometnijim okru\u017eenjima. Ova kartica ne samo da pojednostavljuje proces prijave, ve\u0107 slu\u017ei i kao pouzdan alat za kontrolu pristupa, a istovremeno pru\u017ea mogu\u0107nosti personalizacije koje odra\u017eavaju identitet robne marke va\u0161eg hotela.<\/span><\/p>\n<hr \/>\n<h2><\/h2>\n<h2 style=\"text-align: center;\"><em><strong><span style=\"color: #000080;\">Opis proizvoda<\/span><\/strong><\/em><\/h2>\n<h3><span style=\"color: #333399;\"> <strong>1. Klju\u010dne karakteristike ISO14443A MIFARE RFID hotelske kartice<\/strong><\/span><\/h3>\n<p>The\u00a0<strong>ISO14443A MIFARE RFID hotelska kartica<\/strong>\u00a0nudi niz inovativnih zna\u010dajki koje slu\u017ee i hotelskim operaterima i gostima. Kori\u0161tenje naprednih\u00a0<strong>MIFARE\u00ae Ultralight C<\/strong>\u00a0chip tehnologije, ova kartica radi na frekvenciji od\u00a0<strong>13,56 MHz<\/strong>\u00a0ispod\u00a0<strong>ISO14443A protokol<\/strong>. Ova specifikacija omogu\u0107uje brz i siguran pristup uz minimalnu potrebnu interakciju, pru\u017eaju\u0107i istinit\u00a0<strong>beskontaktno iskustvo<\/strong>.Sa svojim\u00a0<strong>vodootporan<\/strong>\u00a0i\u00a0<strong>otporan na vremenske uvjete<\/strong>\u00a0dizajna, kartica ostaje funkcionalna u razli\u010ditim okru\u017eenjima, osiguravaju\u0107i da izdr\u017ei svakodnevno habanje. Nadalje, osnivanje a\u00a0<strong>magnetska traka<\/strong>\u00a0omogu\u0107uje svestranost u sustavima kontrole pristupa. Ova dvostruka funkcionalnost osigurava da RFID kartica pru\u017ea besprijekornu i pouzdanu uslugu, bilo da se koristi za unos hotelskih soba ili drugih objekata.<\/p>\n<p>&nbsp;<\/p>\n<h3><span style=\"color: #333399;\"><strong>3. Tehni\u010dke specifikacije<\/strong><\/span><\/h3>\n<p>Razumijevanje tehni\u010dkih specifikacija presudno je za odabir pravog rje\u0161enja kontrole pristupa. Ispod je detaljna tablica\u00a0<strong>ISO14443A MIFARE RFID hotelska kartica<\/strong> tehni\u010dki podaci:<\/p>\n<div class=\"table-with-header rounded-lg border border-solid border-grey-line2-normal w-fit max-w-full mb-2\">\n<div class=\"h-8 items-center flex justify-between px-2 text-xs border-0 border-b border-solid border-grey-line2-normal\">\n<div class=\"h-[26px] w-[26px] text-text-primary-3 cursor-pointer hover:text-text-primary-2 flex-center\"><\/div>\n<\/div>\n<div class=\"overflow-x-auto custom-scrollbar custom-scrollbar-float max-w-full\">\n<table class=\"w-fit !mb-0 !max-w-none\">\n<thead>\n<tr>\n<th>Specifikacija<\/th>\n<th>Vrijednost<\/th>\n<\/tr>\n<\/thead>\n<tbody>\n<tr>\n<td>\u010cip<\/td>\n<td>MIFARE\u00ae Ultralight C<\/td>\n<\/tr>\n<tr>\n<td>Frekvencija<\/td>\n<td>13,56 MHz<\/td>\n<\/tr>\n<tr>\n<td>Komunikacijsko su\u010delje<\/td>\n<td>RFID, NFC<\/td>\n<\/tr>\n<tr>\n<td>Materijal<\/td>\n<td>PVC<\/td>\n<\/tr>\n<tr>\n<td>Veli\u010dina<\/td>\n<td>85,5 x54 mm \/ prilago\u0111eno<\/td>\n<\/tr>\n<tr>\n<td>Magnetska traka<\/td>\n<td>Loco 300 oe \/ Hico 2750\/4000 oe<\/td>\n<\/tr>\n<tr>\n<td>Povr\u0161inska obrada<\/td>\n<td>Sjajni, mat, matirani<\/td>\n<\/tr>\n<tr>\n<td>Kodiraj<\/td>\n<td>Ispis QR koda\/laserski kod<\/td>\n<\/tr>\n<tr>\n<td>Mogu\u0107nosti ispisa<\/td>\n<td>Offsetni tisak CMYK\/Sitotisak\/Digitalni<\/td>\n<\/tr>\n<\/tbody>\n<\/table>\n<\/div>\n<\/div>\n<p>Ove specifikacije isti\u010du svestranost kartice i naprednu tehnologiju, a dizajn zadovoljava potrebe i korisnika i uprave hotela.<\/p>\n<p>&nbsp;<\/p>\n<h3><span style=\"color: #333399;\"><strong>4. Prednosti kori\u0161tenja RFID hotelskih kartica<\/strong><\/span><\/h3>\n<p><span style=\"color: #666699;\">Integriranje\u00a0<strong>ISO14443A MIFARE RFID hotelska kartica<\/strong>\u00a0u poslovanje hotela donosi brojne prednosti. Prvo,\u00a0<strong>beskontaktno<\/strong>\u00a0tehnologija pobolj\u0161ava iskustvo gosta, omogu\u0107avaju\u0107i brz i jednostavan pristup sobama i objektima bez petljanja s tradicionalnim klju\u010devima. To ubrzava procese prijave, \u0161to u kona\u010dnici zna\u010di bolje zadovoljstvo gostiju.<\/span><\/p>\n<p><span style=\"color: #666699;\">\u0160tovi\u0161e, RFID tehnologija omogu\u0107uje u\u010dinkovito\u00a0<strong>kontrola pristupa<\/strong>\u00a0upravljanje. Osoblje hotela mo\u017ee lako pratiti obrasce kori\u0161tenja, osiguravaju\u0107i pobolj\u0161anu sigurnost uz smanjenje neovla\u0161tenog pristupa. Sa zna\u010dajkama poput\u00a0<strong>me\u0111usobna provjera autenti\u010dnosti<\/strong>, \u0161anse za neovla\u0161teno umno\u017eavanje su gotovo eliminirane.<\/span><\/p>\n<p>&nbsp;<\/p>\n<h2 style=\"text-align: center;\"><span style=\"color: #000080;\"><em><strong>FAQ<\/strong><\/em><\/span><\/h2>\n<p><span style=\"color: #008080;\"><strong>1. Koliki je \u017eivotni vijek RFID hotelske kartice?<\/strong><\/span><\/p>\n<p>Kartica traje nekoliko godina uz normalnu upotrebu zahvaljuju\u0107i svom izdr\u017eljivom PVC materijalu i karakteristikama otpornim na vremenske uvjete.<\/p>\n<hr \/>\n<p><span style=\"color: #008080;\"><strong>2. Mo\u017ee li se kartica prilagoditi na\u0161im brendiranjem?<\/strong><\/span><\/p>\n<p>Da, karticu mo\u017eete prilagoditi logotipom i bojama va\u0161eg hotela koriste\u0107i razli\u010dite opcije ispisa i zavr\u0161ne obrade.<\/p>\n<hr \/>\n<p><strong><span style=\"color: #008080;\">3. Je li kartica kompatibilna s postoje\u0107im RFID sustavima?<\/span><\/strong><\/p>\n<p>Da, kompatibilan je s ve\u0107inom RFID sustava kontrole pristupa koji koriste <strong>ISO14443A protokol<\/strong>.<\/p>","protected":false},"excerpt":{"rendered":"<p>Hotelska kartica ISO14443A MIFARE RFID nudi beskontaktni pristup, pobolj\u0161anu sigurnost i mogu\u0107nosti prilagodbe, \u0161to je \u010dini idealnom za moderne ugostiteljske potrebe.<\/p>","protected":false},"featured_media":3354,"template":"","meta":[],"product_brand":[],"product_cat":[46],"product_tag":[],"class_list":{"0":"post-3353","1":"product","2":"type-product","3":"status-publish","4":"has-post-thumbnail","6":"product_cat-nfc-cards","8":"first","9":"instock","10":"shipping-taxable","11":"product-type-simple"},"_links":{"self":[{"href":"https:\/\/nfc-readers.com\/hr\/wp-json\/wp\/v2\/product\/3353","targetHints":{"allow":["GET"]}}],"collection":[{"href":"https:\/\/nfc-readers.com\/hr\/wp-json\/wp\/v2\/product"}],"about":[{"href":"https:\/\/nfc-readers.com\/hr\/wp-json\/wp\/v2\/types\/product"}],"wp:featuredmedia":[{"embeddable":true,"href":"https:\/\/nfc-readers.com\/hr\/wp-json\/wp\/v2\/media\/3354"}],"wp:attachment":[{"href":"https:\/\/nfc-readers.com\/hr\/wp-json\/wp\/v2\/media?parent=3353"}],"wp:term":[{"taxonomy":"product_brand","embeddable":true,"href":"https:\/\/nfc-readers.com\/hr\/wp-json\/wp\/v2\/product_brand?post=3353"},{"taxonomy":"product_cat","embeddable":true,"href":"https:\/\/nfc-readers.com\/hr\/wp-json\/wp\/v2\/product_cat?post=3353"},{"taxonomy":"product_tag","embeddable":true,"href":"https:\/\/nfc-readers.com\/hr\/wp-json\/wp\/v2\/product_tag?post=3353"}],"curies":[{"name":"wp","href":"https:\/\/api.w.org\/{rel}","templated":true}]}}