{"id":3358,"date":"2024-11-01T12:11:45","date_gmt":"2024-11-01T12:11:45","guid":{"rendered":"https:\/\/nfc-readers.com\/?post_type=product&#038;p=3358"},"modified":"2024-11-04T08:58:59","modified_gmt":"2024-11-04T08:58:59","slug":"pvc-logo-printed-custom-nfc-business-card-ntag-213-215-216","status":"publish","type":"product","link":"https:\/\/nfc-readers.com\/hr\/ic-reader\/pvc-logo-printed-custom-nfc-business-card-ntag-213-215-216\/","title":{"rendered":"Tiskana PVC logotip prilago\u0111ena NFC posjetnica Ntag 213 215 216"},"content":{"rendered":"<h1><span style=\"color: #000080;\"><strong>Otisnuta PVC logotip prilago\u0111ena NFC posjetnica Ntag 213 215 216<\/strong><\/span><\/h1>\n<div class=\"message-item-outer relative px-4 mb-2\" data-id=\"d4923133-af33-4007-ab47-519a94928ef7\">\n<div class=\"content-area pl-[0px]\">\n<div class=\"message-item select-text relative\">\n<div class=\"message-inner relative\">\n<div class=\"py-[2px]\">\n<div class=\"flex flex-col gap-2\">\n<div class=\"answer-markdown-box overflow-x-auto select-text custom-scrollbar\">\n<div class=\"markdown-body\">\n<p><span style=\"color: #666699;\">U dana\u0161njem digitalnom dobu, prilago\u0111ena NFC posjetnica s PVC logotipom Ntag213215216 predstavlja revolucionarno rje\u0161enje za umre\u017eavanje i poslovne interakcije. Ove pametne kartice ne samo da pru\u017eaju moderan dodir, ve\u0107 tako\u0111er nude prakti\u010dnost i u\u010dinkovitost. S ugra\u0111enom NFC tehnologijom omogu\u0107uju besprijekornu beskontaktnu komunikaciju izme\u0111u ure\u0111aja. Bez obzira jeste li poslovni profesionalac koji \u017eeli ostaviti trajan dojam ili tvrtka koja \u017eeli pobolj\u0161ati vidljivost robne marke, ova inovativna kartica savr\u0161eno nadopunjuje va\u0161e potrebe.<\/span><\/p>\n<p>&nbsp;<\/p>\n<h2 style=\"text-align: center;\"><span style=\"color: #000080;\"><strong>Opis proizvoda<\/strong><\/span><\/h2>\n<h3><span style=\"color: #333399;\"><strong>1. Klju\u010dne specifikacije NFC poslovne kartice<\/strong><\/span><\/h3>\n<div class=\"table-with-header rounded-lg border border-solid border-grey-line2-normal w-fit max-w-full mb-2\">\n<div class=\"overflow-x-auto custom-scrollbar custom-scrollbar-float max-w-full\">\n<table class=\"w-fit !mb-0 !max-w-none\">\n<thead>\n<tr>\n<th><strong>Specifikacija<\/strong><\/th>\n<th><strong>Vrijednost<\/strong><\/th>\n<\/tr>\n<\/thead>\n<tbody>\n<tr>\n<td>\u010cip<\/td>\n<td>Ntag213\/Prilago\u0111eno<\/td>\n<\/tr>\n<tr>\n<td>Frekvencija<\/td>\n<td>13,56 MHz<\/td>\n<\/tr>\n<tr>\n<td>Materijal<\/td>\n<td>PVC\/Ostali materijali<\/td>\n<\/tr>\n<tr>\n<td>Veli\u010dina<\/td>\n<td>85,5 x54 mm \/ prilago\u0111eno<\/td>\n<\/tr>\n<tr>\n<td>Vodootporan\/otporan na vremenske uvjete<\/td>\n<td>Da<\/td>\n<\/tr>\n<tr>\n<td>Mogu\u0107nosti ispisa<\/td>\n<td>CMYK4C tisak\/Offset\/Sitotisak<\/td>\n<\/tr>\n<tr>\n<td>Povr\u0161inska obrada<\/td>\n<td>Sjajni\/mat\/matirani<\/td>\n<\/tr>\n<tr>\n<td>Komunikacijsko su\u010delje<\/td>\n<td>NFC<\/td>\n<\/tr>\n<tr>\n<td>Mjesto podrijetla<\/td>\n<td>Guangdong, Kina<\/td>\n<\/tr>\n<\/tbody>\n<\/table>\n<\/div>\n<\/div>\n<p>Ova detaljna tablica specifikacija nagla\u0161ava robusnu tehnologiju i svestranost NFC posjetnice, osiguravaju\u0107i trajnost i funkcionalnost.<\/p>\n<p>&nbsp;<\/p>\n<h3><span style=\"color: #333399;\"><strong>2. Mogu\u0107nosti personalizacije<\/strong><\/span><\/h3>\n<p>Prilagodba va\u0161eg <strong>NFC posjetnica<\/strong>\u00a0klju\u010dna je za identitet marke. Ova kartica nudi:<\/p>\n<ul>\n<li><strong>Prilago\u0111eni logotipi i boje:<\/strong>\u00a0Mo\u017eete dodati svoj logotip i boje kako biste stvorili nezaboravan dizajn koji odra\u017eava va\u0161u marku.<\/li>\n<li><strong>Posebne zavr\u0161ne obrade:<\/strong>\u00a0Odaberite izme\u0111u sjajnih, mat ili mat zavr\u0161nih obrada kako biste pobolj\u0161ali izgled i dojam svoje kartice.<\/li>\n<li><strong>Jedinstvene tehnike tiska:<\/strong>\u00a0Opcije poput laserskog kodiranja, UV tinte i utiskivanja omogu\u0107uju zamr\u0161ene dizajne, \u010dime se va\u0161a kartica isti\u010de.<\/li>\n<\/ul>\n<p>&nbsp;<\/p>\n<h3><span style=\"color: #333399;\"><strong>3. Tehni\u010dke zna\u010dajke i kompatibilnost<\/strong><\/span><\/h3>\n<p>Razumijevanje tehni\u010dkih aspekata\u00a0<strong>Prilago\u0111ena NFC posjetnica s tiskanim PVC logotipom<\/strong>\u00a0od vitalnog je zna\u010daja za u\u010dinkovito kori\u0161tenje u va\u0161em poslovanju:<\/p>\n<ul>\n<li><strong>Beskontaktna komunikacija:<\/strong>\u00a0Kartica se pridr\u017eava\u00a0<strong>ISO14443A protokol<\/strong>, osiguravaju\u0107i kompatibilnost s ve\u0107inom \u010dita\u010da kartica i pametnih telefona.<\/li>\n<li><strong>Sigurna razmjena informacija:<\/strong>\u00a0S jakim algoritmima \u0161ifriranja va\u0161i podaci ostaju sigurni kada se dijele putem kartice.<\/li>\n<li><strong>Izdr\u017eljivost:<\/strong>\u00a0Izra\u0111ena od visokokvalitetnog PVC-a, kartica je vodootporna i otporna na vremenske uvjete, osiguravaju\u0107i da mo\u017ee izdr\u017eati svakodnevno rukovanje.<\/li>\n<\/ul>\n<p>&nbsp;<\/p>\n<h2 style=\"text-align: center;\"><span style=\"color: #000080;\"><strong>Utjecaj na okoli\u0161<\/strong><\/span><\/h2>\n<p>Prebacivanje na <strong>NFC posjetnice<\/strong>\u00a0ne samo da koristi va\u0161em profesionalnom imid\u017eu, ve\u0107 i podr\u017eava odr\u017eive poslovne prakse.<\/p>\n<ul>\n<li><strong>Smanjena potro\u0161nja papira:<\/strong>\u00a0Kori\u0161tenjem NFC tehnologije pridonosite smanjenju uglji\u010dnog otiska.<\/li>\n<li><strong>Dugovje\u010dnost:<\/strong>\u00a0S duljim \u017eivotnim ciklusom od tradicionalnih kartica, rezultiraju s manje otpada tijekom vremena.<\/li>\n<\/ul>\n<p>&nbsp;<\/p>\n<h2 style=\"text-align: center;\"><span style=\"color: #000080;\"><strong>Recenzije i izjave kupaca<\/strong><\/span><\/h2>\n<p>Pozitivne povratne informacije kupaca pokazuju u\u010dinkovitost i pouzdanost prilago\u0111ene NFC posjetnice s PVC logotipom. Mnogi korisnici primje\u0107uju:<\/p>\n<ul>\n<li><strong>Pobolj\u0161ane mogu\u0107nosti umre\u017eavanja:<\/strong>\u00a0Korisnici su podijelili pri\u010de o tome kako su te kartice olak\u0161ale povezivanje.<\/li>\n<li><strong>Impresionirani klijenti:<\/strong>\u00a0Tvrtke su izvijestile da su potencijalni klijenti \u010desto zate\u010deni inovativnom prirodom NFC tehnologije.<\/li>\n<\/ul>\n<p>&nbsp;<\/p>\n<h2 style=\"text-align: center;\"><span style=\"color: #000080;\"><strong>FAQ<\/strong><\/span><\/h2>\n<p><span style=\"color: #008080;\"><strong>P1: Jesu li ove kartice kompatibilne s iOS i Android ure\u0111ajima?<\/strong><\/span><\/p>\n<\/div>\n<\/div>\n<\/div>\n<\/div>\n<\/div>\n<\/div>\n<\/div>\n<\/div>\n<div class=\"message-item-outer relative px-4 mb-2\" data-id=\"a0d48a34-bc73-4dbc-bdef-014d374b33ed\">\n<div class=\"content-area pl-[0px]\">\n<div class=\"message-item select-text relative\">\n<div class=\"message-inner relative\">\n<div class=\"py-[2px]\">\n<div class=\"flex flex-col gap-2\">\n<div class=\"answer-markdown-box overflow-x-auto select-text custom-scrollbar\">\n<div class=\"markdown-body\">\n<p><strong>A1:<\/strong>\u00a0Da, prilago\u0111ene NFC posjetnice s PVC logotipom kompatibilne su s iOS i Android ure\u0111ajima koji podr\u017eavaju NFC tehnologiju. To osigurava da se mo\u017eete neprimjetno povezati sa \u0161irokim rasponom korisnika, bez obzira na njihovu marku pametnog telefona.<\/p>\n<hr \/>\n<p><span style=\"color: #008080;\"><strong>P2: Kako mogu programirati ili reprogramirati NFC karticu?<\/strong><\/span><\/p>\n<p><strong>A2:<\/strong>\u00a0Programiranje i reprogramiranje va\u0161e NFC kartice mo\u017ee se izvr\u0161iti pomo\u0107u pametnih telefona s NFC-om ili NFC ure\u0111aja za pisanje. Jednostavno preuzmite NFC aplikaciju za pisanje, dr\u017eite svoju NFC karticu blizu ure\u0111aja i slijedite upite aplikacije za unos \u017eeljenih informacija.<\/p>\n<hr \/>\n<p><strong><span style=\"color: #008080;\">P3: Mogu li koristiti ove kartice za pla\u0107anje?<\/span><\/strong><\/p>\n<p><strong>A3:<\/strong>\u00a0Dok su NFC posjetnice prvenstveno dizajnirane za dijeljenje informacija, mogu se konfigurirati za povezivanje s aplikacijama za mobilno pla\u0107anje. Me\u0111utim, one same po sebi nemaju zna\u010dajku obrade pla\u0107anja kao namjenske platne kartice.<\/p>\n<hr \/>\n<h3><\/h3>\n<h2 style=\"text-align: center;\"><span style=\"color: #000080;\"><strong>Jeste li spremni pobolj\u0161ati svoje iskustvo umre\u017eavanja?<\/strong><\/span><\/h2>\n<p>Transformirajte svoje profesionalne interakcije s na\u0161im\u00a0<strong>Prilago\u0111ene NFC posjetnice s tiskanim PVC logotipom<\/strong>. Da biste istra\u017eili vi\u0161e o na\u0161im proizvodima ili naru\u010dili,\u00a0<a href=\"\/\/dhoenijjpgpeimemopealfcbiecgceod\/sidepanel.html#\" target=\"_blank\" rel=\"noopener\">kliknite ovdje<\/a>\u00a0da ispunite na\u0161 obrazac za upit. Va\u0161e moderno mre\u017eno rje\u0161enje \u010deka! Za vi\u0161e informacija o NFC tehnologiji, posjetite na\u0161\u00a0<a href=\"\/\/dhoenijjpgpeimemopealfcbiecgceod\/sidepanel.html#\" target=\"_blank\" rel=\"noopener\">NFC resursi<\/a>\u00a0stranici ili pro\u010ditajte o\u00a0<strong>evolucija MIFARE tehnologije<\/strong>\u00a0u poslu danas\u00a0<a href=\"\/\/dhoenijjpgpeimemopealfcbiecgceod\/sidepanel.html#\" target=\"_blank\" rel=\"noopener\">ovdje<\/a>. Prihvatite budu\u0107nost komunikacije s povjerenjem!<\/p>\n<\/div>\n<\/div>\n<\/div>\n<\/div>\n<\/div>\n<\/div>\n<\/div>\n<\/div>","protected":false},"excerpt":{"rendered":"<p>Otkrijte prilago\u0111enu NFC posjetnicu s PVC logotipom, moderno rje\u0161enje za besprijekorno umre\u017eavanje. Unaprijedite svoju marku personaliziranom beskontaktnom tehnologijom.<\/p>","protected":false},"featured_media":3350,"template":"","meta":[],"product_brand":[],"product_cat":[46],"product_tag":[],"class_list":{"0":"post-3358","1":"product","2":"type-product","3":"status-publish","4":"has-post-thumbnail","6":"product_cat-nfc-cards","8":"first","9":"instock","10":"shipping-taxable","11":"product-type-simple"},"_links":{"self":[{"href":"https:\/\/nfc-readers.com\/hr\/wp-json\/wp\/v2\/product\/3358","targetHints":{"allow":["GET"]}}],"collection":[{"href":"https:\/\/nfc-readers.com\/hr\/wp-json\/wp\/v2\/product"}],"about":[{"href":"https:\/\/nfc-readers.com\/hr\/wp-json\/wp\/v2\/types\/product"}],"wp:featuredmedia":[{"embeddable":true,"href":"https:\/\/nfc-readers.com\/hr\/wp-json\/wp\/v2\/media\/3350"}],"wp:attachment":[{"href":"https:\/\/nfc-readers.com\/hr\/wp-json\/wp\/v2\/media?parent=3358"}],"wp:term":[{"taxonomy":"product_brand","embeddable":true,"href":"https:\/\/nfc-readers.com\/hr\/wp-json\/wp\/v2\/product_brand?post=3358"},{"taxonomy":"product_cat","embeddable":true,"href":"https:\/\/nfc-readers.com\/hr\/wp-json\/wp\/v2\/product_cat?post=3358"},{"taxonomy":"product_tag","embeddable":true,"href":"https:\/\/nfc-readers.com\/hr\/wp-json\/wp\/v2\/product_tag?post=3358"}],"curies":[{"name":"wp","href":"https:\/\/api.w.org\/{rel}","templated":true}]}}