{"id":3365,"date":"2024-11-01T14:47:51","date_gmt":"2024-11-01T14:47:51","guid":{"rendered":"https:\/\/nfc-readers.com\/?post_type=product&#038;p=3365"},"modified":"2024-11-01T15:00:46","modified_gmt":"2024-11-01T15:00:46","slug":"custom-read-write-flexible-ntag213-215-216-epoxy-nfc-tag","status":"publish","type":"product","link":"https:\/\/nfc-readers.com\/hr\/ic-reader\/custom-read-write-flexible-ntag213-215-216-epoxy-nfc-tag\/","title":{"rendered":"Prilago\u0111ena fleksibilna NTAG213 215 216 epoksi NFC oznaka za \u010ditanje i pisanje"},"content":{"rendered":"<h1 style=\"text-align: center;\"><strong>Prilago\u0111ena fleksibilna NTAG213 215 216 epoksi NFC oznaka za \u010ditanje i pisanje<\/strong><\/h1>\n<p>&nbsp;<\/p>\n<p>U dana\u0161njem brzom digitalnom svijetu tehnologija NFC (Near Field Communication) mijenja na\u010din na koji komuniciramo s na\u0161im ure\u0111ajima, dijelimo informacije i povezujemo se s potro\u0161a\u010dima. The <strong>Prilago\u0111ena fleksibilna NTAG213\/215\/216 epoksi NFC oznaka za \u010ditanje i pisanje<\/strong>\u00a0je inovativan proizvod osmi\u0161ljen kako bi pobolj\u0161ao va\u0161e komunikacijske mogu\u0107nosti, a istodobno je svestran i jednostavan za kori\u0161tenje. Sa svojim vodootpornim mogu\u0107nostima, prilagodljivim zna\u010dajkama i nizom aplikacija, ova NFC oznaka isti\u010de se kao najbolji izbor za tvrtke i pojedince.<\/p>\n<p>Iskori\u0161tavanjem snage NFC-a mo\u017eete pojednostaviti interakcije, pove\u0107ati u\u010dinkovitost i izravno uklju\u010diti korisnike. Bez obzira tra\u017eite li NFC oznake za dijeljenje na dru\u0161tvenim mre\u017eama ili za stvaranje pametnih rje\u0161enja, ovaj proizvod nudi savr\u0161en spoj funkcionalnosti i prakti\u010dnosti. Pobolj\u0161ajte svoju operativnu u\u010dinkovitost i anga\u017eman korisnika uklju\u010divanjem ovih <strong>NFC oznake<\/strong>\u00a0u svoju strategiju danas!<\/p>\n<p>&nbsp;<\/p>\n<h3><strong>Posebne zna\u010dajke NTAG213\/215\/216 epoksi NFC oznake<\/strong><\/h3>\n<p>The\u00a0<strong>Prilago\u0111ena fleksibilna NTAG213\/215\/216 epoksi NFC oznaka za \u010ditanje i pisanje<\/strong>\u00a0dolazi opremljen s mno\u0161tvom\u00a0<strong>posebne zna\u010dajke<\/strong>\u00a0koji ga razlikuju od standardnih NFC oznaka.<\/p>\n<ul>\n<li><strong>Vodootporan\/otporan na vremenske uvjete:<\/strong>\u00a0Ove NFC oznake izra\u0111ene su od materijala koji osiguravaju trajnost i funkcionalnost u razli\u010ditim uvjetima okoline. Bez obzira koriste li se u zatvorenom ili otvorenom prostoru, otporni su na vlagu i napravljeni su da izdr\u017ee surovosti razli\u010ditih klimatskih uvjeta.<\/li>\n<li><strong>Prilagodljiva veli\u010dina i oblik:<\/strong>\u00a0Dostupan u standardnoj veli\u010dini od\u00a0<strong>25 mm<\/strong>, s opcijama za prilagodbu, ove\u00a0<strong>NFC naljepnice<\/strong>\u00a0mo\u017ee se prilagoditi za ispunjavanje specifi\u010dnih zahtjeva projekta ili potrebe brendiranja.<\/li>\n<li><strong>Mogu\u0107nosti ponovno upisive memorije:<\/strong>\u00a0Ovisno o odabranoj vrsti \u010dipa, memorija mo\u017ee varirati od\u00a0<strong>144 do 888 bajtova<\/strong>, omogu\u0107uju\u0107i korisnicima pohranu bitnih informacija, kao \u0161to su URL-ovi, podaci o kontaktu ili podaci o aplikaciji. Ovo omogu\u0107uje\u00a0<strong>NFC oznake koje se mogu prepisivati<\/strong>\u00a0prenamijeniti za razli\u010dite kampanje i aplikacije prema potrebi.<\/li>\n<\/ul>\n<p>U digitalnom okru\u017eenju u kojem se informacije stalno a\u017euriraju, prilagodljive i fleksibilne opcije neprocjenjive su za tvrtke koje \u017eele zadr\u017eati relevantnost.<\/p>\n<p>&nbsp;<\/p>\n<h3><strong>Prednosti kori\u0161tenja \u010dipova NTAG213, NTAG215 i NTAG216<\/strong><\/h3>\n<p>Svaki \u010dip unutar NTAG serije nudi jedinstvene prednosti koje zadovoljavaju razli\u010dite potrebe korisnika:<\/p>\n<ul>\n<li><strong>NTAG213:<\/strong>\u00a0Dizajniran za jednostavne aplikacije, ovaj \u010dip nudi dovoljno prostora za pohranu i osnovne funkcije, idealne za dijeljenje URL-ova ili podataka za kontakt.<\/li>\n<li><strong>NTAG215:<\/strong>\u00a0S pro\u0161irenim memorijskim mogu\u0107nostima, NTAG215 je savr\u0161en za slo\u017eenije aplikacije, kao \u0161to je mobilno igranje, i stvaranje iskustava dovoljno interaktivnih da se isti\u010du.<\/li>\n<li><strong>NTAG216:<\/strong>\u00a0Za one kojima je potrebno jo\u0161 vi\u0161e pohrane podataka, NTAG216 pru\u017ea najve\u0107i kapacitet memorije u seriji, \u0161to ga \u010dini prikladnim za aplikacije koje zahtijevaju opse\u017eniji prijenos ili pohranu podataka<\/li>\n<\/ul>\n<p>&nbsp;<\/p>\n<h3><strong>\u010cesto postavljana pitanja (FAQ)<\/strong><\/h3>\n<h3>1.\u00a0<strong>Koje su vrste NFC oznaka dostupne?<\/strong><\/h3>\n<p>Postoje razli\u010dite vrste NFC oznaka, uklju\u010duju\u0107i NTAG213, NTAG215 i NTAG216. Svaki nudi razli\u010dite memorijske kapacitete i funkcionalnosti. Osim toga, postoje oznake koje se mogu prepisivati, ljepljive naljepnice i specijalizirane oznake dizajnirane za specifi\u010dne povr\u0161ine, uklju\u010duju\u0107i metalne i nametalne aplikacije.<\/p>\n<h3>2.\u00a0<strong>Kako mogu znati podr\u017eava li moj telefon NFC?<\/strong><\/h3>\n<p>Ve\u0107ina pametnih telefona proizvedenih posljednjih godina, i Android i iOS ure\u0111aji, opremljeni su NFC tehnologijom. Mo\u017eete provjeriti specifikacije ili postavke svog ure\u0111aja kako biste saznali je li NFC podr\u017ean. Potra\u017eite opciju NFC u izborniku postavki ili konzultirajte web mjesto proizvo\u0111a\u010da.<\/p>\n<h3>3.\u00a0<strong>Mogu li prepisati podatke na NFC oznakama?<\/strong><\/h3>\n<p>Da! Na\u0161e\u00a0<strong>NTAG213\/215\/216 NFC oznake<\/strong>\u00a0mogu se ponovno pisati, \u0161to zna\u010di da mo\u017eete a\u017eurirati ili promijeniti podatke pohranjene na njima vi\u0161e puta. To ih \u010dini svestranim rje\u0161enjem za poslovne i osobne potrebe, omogu\u0107uju\u0107i jednostavno a\u017euriranje bez potrebe za zamjenom oznake.<\/p>\n<h3>4.\u00a0<strong>Koja je udaljenost \u010ditanja za NFC oznake?<\/strong><\/h3>\n<p>Tipi\u010dno, NFC oznake imaju udaljenost \u010ditanja od\u00a0<strong>1-5 cm<\/strong>. Ovaj mali domet osigurava sigurnu i izravnu komunikaciju izme\u0111u NFC oznake i ure\u0111aja koji podr\u017eava NFC.<\/p>\n<h3>5.\u00a0<strong>Jesu li NFC oznake vodootporne?<\/strong><\/h3>\n<p>Da, na\u0161\u00a0<strong>Prilago\u0111ene fleksibilne NTAG213\/215\/216 epoksi NFC oznake za \u010ditanje i pisanje<\/strong>\u00a0dizajnirani su da budu vodootporni i otporni na vremenske uvjete, \u0161to ih \u010dini prikladnima za vanjsku upotrebu i razli\u010dite uvjete okoline.<\/p>","protected":false},"excerpt":{"rendered":"<p>Prilago\u0111ena fleksibilna NTAG213\/215\/216 epoksidna NFC oznaka za \u010ditanje i pisanje nudi izdr\u017eljiva i vodootporna rje\u0161enja za svestrane primjene, omogu\u0107uju\u0107i besprijekorno dijeljenje podataka i interakciju. Savr\u0161eno za marketing, dru\u0161tvene medije i vi\u0161e!<\/p>","protected":false},"featured_media":3366,"template":"","meta":[],"product_brand":[],"product_cat":[47],"product_tag":[],"class_list":{"0":"post-3365","1":"product","2":"type-product","3":"status-publish","4":"has-post-thumbnail","6":"product_cat-nfc-tags","8":"first","9":"instock","10":"shipping-taxable","11":"product-type-simple"},"_links":{"self":[{"href":"https:\/\/nfc-readers.com\/hr\/wp-json\/wp\/v2\/product\/3365","targetHints":{"allow":["GET"]}}],"collection":[{"href":"https:\/\/nfc-readers.com\/hr\/wp-json\/wp\/v2\/product"}],"about":[{"href":"https:\/\/nfc-readers.com\/hr\/wp-json\/wp\/v2\/types\/product"}],"wp:featuredmedia":[{"embeddable":true,"href":"https:\/\/nfc-readers.com\/hr\/wp-json\/wp\/v2\/media\/3366"}],"wp:attachment":[{"href":"https:\/\/nfc-readers.com\/hr\/wp-json\/wp\/v2\/media?parent=3365"}],"wp:term":[{"taxonomy":"product_brand","embeddable":true,"href":"https:\/\/nfc-readers.com\/hr\/wp-json\/wp\/v2\/product_brand?post=3365"},{"taxonomy":"product_cat","embeddable":true,"href":"https:\/\/nfc-readers.com\/hr\/wp-json\/wp\/v2\/product_cat?post=3365"},{"taxonomy":"product_tag","embeddable":true,"href":"https:\/\/nfc-readers.com\/hr\/wp-json\/wp\/v2\/product_tag?post=3365"}],"curies":[{"name":"wp","href":"https:\/\/api.w.org\/{rel}","templated":true}]}}