{"id":3372,"date":"2024-11-01T14:57:52","date_gmt":"2024-11-01T14:57:52","guid":{"rendered":"https:\/\/nfc-readers.com\/?post_type=product&#038;p=3372"},"modified":"2024-11-01T14:57:52","modified_gmt":"2024-11-01T14:57:52","slug":"13-56mhz-iso14443a-anti-fake-ntag-424-tamper-nfc-sticker","status":"publish","type":"product","link":"https:\/\/nfc-readers.com\/hr\/ic-reader\/13-56mhz-iso14443a-anti-fake-ntag-424-tamper-nfc-sticker\/","title":{"rendered":"13,56 MHZ ISO14443A Anti-Fake NTAG 424 Tamper NFC naljepnica"},"content":{"rendered":"<h1 style=\"text-align: center;\"><strong>13,56 MHZ ISO14443A Anti-Fake NTAG 424 Tamper NFC naljepnica<\/strong><\/h1>\n<p>&nbsp;<\/p>\n<p>The\u00a0<strong>13,56MHz ISO14443A Anti-Fake NTAG 424 Tamper NFC naljepnica<\/strong>\u00a0predstavlja vrhunsko rje\u0161enje u digitalnoj autentifikaciji i tehnologiji protiv krivotvorenja. Projektirana s naprednim zna\u010dajkama, ova NFC naljepnica koristi snagu RFID komunikacije i ugra\u0111ena je s NTAG424 DNK \u010dipom, koji tvrtkama i pojedincima omogu\u0107uje za\u0161titu proizvoda i osjetljivih informacija od prijetnji krivotvorina.<\/p>\n<p>Na dana\u0161njem tr\u017ei\u0161tu klju\u010dno je osigurati autenti\u010dnost proizvoda, a ova NFC oznaka nudi tvrtkama pristupa\u010dan i u\u010dinkovit na\u010din da to u\u010dine. Bilo da ste trgovac na malo koji \u017eeli pobolj\u0161ati sigurnost proizvoda ili pojedinac koji \u017eeli provjeriti autenti\u010dnost robe, ulaganje u na\u0161e NTAG 424 NFC naljepnice pametan je izbor.<\/p>\n<p>&nbsp;<\/p>\n<h3><strong>Zna\u010dajke i prednosti proizvoda<\/strong><\/h3>\n<p>&nbsp;<\/p>\n<h3>1. Napredna tehnologija protiv krivotvorina<\/h3>\n<p>The\u00a0<strong>NTAG 424 DNA NFC oznaka<\/strong>\u00a0koristi najsuvremeniju tehnologiju protiv krivotvorina koja korisnicima omogu\u0107uje neometanu provjeru autenti\u010dnosti proizvoda. Ugra\u0111ena za\u0161tita lozinkom i sigurna \u0161ifrirana komunikacija osiguravaju da samo ovla\u0161teni korisnici mogu pristupiti osjetljivim informacijama. Bez obzira koristite li je za robne marke, kolekcionarske proizvode ili \u010dak osobne stvari, ova NFC naljepnica nudi bezbri\u017enost znaju\u0107i da je svaka oznaka za\u0161ti\u0107ena od neovla\u0161tenog otvaranja.<\/p>\n<ul>\n<li><strong>Ugra\u0111ene sigurnosne zna\u010dajke:<\/strong>\u00a0\u010cip NTAG 424 uklju\u010duje vi\u0161e opcija \u0161ifriranja za u\u010dinkovitu za\u0161titu va\u0161ih podataka.<\/li>\n<li><strong>Jednostavan pristup:<\/strong>\u00a0Potro\u0161a\u010di mogu provjeriti autenti\u010dnost jednostavnim dodirom, \u0161to ga \u010dini bez problema.<\/li>\n<\/ul>\n<h3>2. Svestrano komunikacijsko su\u010delje<\/h3>\n<p>Izgra\u0111ena na protokolu ISO 14443A, na\u0161a NFC naljepnica podr\u017eava oboje\u00a0<strong>RFID<\/strong>\u00a0i NFC komunikacijska su\u010delja, \u0161to ga \u010dini kompatibilnim sa \u0161irokim rasponom ure\u0111aja, uklju\u010duju\u0107i pametne telefone, tablete i \u010dita\u010de s NFC-om. Ova svestranost osigurava da kupci mogu lako pristupiti informacijama o proizvodu, pove\u0107avaju\u0107i anga\u017eman i lojalnost kupaca.<\/p>\n<ul>\n<li><strong>Kompatibilni ure\u0111aji:<\/strong>\u00a0Besprijekorno radi s Androidom, iPhoneom i drugim NFC ure\u0111ajima.<\/li>\n<li><strong>Pobolj\u0161ano korisni\u010dko iskustvo:<\/strong>\u00a0Kupci mogu komunicirati s proizvodima bez napora.<\/li>\n<\/ul>\n<h3>3. Mogu\u0107nosti prilago\u0111ene veli\u010dine<\/h3>\n<p>Dok je\u00a0<strong>NTAG 424 Tamper NFC naljepnica<\/strong>\u00a0dostupan je u standardnim veli\u010dinama, nudimo prilagodbu za specifi\u010dne potrebe. Opcije uklju\u010duju:<\/p>\n<ul>\n<li><strong>Opcije promjera:<\/strong>\u00a0Veli\u010dine koje se mogu konfigurirati, uklju\u010duju\u0107i 25 mm i 45 mm x 30 mm.<\/li>\n<li><strong>Raznolikost oblika:<\/strong>\u00a0Pravokutni, kru\u017eni ili prilago\u0111eni obrisi koji nadopunjuju estetiku va\u0161e marke.<\/li>\n<\/ul>\n<p>Ove razli\u010dite veli\u010dine i opcije oblika omogu\u0107uju tvrtkama stvaranje jedinstvenih iskustava brendiranja, osiguravaju\u0107i da se njihovi proizvodi isti\u010du na policama.<\/p>\n<h3>4. Izdr\u017eljiv i pouzdan materijal<\/h3>\n<p>Izra\u0111ene od premazanog papira i PET-a, ove NFC naljepnice dizajnirane su za izdr\u017eljivost i pouzdanost u razli\u010ditim uvjetima okoline. Njihov robusni materijal otporan je na habanje, \u0161to ih \u010dini prikladnima za unutarnju i vanjsku primjenu.<\/p>\n<ul>\n<li><strong>Vodootporne opcije:<\/strong>\u00a0Pove\u0107ajte izdr\u017eljivost i dugovje\u010dnost, savr\u0161eno za proizvode izlo\u017eene vlazi.<\/li>\n<li><strong>Kvaliteta ljepila:<\/strong>\u00a0Sna\u017eno prianjanje osigurava da naljepnice ostanu netaknute na razli\u010ditim povr\u0161inama.<\/li>\n<\/ul>\n<p>&nbsp;<\/p>\n<h3><strong>Tehni\u010dke specifikacije<\/strong><\/h3>\n<p>&nbsp;<\/p>\n<table class=\"w-fit !mb-0 !max-w-none\" style=\"height: 373px;\" width=\"446\">\n<thead>\n<tr>\n<th>Zna\u010dajka<\/th>\n<th>Specifikacija<\/th>\n<\/tr>\n<\/thead>\n<tbody>\n<tr>\n<td>Frekvencija<\/td>\n<td>13,56 MHz<\/td>\n<\/tr>\n<tr>\n<td>Protokol<\/td>\n<td>ISO 14443A<\/td>\n<\/tr>\n<tr>\n<td>\u010cip<\/td>\n<td>NTAG424 DNK<\/td>\n<\/tr>\n<tr>\n<td>Materijal<\/td>\n<td>Premazani papir, PET<\/td>\n<\/tr>\n<tr>\n<td>Opcije veli\u010dine<\/td>\n<td>Promjer 25 mm, 45 mm x 30 mm (prilago\u0111eno)<\/td>\n<\/tr>\n<tr>\n<td>Udaljenost \u010ditanja<\/td>\n<td>1-10 cm<\/td>\n<\/tr>\n<tr>\n<td>Mogu\u0107nosti ispisa<\/td>\n<td>CMYK, ofset, sitotisak<\/td>\n<\/tr>\n<tr>\n<td>Mjesto podrijetla<\/td>\n<td>Guangdong, Kina<\/td>\n<\/tr>\n<tr>\n<td>Naziv marke<\/td>\n<td>SHUNXIN<\/td>\n<\/tr>\n<tr>\n<td>Broj modela<\/td>\n<td>SX-NFC<\/td>\n<\/tr>\n<tr>\n<td>Prodaja jedinica<\/td>\n<td>Pojedina\u010dna stavka<\/td>\n<\/tr>\n<tr>\n<td>Veli\u010dina paketa<\/td>\n<td>0,3 x 0,3 x 0,02 cm<\/td>\n<\/tr>\n<tr>\n<td>Bruto te\u017eina<\/td>\n<td>0,001 kg<\/td>\n<\/tr>\n<\/tbody>\n<\/table>\n<h3><\/h3>\n<h3><strong>\u010cesto postavljana pitanja (FAQ)<\/strong><\/h3>\n<p><strong>P: Mogu li prilagoditi veli\u010dinu NFC naljepnice?<\/strong><br \/>\n<strong>A:<\/strong>\u00a0Da, nudimo prilagodbu veli\u010dine NFC naljepnica. Dok standardne veli\u010dine uklju\u010duju promjer od 25 mm i 45 mm x 30 mm, mo\u017eete zatra\u017eiti specifi\u010dne dimenzije kako biste ispunili svoje zahtjeve.<\/p>\n<hr \/>\n<p><strong>P: Kako funkcionira zna\u010dajka protiv krivotvorina?<\/strong><br \/>\n<strong>A:<\/strong>\u00a0NTAG 424 DNA \u010dip uklju\u010duje napredne protokole \u0161ifriranja i provjere autenti\u010dnosti. Kada korisnik skenira NFC naljepnicu s ure\u0111ajem koji podr\u017eava NFC, on provjerava integritet podataka, omogu\u0107uju\u0107i korisnicima da potvrde autenti\u010dnost proizvoda.<\/p>\n<hr \/>\n<p><strong>P: Koji su ure\u0111aji kompatibilni s NTAG 424 NFC naljepnicom?<\/strong><br \/>\n<strong>A:<\/strong>\u00a0Na\u0161e NFC naljepnice kompatibilne su sa svim ure\u0111ajima koji podr\u017eavaju NFC, uklju\u010duju\u0107i ve\u0107inu modernih pametnih telefona i tableta s operativnim sustavima Android i iOS. Jednostavno provjerite ima li va\u0161 ure\u0111aj omogu\u0107en NFC.<\/p>\n<hr \/>\n<p><strong>P: Koji se materijali koriste za proizvodnju NFC naljepnica?<\/strong><br \/>\n<strong>A:<\/strong>\u00a0Naljepnice su izra\u0111ene od premazanog papira i PET-a, \u0161to osigurava trajnost i otpornost na habanje. Dizajnirani su za odr\u017eavanje kvalitete \u010dak iu razli\u010ditim uvjetima okoline.<\/p>\n<p>&nbsp;<\/p>","protected":false},"excerpt":{"rendered":"<p>13,56MHz ISO14443A Anti-Fake NTAG 424 Tamper NFC naljepnica nudi napredne zna\u010dajke protiv krivotvorenja, osiguravaju\u0107i autenti\u010dnost i sigurnost proizvoda. Njegov kompaktni dizajn omogu\u0107uje jednostavnu integraciju u razli\u010dite aplikacije, pru\u017eaju\u0107i pouzdanu NFC funkcionalnost za siguran pristup i prijenos podataka.<\/p>","protected":false},"featured_media":3373,"template":"","meta":[],"product_brand":[],"product_cat":[48],"product_tag":[],"class_list":{"0":"post-3372","1":"product","2":"type-product","3":"status-publish","4":"has-post-thumbnail","6":"product_cat-nfc-stickers","8":"first","9":"instock","10":"shipping-taxable","11":"product-type-simple"},"_links":{"self":[{"href":"https:\/\/nfc-readers.com\/hr\/wp-json\/wp\/v2\/product\/3372","targetHints":{"allow":["GET"]}}],"collection":[{"href":"https:\/\/nfc-readers.com\/hr\/wp-json\/wp\/v2\/product"}],"about":[{"href":"https:\/\/nfc-readers.com\/hr\/wp-json\/wp\/v2\/types\/product"}],"wp:featuredmedia":[{"embeddable":true,"href":"https:\/\/nfc-readers.com\/hr\/wp-json\/wp\/v2\/media\/3373"}],"wp:attachment":[{"href":"https:\/\/nfc-readers.com\/hr\/wp-json\/wp\/v2\/media?parent=3372"}],"wp:term":[{"taxonomy":"product_brand","embeddable":true,"href":"https:\/\/nfc-readers.com\/hr\/wp-json\/wp\/v2\/product_brand?post=3372"},{"taxonomy":"product_cat","embeddable":true,"href":"https:\/\/nfc-readers.com\/hr\/wp-json\/wp\/v2\/product_cat?post=3372"},{"taxonomy":"product_tag","embeddable":true,"href":"https:\/\/nfc-readers.com\/hr\/wp-json\/wp\/v2\/product_tag?post=3372"}],"curies":[{"name":"wp","href":"https:\/\/api.w.org\/{rel}","templated":true}]}}