{"id":3379,"date":"2024-11-02T11:48:42","date_gmt":"2024-11-02T11:48:42","guid":{"rendered":"https:\/\/nfc-readers.com\/?post_type=product&#038;p=3379"},"modified":"2024-11-04T08:54:15","modified_gmt":"2024-11-04T08:54:15","slug":"custom-ntag-215-digital-smart-nfc-business-card","status":"publish","type":"product","link":"https:\/\/nfc-readers.com\/hr\/ic-reader\/custom-ntag-215-digital-smart-nfc-business-card\/","title":{"rendered":"Prilago\u0111ena NTAG 215 digitalna pametna NFC posjetnica"},"content":{"rendered":"<h1><span style=\"color: #000080;\"><strong>Prilago\u0111ena NTAG 215 digitalna pametna NFC posjetnica<\/strong><\/span><\/h1>\n<p><span style=\"color: #666699;\">Revolucioniranje umre\u017eavanja U dana\u0161njem brzom digitalnom svijetu, ostaviti nezaboravan dojam je klju\u010dno. The <strong>Prilago\u0111ena NTAG215 digitalna pametna NFC posjetnica<\/strong>\u00a0nudi inovativno rje\u0161enje za profesionalce koji se \u017eele istaknuti i u\u010dinkovito dijele svoje podatke za kontakt na moderan na\u010din. Dizajnirana za besprijekoran rad s razli\u010ditim ure\u0111ajima, ova kartica transformira tradicionalni pristup umre\u017eavanju u elegantno, tehni\u010dki potkovano iskustvo.<\/span><\/p>\n<p>&nbsp;<\/p>\n<h2 style=\"text-align: center;\"><span style=\"color: #000080;\"><em><strong>Prednosti prilago\u0111ene NTAG215 NFC poslovne kartice<\/strong><\/em><\/span><\/h2>\n<p><span style=\"color: #666699;\">The\u00a0<strong>Prilago\u0111ena NTAG215 digitalna pametna NFC posjetnica<\/strong>\u00a0pru\u017ea jedinstvenu mje\u0161avinu prakti\u010dnosti, trajnosti i funkcionalnosti. Neke klju\u010dne prednosti uklju\u010duju:<\/span><\/p>\n<ol>\n<li><strong>Trenuta\u010dno povezivanje<\/strong>: Jednostavno prislanjanje kartice na ure\u0111aj s omogu\u0107enom NFC-om omogu\u0107uje va\u0161im potencijalnim klijentima ili vezama trenuta\u010dni pristup va\u0161im podacima za kontakt, profilima na dru\u0161tvenim mre\u017eama ili promotivnom materijalu. Nema vi\u0161e petljanja po nov\u010daniku ili torbici.<\/li>\n<li><strong>Izdr\u017eljiv i vodootporan<\/strong>: Izra\u0111ena od visokokvalitetnog PVC-a, ova se kartica mo\u017ee pohvaliti zna\u010dajkama vodootpornosti i otpornosti na vremenske uvjete, osiguravaju\u0107i da \u0107e izdr\u017eati svakodnevno habanje.<\/li>\n<li><strong>Prilagodljiv dizajn<\/strong>: Mogu\u0107nosti personalizacije, kao \u0161to su jedinstveni stilovi ispisa i zavr\u0161ne obrade poput mat, sjajne ili matirane prozirnice, omogu\u0107uju vam da u potpunosti izrazite identitet svoje marke.<\/li>\n<\/ol>\n<hr \/>\n<h2 style=\"text-align: center;\"><em><span style=\"color: #000080;\"><strong>Opis proizvoda<\/strong><\/span><\/em><\/h2>\n<h3><span style=\"color: #333399;\"><strong>1. \u0160to je prilago\u0111ena NTAG215 NFC posjetnica?<\/strong><\/span><\/h3>\n<p><span style=\"color: #666699;\">The\u00a0<strong>Prilago\u0111ena NTAG215 digitalna pametna NFC posjetnica<\/strong>\u00a0je moderan mre\u017eni alat s ugra\u0111enom naprednom NFC tehnologijom. Ova kartica je potpuno funkcionalna\u00a0<strong>RFID<\/strong>\u00a0ure\u0111aj koji radi na frekvenciji od\u00a0<strong>13,56MHz<\/strong>. Korisnici mogu stvoriti prilago\u0111eno digitalno iskustvo programiranjem ove kartice za razli\u010dite radnje, poput povezivanja na web mjesto ili spremanja podataka za kontakt.<\/span><\/p>\n<p>&nbsp;<\/p>\n<h3><span style=\"color: #333399;\"><strong>2. Klju\u010dne zna\u010dajke NTAG215 NFC kartice<\/strong><\/span><\/h3>\n<h3><strong>Ova NFC posjetnica uklju\u010duje nekoliko zna\u010dajnih klju\u010dnih atributa:<\/strong><\/h3>\n<ul>\n<li><strong>Tehnologija \u010dipova<\/strong>: Opremljena \u010dipom NTAG215, koji je registrirani za\u0161titni znak NXP-a, ova kartica podr\u017eava funkcije \u010ditanja i pisanja.<\/li>\n<li><strong>Udaljenost \u010ditanja<\/strong>: Kartica se mo\u017ee u\u010dinkovito o\u010ditati s udaljenosti od\u00a0<strong>1-20 cm<\/strong>, pru\u017eaju\u0107i fleksibilnost za kori\u0161tenje.<\/li>\n<li><strong>Veli\u010dina i debljina<\/strong>: Dimenzije kartice su\u00a0<strong>85,5 x54 x0,84 mm<\/strong>, \u0161to ga \u010dini standardnom veli\u010dinom za lako no\u0161enje.<\/li>\n<\/ul>\n<p>&nbsp;<\/p>\n<h3 style=\"text-align: left;\"><span style=\"color: #333399;\"><strong>3. Tehni\u010dke specifikacije<\/strong><\/span><\/h3>\n<div class=\"table-with-header rounded-lg border border-solid border-grey-line2-normal w-fit max-w-full mb-2\">\n<div class=\"table-with-header rounded-lg border border-solid border-grey-line2-normal w-fit max-w-full mb-2\">\n<div class=\"overflow-x-auto custom-scrollbar custom-scrollbar-float max-w-full\">\n<table class=\"w-fit !mb-0 !max-w-none\">\n<thead>\n<tr>\n<th><strong>Specifikacija<\/strong><\/th>\n<th><strong>pojedinosti<\/strong><\/th>\n<\/tr>\n<\/thead>\n<tbody>\n<tr>\n<td><strong>Vrsta \u010dipa<\/strong><\/td>\n<td>NTAG\u00ae215<\/td>\n<\/tr>\n<tr>\n<td><strong>Radna frekvencija<\/strong><\/td>\n<td>13,56 MHz<\/td>\n<\/tr>\n<tr>\n<td><strong>Komunikacijsko su\u010delje<\/strong><\/td>\n<td>RFID<\/td>\n<\/tr>\n<tr>\n<td><strong>Materijal<\/strong><\/td>\n<td>PVC<\/td>\n<\/tr>\n<tr>\n<td><strong>Veli\u010dina kartice<\/strong><\/td>\n<td>85,5 x54 x0,84 mm<\/td>\n<\/tr>\n<tr>\n<td><strong>Udaljenost \u010ditanja<\/strong><\/td>\n<td>2-10 cm<\/td>\n<\/tr>\n<tr>\n<td><strong>Kapacitet pohrane<\/strong><\/td>\n<td>540 bajtova (s pribli\u017eno 120 bajtova dostupnih za korisni\u010dke podatke)<\/td>\n<\/tr>\n<tr>\n<td><strong>Radna temperatura<\/strong><\/td>\n<td>+20\u00b0C do +80\u00b0C<\/td>\n<\/tr>\n<tr>\n<td><strong>Temperatura skladi\u0161tenja<\/strong><\/td>\n<td>-25\u00b0C do +70\u00b0C<\/td>\n<\/tr>\n<tr>\n<td><strong>Debljina<\/strong><\/td>\n<td>0,84 mm<\/td>\n<\/tr>\n<tr>\n<td><strong>Povr\u0161inska obrada<\/strong><\/td>\n<td>Mat, sjajni, matirani, prozirni (prilagodljive opcije)<\/td>\n<\/tr>\n<tr>\n<td><strong>Protokol<\/strong><\/td>\n<td>ISO\/IEC14443A<\/td>\n<\/tr>\n<tr>\n<td><strong>Ocjena vodootpornosti<\/strong><\/td>\n<td>IP68 (otporan na vodu i pra\u0161inu)<\/td>\n<\/tr>\n<tr>\n<td><strong>Kompatibilnost<\/strong><\/td>\n<td>Kompatibilan sa svim ure\u0111ajima koji podr\u017eavaju NFC<\/td>\n<\/tr>\n<tr>\n<td><strong>Mogu\u0107nosti prilagodbe<\/strong><\/td>\n<td>Dostupne su razli\u010dite mogu\u0107nosti ispisa (u boji, jednobojni).<\/td>\n<\/tr>\n<tr>\n<td><strong>Utjecaj na okoli\u0161<\/strong><\/td>\n<td>Proizvedeno kori\u0161tenjem ekolo\u0161ki prihvatljivih procesa, pridr\u017eavaju\u0107i se standarda odr\u017eivosti<\/td>\n<\/tr>\n<tr>\n<td><strong>Prijave<\/strong><\/td>\n<td>Idealno za profesionalce u raznim djelatnostima (prodaja, nekretnine, doga\u0111aji itd.)<\/td>\n<\/tr>\n<tr>\n<td><strong>Dodatne zna\u010dajke<\/strong><\/td>\n<td>Lako se programira putem NFC-a za promjenu podataka, podr\u017eava veze dru\u0161tvenih medija<\/td>\n<\/tr>\n<tr>\n<td><strong>\u017divotni vijek<\/strong><\/td>\n<td>5 godina<\/td>\n<\/tr>\n<\/tbody>\n<\/table>\n<\/div>\n<\/div>\n<p><span style=\"color: #282828;\">Ova tablica pru\u017ea sveobuhvatan pregled\u00a0<strong>Prilago\u0111ena NTAG215 digitalna pametna NFC posjetnica<\/strong>, poma\u017eu\u0107i korisnicima da detaljno razumiju zna\u010dajke i prednosti proizvoda.<\/span><\/p>\n<p>&nbsp;<\/p>\n<\/div>\n<h2 style=\"text-align: center;\"><em><span style=\"color: #000080;\"><strong>Ekolo\u0161ki prihvatljivi postupci<\/strong><\/span><\/em><\/h2>\n<p style=\"text-align: left;\"><span style=\"color: #666699;\"><strong>Iako je tehnologija bitna, va\u017ena je i predanost okoli\u0161u. Prilago\u0111ena NTAG215 digitalna pametna NFC posjetnica proizvedena je kori\u0161tenjem ekolo\u0161ki prihvatljivih procesa, \u010dime se minimalizira njezin utjecaj na okoli\u0161.<\/strong><\/span><\/p>\n<p>&nbsp;<\/p>\n<h2 style=\"text-align: center;\"><em><span style=\"color: #000080;\"><strong>Aplikacije iz stvarnog svijeta<\/strong><\/span><\/em><\/h2>\n<p style=\"text-align: left;\"><span style=\"color: #666699;\"><strong>Profesionalci u raznim industrijama mogu koristiti ove NFC posjetnice. Bilo da se bavite prodajom, nekretninama ili bilo kojom drugom ulogom koja se bavi klijentima, posjedovanje pametne kartice mo\u017ee pobolj\u0161ati va\u0161u igru umre\u017eavanja.<\/strong><\/span><\/p>\n<p>&nbsp;<\/p>\n<h2 style=\"text-align: center;\"><em><span style=\"color: #000080;\"><strong>Recenzije i izjave kupaca<\/strong><\/span><\/em><\/h2>\n<p>Kupci odu\u0161evljeni prakti\u010dno\u0161\u0107u i modernom privla\u010dno\u0161\u0107u\u00a0<strong>Prilago\u0111ena NTAG215 digitalna pametna NFC posjetnica<\/strong>. Recenzije isti\u010du jednostavnost kori\u0161tenja i impresivan dizajn kao klju\u010dne doprinose njihovom uspjehu u umre\u017eavanju.<\/p>\n<blockquote><p>\u201cSvi\u0111a mi se kako mogu jednostavno podijeliti svoje podatke! Svaki put kad predam svoju \u010destitku, dobijem komplimente. Umre\u017eavanje je postalo puno lak\u0161e!\u201d \u2013 Jessica H.<\/p>\n<p>&nbsp;<\/p><\/blockquote>\n<h2 style=\"text-align: center;\"><span style=\"color: #000080;\"><em><strong>FAQ<\/strong><\/em><\/span><\/h2>\n<p><span style=\"color: #008080;\"><strong>P: Je li kartica kompatibilna sa svim pametnim telefonima?<\/strong><\/span><\/p>\n<p>O: Da, <strong>Prilago\u0111ena NTAG215 NFC posjetnica<\/strong>\u00a0kompatibilan je sa svim pametnim telefonima i ure\u0111ajima koji podr\u017eavaju NFC, \u0161to ga \u010dini svestranim za moderno umre\u017eavanje.<\/p>\n<p><span style=\"color: #008080;\"><strong>P: Mogu li personalizirati dizajn kartice?<\/strong><\/span><\/p>\n<p>O: Apsolutno! Dizajn kartice mo\u017eete prilagoditi raznim opcijama ispisa, bojama i obradama kako bi odra\u017eavali va\u0161 osobni identitet ili identitet robne marke.<\/p>","protected":false},"excerpt":{"rendered":"<p>Transformirajte umre\u017eavanje s prilago\u0111enom NTAG215 NFC posjetnicom, omogu\u0107uju\u0107i trenuta\u010dno dijeljenje podataka o kontaktima jednostavnim dodirom, a sve to u izdr\u017eljivom dizajnu koji se mo\u017ee prilagoditi.<\/p>","protected":false},"featured_media":3380,"template":"","meta":[],"product_brand":[],"product_cat":[46],"product_tag":[],"class_list":{"0":"post-3379","1":"product","2":"type-product","3":"status-publish","4":"has-post-thumbnail","6":"product_cat-nfc-cards","8":"first","9":"instock","10":"shipping-taxable","11":"product-type-simple"},"_links":{"self":[{"href":"https:\/\/nfc-readers.com\/hr\/wp-json\/wp\/v2\/product\/3379","targetHints":{"allow":["GET"]}}],"collection":[{"href":"https:\/\/nfc-readers.com\/hr\/wp-json\/wp\/v2\/product"}],"about":[{"href":"https:\/\/nfc-readers.com\/hr\/wp-json\/wp\/v2\/types\/product"}],"wp:featuredmedia":[{"embeddable":true,"href":"https:\/\/nfc-readers.com\/hr\/wp-json\/wp\/v2\/media\/3380"}],"wp:attachment":[{"href":"https:\/\/nfc-readers.com\/hr\/wp-json\/wp\/v2\/media?parent=3379"}],"wp:term":[{"taxonomy":"product_brand","embeddable":true,"href":"https:\/\/nfc-readers.com\/hr\/wp-json\/wp\/v2\/product_brand?post=3379"},{"taxonomy":"product_cat","embeddable":true,"href":"https:\/\/nfc-readers.com\/hr\/wp-json\/wp\/v2\/product_cat?post=3379"},{"taxonomy":"product_tag","embeddable":true,"href":"https:\/\/nfc-readers.com\/hr\/wp-json\/wp\/v2\/product_tag?post=3379"}],"curies":[{"name":"wp","href":"https:\/\/api.w.org\/{rel}","templated":true}]}}