{"id":3396,"date":"2024-11-03T02:56:29","date_gmt":"2024-11-03T02:56:29","guid":{"rendered":"https:\/\/nfc-readers.com\/?post_type=product&#038;p=3396"},"modified":"2024-11-03T02:56:30","modified_gmt":"2024-11-03T02:56:30","slug":"fast-read-encrypted-rfid-nfc-event-wristband-ntag215-mifare","status":"publish","type":"product","link":"https:\/\/nfc-readers.com\/hr\/ic-reader\/fast-read-encrypted-rfid-nfc-event-wristband-ntag215-mifare\/","title":{"rendered":"Brzo \u010ditljiva \u0161ifrirana RFID NFC narukvica za doga\u0111aje Ntag215 MIFARE"},"content":{"rendered":"<h1 style=\"text-align: center;\">Brzo \u010ditljiva \u0161ifrirana RFID NFC narukvica za doga\u0111aje Ntag215 MIFARE<\/h1>\n<p>&nbsp;<\/p>\n<p>U digitalnom dobu besprijekorna kontrola pristupa i rje\u0161enja za bezgotovinske transakcije postali su klju\u010dni za doga\u0111aje svih veli\u010dina. Predstavljamo <strong>Brzo \u010ditljiva \u0161ifrirana RFID NFC narukvica za doga\u0111aje Ntag215 MIFARE<\/strong>\u00a0iz\u00a0<em>SXNFC<\/em>, vrhunsko rje\u0161enje za pobolj\u0161anje iskustva gostiju i osiguravanje u\u010dinkovitog upravljanja doga\u0111ajima. Osmi\u0161ljen posebno za razli\u010dite doga\u0111aje\u2014od glazbenih festivala i sportskih doga\u0111aja do konferencija i scenarija kontrole pristupa\u2014ova narukvica kombinira vrhunsku tehnologiju sa zna\u010dajkama koje su jednostavne za kori\u0161tenje.<\/p>\n<p>&nbsp;<\/p>\n<h3>Za\u0161to kupiti RFID NFC narukvicu za brzo \u010ditanje \u0161ifriranih doga\u0111aja?<\/h3>\n<p>The\u00a0<strong>Ntag215 MIFARE<\/strong>\u00a0RFID\/NFC narukvica je inovativan proizvod koji nudi brojne prednosti. Izra\u0111en od izdr\u017eljivog PVC-a i tkanih materijala, obe\u0107ava dugovje\u010dnost i pouzdanost. Njegova funkcija brzog \u010ditanja osigurava skra\u0107eno vrijeme \u010dekanja, pobolj\u0161avaju\u0107i protok gostiju na ulaznim to\u010dkama. Osim toga, zahvaljuju\u0107i vodootpornom dizajnu, mo\u017eete pouzdano koristiti ove narukvice na doga\u0111ajima na otvorenom, u vodenim parkovima i vi\u0161e, gdje je izlo\u017eenost vlazi problem.<\/p>\n<p>s\u00a0<strong>NFC narukvica<\/strong>, ne kupujete samo proizvod; ula\u017eete u pobolj\u0161ano iskustvo sudionika. Ove narukvice idealne su za bezgotovinske transakcije, pojednostavljuju kupnju s rje\u0161enjima za beskontaktno pla\u0107anje. Vi\u0161e se ne\u0107ete morati brinuti o rukovanju gotovinom ili fizi\u010dkim kartama - svime se mo\u017ee prakti\u010dno upravljati putem narukvice.<\/p>\n<p>&nbsp;<\/p>\n<h2>Posebne zna\u010dajke RFID NFC narukvice za doga\u0111aje<\/h2>\n<p>The\u00a0<strong>Brzo \u010ditljiva \u0161ifrirana RFID NFC narukvica za doga\u0111aje Ntag215 MIFARE<\/strong>\u00a0prepun je zna\u010dajki koje ga \u010dine pametnim izborom za svaku priliku.<\/p>\n<ul>\n<li><strong>Sigurnost za\u0161ti\u0107ena od neovla\u0161tenog otvaranja:<\/strong>\u00a0Svaka narukvica dolazi s \u0161ifriranom tehnologijom za za\u0161titu osjetljivih podataka, pru\u017eaju\u0107i bezbri\u017enost i organizatorima doga\u0111aja i posjetiteljima.<\/li>\n<li><strong>Prilago\u0111eno korisniku:<\/strong>\u00a0Narukvice su jednostavne za kori\u0161tenje; samo ih dodirnite na \u010dita\u010du s NFC-om i dobit \u0107ete pristup ili izvr\u0161ite bezgotovinsko pla\u0107anje.<\/li>\n<li><strong>Raspon \u010ditanja:<\/strong>\u00a0Uz udaljenost \u010ditanja do 10 cm, ove narukvice rade u\u010dinkovito bez potrebe za izravnim kontaktom s \u010dita\u010dem.<\/li>\n<\/ul>\n<p>Kombinacija ovih posebnih zna\u010dajki osigurava ne samo pove\u0107anu sigurnost, ve\u0107 i pobolj\u0161ava cjelokupno korisni\u010dko iskustvo.<\/p>\n<p>&nbsp;<\/p>\n<h2>Prednosti bezgotovinskih transakcija s NFC narukvicama<\/h2>\n<p>Porast bezgotovinskog pla\u0107anja ubrzano transformira industriju doga\u0111aja. Evo klju\u010dnih prednosti kori\u0161tenja\u00a0<strong>NFC narukvice<\/strong>\u00a0za bezgotovinsko poslovanje:<\/p>\n<ul>\n<li><strong>Pove\u0107ana pogodnost:<\/strong>\u00a0Gosti mogu kupovati jednostavnim dodirom svoje narukvice, \u010dine\u0107i transakcije brzima i lakima.<\/li>\n<li><strong>Smanjeno vrijeme \u010dekanja:<\/strong>\u00a0Manje vremena provedenog u redovima zna\u010di pobolj\u0161anje<\/li>\n<\/ul>\n<h2>Prednosti bezgotovinskih transakcija s NFC narukvicama<\/h2>\n<p>Porast bezgotovinskog pla\u0107anja ubrzano transformira industriju doga\u0111aja. Evo klju\u010dnih prednosti kori\u0161tenja\u00a0<strong>NFC narukvice<\/strong>\u00a0za bezgotovinsko poslovanje:<\/p>\n<ul>\n<li><strong>Pove\u0107ana pogodnost:<\/strong>\u00a0Gosti mogu kupovati jednostavnim dodirom svoje narukvice, \u010dine\u0107i transakcije brzima i lakima.<\/li>\n<li><strong>Smanjeno vrijeme \u010dekanja:<\/strong>\u00a0Manje vremena provedenog u redovima zna\u010di pobolj\u0161anje<\/li>\n<\/ul>\n<p>&nbsp;<\/p>\n<h3>\u010cesto postavljana pitanja o RFID NFC narukvicama za doga\u0111aje<\/h3>\n<h4>1.\u00a0<strong>\u0160to su RFID NFC narukvice za doga\u0111aje?<\/strong><\/h4>\n<p>RFID NFC narukvice za doga\u0111aje nosivi su ure\u0111aji opremljeni tehnologijom radiofrekvencijske identifikacije (RFID) i komunikacije kratkog polja (NFC). Omogu\u0107uju sigurnu kontrolu pristupa, bezgotovinske transakcije i prikupljanje podataka za doga\u0111aje.<\/p>\n<h4>2.\u00a0<strong>Kako rade RFID narukvice?<\/strong><\/h4>\n<p>RFID narukvice rade be\u017ei\u010dnim prijenosom informacija putem radio valova do RFID \u010dita\u010da. Kada sudionik dodirne svoju narukvicu blizu \u010dita\u010da, on \u0161alje podatke za kontrolu pristupa ili obradu pla\u0107anja.<\/p>\n<h4>3.\u00a0<strong>Od kojih su materijala napravljene RFID NFC narukvice?<\/strong><\/h4>\n<p>Na\u0161e RFID narukvice prvenstveno su izra\u0111ene od izdr\u017eljivog PVC-a i tkanih materijala, dizajnirane da budu vodootporne i otporne na vremenske uvjete kako bi izdr\u017eale razli\u010dite uvjete doga\u0111aja.<\/p>\n<h4>4.\u00a0<strong>Koja je korist od kori\u0161tenja NFC tehnologije u narukvicama?<\/strong><\/h4>\n<p>NFC tehnologija omogu\u0107uje brze i sigurne beskontaktne transakcije, \u0161to pobolj\u0161ava iskustvo gostiju smanjenjem vremena \u010dekanja i minimiziranjem potrebe za fizi\u010dkim gotovinom ili ulaznicama.<\/p>\n<h4>5.\u00a0<strong>Jesu li narukvice prilagodljive?<\/strong><\/h4>\n<p>Da! Na\u0161e RFID narukvice mogu se prilagoditi robnim markama, logotipovima i bojama va\u0161eg doga\u0111aja kako bi se pobolj\u0161ao anga\u017eman posjetitelja i promovirao va\u0161 doga\u0111aj.<\/p>","protected":false},"excerpt":{"rendered":"<p>Brzo \u010ditanje \u0161ifrirane RFID NFC narukvice za doga\u0111aje Ntag215 MIFARE omogu\u0107uje sigurnu kontrolu pristupa i bezgotovinsko pla\u0107anje, pobolj\u0161avaju\u0107i iskustvo gostiju na doga\u0111ajima. Vodootporan i prilagodljiv, osigurava pouzdanost i prakti\u010dnost za svaku priliku.<\/p>","protected":false},"featured_media":3397,"template":"","meta":[],"product_brand":[],"product_cat":[50],"product_tag":[],"class_list":{"0":"post-3396","1":"product","2":"type-product","3":"status-publish","4":"has-post-thumbnail","6":"product_cat-silicone-rfid-nfc-wristbands","8":"first","9":"instock","10":"shipping-taxable","11":"product-type-simple"},"_links":{"self":[{"href":"https:\/\/nfc-readers.com\/hr\/wp-json\/wp\/v2\/product\/3396","targetHints":{"allow":["GET"]}}],"collection":[{"href":"https:\/\/nfc-readers.com\/hr\/wp-json\/wp\/v2\/product"}],"about":[{"href":"https:\/\/nfc-readers.com\/hr\/wp-json\/wp\/v2\/types\/product"}],"wp:featuredmedia":[{"embeddable":true,"href":"https:\/\/nfc-readers.com\/hr\/wp-json\/wp\/v2\/media\/3397"}],"wp:attachment":[{"href":"https:\/\/nfc-readers.com\/hr\/wp-json\/wp\/v2\/media?parent=3396"}],"wp:term":[{"taxonomy":"product_brand","embeddable":true,"href":"https:\/\/nfc-readers.com\/hr\/wp-json\/wp\/v2\/product_brand?post=3396"},{"taxonomy":"product_cat","embeddable":true,"href":"https:\/\/nfc-readers.com\/hr\/wp-json\/wp\/v2\/product_cat?post=3396"},{"taxonomy":"product_tag","embeddable":true,"href":"https:\/\/nfc-readers.com\/hr\/wp-json\/wp\/v2\/product_tag?post=3396"}],"curies":[{"name":"wp","href":"https:\/\/api.w.org\/{rel}","templated":true}]}}