{"id":3403,"date":"2024-11-03T03:04:22","date_gmt":"2024-11-03T03:04:22","guid":{"rendered":"https:\/\/nfc-readers.com\/?post_type=product&#038;p=3403"},"modified":"2024-11-04T03:10:35","modified_gmt":"2024-11-04T03:10:35","slug":"silicone-wristband-smart-nfc-rfidtag-wristband-silicone-b","status":"publish","type":"product","link":"https:\/\/nfc-readers.com\/hr\/ic-reader\/silicone-wristband-smart-nfc-rfidtag-wristband-silicone-b\/","title":{"rendered":"Silikonska narukvica Smart NFC RFIDTag Wristband Silicone B"},"content":{"rendered":"<h1 style=\"text-align: center;\"><strong>Silikonska narukvica Smart NFC RFIDTag Wristband Silicone B<\/strong><\/h1>\n<p>&nbsp;<\/p>\n<p>The <strong>Silikonska narukvica Smart NFC RFID Tag narukvica Silikon B<\/strong>\u00a0je transformacijski proizvod dizajniran za razli\u010dite primjene kao \u0161to su upravljanje doga\u0111ajima, kontrola pristupa i rje\u0161enja za bezgotovinsko pla\u0107anje. Kombiniraju\u0107i inovativnost i prakti\u010dnost, ova narukvica spaja RFID i NFC tehnologije kako bi pru\u017eila besprijekorno iskustvo za korisnike i organizatore doga\u0111aja. Sa svojim vodootpornim mogu\u0107nostima i prilagodljivim dizajnom, RFID narukvica savr\u0161eno je prilago\u0111ena raznim situacijama, bilo da se radi o glazbenom festivalu, korporativnom doga\u0111aju ili \u010dak posjetu vodenom parku. Odabir ove vrhunske narukvice ne samo da \u0107e pobolj\u0161ati operativnu u\u010dinkovitost, ve\u0107 i zna\u010dajno pobolj\u0161ati cjelokupno iskustvo gostiju.<\/p>\n<p>&nbsp;<\/p>\n<h2>Pregled RFID narukvice<\/h2>\n<p>The\u00a0<strong>RFID narukvica<\/strong>\u00a0je dizajniran za brzu kontrolu pristupa, omogu\u0107uju\u0107i organizatorima doga\u0111aja da pojednostave svoje operacije. Koriste\u0107i naprednu RFID tehnologiju s u\u010destalo\u0161\u0107u od\u00a0<strong>13,56MHz<\/strong>, ove\u00a0<strong>silikonske RFID narukvice<\/strong>\u00a0nude i sigurnost i udobnost. Dizajniran za \u010ditanje unutar a\u00a0<strong>2-5 cm<\/strong>\u00a0rasponu, oni pru\u017eaju brzi prijenos podataka pogodan za razne aplikacije doga\u0111aja, od glazbenih festivala do korporativnih okupljanja.<\/p>\n<p>S pobolj\u0161anim zna\u010dajkama kao \u0161to su\u00a0<strong>vodootporan i otporan na vremenske uvjete<\/strong>\u00a0materijala, ova narukvica osigurava izdr\u017eljivost i pouzdanost, \u010dak i na otvorenom. Korisnici mogu u\u017eivati u opcijama bezgotovinskog pla\u0107anja, pove\u0107avaju\u0107i u\u010dinkovitost uz smanjenje vremena \u010dekanja za ulazak i transakcije.<\/p>\n<p>&nbsp;<\/p>\n<hr \/>\n<h2>Klju\u010dne zna\u010dajke silikonske RFID narukvice<\/h2>\n<p>The\u00a0<strong>Silikonska RFID narukvica<\/strong>\u00a0obuhva\u0107a niz zna\u010dajki koje ga \u010dine izvanrednim izborom za organizatore doga\u0111aja i korisnike.<\/p>\n<ul>\n<li><strong>Vodootporan\/otporan na vremenske uvjete:<\/strong>\u00a0Za razliku od standardnih narukvica, ovaj je model dizajniran da izdr\u017ei vlagu i razli\u010dite vremenske uvjete, \u0161to ga \u010dini idealnim za doga\u0111aje na otvorenom kao \u0161to su koncerti i vodeni parkovi.<\/li>\n<li><strong>Komunikacijsko su\u010delje:<\/strong>\u00a0S integriranim\u00a0<strong>NFC i RFID<\/strong>\u00a0mogu\u0107nostima, ova narukvica omogu\u0107uje besprijekorne transakcije i razmjenu podataka. Korisnici mogu pristupiti bezgotovinskom pla\u0107anju, otklju\u010dati vrata i dobiti pristup ograni\u010denim podru\u010djima bez gnjava\u017ee oko fizi\u010dkih karata ili identifikacije.<\/li>\n<li><strong>Prilagodba:<\/strong>\u00a0Dostupne su opcije po mjeri za veli\u010dine, boje i stilove tiska. Ova prilagodljivost omogu\u0107uje brendovima da pobolj\u0161aju svoju vidljivost putem\u00a0<strong>sitotisak<\/strong>\u00a0i druge napredne tehnike izrade poput\u00a0<strong>lasersko kodiranje i termalni tisak<\/strong>.<\/li>\n<\/ul>\n<p>Ove posebne karakteristike isti\u010du ne samo funkcionalnost, ve\u0107 i privla\u010dno korisni\u010dko iskustvo.<\/p>\n<p>&nbsp;<\/p>\n<hr \/>\n<h2>Prednosti kori\u0161tenja RFID narukvica za doga\u0111aje<\/h2>\n<p>Usvajanje\u00a0<strong>RFID narukvice za doga\u0111aje<\/strong>\u00a0mo\u017ee drasti\u010dno pobolj\u0161ati cjelokupno upravljanje doga\u0111ajima:<\/p>\n<ol>\n<li><strong>Pove\u0107ana sigurnost:<\/strong>\u00a0Ugradnja za\u0161ti\u0107enog dizajna osigurava da podaci sadr\u017eani unutar narukvice ostanu sigurni. Neovla\u0161teno umno\u017eavanje ili pristup gotovo je nemogu\u0107e, \u0161to ove narukvice \u010dini izvrsnim izborom za doga\u0111aje visokog profila koji zahtijevaju poja\u010dane sigurnosne mjere.<\/li>\n<li><strong>Prikupljanje podataka:<\/strong>\u00a0Prikupite bitne uvide u pona\u0161anje sudionika, koji se mogu koristiti za budu\u0107e doga\u0111aje. Kori\u0161tenje\u00a0<strong>RFID tehnologija<\/strong>, organizatori doga\u0111aja mogu analizirati obrasce ulaska i preferencije, poma\u017eu\u0107i im prilagoditi budu\u0107e ponude.<\/li>\n<li><strong>Smanjeno vrijeme \u010dekanja:<\/strong>\u00a0U\u010dinkovitost koju nude RFID narukvice zna\u010di kra\u0107e redove. Sudionici se mogu brzo kretati od ulaza do festivalskih terena, pobolj\u0161avaju\u0107i svoje iskustvo i smanjuju\u0107i potencijalne frustracije.<\/li>\n<\/ol>\n<p>Uz ove zna\u010dajne prednosti, jasno je da\u00a0<strong>silikonske RFID narukvice<\/strong>\u00a0nisu samo trend \u2013 oni su pametno ulaganje.<\/p>\n<p>&nbsp;<\/p>\n<h2>Tehni\u010dke specifikacije NFC narukvice<\/h2>\n<table class=\"w-fit !mb-0 !max-w-none\" style=\"height: 260px;\" width=\"451\">\n<thead>\n<tr>\n<th>Zna\u010dajka<\/th>\n<th>Specifikacija<\/th>\n<\/tr>\n<\/thead>\n<tbody>\n<tr>\n<td>Frekvencija<\/td>\n<td>13,56 MHz<\/td>\n<\/tr>\n<tr>\n<td>Vrsta \u010dipa<\/td>\n<td>FO8<\/td>\n<\/tr>\n<tr>\n<td>Udaljenost \u010ditanja<\/td>\n<td>2-5 cm<\/td>\n<\/tr>\n<tr>\n<td>Standard<\/td>\n<td>ISO\/IEC14443A<\/td>\n<\/tr>\n<tr>\n<td>Materijal<\/td>\n<td>Guma<\/td>\n<\/tr>\n<tr>\n<td>Veli\u010dina<\/td>\n<td>Prilago\u0111ena veli\u010dina<\/td>\n<\/tr>\n<tr>\n<td>Tehnike tiska<\/td>\n<td>Sitotisak<\/td>\n<\/tr>\n<tr>\n<td>Pakiranje<\/td>\n<td>Pojedina\u010dna stavka<\/td>\n<\/tr>\n<tr>\n<td>Bruto te\u017eina<\/td>\n<td>0,500 kg<\/td>\n<\/tr>\n<\/tbody>\n<\/table>\n<h2><\/h2>\n<h2>\u010cesto postavljana pitanja u vezi sa silikonskom RFID narukvicom<\/h2>\n<h3>1.\u00a0<strong>\u0160to je RFID narukvica?<\/strong><\/h3>\n<p>RFID (Radio Frequency Identification) narukvica koristi radiofrekvencijsku tehnologiju za be\u017ei\u010dni prijenos podataka. Omogu\u0107uje brz pristup za\u0161ti\u0107enim podru\u010djima, olak\u0161ava bezgotovinsko pla\u0107anje i pobolj\u0161ava cjelokupno iskustvo za posjetitelje doga\u0111aja.<\/p>\n<h3>2.\u00a0<strong>Kako radi RFID narukvica?<\/strong><\/h3>\n<p>Narukvica sadr\u017ei pasivni RFID \u010dip koji komunicira s RFID \u010dita\u010dima. Kada se korisnik pribli\u017ei \u010dita\u010du, narukvica oda\u0161ilje podatke putem radio valova, omogu\u0107uju\u0107i brzu identifikaciju i kontrolu pristupa.<\/p>\n<h3>3.\u00a0<strong>Je li narukvica vodootporna?<\/strong><\/h3>\n<p>Da,\u00a0<strong>Silikonska RFID narukvica<\/strong>\u00a0je dizajniran da bude vodootporan i otporan na vremenske uvjete, \u0161to ga \u010dini prikladnim za vanjske doga\u0111aje i okru\u017eenja kao \u0161to su vodeni parkovi i koncerti.<\/p>\n<h3>4.\u00a0<strong>Mo\u017ee li se narukvica prilagoditi?<\/strong><\/h3>\n<p>Apsolutno! Narukvica se mo\u017ee prilagoditi u razli\u010ditim veli\u010dinama, bojama i dizajnom. Organizacije tako\u0111er mogu birati izme\u0111u razli\u010ditih metoda ispisa, uklju\u010duju\u0107i sitotisak, lasersko kodiranje i termalni ispis.<\/p>\n<h3>5.\u00a0<strong>Koja je udaljenost o\u010ditavanja za RFID narukvicu?<\/strong><\/h3>\n<p>Narukvica ima udaljenost \u010ditanja od\u00a0<strong>2-5 cm<\/strong>, osiguravaju\u0107i brz i pouzdan prijenos podataka i upravljanje pristupom.<\/p>","protected":false},"excerpt":{"rendered":"<p>The\u00a0<strong>Silikonska narukvica Smart NFC RFID Tag narukvica Silikon B<\/strong>\u00a0je svestrano rje\u0161enje za kontrolu pristupa dizajnirano za doga\u0111aje, koje nudi besprijekornu integraciju RFID i NFC tehnologija. Vodootporan i prilagodljiv, pobolj\u0161ava korisni\u010dko iskustvo dok pru\u017ea sigurne, bezgotovinske transakcije i jednostavno upravljanje unosom.<\/p>","protected":false},"featured_media":3404,"template":"","meta":[],"product_brand":[],"product_cat":[50],"product_tag":[],"class_list":{"0":"post-3403","1":"product","2":"type-product","3":"status-publish","4":"has-post-thumbnail","6":"product_cat-silicone-rfid-nfc-wristbands","8":"first","9":"instock","10":"shipping-taxable","11":"product-type-simple"},"_links":{"self":[{"href":"https:\/\/nfc-readers.com\/hr\/wp-json\/wp\/v2\/product\/3403","targetHints":{"allow":["GET"]}}],"collection":[{"href":"https:\/\/nfc-readers.com\/hr\/wp-json\/wp\/v2\/product"}],"about":[{"href":"https:\/\/nfc-readers.com\/hr\/wp-json\/wp\/v2\/types\/product"}],"wp:featuredmedia":[{"embeddable":true,"href":"https:\/\/nfc-readers.com\/hr\/wp-json\/wp\/v2\/media\/3404"}],"wp:attachment":[{"href":"https:\/\/nfc-readers.com\/hr\/wp-json\/wp\/v2\/media?parent=3403"}],"wp:term":[{"taxonomy":"product_brand","embeddable":true,"href":"https:\/\/nfc-readers.com\/hr\/wp-json\/wp\/v2\/product_brand?post=3403"},{"taxonomy":"product_cat","embeddable":true,"href":"https:\/\/nfc-readers.com\/hr\/wp-json\/wp\/v2\/product_cat?post=3403"},{"taxonomy":"product_tag","embeddable":true,"href":"https:\/\/nfc-readers.com\/hr\/wp-json\/wp\/v2\/product_tag?post=3403"}],"curies":[{"name":"wp","href":"https:\/\/api.w.org\/{rel}","templated":true}]}}