{"id":3410,"date":"2024-11-03T03:16:05","date_gmt":"2024-11-03T03:16:05","guid":{"rendered":"https:\/\/nfc-readers.com\/?post_type=product&#038;p=3410"},"modified":"2024-11-04T03:17:59","modified_gmt":"2024-11-04T03:17:59","slug":"custom-logo-waterproof-polyester-woven-rfid-nfc-wristbands","status":"publish","type":"product","link":"https:\/\/nfc-readers.com\/hr\/ic-reader\/custom-logo-waterproof-polyester-woven-rfid-nfc-wristbands\/","title":{"rendered":"Prilago\u0111eni logotip Vodootporne RFID NFC narukvice od poliestera"},"content":{"rendered":"<h1 style=\"text-align: center;\"><strong>Prilago\u0111eni logotip Vodootporne RFID NFC narukvice od poliestera<\/strong><\/h1>\n<p>&nbsp;<\/p>\n<p>U svijetu koji sve vi\u0161e cijeni prakti\u010dnost i povezanost, <strong>RFID NFC narukvice s vodootpornim poliesterskim tkanjem prilago\u0111enog logotipa<\/strong>\u00a0isti\u010du se kao vrhunski izbor za tvrtke i organizatore doga\u0111aja. Ove inovativne narukvice kombiniraju najnovije in\u00a0<strong>RFID tehnologija<\/strong>\u00a0s elegantnim dizajnom i robusnim materijalima, \u0161to ih \u010dini idealnim za razne primjene, od festivala i vodenih parkova do korporativnih doga\u0111aja i rje\u0161enja za bezgotovinsko pla\u0107anje. S njihovim\u00a0<strong>vodootporan<\/strong>\u00a0zna\u010dajki i prilagodljivosti, ove narukvice ne samo da pove\u0107avaju vidljivost brenda, ve\u0107 i pobolj\u0161avaju korisni\u010dko iskustvo, osiguravaju\u0107i da dobijete najve\u0107u vrijednost za svoju investiciju.<\/p>\n<p>&nbsp;<\/p>\n<h2>Za\u0161to odabrati prilago\u0111ene tkane RFID NFC narukvice?<\/h2>\n<p>Kao organizatori doga\u0111aja, razumijete va\u017enost besprijekorne kontrole pristupa, u\u010dinkovitog brendiranja i maksimiziranja iskustva gostiju. Ove narukvice pru\u017eaju sve to i vi\u0161e. Predstavljamo\u00a0<strong>RFID tehnologija<\/strong>\u00a0rade na frekvenciji od\u00a0<strong>13,56MHz<\/strong>, oni pojednostavljuju operacije, smanjuju vrijeme \u010dekanja i pobolj\u0161avaju sigurnost za doga\u0111aje bilo koje veli\u010dine. Dodatno, s mogu\u0107no\u0161\u0107u ugradnje prilago\u0111enih logotipa putem naprednih\u00a0<strong>CMYK ispis<\/strong>, ove narukvice slu\u017ee i kao promotivni alat. Ne samo da su funkcionalni, ve\u0107 i moderni, \u0161to ih \u010dini hitom me\u0111u posjetiteljima!<\/p>\n<p>&nbsp;<\/p>\n<h2>Zna\u010dajke RFID NFC narukvica<\/h2>\n<h3>Napredna rje\u0161enja za kontrolu pristupa<\/h3>\n<p>RFID NFC narukvice slu\u017ee kao mo\u0107an alat za\u00a0<strong>kontrola pristupa<\/strong>, omogu\u0107uju\u0107i organizatorima doga\u0111aja da s lako\u0107om osiguraju VIP podru\u010dja i poseban pristup. Koriste\u0107i se\u00a0<strong>MIFARE Classic 1K \u010dip<\/strong>, ove narukvice mogu pohraniti klju\u010dne informacije i prenijeti ih putem sigurnog\u00a0<strong>NFC komunikacijsko su\u010delje<\/strong>. Kao rezultat toga, savr\u0161eni su za prostore gdje je potrebno dodijeliti prostore za goste ili omogu\u0107iti vi\u0161eslojni pristup tijekom doga\u0111aja.<\/p>\n<h3>Funkcionalnost bezgotovinskog pla\u0107anja<\/h3>\n<p>Recite zbogom dugim redovima i nepotrebnom rukovanju gotovinom\u00a0<strong>bezgotovinsko pla\u0107anje<\/strong>\u00a0sustava. Na\u0161e RFID narukvice omogu\u0107uju besprijekorne transakcije, omogu\u0107uju\u0107i korisnicima brzo i jednostavno pla\u0107anje na \u0161tandovima, barovima i atrakcijama. Ovo ne samo da pobolj\u0161ava\u00a0<strong>iskustvo gosta<\/strong>\u00a0ali zna\u010dajno smanjuje vrijeme \u010dekanja, dopu\u0161taju\u0107i sudionicima da se usredoto\u010de na u\u017eivanje u doga\u0111aju umjesto da brinu o gotovini.<\/p>\n<h2>Materijali i trajnost<\/h2>\n<h3>Robustan dizajn za svako okru\u017eenje<\/h3>\n<p>Izra\u0111en od jedinstvene mje\u0161avine\u00a0<strong>tkani poliester<\/strong>\u00a0i\u00a0<strong>PVC<\/strong>, ove se narukvice mogu pohvaliti impresivnom izdr\u017eljivo\u0161\u0107u i\u00a0<strong>vodootporan<\/strong>\u00a0mogu\u0107nostima. Bilo da je sun\u010dan dan na festivalu ili dan proveden br\u010dkaju\u0107i se u vodenom parku, ove su narukvice dizajnirane da izdr\u017ee vremenske uvjete. Njihova svojstva otporna na vremenske uvjete osiguravaju da se ne\u0107e pokvariti kada su izlo\u017eeni ki\u0161i ili vodi, \u010duvaju\u0107i upotrebljivost i pouzdanost\u00a0<strong>RFID tehnologija<\/strong>\u00a0ugra\u0111en unutar.<\/p>\n<h3>Temperaturna otpornost<\/h3>\n<p>The\u00a0<strong>radna temperatura<\/strong>\u00a0na\u0161ih narukvica kre\u0107e se od\u00a0<strong>-20\u00b0C do +80\u00b0C<\/strong>, osiguravaju\u0107i njihovu funkcionalnost iu vru\u0107im ljetnim doga\u0111anjima i u hladnim okupljanjima na otvorenom. Ova otpornost na temperaturu \u0161titi performanse\u00a0<strong>RFID \u010dip<\/strong>\u00a0i poma\u017ee u odr\u017eavanju integriteta, tako da mo\u017eete biti sigurni da \u0107e va\u0161a narukvica u\u010dinkovito raditi u svim uvjetima.<\/p>\n<p>&nbsp;<\/p>\n<h2>Tehni\u010dke specifikacije<\/h2>\n<table class=\"w-fit !mb-0 !max-w-none\" style=\"height: 303px;\" width=\"424\">\n<thead>\n<tr>\n<th><strong>Specifikacija<\/strong><\/th>\n<th><strong>pojedinosti<\/strong><\/th>\n<\/tr>\n<\/thead>\n<tbody>\n<tr>\n<td><strong>Broj modela<\/strong><\/td>\n<td>SX-SZ<\/td>\n<\/tr>\n<tr>\n<td><strong>Vrsta \u010dipa<\/strong><\/td>\n<td>MIFARE Classic 1K<\/td>\n<\/tr>\n<tr>\n<td><strong>Frekvencija<\/strong><\/td>\n<td>13,56 MHz<\/td>\n<\/tr>\n<tr>\n<td><strong>Raspon \u010ditanja<\/strong><\/td>\n<td>2-5 cm<\/td>\n<\/tr>\n<tr>\n<td><strong>Materijal<\/strong><\/td>\n<td>Pleteni + PVC<\/td>\n<\/tr>\n<tr>\n<td><strong>Opcije veli\u010dine<\/strong><\/td>\n<td>30<em>26 mm, 40<\/em>25 mm ili Custom<\/td>\n<\/tr>\n<tr>\n<td><strong>Vrsta ispisa<\/strong><\/td>\n<td>CMYK 4C tisak, sitotisak<\/td>\n<\/tr>\n<tr>\n<td><strong>Povr\u0161inska obrada<\/strong><\/td>\n<td>Sjajni, matirani, mat<\/td>\n<\/tr>\n<tr>\n<td><strong>Raspon temperature<\/strong><\/td>\n<td>-20\u00b0C do +80\u00b0C<\/td>\n<\/tr>\n<tr>\n<td><strong>Protokol<\/strong><\/td>\n<td>ISO 14443A<\/td>\n<\/tr>\n<\/tbody>\n<\/table>\n<h2><\/h2>\n<h2>\u010cesto postavljana pitanja (FAQ)<\/h2>\n<h3>1. \u0160to su RFID narukvice?<\/h3>\n<p><strong>RFID narukvice<\/strong>\u00a0su nosivi remeni s ugra\u0111enom tehnologijom radiofrekvencijske identifikacije (RFID). Oni pohranjuju podatke koji se mogu be\u017ei\u010dno prenositi pomo\u0107u NFC-a (Near Field Communication), omogu\u0107uju\u0107i u\u010dinkovitu kontrolu pristupa, bezgotovinske transakcije i prikupljanje podataka na doga\u0111ajima.<\/p>\n<h3>2. Kako rade RFID narukvice?<\/h3>\n<p>RFID narukvice sadr\u017ee mali RFID \u010dip koji komunicira s \u010dita\u010dem putem radio valova. Kada se skenira RFID \u010dita\u010dem, narukvica prenosi pohranjene informacije, dopu\u0161taju\u0107i pristup ili obra\u0111uju\u0107i transakcije bez potrebe za fizi\u010dkim kontaktom.<\/p>\n<h3>3. Jesu li ove narukvice vodootporne?<\/h3>\n<p>Da! Na\u0161e\u00a0<strong>prilago\u0111eno tkane RFID narukvice<\/strong>\u00a0su dizajnirani da budu\u00a0<strong>vodootporan<\/strong>, \u0161to ih \u010dini prikladnima za razne doga\u0111aje, uklju\u010duju\u0107i one koji se odr\u017eavaju u vodenim parkovima i festivale na otvorenom. Njihovi izdr\u017eljivi materijali osiguravaju njihovu funkcionalnost \u010dak i kada su izlo\u017eeni vodi.<\/p>\n<h3>4. Mogu li se narukvice prilagoditi?<\/h3>\n<p>Apsolutno! Na\u0161e RFID narukvice mogu se u potpunosti prilagoditi va\u0161im potrebama brendiranja. Mo\u017eete birati razli\u010dite veli\u010dine, boje i tehnike tiska kao npr\u00a0<strong>CMYK ispis u boji<\/strong>,\u00a0<strong>UV spot ispis<\/strong>, i metalik zavr\u0161ne obrade poput\u00a0<strong>srebrna ili zlatna folija<\/strong>.<\/p>\n<h3>5. Koliko su izdr\u017eljive narukvice?<\/h3>\n<p>Izra\u0111en od kombinacije\u00a0<strong>tkani poliester<\/strong>\u00a0i\u00a0<strong>PVC<\/strong>, na\u0161e su narukvice robusne i dizajnirane da izdr\u017ee razli\u010dite uvjete okoline, uklju\u010duju\u0107i raspon temperature od\u00a0<strong>-20\u00b0C do +80\u00b0C<\/strong>. Tako\u0111er su za\u0161ti\u0107eni od neovla\u0161tenog otvaranja, osiguravaju\u0107i njihovu sigurnost tijekom doga\u0111aja.<\/p>","protected":false},"excerpt":{"rendered":"<p>RFID NFC narukvice s prilago\u0111enim logotipom vodootporne poliesterske tkanine kombiniraju izdr\u017eljivost s elegantnim brendiranjem, \u0161to ih \u010dini idealnim za doga\u0111aje i sigurnu kontrolu pristupa. Savr\u0161eni za bezgotovinske transakcije, pobolj\u0161avaju korisni\u010dko iskustvo dok promoviraju va\u0161 brend.<\/p>","protected":false},"featured_media":3411,"template":"","meta":[],"product_brand":[],"product_cat":[50],"product_tag":[],"class_list":{"0":"post-3410","1":"product","2":"type-product","3":"status-publish","4":"has-post-thumbnail","6":"product_cat-silicone-rfid-nfc-wristbands","8":"first","9":"instock","10":"shipping-taxable","11":"product-type-simple"},"_links":{"self":[{"href":"https:\/\/nfc-readers.com\/hr\/wp-json\/wp\/v2\/product\/3410","targetHints":{"allow":["GET"]}}],"collection":[{"href":"https:\/\/nfc-readers.com\/hr\/wp-json\/wp\/v2\/product"}],"about":[{"href":"https:\/\/nfc-readers.com\/hr\/wp-json\/wp\/v2\/types\/product"}],"wp:featuredmedia":[{"embeddable":true,"href":"https:\/\/nfc-readers.com\/hr\/wp-json\/wp\/v2\/media\/3411"}],"wp:attachment":[{"href":"https:\/\/nfc-readers.com\/hr\/wp-json\/wp\/v2\/media?parent=3410"}],"wp:term":[{"taxonomy":"product_brand","embeddable":true,"href":"https:\/\/nfc-readers.com\/hr\/wp-json\/wp\/v2\/product_brand?post=3410"},{"taxonomy":"product_cat","embeddable":true,"href":"https:\/\/nfc-readers.com\/hr\/wp-json\/wp\/v2\/product_cat?post=3410"},{"taxonomy":"product_tag","embeddable":true,"href":"https:\/\/nfc-readers.com\/hr\/wp-json\/wp\/v2\/product_tag?post=3410"}],"curies":[{"name":"wp","href":"https:\/\/api.w.org\/{rel}","templated":true}]}}