{"id":3417,"date":"2024-11-03T03:26:02","date_gmt":"2024-11-03T03:26:02","guid":{"rendered":"https:\/\/nfc-readers.com\/?post_type=product&#038;p=3417"},"modified":"2024-11-03T03:26:03","modified_gmt":"2024-11-03T03:26:03","slug":"fabric-wrist-band-13-56mhz-nfc-bracelet-dispose-wristbands","status":"publish","type":"product","link":"https:\/\/nfc-readers.com\/hr\/ic-reader\/fabric-wrist-band-13-56mhz-nfc-bracelet-dispose-wristbands\/","title":{"rendered":"Tkanina za narukvicu 13,56 mhz NFC narukvica Narukvice za odlaganje"},"content":{"rendered":"<h1 style=\"text-align: center;\"><strong>Tkanina za narukvicu 13,56 mhz NFC narukvica Narukvice za odlaganje<\/strong><\/h1>\n<p>&nbsp;<\/p>\n<p>U dana\u0161njem brzom svijetu, potreba za besprijekornim upravljanjem i pobolj\u0161anim korisni\u010dkim iskustvom je najva\u017enija, posebno na doga\u0111ajima, festivalima i mjestima gdje je u\u010dinkovita kontrola pristupa klju\u010dna. Na\u0161e <strong>Tkanina za narukvicu 13,56MHz NFC narukvica Narukvice za odlaganje<\/strong>\u00a0pru\u017eaju jedinstvenu mje\u0161avinu funkcionalnosti i estetike, osiguravaju\u0107i neometano odvijanje va\u0161ih operacija dok gostima nude nezaboravno iskustvo. Sa zna\u010dajkama poput\u00a0<strong>jednokratna upotreba<\/strong>,\u00a0<strong>\u0161areni dizajni<\/strong>, i napredni\u00a0<strong>NFC<\/strong>\u00a0tehnologije, ove narukvice mijenjaju pravila igre za svakog organizatora doga\u0111aja.<\/p>\n<p>&nbsp;<\/p>\n<h2>Za\u0161to odabrati NFC narukvice od tkanine za zape\u0161\u0107e?<\/h2>\n<p>Kada je u pitanju navigacija spektrom RFID i NFC proizvoda, tkanina za zape\u0161\u0107e od 13,56 MHz NFC narukvice za odlaganje isti\u010de se svojim inovativnim dizajnom i robusnim mogu\u0107nostima.<\/p>\n<h3>Istaknute karakteristike proizvoda:<\/h3>\n<ul>\n<li><strong>Lako prilagodljiv<\/strong>\u00a0s opcijama za ispis logotipa, barkodova i QR kodova.<\/li>\n<li><strong>Brza kontrola pristupa<\/strong>\u00a0i pojednostavljene operacije koje pobolj\u0161avaju iskustvo i sigurnost gostiju.<\/li>\n<li><strong>Izdr\u017eljiva, ali udobna tkanina<\/strong>\u00a0koji je savr\u0161en za cjelodnevno no\u0161enje na glazbenim festivalima, vodenim parkovima ili korporativnim doga\u0111anjima.<\/li>\n<\/ul>\n<p>Ove narukvice dizajnirane su za pru\u017eanje a\u00a0<strong>bezgotovinsko pla\u0107anje<\/strong>\u00a0rje\u0161enje dok osigurava da organizatori doga\u0111aja u\u017eivaju u miru, znaju\u0107i da imaju pouzdana sredstva za u\u010dinkovito upravljanje kontrolom pristupa.<\/p>\n<p>&nbsp;<\/p>\n<h2>Posebne zna\u010dajke NFC narukvica od tkanine<\/h2>\n<p>Prilikom razmatranja\u00a0<strong>rfid narukvice za doga\u0111aje<\/strong>, the\u00a0<em>Tkanina za ru\u010dni zglob 13,56MHz NFC narukvica<\/em>\u00a0nudi mno\u0161tvo posebnih zna\u010dajki osmi\u0161ljenih za pobolj\u0161anje u\u010dinkovitosti i pobolj\u0161anje do\u017eivljaja gostiju.<\/p>\n<h3>\u0160areni dizajn za jednokratnu upotrebu<\/h3>\n<p>Ove narukvice dolaze u nizu \u017eivih boja, \u010dime se osigurava da ne slu\u017ee samo funkcionalnoj svrsi, ve\u0107 i da se uskla\u0111uju s estetskim zahtjevima va\u0161e marke. The\u00a0<strong>jednokratna upotreba<\/strong>\u00a0zna\u010dajka dodaje sloj sigurnosti, budu\u0107i da je svaka narukvica jedinstveno kodirana za jedan doga\u0111aj, smanjuju\u0107i rizik od neovla\u0161tenog pristupa.<\/p>\n<h3>RFID i NFC komunikacijska su\u010delja<\/h3>\n<p>Dizajnirane s vrhunskom tehnologijom, ove narukvice koriste\u00a0<strong>RFID<\/strong>\u00a0i\u00a0<strong>NFC<\/strong>\u00a0komunikacijska su\u010delja kako bi se osigurala brza i pouzdana interakcija s RFID \u010dita\u010dima. Ova mogu\u0107nost olak\u0161ava\u00a0<strong>beskontaktno pla\u0107anje<\/strong>\u00a0i upravljanje pristupom, pojednostavljuju\u0107i proces prijema za goste i zaposlenike.<\/p>\n<p>&nbsp;<\/p>\n<h2>\u010cesto postavljana pitanja o NFC tehnologiji<\/h2>\n<h3>\u0160to je NFC tehnologija?<\/h3>\n<p>NFC, ili Near Field Communication, omogu\u0107uje ure\u0111ajima da me\u0111usobno komuniciraju putem radiovalova. Omogu\u0107uje besprijekorne transakcije i dijeljenje informacija samo dodirivanjem ure\u0111aja.<\/p>\n<h3>Jesu li ove narukvice vodootporne?<\/h3>\n<p>Na\u0161e NFC narukvice dizajnirane su da budu vodootporne, \u0161to ih \u010dini prikladnima za doga\u0111aje u vodenim parkovima ili festivale na otvorenom.<\/p>\n<h3>Mogu li prilagoditi narukvice?<\/h3>\n<p>Da, dostupne su opcije prilagodbe, uklju\u010duju\u0107i ispis logotipa, crti\u010dne kodove i ispis QR koda na narukvici i kartici.<\/p>","protected":false},"excerpt":{"rendered":"<p>The\u00a0<strong>Tkanina za ru\u010dni zglob 13,56MHz NFC narukvica<\/strong>\u00a0je elegantno i prakti\u010dno rje\u0161enje za upravljanje doga\u0111ajima, koje nudi besprijekornu kontrolu pristupa i mogu\u0107nosti bezgotovinskog pla\u0107anja. Dizajnirane za jednokratnu upotrebu, ove \u017eivopisne narukvice pobolj\u0161avaju iskustvo gostiju, istovremeno osiguravaju\u0107i sigurnost i u\u010dinkovitost na svakom doga\u0111aju.<\/p>","protected":false},"featured_media":3424,"template":"","meta":[],"product_brand":[],"product_cat":[50],"product_tag":[],"class_list":{"0":"post-3417","1":"product","2":"type-product","3":"status-publish","4":"has-post-thumbnail","6":"product_cat-silicone-rfid-nfc-wristbands","8":"first","9":"instock","10":"shipping-taxable","11":"product-type-simple"},"_links":{"self":[{"href":"https:\/\/nfc-readers.com\/hr\/wp-json\/wp\/v2\/product\/3417","targetHints":{"allow":["GET"]}}],"collection":[{"href":"https:\/\/nfc-readers.com\/hr\/wp-json\/wp\/v2\/product"}],"about":[{"href":"https:\/\/nfc-readers.com\/hr\/wp-json\/wp\/v2\/types\/product"}],"wp:featuredmedia":[{"embeddable":true,"href":"https:\/\/nfc-readers.com\/hr\/wp-json\/wp\/v2\/media\/3424"}],"wp:attachment":[{"href":"https:\/\/nfc-readers.com\/hr\/wp-json\/wp\/v2\/media?parent=3417"}],"wp:term":[{"taxonomy":"product_brand","embeddable":true,"href":"https:\/\/nfc-readers.com\/hr\/wp-json\/wp\/v2\/product_brand?post=3417"},{"taxonomy":"product_cat","embeddable":true,"href":"https:\/\/nfc-readers.com\/hr\/wp-json\/wp\/v2\/product_cat?post=3417"},{"taxonomy":"product_tag","embeddable":true,"href":"https:\/\/nfc-readers.com\/hr\/wp-json\/wp\/v2\/product_tag?post=3417"}],"curies":[{"name":"wp","href":"https:\/\/api.w.org\/{rel}","templated":true}]}}