{"id":3430,"date":"2024-11-03T03:39:41","date_gmt":"2024-11-03T03:39:41","guid":{"rendered":"https:\/\/nfc-readers.com\/?post_type=product&#038;p=3430"},"modified":"2024-11-03T03:39:42","modified_gmt":"2024-11-03T03:39:42","slug":"waterproof-passive-nfc-rfid-silicone-wristband","status":"publish","type":"product","link":"https:\/\/nfc-readers.com\/hr\/ic-reader\/waterproof-passive-nfc-rfid-silicone-wristband\/","title":{"rendered":"Vodootporna pasivna NFC RFID silikonska narukvica"},"content":{"rendered":"<h1 style=\"text-align: center;\"><strong>Vodootporna pasivna NFC RFID silikonska narukvica<\/strong><\/h1>\n<p>&nbsp;<\/p>\n<p>U eri u kojoj se tehnologija i prakti\u010dnost neprimjetno isprepli\u0107u, <strong>Vodootporna pasivna NFC RFID silikonska narukvica<\/strong>\u00a0isti\u010de se kao izuzetan dodatak. Ova inovativna narukvica dizajnirana je kako bi zadovoljila dinami\u010dke potrebe korisnika, pru\u017eaju\u0107i neusporedivu pogodnost i sigurnost za razne aplikacije uklju\u010duju\u0107i doga\u0111aje, kontrolu pristupa i bezgotovinske transakcije. Bilo da organizirate impresivan festival, vodite teretanu ili vodite vodeni park, ova narukvica nudi vodootporno rje\u0161enje za pojednostavljenje operacija i pobolj\u0161anje korisni\u010dkog iskustva.<\/p>\n<p>Ali \u0161to \u010dini vodootpornu pasivnu NFC RFID silikonsku narukvicu vrijednu ulaganja? Pa, nudi ne samo prakti\u010dne prednosti poput vodootpornosti i izdr\u017eljivosti, ve\u0107 i prilagodljiv dizajn, osiguravaju\u0107i da se va\u0161a marka isti\u010de. Uz mogu\u0107nost podr\u0161ke za bezgotovinsko pla\u0107anje i kontrolu pristupa, u\u010dinkovit je alat za organizatore doga\u0111aja i tvrtke. Zaronimo dublje u zna\u010dajke i prednosti ovog izvanrednog proizvoda.<\/p>\n<p>&nbsp;<\/p>\n<h2>Izdr\u017eljivost i vodootpornost bez premca<\/h2>\n<p>Jedna od zna\u010dajki koje se isti\u010du\u00a0<strong>Vodootporna pasivna NFC RFID silikonska narukvica<\/strong>\u00a0je njegova izuzetna trajnost. Izra\u0111ena od visokokvalitetnog silikona, ova narukvica je\u00a0<strong>vodootporan<\/strong>,\u00a0<strong>otporan na vremenske uvjete<\/strong>, i\u00a0<strong>otporan na vlagu<\/strong>, \u0161to ga \u010dini prikladnim za razli\u010dita okru\u017eenja i uvjete. Bilo da pada ki\u0161a ili sunce, ova se narukvica ne\u0107e lako o\u0161tetiti, omogu\u0107uju\u0107i va\u0161im gostima ili sudionicima da u\u017eivaju u svom iskustvu bez brige o istro\u0161enosti.<\/p>\n<p>The\u00a0<strong>silikon<\/strong>\u00a0materijal ne samo da osigurava dugotrajnost, ve\u0107 je i ugodan za ko\u017eu, \u0161to ga \u010dini savr\u0161enim i za le\u017eerno no\u0161enje i za aktivne situacije poput festivala ili sportskih doga\u0111aja. Ova izdr\u017eljivost zna\u010di da ne\u0107ete morati \u010desto mijenjati narukvice, \u0161to zna\u010di zna\u010dajnu u\u0161tedu tijekom vremena.<\/p>\n<p>Osim toga, svojstva silikona \u010dine ga otpornim na o\u0161tre elemente, \u0161to mu omogu\u0107uje da izdr\u017ei izlaganje vodenim parkovima, toplicama, teretanama i raznim doga\u0111ajima na otvorenom. Stoga korisnici mogu s pouzdanjem nositi ovu narukvicu znaju\u0107i da mo\u017ee podnijeti rigorozne aktivnosti bez ugro\u017eavanja funkcionalnosti.<\/p>\n<h2>Svestrano komunikacijsko su\u010delje<\/h2>\n<p>Kori\u0161tenje\u00a0<strong>NFC tehnologija<\/strong>, vodootporna pasivna NFC RFID silikonska narukvica mo\u017ee se pohvaliti besprijekornim komunikacijskim su\u010deljem koje pobolj\u0161ava korisni\u010dko iskustvo. Rade\u0107i na frekvenciji od\u00a0<strong>13,56 MHz<\/strong>, ova je narukvica optimizirana za brze i pouzdane interakcije.<\/p>\n<p>NFC tehnologija omogu\u0107uje\u00a0<strong>beskontaktna pla\u0107anja<\/strong>, \u0161to ga \u010dini savr\u0161enim rje\u0161enjem za organizatore doga\u0111aja koji \u017eele pojednostaviti procese. Gosti mogu jednostavno dodirnuti svoju narukvicu na prodajnim mjestima bez potrebe za petljanjem s gotovinom ili karticama, \u010dime se skra\u0107uje vrijeme \u010dekanja i pobolj\u0161ava ukupni protok doga\u0111aja. Ovaj\u00a0<strong>beskontaktno pla\u0107anje<\/strong>\u00a0Funkcija ne samo da pove\u0107ava prakti\u010dnost za korisnike, ve\u0107 tako\u0111er pobolj\u0161ava u\u010dinkovitost za prodava\u010de i osoblje doga\u0111aja.<\/p>\n<p>\u0160tovi\u0161e, narukvice s NFC-om su blagodat za kontrolu pristupa. Mo\u017eete odobriti ili ograni\u010diti pristup odre\u0111enim podru\u010djima jednostavnim skeniranjem narukvice RFID \u010dita\u010dem, osiguravaju\u0107i nesmetan i siguran proces ulaska u VIP podru\u010dja, iza pozornice ili bilo koja zabranjena podru\u010dja.<\/p>\n<h2>Inovativne mogu\u0107nosti prilagodbe<\/h2>\n<p>Prilagodljivost je zna\u010dajna zna\u010dajka vodootporne pasivne NFC RFID silikonske narukvice. S opcijama za\u00a0<strong>prilago\u0111eni logotipi<\/strong>\u00a0te razne tehnike tiska kao npr\u00a0<strong>sitotisak<\/strong>,\u00a0<strong>utiskivanje<\/strong>, i\u00a0<strong>lasersko graviranje<\/strong>, tvrtke mogu stvoriti jedinstveni identitet koji je u skladu s njihovim brendom.<\/p>\n<p>Prilagodba se prote\u017ee na veli\u010dinu, boje i dizajn, omogu\u0107uju\u0107i tvrtkama da skroje narukvice kako bi odgovarale temama doga\u0111aja ili estetici brenda. Ovaj personalizirani dodir ne samo da pobolj\u0161ava vidljivost marke, ve\u0107 tako\u0111er mo\u017ee pove\u0107ati anga\u017eman posjetitelja kroz nezaboravna iskustva. Zamislite dolazak na festival gdje svaka narukvica ima jedinstveni logo ili dizajn koji predstavlja temu doga\u0111aja\u2014ovaj aspekt zna\u010dajno pridonosi ukupnoj atmosferi i u\u017eitku.<\/p>\n<p>Nadalje, mogu\u0107nost uklju\u010divanja QR kodova tako\u0111er mo\u017ee otvoriti puteve za pobolj\u0161anu interakciju. Sudionici mogu skenirati svoje narukvice kako bi pristupili rasporedima, sudjelovali u natjecanjima ili \u010dak dohvatili podatke za kontakt, \u010dime podi\u017eu svoje cjelokupno iskustvo na doga\u0111aju.<\/p>\n<h2>Sigurnost i mogu\u0107nosti kontrole pristupa<\/h2>\n<p>Sigurnost je najva\u017enija u svakom doga\u0111aju ili poslovnoj operaciji, a vodootporna pasivna NFC RFID silikonska narukvica u\u010dinkovito rje\u0161ava ovu potrebu. Uklju\u010divanjem naprednih\u00a0<strong>RFID tehnologija<\/strong>, ove narukvice pru\u017eaju a\u00a0<strong>za\u0161ti\u0107en od neovla\u0161tenog otvaranja<\/strong>\u00a0na\u010din kontrole pristupa koji zna\u010dajno pove\u0107ava razinu sigurnosti na doga\u0111ajima.<\/p>\n<p>S integriranim\u00a0<strong>Tehnologija MIFARE DESfire EV3 \u010dipa<\/strong>, korisnici imaju koristi od sigurnog prijenosa podataka, osiguravaju\u0107i da informacije sadr\u017eane u narukvici ostanu za\u0161ti\u0107ene. Ovaj \u010dip ne samo da podr\u017eava tehnike \u0161ifriranja, pru\u017eaju\u0107i slojeve sigurnosti, ve\u0107 jam\u010di i brz prijenos podataka, pobolj\u0161avaju\u0107i korisni\u010dko iskustvo i smanjuju\u0107i ka\u0161njenja.<\/p>\n<p>\u0160tovi\u0161e, RFID narukvice mogu se programirati za odre\u0111ene dozvole pristupa, osiguravaju\u0107i da samo ovla\u0161teno osoblje mo\u017ee u\u0107i u odre\u0111ena podru\u010dja. Ova zna\u010dajka je posebno korisna za velike doga\u0111aje, gdje je upravljanje gomilom kriti\u010dno za sigurnost i operativnu u\u010dinkovitost.<\/p>\n<p>&nbsp;<\/p>\n<h2>Tehni\u010dke specifikacije i dimenzije<\/h2>\n<table class=\"w-fit !mb-0 !max-w-none\" style=\"height: 133px;\" width=\"407\">\n<thead>\n<tr>\n<th>Specifikacija<\/th>\n<th>pojedinosti<\/th>\n<\/tr>\n<\/thead>\n<tbody>\n<tr>\n<td><strong>Materijal<\/strong><\/td>\n<td>Silikon<\/td>\n<\/tr>\n<tr>\n<td><strong>Veli\u010dina<\/strong><\/td>\n<td>238 x 13 mm<\/td>\n<\/tr>\n<tr>\n<td><strong>Debljina<\/strong><\/td>\n<td>3 mm<\/td>\n<\/tr>\n<tr>\n<td><strong>Vrsta \u010dipa<\/strong><\/td>\n<td>MIFARE DESfire EV3<\/td>\n<\/tr>\n<\/tbody>\n<\/table>\n<p>&nbsp;<\/p>\n<h2>\u010cesto postavljana pitanja (FAQ)<\/h2>\n<p>Evo nekih \u010desto postavljanih pitanja u vezi s\u00a0<strong>Vodootporna pasivna NFC RFID silikonska narukvica<\/strong>, zajedno s njihovim odgovorima koji \u0107e vam pomo\u0107i da donesete informiranu odluku.<\/p>\n<h3>1.\u00a0<strong>\u0160to je NFC tehnologija i kako funkcionira s narukvicom?<\/strong><\/h3>\n<p>NFC (Near Field Communication) je skup komunikacijskih protokola koji dvama elektroni\u010dkim ure\u0111ajima, obi\u010dno pametnom telefonu i \u010dita\u010du, omogu\u0107uje komunikaciju na kratkim udaljenostima\u2014obi\u010dno manjim od 4 in\u010da. Narukvica sadr\u017ei ugra\u0111eni NFC \u010dip koji mo\u017ee prenositi informacije kada se postavi blizu NFC \u010dita\u010da, omogu\u0107uju\u0107i funkcije kao \u0161to su beskontaktno pla\u0107anje, kontrola pristupa i dijeljenje podataka.<\/p>\n<h3>2.\u00a0<strong>Je li narukvica prikladna za aktivnosti u vodi?<\/strong><\/h3>\n<p>Apsolutno! Vodootporna pasivna NFC RFID silikonska narukvica dizajnirana je da bude\u00a0<strong>vodootporan<\/strong>\u00a0i\u00a0<strong>otporan na vremenske uvjete<\/strong>. To ga \u010dini idealnim za kori\u0161tenje u razli\u010ditim okru\u017eenjima vezanim uz vodu kao \u0161to su vodeni parkovi, bazeni i toplice.<\/p>\n<h3>3.\u00a0<strong>Mogu li prilagoditi narukvice svojim logotipom ili dizajnom?<\/strong><\/h3>\n<p>Da, mogu\u0107nosti prilagodbe su dostupne! Mo\u017eete naru\u010diti narukvice s logotipom svoje tvrtke i odabrati izme\u0111u nekoliko tehnika tiska kao \u0161to su sitotisak, reljef ili lasersko graviranje kako biste stvorili narukvicu koja nadopunjuje identitet va\u0161e marke.<\/p>\n<h3>4.\u00a0<strong>Koliko dugo \u0107e narukvica trajati?<\/strong><\/h3>\n<p>Narukvica je izra\u0111ena od visokokvalitetnog silikona koji pru\u017ea izvrsnu izdr\u017eljivost i otpornost na habanje, \u010dak i u te\u0161kim uvjetima. Uz pravilnu njegu, mogu trajati vi\u0161e puta, osobito ako se koriste u kontroliranim okru\u017eenjima.<\/p>\n<h3>5.\u00a0<strong>Mo\u017ee li se narukvica ponovno upotrijebiti?<\/strong><\/h3>\n<p>Iako je narukvica izdr\u017eljiva, njezina namjena prvenstveno je za pojedina\u010dne doga\u0111aje kao \u0161to su festivali ili koncerti. Me\u0111utim, mogu se ponovno koristiti u razli\u010ditim scenarijima sve dok nisu o\u0161te\u0107eni ili ozna\u010deni na na\u010din koji ih identificira kao kori\u0161tene.<\/p>","protected":false},"excerpt":{"rendered":"<div class=\"chat-list relative custom-scrollbar-reset-margin custom-scrollbar custom-scrollbar-hidden custom-scrollbar-float pb-9 flex-1 overflow-y-auto\">\n<div class=\"mx-auto max-w-[790px]\">\n<div class=\"message-item-outer relative px-4 mb-2\" data-id=\"d5e57210-2b0a-4a51-8aa4-f3908258a790\">\n<div class=\"content-area pl-[0px]\">\n<div class=\"message-item select-text relative\">\n<div class=\"message-inner relative\">\n<div class=\"py-[2px]\">\n<div class=\"flex flex-col gap-2\">\n<div class=\"answer-markdown-box overflow-x-auto select-text custom-scrollbar\">\n<div class=\"markdown-body\"><\/div>\n<\/div>\n<\/div>\n<\/div>\n<\/div>\n<\/div>\n<\/div>\n<\/div>\n<\/div>\n<\/div>\n<div>\n<div class=\"input-box relative max-w-[790px] mx-auto\">\n<div class=\"chat-input-box relative bg-grey-layer2-normal px-3 max-w-[790px] mx-auto pb-1\">\n<div class=\"main-input-area\">\n<div class=\"chat-input-top-bar gap-2 py-2 flex justify-start items-center\">\n<div class=\"flex gap-[6px] min-w-[90px] max-w-[calc(100%-40px)]\">\n<div class=\"flex gap-0\">\n<div class=\"relative\">\n<div class=\"topbar-btn h-[30px] w-[30px] flex overflow-hidden text-text-primary-1 items-center justify-center text-xs leading-4 rounded-lg model-btn model-btn-no-bg\" role=\"button\">Vodootporna pasivna NFC RFID silikonska narukvica nudi pouzdano, trajno rje\u0161enje za sigurnu kontrolu pristupa i bezgotovinske transakcije na svakom doga\u0111aju. Idealan za festivale, teretane i vodene parkove, pru\u017ea prakti\u010dnost i prilagodbu uz moderan dizajn.<\/div>\n<\/div>\n<\/div>\n<\/div>\n<\/div>\n<\/div>\n<\/div>\n<\/div>\n<\/div>","protected":false},"featured_media":3431,"template":"","meta":[],"product_brand":[],"product_cat":[50],"product_tag":[],"class_list":{"0":"post-3430","1":"product","2":"type-product","3":"status-publish","4":"has-post-thumbnail","6":"product_cat-silicone-rfid-nfc-wristbands","8":"first","9":"instock","10":"shipping-taxable","11":"product-type-simple"},"_links":{"self":[{"href":"https:\/\/nfc-readers.com\/hr\/wp-json\/wp\/v2\/product\/3430","targetHints":{"allow":["GET"]}}],"collection":[{"href":"https:\/\/nfc-readers.com\/hr\/wp-json\/wp\/v2\/product"}],"about":[{"href":"https:\/\/nfc-readers.com\/hr\/wp-json\/wp\/v2\/types\/product"}],"wp:featuredmedia":[{"embeddable":true,"href":"https:\/\/nfc-readers.com\/hr\/wp-json\/wp\/v2\/media\/3431"}],"wp:attachment":[{"href":"https:\/\/nfc-readers.com\/hr\/wp-json\/wp\/v2\/media?parent=3430"}],"wp:term":[{"taxonomy":"product_brand","embeddable":true,"href":"https:\/\/nfc-readers.com\/hr\/wp-json\/wp\/v2\/product_brand?post=3430"},{"taxonomy":"product_cat","embeddable":true,"href":"https:\/\/nfc-readers.com\/hr\/wp-json\/wp\/v2\/product_cat?post=3430"},{"taxonomy":"product_tag","embeddable":true,"href":"https:\/\/nfc-readers.com\/hr\/wp-json\/wp\/v2\/product_tag?post=3430"}],"curies":[{"name":"wp","href":"https:\/\/api.w.org\/{rel}","templated":true}]}}