{"id":3437,"date":"2024-11-03T04:49:53","date_gmt":"2024-11-03T04:49:53","guid":{"rendered":"https:\/\/nfc-readers.com\/?post_type=product&#038;p=3437"},"modified":"2024-11-05T10:39:50","modified_gmt":"2024-11-05T10:39:50","slug":"disposable-hf-uhf-rfid-nfc-wristband-for-event-ticket","status":"publish","type":"product","link":"https:\/\/nfc-readers.com\/hr\/ic-reader\/disposable-hf-uhf-rfid-nfc-wristband-for-event-ticket\/","title":{"rendered":"Jednokratna HF rfid NFC narukvica za ulaznicu za doga\u0111aj"},"content":{"rendered":"<h1 style=\"text-align: center;\"><strong>Jednokratna HF rfid NFC narukvica za ulaznicu za doga\u0111aj<\/strong><\/h1>\n<p>&nbsp;<\/p>\n<p>U dana\u0161njem brzom svijetu organizatori doga\u0111aja moraju i\u0107i u korak s najnovijim tehnologijama kako bi svojim posjetiteljima pru\u017eili nezaboravno iskustvo. Jedan od naju\u010dinkovitijih na\u010dina da se to postigne je putem <strong>Jednokratne HF RFID NFC narukvice<\/strong>. Ove inovativne narukvice revolucioniraju na\u010din na koji se upravlja doga\u0111ajima, pobolj\u0161avaju sigurnost, pojednostavljuju kontrolu pristupa i promi\u010du bezgotovinsko pla\u0107anje. Bilo da se radi o glazbenim festivalima, vodenim parkovima ili korporativnim doga\u0111anjima, ove narukvice osiguravaju besprijekorno iskustvo za goste i organizatore.<\/p>\n<p>&nbsp;<\/p>\n<h3><strong>Za\u0161to odabrati jednokratne RFID\/NFC narukvice?<\/strong><\/h3>\n<p>The\u00a0<strong>Jednokratna HF RFID NFC narukvica<\/strong>\u00a0dizajniran je posebno za doga\u0111aje, kombiniraju\u0107i prakti\u010dnost s vrhunskom tehnologijom. Evo za\u0161to je ulaganje u ove narukvice vrijedno svakog penija:<\/p>\n<ol>\n<li><strong>Pobolj\u0161ana sigurnost:<\/strong>\u00a0Narukvice koriste RFID tehnologiju kako bi ponudile sigurna rje\u0161enja za ulazak, zna\u010dajno smanjuju\u0107i rizik od neovla\u0161tenog pristupa. Izdr\u017eljivi materijal i dizajn osiguravaju za\u0161titu od neovla\u0161tenog otvaranja.<\/li>\n<li><strong>Bezgotovinska rje\u0161enja:<\/strong>\u00a0Uz rastu\u0107e preferencije potro\u0161a\u010da za bezgotovinsko pla\u0107anje, ove se narukvice mogu integrirati sa sustavima za obradu pla\u0107anja, omogu\u0107uju\u0107i sudionicima da kupuju brzo i bez napora. To pojednostavljuje tijek trgovine tijekom doga\u0111aja, pobolj\u0161avaju\u0107i iskustvo gostiju.<\/li>\n<li><strong>Pogodnost i lako\u0107a kori\u0161tenja:<\/strong>\u00a0Sudionici mogu jednostavno skenirati svoje narukvice za ulaz i kupnju, smanjuju\u0107i vrijeme \u010dekanja i \u010dine\u0107i svoje iskustvo ugodnijim.<\/li>\n<li><strong>Prilagodba:<\/strong>\u00a0Robne marke imaju opciju personaliziranja svake narukvice s logotipovima, detaljima doga\u0111aja i QR kodovima, omogu\u0107uju\u0107i u\u010dinkovito brendiranje i marketing.<\/li>\n<li><strong>Isplativo:<\/strong>\u00a0Budu\u0107i da su jednokratna opcija, ove narukvice pru\u017eaju ekonomi\u010dan izbor bez ugro\u017eavanja kvalitete ili sigurnosti.<\/li>\n<\/ol>\n<p>Sada zaronimo dublje u zna\u010dajke na\u0161eg\u00a0<strong>Jednokratna HF RFID NFC narukvica za ulaznice za doga\u0111aje<\/strong>.<\/p>\n<p>&nbsp;<\/p>\n<h3><strong>Tehni\u010dke specifikacije<\/strong><\/h3>\n<table class=\"w-fit !mb-0 !max-w-none\">\n<thead>\n<tr>\n<th>Zna\u010dajka<\/th>\n<th>Specifikacija<\/th>\n<\/tr>\n<\/thead>\n<tbody>\n<tr>\n<td>Naziv marke<\/td>\n<td>SXNFC<\/td>\n<\/tr>\n<tr>\n<td>Mjesto podrijetla<\/td>\n<td>Guangdong, Kina<\/td>\n<\/tr>\n<tr>\n<td>Frekvencija<\/td>\n<td>13,56 MHz<\/td>\n<\/tr>\n<tr>\n<td>Protokol<\/td>\n<td>ISO14443A<\/td>\n<\/tr>\n<tr>\n<td>Vrsta \u010dipa<\/td>\n<td>NFC \u010dip\/ HF<\/td>\n<\/tr>\n<tr>\n<td>Kori\u0161tenje<\/td>\n<td>Prodaja ulaznica za doga\u0111aje, kontrola pristupa, bezgotovinsko pla\u0107anje<\/td>\n<\/tr>\n<tr>\n<td>Materijal<\/td>\n<td>Dupont papir<\/td>\n<\/tr>\n<tr>\n<td>Veli\u010dina<\/td>\n<td>250*19,5 mm<\/td>\n<\/tr>\n<tr>\n<td>Ispis<\/td>\n<td>Offsetni tisak u punoj boji<\/td>\n<\/tr>\n<\/tbody>\n<\/table>\n<p>&nbsp;<\/p>\n<h3><strong>\u010cesto postavljana pitanja (FAQ)<\/strong><\/h3>\n<p><strong>P1: Kako mogu prilagoditi narukvice?<\/strong><br \/>\nO: Prilagodbe se mogu zatra\u017eiti tijekom postupka narud\u017ebe. Mo\u017eete odrediti svoj dizajn, logotip, QR kodove ili serijske brojeve.<\/p>\n<p><strong>P2: Jesu li narukvice vodootporne?<\/strong><br \/>\nO: Da,\u00a0<strong>Dupont papir<\/strong>\u00a0Materijal kori\u0161ten u izradi je vodootporan, \u0161to osigurava otpornost na razli\u010dite uvjete.<\/p>\n<p><strong>P3: Mogu li se narukvice ponovno upotrijebiti?<\/strong><br \/>\nO: Ove narukvice namijenjene su samo za jednokratnu upotrebu; osiguravaju maksimalnu sigurnost i za\u0161titu od neovla\u0161tenih promjena tijekom cijelog doga\u0111aja.<\/p>\n<p>&nbsp;<\/p>\n<h3><strong>Dok smanjujemo otpad: Ekolo\u0161ki odgovorna rje\u0161enja<\/strong><\/h3>\n<p>U na\u0161oj potrazi za inovativnim rje\u0161enjima, tako\u0111er vodimo ra\u010duna o na\u0161em utjecaju na okoli\u0161. The\u00a0<strong>Jednokratna HF UHF RFID NFC narukvica<\/strong>\u00a0podupire ekolo\u0161ku odr\u017eivost na sljede\u0107e na\u010dine:<\/p>\n<ul>\n<li><strong>Dizajn za jednokratnu upotrebu:<\/strong>\u00a0Kao a\u00a0<strong>narukvica za jednokratnu upotrebu<\/strong>, eliminirate potrebu za povratnim procesima i pranjem, \u010dime \u0161tedite resurse i energiju.<\/li>\n<li><strong>Materijalno razmatranje:<\/strong>\u00a0Kori\u0161tenje\u00a0<strong>Dupont papir<\/strong>, poznato po tome \u0161to se mo\u017ee reciklirati, pridonosi smanjenju ukupnog uglji\u010dnog otiska povezanog s opremom za doga\u0111aje.<\/li>\n<\/ul>","protected":false},"excerpt":{"rendered":"<p>Jednokratna HF RFID NFC narukvica za ulaznice za doga\u0111aje nudi siguran i u\u010dinkovit na\u010din upravljanja kontrolom pristupa na bilo kojem doga\u0111aju. Njegov prilagodljivi dizajn osigurava besprijekorno iskustvo za sudionike dok omogu\u0107uje bezgotovinsko pla\u0107anje i pobolj\u0161ane sigurnosne mjere.<\/p>","protected":false},"featured_media":3438,"template":"","meta":[],"product_brand":[],"product_cat":[50],"product_tag":[],"class_list":{"0":"post-3437","1":"product","2":"type-product","3":"status-publish","4":"has-post-thumbnail","6":"product_cat-silicone-rfid-nfc-wristbands","8":"first","9":"instock","10":"shipping-taxable","11":"product-type-simple"},"_links":{"self":[{"href":"https:\/\/nfc-readers.com\/hr\/wp-json\/wp\/v2\/product\/3437","targetHints":{"allow":["GET"]}}],"collection":[{"href":"https:\/\/nfc-readers.com\/hr\/wp-json\/wp\/v2\/product"}],"about":[{"href":"https:\/\/nfc-readers.com\/hr\/wp-json\/wp\/v2\/types\/product"}],"wp:featuredmedia":[{"embeddable":true,"href":"https:\/\/nfc-readers.com\/hr\/wp-json\/wp\/v2\/media\/3438"}],"wp:attachment":[{"href":"https:\/\/nfc-readers.com\/hr\/wp-json\/wp\/v2\/media?parent=3437"}],"wp:term":[{"taxonomy":"product_brand","embeddable":true,"href":"https:\/\/nfc-readers.com\/hr\/wp-json\/wp\/v2\/product_brand?post=3437"},{"taxonomy":"product_cat","embeddable":true,"href":"https:\/\/nfc-readers.com\/hr\/wp-json\/wp\/v2\/product_cat?post=3437"},{"taxonomy":"product_tag","embeddable":true,"href":"https:\/\/nfc-readers.com\/hr\/wp-json\/wp\/v2\/product_tag?post=3437"}],"curies":[{"name":"wp","href":"https:\/\/api.w.org\/{rel}","templated":true}]}}