{"id":3444,"date":"2024-11-03T06:44:10","date_gmt":"2024-11-03T06:44:10","guid":{"rendered":"https:\/\/nfc-readers.com\/?post_type=product&#038;p=3444"},"modified":"2024-11-04T08:51:14","modified_gmt":"2024-11-04T08:51:14","slug":"custom-fm1208-8k-memory-smart-campus-card","status":"publish","type":"product","link":"https:\/\/nfc-readers.com\/hr\/ic-reader\/custom-fm1208-8k-memory-smart-campus-card\/","title":{"rendered":"Prilago\u0111ena FM1208 8k memorijska pametna kampus kartica"},"content":{"rendered":"<h1><span style=\"color: #000080;\"><strong>Prilago\u0111ena FM1208 8k memorijska pametna kampus kartica<\/strong><\/span><\/h1>\n<p><span style=\"color: #666699;\">Budu\u0107nost rje\u0161enja za kontrolu pristupa U svijetu koji postaje sve digitalniji, besprijekorna kontrola pristupa kriti\u010dnija je nego ikad. The <strong>Prilago\u0111ena FM12088K memorijska pametna kampus kartica<\/strong>\u00a0je dizajniran za moderne institucije koje tra\u017ee sigurne i u\u010dinkovite na\u010dine upravljanja pristupom, identifikacijom i transakcijama na kampusu. S 8K memorijom, RFID i NFC komunikacijskim mogu\u0107nostima te robusnim dizajnom, ova se kartica isti\u010de kao bitno rje\u0161enje za obrazovne ustanove, tvrtke i organizacije. Ovaj proizvod nudi brojne pogodnosti koje ga \u010dine vrijednom investicijom za bilo koji subjekt usmjeren na pobolj\u0161anu sigurnost i pojednostavljeno poslovanje.<\/span><\/p>\n<p>&nbsp;<\/p>\n<h2 style=\"text-align: center;\"><em><strong><span style=\"color: #000080;\">Za\u0161to odabrati Custom FM12088K Memory Smart Campus karticu?<\/span><\/strong><\/em><\/h2>\n<p>Custom FM12088K Memory Smart Campus Card vi\u0161e je od pukog komada plastike; to je inovativan alat koji integrira naprednu tehnologiju s prakti\u010dnim primjenama. Klju\u010dne prednosti uklju\u010duju:<\/p>\n<ul>\n<li><strong>Pove\u0107ana sigurnost<\/strong>: S naprednim\u00a0<strong>Mifare Desfire<\/strong>\u00a0sposobnosti i\u00a0<strong>me\u0111usobna provjera autenti\u010dnosti<\/strong>, va\u0161 sustav kontrole pristupa postaje znatno sigurniji.<\/li>\n<li><strong>Pobolj\u0161ano korisni\u010dko iskustvo<\/strong>: Dizajnirana za jednostavno rukovanje, kartice\u00a0<strong>beskontaktni dizajn<\/strong>\u00a0omogu\u0107uje brz i prakti\u010dan pristup\u2014idealno za prometna okru\u017eenja kampusa.<\/li>\n<li><strong>Svestrane primjene<\/strong>: Ove kartice se ne ograni\u010davaju samo na kontrolu pristupa, ve\u0107 se mogu koristiti i za financijske transakcije, izdavanje ulaznica i programe vjernosti.<\/li>\n<li><strong>Trajnost i dugovje\u010dnost<\/strong>: Izra\u0111eno od\u00a0<strong>PVC<\/strong>, ove karte su\u00a0<strong>vodootporan\/otporan na vremenske uvjete<\/strong>, osiguravaju\u0107i dugovje\u010dnost \u010dak iu zahtjevnim uvjetima okoline.<\/li>\n<\/ul>\n<hr \/>\n<h2><\/h2>\n<h2 style=\"text-align: center;\"><span style=\"color: #000080;\"><em><strong>Evolucija Mifare tehnologije<\/strong><\/em><\/span><\/h2>\n<p><span style=\"color: #008080;\">Mifare tehnologija se razvijala tijekom godina, prelaze\u0107i s izvorne <strong>Mifare Classic<\/strong>\u00a0obitelji do naprednih iteracija poput\u00a0<strong>Mifare Desfire<\/strong>\u00a0niz. <\/span><\/p>\n<p><span style=\"color: #008080;\">Ova pobolj\u0161anja omogu\u0107uju ve\u0107e memorijske kapacitete, ve\u0107e sigurnosne zna\u010dajke i razli\u010dite aplikacije. FM1208\u00a0<strong>8K memorija<\/strong>\u00a0ponovno potvr\u0111uje svoje sposobnosti sigurnog i u\u010dinkovitog rukovanja slo\u017eenim podatkovnim transakcijama.<\/span><\/p>\n<p>&nbsp;<\/p>\n<h2 style=\"text-align: center;\"><em><strong><span style=\"color: #000080;\">Klju\u010dne zna\u010dajke pametnih kartica<\/span><\/strong><\/em><\/h2>\n<h3>Pametne kartice poput FM1208 nude nekoliko klju\u010dnih atributa, uklju\u010duju\u0107i:<\/h3>\n<ul>\n<li><strong>Beskontaktna komunikacija<\/strong>: Kori\u0161tenje\u00a0<strong>RFID\/NFC<\/strong>\u00a0tehnologijom, kartica se mo\u017ee brzo skenirati bez fizi\u010dkog kontakta, pru\u017eaju\u0107i brz pristup.<\/li>\n<li><strong>Visoka sigurnost<\/strong>: Sa\u00a0<strong>klju\u010devi za \u0161ifriranje<\/strong>\u00a0i mogu\u0107nosti uzajamne provjere autenti\u010dnosti, korisnici mogu biti sigurni da su njihove vjerodajnice sigurne.<\/li>\n<li><strong>Skalabilnost<\/strong>: FM1208 se mo\u017ee lako integrirati u postoje\u0107e sustave ili prilagoditi rastu\u0107im potrebama kampusa, pove\u0107avaju\u0107i ukupnu operativnu u\u010dinkovitost.<\/li>\n<\/ul>\n<hr \/>\n<h2><\/h2>\n<h2 style=\"text-align: center;\"><em><span style=\"color: #000080;\"><strong>Jedinstvene zna\u010dajke<\/strong><\/span><\/em><\/h2>\n<p><span style=\"color: #666699;\">Custom FM1208 Smart Campus Card dolazi prepuna jedinstvenih zna\u010dajki dizajniranih za dana\u0161nje tehnolo\u0161ko okru\u017eenje.<\/span><\/p>\n<h3><span style=\"color: #333399;\"><strong>Otporan na vodu i vremenske uvjete<\/strong><\/span><\/h3>\n<p>Ova pametna kartica napravljena je da izdr\u017ei te\u0161ke uvjete, \u0161to je \u010dini prikladnom i za unutarnju i za vanjsku primjenu. The\u00a0<strong>PVC<\/strong>\u00a0kori\u0161teni materijal osigurava da ostane netaknut i potpuno funkcionalan pod razli\u010ditim pritiscima okoline.<\/p>\n<p>&nbsp;<\/p>\n<h3><span style=\"color: #333399;\"><strong>Mini Tag kompatibilnost<\/strong><\/span><\/h3>\n<p>FM1208 tako\u0111er mo\u017ee funkcionirati kao\u00a0<strong>mini oznaka<\/strong>, \u0161to omogu\u0107uje razli\u010dite scenarije kori\u0161tenja. Bilo da je integriran u odje\u0107u, ruksake ili nov\u010danike, nudi fleksibilnost za studente i osoblje.<\/p>\n<hr \/>\n<h3><span style=\"color: #333399;\"><strong>Tehni\u010dke specifikacije<\/strong><\/span><\/h3>\n<p><strong>Evo detaljnog pregleda tehni\u010dkih specifikacija Custom FM12088K Memory Smart Campus kartice:<\/strong><\/p>\n<div class=\"table-with-header rounded-lg border border-solid border-grey-line2-normal w-fit max-w-full mb-2\">\n<div class=\"overflow-x-auto custom-scrollbar custom-scrollbar-float max-w-full\">\n<table class=\"w-fit !mb-0 !max-w-none\">\n<thead>\n<tr>\n<th>Zna\u010dajka<\/th>\n<th>Specifikacija<\/th>\n<\/tr>\n<\/thead>\n<tbody>\n<tr>\n<td><strong>Naziv proizvoda<\/strong><\/td>\n<td>RFID kartica<\/td>\n<\/tr>\n<tr>\n<td><strong>\u010cip<\/strong><\/td>\n<td>FM1208<\/td>\n<\/tr>\n<tr>\n<td><strong>Memorija<\/strong><\/td>\n<td>8K<\/td>\n<\/tr>\n<tr>\n<td><strong>Materijal<\/strong><\/td>\n<td>PVC<\/td>\n<\/tr>\n<tr>\n<td><strong>Veli\u010dina<\/strong><\/td>\n<td>85,5 x 54 mm<\/td>\n<\/tr>\n<tr>\n<td><strong>Frekvencija<\/strong><\/td>\n<td>13,56 MHz<\/td>\n<\/tr>\n<tr>\n<td><strong>Udaljenost \u010ditanja<\/strong><\/td>\n<td>1-10 cm<\/td>\n<\/tr>\n<tr>\n<td><strong>MOQ (minimalna koli\u010dina za narud\u017ebu)<\/strong><\/td>\n<td>500<\/td>\n<\/tr>\n<tr>\n<td><strong>Ispis<\/strong><\/td>\n<td>Offset tisak<\/td>\n<\/tr>\n<tr>\n<td><strong>Mjesto podrijetla<\/strong><\/td>\n<td>Guangdong, Kina<\/td>\n<\/tr>\n<tr>\n<td><strong>Primjena<\/strong><\/td>\n<td>Kontrola pristupa, Transakcije<\/td>\n<\/tr>\n<\/tbody>\n<\/table>\n<\/div>\n<\/div>\n<p><strong>Ove specifikacije predstavljaju karticu koja nagla\u0161ava sigurnost, izdr\u017eljivost i u\u010dinkovitost.<\/strong><\/p>\n<hr \/>\n<h2><\/h2>\n<h2 style=\"text-align: center;\"><em><span style=\"color: #000080;\"><strong>Utjecaj na okoli\u0161 i odr\u017eivost<\/strong><\/span><\/em><\/h2>\n<p><span style=\"color: #666699;\">Prepoznaju\u0107i utjecaj tehnologije na okoli\u0161, kartica Custom FM1208 usvaja odr\u017eivi pristup. Izgra\u0111en od\u00a0<strong>PVC<\/strong>, nudi trajnost bez ugro\u017eavanja brige za okoli\u0161. Odr\u017eive prakse- <strong>Mogu\u0107nost recikliranja<\/strong>: Materijali koji se koriste mogu se reciklirati, nagla\u0161avaju\u0107i predanost brizi za okoli\u0161.<\/span><\/p>\n<ul>\n<li><strong>Dug vijek trajanja<\/strong>: S izdr\u017eljivim dizajnom, kartica smanjuje potrebu za \u010destim zamjenama, u kona\u010dnici smanjuju\u0107i otpad.<\/li>\n<\/ul>\n<hr \/>\n<h2><\/h2>\n<h2 style=\"text-align: center;\"><em><span style=\"color: #000080;\"><strong>Primjene u obrazovanju i \u0161ire<\/strong><\/span><\/em><\/h2>\n<p><span style=\"color: #666699;\">Custom FM1208 Smart Campus Card slu\u017ei raznim aplikacijama, posebno u obrazovnim ustanovama, pobolj\u0161avaju\u0107i cjelokupno iskustvo kampusa.<\/span><\/p>\n<p>&nbsp;<\/p>\n<h2 style=\"text-align: center;\"><em><strong><span style=\"color: #000080;\">U obrazovnim ustanovama<\/span><\/strong><\/em><\/h2>\n<p style=\"text-align: left;\">1.\u00a0<strong>Kontrola pristupa<\/strong>: Osigurajte ulaz u zgrade, knji\u017enice ili laboratorije.<\/p>\n<ol start=\"2\">\n<li><strong>ID kampusa<\/strong>: Slu\u017ee\u0107i kao studentske iskaznice, kartice pojednostavljuju proces identifikacije.<\/li>\n<li><strong>Sustavi pla\u0107anja<\/strong>: Integracija sa \u0161kolskim ra\u010dunima za bezgotovinske transakcije u kantinama i na automatima.<\/li>\n<\/ol>","protected":false},"excerpt":{"rendered":"<p>Custom FM12088K Memory Smart Campus Card nudi sigurnu, beskontaktnu kontrolu pristupa, idealnu za obrazovne ustanove i tvrtke. Izdr\u017eljiv i svestran!<\/p>","protected":false},"featured_media":3449,"template":"","meta":[],"product_brand":[],"product_cat":[46],"product_tag":[],"class_list":{"0":"post-3444","1":"product","2":"type-product","3":"status-publish","4":"has-post-thumbnail","6":"product_cat-nfc-cards","8":"first","9":"instock","10":"shipping-taxable","11":"product-type-simple"},"_links":{"self":[{"href":"https:\/\/nfc-readers.com\/hr\/wp-json\/wp\/v2\/product\/3444","targetHints":{"allow":["GET"]}}],"collection":[{"href":"https:\/\/nfc-readers.com\/hr\/wp-json\/wp\/v2\/product"}],"about":[{"href":"https:\/\/nfc-readers.com\/hr\/wp-json\/wp\/v2\/types\/product"}],"wp:featuredmedia":[{"embeddable":true,"href":"https:\/\/nfc-readers.com\/hr\/wp-json\/wp\/v2\/media\/3449"}],"wp:attachment":[{"href":"https:\/\/nfc-readers.com\/hr\/wp-json\/wp\/v2\/media?parent=3444"}],"wp:term":[{"taxonomy":"product_brand","embeddable":true,"href":"https:\/\/nfc-readers.com\/hr\/wp-json\/wp\/v2\/product_brand?post=3444"},{"taxonomy":"product_cat","embeddable":true,"href":"https:\/\/nfc-readers.com\/hr\/wp-json\/wp\/v2\/product_cat?post=3444"},{"taxonomy":"product_tag","embeddable":true,"href":"https:\/\/nfc-readers.com\/hr\/wp-json\/wp\/v2\/product_tag?post=3444"}],"curies":[{"name":"wp","href":"https:\/\/api.w.org\/{rel}","templated":true}]}}