{"id":3450,"date":"2024-11-03T08:01:44","date_gmt":"2024-11-03T08:01:44","guid":{"rendered":"https:\/\/nfc-readers.com\/?post_type=product&#038;p=3450"},"modified":"2024-11-04T08:45:59","modified_gmt":"2024-11-04T08:45:59","slug":"nfc-with-qr-code-stainless-contactless-business-card","status":"publish","type":"product","link":"https:\/\/nfc-readers.com\/hr\/ic-reader\/nfc-with-qr-code-stainless-contactless-business-card\/","title":{"rendered":"NFC s QR kodom Nehr\u0111aju\u0107a beskontaktna posjetnica"},"content":{"rendered":"<h1><span style=\"color: #000080;\"><strong>NFC s QR kodom Nehr\u0111aju\u0107a beskontaktna posjetnica<\/strong><\/span><\/h1>\n<p><span style=\"color: #666699;\">U dana\u0161njem brzom digitalnom svijetu, potreba za inovativnim i u\u010dinkovitim mre\u017enim rje\u0161enjima va\u017enija je nego ikada. Unesite <strong>NFC s QR kodom Nehr\u0111aju\u0107a beskontaktna posjetnica<\/strong>, vrhunski alat dizajniran za redefiniranje na\u010dina na koji profesionalci dijele svoje informacije. Spajaju\u0107i modernu tehnologiju s elegantnim dizajnom, ova posjetnica omogu\u0107uje korisnicima da bez napora dijele svoje podatke za kontakt, profile na dru\u0161tvenim mre\u017eama i vi\u0161e jednostavnim dodirom i skeniranjem. S bezbrojnim mogu\u0107nostima prilagodbe, ova beskontaktna posjetnica ne samo da pobolj\u0161ava va\u0161 profesionalni imid\u017e, ve\u0107 i pojednostavljuje procese umre\u017eavanja.<\/span><\/p>\n<p>&nbsp;<\/p>\n<h2 style=\"text-align: center;\"><span style=\"color: #000080;\"><strong>Klju\u010dne zna\u010dajke NFC posjetnica\u00a0<\/strong><\/span><\/h2>\n<p>NFC tehnologija transformira umre\u017eavanje pru\u017eaju\u0107i jedinstvene atribute koji je razlikuju od tradicionalnih posjetnica. Ove kartice omogu\u0107uju brzo i u\u010dinkovito dijeljenje informacija, omogu\u0107uju\u0107i korisnicima da prenesu svoje podatke za kontakt jednostavnim dodirom pametnog telefona. The\u00a0<strong>NFC s QR kodom Nehr\u0111aju\u0107a beskontaktna posjetnica<\/strong>\u00a0uklju\u010duje naprednu tehnologiju kao \u0161to su:<\/p>\n<ul>\n<li><strong>RFID komunikacija:<\/strong>\u00a0Radi na frekvenciji od 13,56 MHz, \u0161to omogu\u0107uje brze veze izme\u0111u ure\u0111aja.<\/li>\n<li><strong>Prilago\u0111ene mogu\u0107nosti \u010dipa:<\/strong>\u00a0Dostupan s NTAG213, NTAG215 ili NTAG216 \u010dipovima, pru\u017eaju\u0107i fleksibilnost na temelju potreba korisnika.<\/li>\n<\/ul>\n<p>Iskori\u0161tavanjem ovih klju\u010dnih atributa, ova posjetnica ne samo da predstavlja va\u0161 profesionalni brend, ve\u0107 tako\u0111er prikazuje va\u0161u predanost inovacijama.<\/p>\n<p>&nbsp;<\/p>\n<h2 style=\"text-align: center;\"><span style=\"color: #000080;\"><em><strong>Zna\u010dajke dizajna: <\/strong><\/em><\/span><\/h2>\n<h2>Ostavite trajan dojam<\/h2>\n<p><strong>Estetska privla\u010dnost<\/strong>\u00a0klju\u010dna je u svakoj poslovnoj interakciji. The\u00a0<strong>NFC s QR kodom Nehr\u0111aju\u0107a beskontaktna posjetnica<\/strong>\u00a0dizajniran je s nizom prilagodljivih zna\u010dajki koje odgovaraju individualnim preferencijama, osiguravaju\u0107i ne samo da se isti\u010de ve\u0107 i da se uskladi s identitetom va\u0161e marke. Klju\u010dne zna\u010dajke dizajna uklju\u010duju:<\/p>\n<ul>\n<li><strong>Zavr\u0161eci:<\/strong>\u00a0Birajte izme\u0111u sjajnih ili mat povr\u0161ina za sofisticirani izgled koji odgovara va\u0161em stilu.<\/li>\n<li><strong>Mogu\u0107nosti materijala:<\/strong>\u00a0Izra\u0111ene od visokokvalitetnog nehr\u0111aju\u0107eg \u010delika, ove kartice ne samo da izgledaju luksuzno, ve\u0107 tako\u0111er pru\u017eaju izdr\u017eljivost protiv tro\u0161enja i habanja.<\/li>\n<li><strong>Prilago\u0111eni logotipi i uzorci:<\/strong>\u00a0Personalizirajte svoju karticu s ugraviranim logotipom, stvaraju\u0107i jedinstveni dodir koji pove\u0107ava vidljivost va\u0161eg brenda.<\/li>\n<\/ul>\n<p>Ulaganjem u profesionalno dizajniranu NFC posjetnicu izdvajate se od konkurencije.<\/p>\n<p>&nbsp;<\/p>\n<h2 style=\"text-align: center;\"><span style=\"color: #000080;\"><em><strong>Vodootporan i izdr\u017eljiv na vremenske uvjete <\/strong><\/em><\/span><\/h2>\n<p><span style=\"color: #666699;\">U u\u017eurbanosti svakodnevnog umre\u017eavanja potrebna vam je posjetnica koja mo\u017ee izdr\u017eati razli\u010dite uvjete okoline. <\/span><\/p>\n<p><span style=\"color: #666699;\">Nehr\u0111aju\u0107i materijal od\u00a0<strong>NFC s QR kodom Nehr\u0111aju\u0107a beskontaktna posjetnica<\/strong>\u00a0je:<\/span><\/p>\n<ul>\n<li><strong>Vodootporan:<\/strong>\u00a0\u0160titi va\u0161e podatke od slu\u010dajnog prolijevanja i vla\u017enih uvjeta.<\/li>\n<li><strong>Otporan na vremenske uvjete:<\/strong>\u00a0Idealno za svaku klimu, osiguravaju\u0107i da va\u0161a kartica ostane netaknuta i potpuno funkcionalna bez obzira na vanjske elemente.<\/li>\n<\/ul>\n<p>Ova izdr\u017eljivost jam\u010di da \u0107e va\u0161a kartica tijekom vremena zadr\u017eati svoje estetske i funkcionalne kvalitete, \u0161to je \u010dini mudrim ulaganjem.<\/p>\n<p>&nbsp;<\/p>\n<h2 style=\"text-align: center;\"><em><strong><span style=\"color: #000080;\">Komunikacijsko su\u010delje prilago\u0111eno korisniku\u00a0<\/span><\/strong><\/em><\/h2>\n<p>Jedna od najzna\u010dajnijih zna\u010dajki\u00a0<strong>NFC s QR kodom Nehr\u0111aju\u0107a beskontaktna posjetnica<\/strong>\u00a0je jednostavno komunikacijsko su\u010delje. Sposobnost kori\u0161tenja obojega\u00a0<strong>NFC i RFID<\/strong>\u00a0tehnologija osigurava brz i jednostavan pristup va\u0161im podacima s raznih ure\u0111aja. Evo kako to funkcionira:<\/p>\n<ul>\n<li><strong>NFC tehnologija:<\/strong>\u00a0Korisnici jednostavno trebaju prisloniti svoj pametni telefon na karticu kako bi dohvatili podatke o kontaktu. Ova jednostavnost poti\u010de brzu interakciju u mre\u017enim postavkama.<\/li>\n<li><strong>Integracija QR koda:<\/strong>\u00a0Kartica ima integrirani QR kod, pru\u017eaju\u0107i dodatni na\u010din dijeljenja informacija za one koji mo\u017eda nemaju ure\u0111aje s omogu\u0107enom NFC-om.<\/li>\n<\/ul>\n<p>Ovo su\u010delje s dvostrukom komunikacijom osigurava da se mo\u017eete povezati s potencijalnim klijentima ili partnerima bez napora.<\/p>\n<p>&nbsp;<\/p>\n<h2 style=\"text-align: center;\"><span style=\"color: #000080;\"><em><strong>Specifikacije koje su va\u017ene<\/strong><\/em><\/span><\/h2>\n<p>|\u00a0<strong>Materijal<\/strong>\u00a0| Nehr\u0111aju\u0107i \u010delik |<br \/>\n|\u00a0<strong>Frekvencija<\/strong>\u00a0|13,56 MHz |<br \/>\n|\u00a0<strong>Veli\u010dina<\/strong>\u00a0|85,5 mm x54 mm \/ prilago\u0111eno |<br \/>\n|\u00a0<strong>Debljina<\/strong>\u00a0|0,8 mm \/ prilago\u0111eno |<br \/>\n|\u00a0<strong>Mogu\u0107nosti \u010dipova<\/strong> | Prilago\u0111eno \/ NTAG213 \/215 \/216 |<br \/>\n|\u00a0<strong>Mogu\u0107nosti boja<\/strong>\u00a0| Crna, bijela, ru\u017ei\u010dasto zlato, zlatna, plava |<br \/>\n|\u00a0<strong>Posebne zna\u010dajke<\/strong>\u00a0| Vodootporan\/otporan na vremenske uvjete, luksuz|<\/p>\n<p>&nbsp;<\/p>\n<h2 style=\"text-align: center;\"><span style=\"color: #000080;\"><em><strong>Odjeljak s \u010desto postavljanim pitanjima<\/strong><\/em><\/span><\/h2>\n<p><strong><span style=\"color: #008080;\">P: Mogu li prilagoditi dizajn kartice?<\/span><\/strong><\/p>\n<p>O: Apsolutno! Mo\u017eete birati boje, povr\u0161inske zavr\u0161ne obrade, pa \u010dak i gravure za logotipe, \u010dine\u0107i va\u0161u \u010destitku doista jedinstvenom.<\/p>\n<p>&nbsp;<\/p>\n<p><strong><span style=\"color: #008080;\">P: Je li NFC funkcija kompatibilna sa svim pametnim telefonima?<\/span><\/strong><\/p>\n<p>O: Da, NFC kartica je dizajnirana za rad s ve\u0107inom pametnih telefona koji podr\u017eavaju NFC tehnologiju.<\/p>","protected":false},"excerpt":{"rendered":"<p>Uvedite revoluciju u umre\u017eavanje s na\u0161om nehr\u0111aju\u0107om beskontaktnom posjetnicom NFC &amp; QR Code\u2014dijelite informacije bez napora uz elegantan, prilagodljiv dizajn!<\/p>","protected":false},"featured_media":3448,"template":"","meta":[],"product_brand":[],"product_cat":[46],"product_tag":[],"class_list":{"0":"post-3450","1":"product","2":"type-product","3":"status-publish","4":"has-post-thumbnail","6":"product_cat-nfc-cards","8":"first","9":"instock","10":"shipping-taxable","11":"product-type-simple"},"_links":{"self":[{"href":"https:\/\/nfc-readers.com\/hr\/wp-json\/wp\/v2\/product\/3450","targetHints":{"allow":["GET"]}}],"collection":[{"href":"https:\/\/nfc-readers.com\/hr\/wp-json\/wp\/v2\/product"}],"about":[{"href":"https:\/\/nfc-readers.com\/hr\/wp-json\/wp\/v2\/types\/product"}],"wp:featuredmedia":[{"embeddable":true,"href":"https:\/\/nfc-readers.com\/hr\/wp-json\/wp\/v2\/media\/3448"}],"wp:attachment":[{"href":"https:\/\/nfc-readers.com\/hr\/wp-json\/wp\/v2\/media?parent=3450"}],"wp:term":[{"taxonomy":"product_brand","embeddable":true,"href":"https:\/\/nfc-readers.com\/hr\/wp-json\/wp\/v2\/product_brand?post=3450"},{"taxonomy":"product_cat","embeddable":true,"href":"https:\/\/nfc-readers.com\/hr\/wp-json\/wp\/v2\/product_cat?post=3450"},{"taxonomy":"product_tag","embeddable":true,"href":"https:\/\/nfc-readers.com\/hr\/wp-json\/wp\/v2\/product_tag?post=3450"}],"curies":[{"name":"wp","href":"https:\/\/api.w.org\/{rel}","templated":true}]}}