{"id":3460,"date":"2024-11-04T06:26:42","date_gmt":"2024-11-04T06:26:42","guid":{"rendered":"https:\/\/nfc-readers.com\/?post_type=product&#038;p=3460"},"modified":"2024-11-04T08:39:37","modified_gmt":"2024-11-04T08:39:37","slug":"custom-logo-printing-yelptripadvisor-review-nfc-card","status":"publish","type":"product","link":"https:\/\/nfc-readers.com\/hr\/ic-reader\/custom-logo-printing-yelptripadvisor-review-nfc-card\/","title":{"rendered":"Ispis prilago\u0111enog logotipa NFC kartice za pregled Yelp\\Tripadvisor"},"content":{"rendered":"<h1><span style=\"color: #000080;\"><strong>Ispis prilago\u0111enog logotipa NFC kartice za pregled Yelp\\Tripadvisor<\/strong><\/span><\/h1>\n<p>&nbsp;<\/p>\n<p><span style=\"color: #666699;\">Prednosti prilago\u0111enog ispisa logotipa Yelp\/Tripadvisor Pregled NFC kartica Integracija\u00a0<strong>NFC tehnologija<\/strong>\u00a0u strategije anga\u017emana kupaca mo\u017ee dramati\u010dno pobolj\u0161ati prakti\u010dnost i u\u010dinkovito prikupiti vrijedne povratne informacije. Ove kartice mogu katalizirati razgovore, potaknuti interakciju s klijentima i posljedi\u010dno pobolj\u0161ati va\u0161 Yelp ili TripAdvisor rang. Sa zna\u010dajkama kao \u0161to su otpornost na vodu i vremenske uvjete, ove kartice su dizajnirane za razli\u010dita okru\u017eenja, \u0161to ih \u010dini vrijednim dodatkom va\u0161em marketin\u0161kom arsenalu.<\/span><\/p>\n<hr \/>\n<h2><\/h2>\n<h2 style=\"text-align: center;\"><em><strong><span style=\"color: #000080;\">Opis proizvoda<\/span><\/strong><\/em><\/h2>\n<h3><span style=\"color: #333399;\"><strong>1. \u0160to su NFC kartice s prilago\u0111enim logotipom?<\/strong><\/span><\/h3>\n<p>NFC kartica s ispisom prilago\u0111enog logotipa za Yelp\\Tripadvisor Review je pametna kartica koja koristi\u00a0<strong>NFC (Near Field Communication)<\/strong>\u00a0tehnologija za olak\u0161avanje beskontaktne interakcije. Jednostavnim dodirom kartice kompatibilnim pametnim telefonom korisnici mogu pristupiti poveznici koja vodi izravno na va\u0161u stranicu s recenzijom. To eliminira potrebu za ru\u010dnim unosom, pojednostavljuje proces povratnih informacija i pobolj\u0161ava ukupne stope odgovora.<\/p>\n<p>&nbsp;<\/p>\n<h3><span style=\"color: #333399;\"><strong>2. Klju\u010dne zna\u010dajke NFC kartica<\/strong><\/span><\/h3>\n<p><strong>Klju\u010dni atributi<\/strong>\u00a0na\u0161e NFC kartice uklju\u010duju:<\/p>\n<ul>\n<li><strong>U\u010destalost rada<\/strong>:13,56 MHz omogu\u0107uje stabilnu komunikaciju.<\/li>\n<li><strong>Udaljenost \u010ditanja<\/strong>: Kartice se mogu \u010ditati od 2 do 10 cm, \u0161to osigurava jednostavno kori\u0161tenje.<\/li>\n<li><strong>Sastav materijala<\/strong>: Izra\u0111en od izdr\u017eljivog PVC-a koji osigurava dugovje\u010dnost.<\/li>\n<li><strong>Prilago\u0111eni ispis<\/strong>: Dostupan s CMYK4C ispisom, koji omogu\u0107uje \u017eivopisno markiranje.<\/li>\n<\/ul>\n<p>&nbsp;<\/p>\n<h3><span style=\"color: #333399;\"><strong>3. Prednosti kori\u0161tenja NFC kartica za recenzije kupaca<\/strong><\/span><\/h3>\n<p>NFC kartice nisu samo u\u010dinkovite u privla\u010denju prometa na va\u0161e stranice s recenzijama, ve\u0107 tako\u0111er pove\u0107avaju zadovoljstvo kupaca. Olak\u0161avaju\u0107i klijentima da daju povratne informacije, brzo prikupljate uvide u njihova iskustva, \u0161to dovodi do pobolj\u0161anja i pokazuje va\u0161u predanost korisni\u010dkoj slu\u017ebi.<\/p>\n<p>&nbsp;<\/p>\n<h2><span style=\"color: #333399;\"><strong>4. Tehni\u010dke specifikacije NFC kartica<\/strong><\/span><\/h2>\n<p>Ispod su <strong>tehni\u010dke specifikacije<\/strong> na\u0161e NFC kartice s prilago\u0111enim ispisom logotipa za pregled Yelp\\Tripadvisora:<\/p>\n<div class=\"table-with-header rounded-lg border border-solid border-grey-line2-normal w-fit max-w-full mb-2\">\n<div class=\"overflow-x-auto custom-scrollbar custom-scrollbar-float max-w-full\">\n<table class=\"w-fit !mb-0 !max-w-none\">\n<thead>\n<tr>\n<th>Atribut<\/th>\n<th>Specifikacija<\/th>\n<\/tr>\n<\/thead>\n<tbody>\n<tr>\n<td>Mjesto podrijetla<\/td>\n<td>Guangdong, Kina<\/td>\n<\/tr>\n<tr>\n<td>Vrsta \u010dipa<\/td>\n<td>NFC213\/215\/216 (NTAG\u00ae)<\/td>\n<\/tr>\n<tr>\n<td>Veli\u010dina memorije<\/td>\n<td>144\/504\/888 bajtova<\/td>\n<\/tr>\n<tr>\n<td>Veli\u010dina<\/td>\n<td>85,5*54 mm\/Prilago\u0111eno<\/td>\n<\/tr>\n<tr>\n<td>Komunikacijsko su\u010delje<\/td>\n<td>RFID, NFC<\/td>\n<\/tr>\n<tr>\n<td>Ispis<\/td>\n<td>CMYK ofsetni tisak<\/td>\n<\/tr>\n<tr>\n<td>Minimalna koli\u010dina za narud\u017ebu (MOQ)<\/td>\n<td>500<\/td>\n<\/tr>\n<tr>\n<td>Posebne zna\u010dajke<\/td>\n<td>Vodootporan\/otporan na vremenske uvjete, MINI TAG<\/td>\n<\/tr>\n<\/tbody>\n<\/table>\n<\/div>\n<\/div>\n<h3><strong><span style=\"color: #333399;\">5. Jedinstvene prodajne to\u010dke: <\/span><\/strong><\/h3>\n<h3><strong>Otporan na vodu i vremenske uvjete<\/strong><\/h3>\n<p>Jedna od glavnih briga za fizi\u010dke promotivne materijale je trajnost. Na\u0161e NFC kartice dolaze s <strong>vodootporan i otporan na vremenske uvjete<\/strong>\u00a0kvalitete, osiguravaju\u0107i im pre\u017eivljavanje u razli\u010ditim uvjetima, bilo u zatvorenom prostoru ili na otvorenom. Ova posebna zna\u010dajka \u010dini ih prikladnima za bilo koju marketin\u0161ku kampanju, bilo da se radi o restoranu, maloprodajnoj trgovini ili doga\u0111anjima na otvorenom.<\/p>\n<p>&nbsp;<\/p>\n<h2 style=\"text-align: center;\"><em><span style=\"color: #000080;\"><strong>Kako koristiti NFC kartice s prilago\u0111enim logotipom<\/strong><\/span><\/em><\/h2>\n<p>Kori\u0161tenje NFC kartica je jednostavno:<\/p>\n<ol>\n<li>Podijelite kartice kupcima, osiguravaju\u0107i da razumiju njihovu svrhu.<\/li>\n<li>Korisnici svojim mobilnim ure\u0111ajem dodiruju karticu.<\/li>\n<li>Ure\u0111aj se povezuje na va\u0161u stranicu s povratnim informacijama na platformama kao \u0161to su Yelp ili TripAdvisor.<\/li>\n<li>Potaknite ih da ostave recenziju koju \u0107e drugi kupci vidjeti.<\/li>\n<\/ol>\n<p>&nbsp;<\/p>\n<h2 style=\"text-align: center;\"><em><span style=\"color: #000080;\"><strong>Dizajn NFC kartice savr\u0161enog prilago\u0111enog logotipa<\/strong><\/span><\/em><\/h2>\n<p>Dizajn va\u0161eg <strong>pregledna kartica<\/strong>\u00a0presudno je za privla\u010denje pa\u017enje. Uklju\u010dite boje svoje robne marke, logotip i jasan poziv na akciju. Visokokvalitetni CMYK ispis osigurava da va\u0161 dizajn ne samo da privla\u010di pa\u017enju, ve\u0107 i odra\u017eava etos va\u0161e marke, \u010dine\u0107i va\u0161e klijente uzbu\u0111enim za interakciju s va\u0161im karticama.<\/p>\n<p>&nbsp;<\/p>\n<h2 style=\"text-align: center;\"><em><span style=\"color: #000080;\"><strong>Utjecaj NFC kartica na okoli\u0161<\/strong><\/span><\/em><\/h2>\n<p>U svijetu koji se brzo mijenja, odr\u017eivost je klju\u010dna. Na\u0161e NFC kartice izra\u0111ene su od ekolo\u0161ki prihvatljivih PVC materijala, smanjuju\u0107i utjecaj na okoli\u0161 povezan s tradicionalnim metodama prikupljanja pregleda. Prelazak na digitalna rje\u0161enja kao \u0161to su <strong>NFC tehnologija<\/strong>\u00a0pridonosi odr\u017eivijem poslovnom modelu.<\/p>\n<p>&nbsp;<\/p>\n<h2 style=\"text-align: center;\"><em><span style=\"color: #000080;\"><strong>Recenzije kupaca<\/strong><\/span><\/em><\/h2>\n<p>Stvarne povratne informacije od korisnikaKupci koji su se ve\u0107 integrirali <strong>NFC kartice<\/strong>\u00a0u svoje poslovanje izvje\u0161\u0107uju o zna\u010dajnom pove\u0107anju razine anga\u017emana i kvalitete povratnih informacija. Evo nekoliko svjedo\u010danstava:<\/p>\n<ul>\n<li><span style=\"color: #008080;\"><strong>\u201cNFC kartice znatno su olak\u0161ale prikupljanje recenzija. Na\u0161i korisnici vole kako je brzo i jednostavno!\u201d<\/strong><\/span> \u2013 Emily R.<\/li>\n<li><span style=\"color: #666699;\"><strong>\u201cVidjeli smo pove\u0107anje povratnih informacija za a40% nakon \u0161to smo po\u010deli koristiti NFC kartice. Bilo je fantasti\u010dno za na\u0161u reputaciju na internetu.\u201d<\/strong><\/span> \u2013 Mike T.<\/li>\n<\/ul>","protected":false},"excerpt":{"rendered":"<p>NFC kartice s prilago\u0111enim logotipom pove\u0107avaju anga\u017eman kupaca omogu\u0107avanjem jednostavnog, beskontaktnog podno\u0161enja pregleda, podi\u017eu\u0107i online ugled uz vodootpornu izdr\u017eljivost.<\/p>","protected":false},"featured_media":3462,"template":"","meta":[],"product_brand":[],"product_cat":[46],"product_tag":[],"class_list":{"0":"post-3460","1":"product","2":"type-product","3":"status-publish","4":"has-post-thumbnail","6":"product_cat-nfc-cards","8":"first","9":"instock","10":"shipping-taxable","11":"product-type-simple"},"_links":{"self":[{"href":"https:\/\/nfc-readers.com\/hr\/wp-json\/wp\/v2\/product\/3460","targetHints":{"allow":["GET"]}}],"collection":[{"href":"https:\/\/nfc-readers.com\/hr\/wp-json\/wp\/v2\/product"}],"about":[{"href":"https:\/\/nfc-readers.com\/hr\/wp-json\/wp\/v2\/types\/product"}],"wp:featuredmedia":[{"embeddable":true,"href":"https:\/\/nfc-readers.com\/hr\/wp-json\/wp\/v2\/media\/3462"}],"wp:attachment":[{"href":"https:\/\/nfc-readers.com\/hr\/wp-json\/wp\/v2\/media?parent=3460"}],"wp:term":[{"taxonomy":"product_brand","embeddable":true,"href":"https:\/\/nfc-readers.com\/hr\/wp-json\/wp\/v2\/product_brand?post=3460"},{"taxonomy":"product_cat","embeddable":true,"href":"https:\/\/nfc-readers.com\/hr\/wp-json\/wp\/v2\/product_cat?post=3460"},{"taxonomy":"product_tag","embeddable":true,"href":"https:\/\/nfc-readers.com\/hr\/wp-json\/wp\/v2\/product_tag?post=3460"}],"curies":[{"name":"wp","href":"https:\/\/api.w.org\/{rel}","templated":true}]}}