{"id":3498,"date":"2024-11-04T07:04:41","date_gmt":"2024-11-04T07:04:41","guid":{"rendered":"https:\/\/nfc-readers.com\/?post_type=product&#038;p=3498"},"modified":"2024-11-04T08:28:09","modified_gmt":"2024-11-04T08:28:09","slug":"tap-url-writing-social-business-facebook-review-nfc-cards","status":"publish","type":"product","link":"https:\/\/nfc-readers.com\/hr\/ic-reader\/tap-url-writing-social-business-facebook-review-nfc-cards\/","title":{"rendered":"Dodirnite URL Pisanje dru\u0161tvenog poslovanja Facebook Pregled NFC kartica"},"content":{"rendered":"<h1><span style=\"color: #000080;\"><strong>Dodirnite URL Pisanje dru\u0161tvenog poslovanja Facebook Pregled NFC kartica<\/strong><\/span><\/h1>\n<p><span style=\"color: #333399;\">U dana\u0161njem brzom digitalnom svijetu, tvrtke te\u017ee besprijekornoj povezanosti i interakciji sa svojim klijentima. NFC kartice su se pojavile kao revolucionarni alat koji premo\u0161\u0107uje jaz izme\u0111u fizi\u010dkog i digitalnog podru\u010dja. Sa svojim izvanrednim zna\u010dajkama, uklju\u010duju\u0107i Tap URL Writing, slu\u017ee kao mo\u0107an medij za integraciju dru\u0161tvenog poslovanja i pove\u0107anje anga\u017emana kupaca putem na\u010dina kao \u0161to su Facebook Reviews. Ovaj \u010dlanak detaljno istra\u017euje \u0161arm i prednosti na\u0161ih NFC kartica i kako one mogu transformirati va\u0161e poslovne operacije.<\/span><\/p>\n<h2><\/h2>\n<h2 style=\"text-align: center;\"><em><strong><span style=\"color: #000080;\">Za\u0161to investirati u NFC kartice?<\/span><\/strong><\/em><\/h2>\n<p style=\"text-align: left;\">NFC kartice pojednostavljuju slo\u017eenost anga\u017emana kupaca i promocije robne marke. S mogu\u0107nostima poput pisanja URL-ova i povezivanja na recenzije dru\u0161tvenih medija kao \u0161to je Facebook, ove kartice pobolj\u0161avaju korisni\u010dko iskustvo dok stvaraju nove puteve za marketing. Njihova vodootporna konstrukcija i opse\u017ene mogu\u0107nosti memorije osiguravaju da ne samo da zadovoljavaju standarde kvalitete, ve\u0107 i da mogu pre\u017eivjeti razli\u010dita okru\u017eenja, \u0161to ih \u010dini izvrsnim ulaganjem za tvrtke.<\/p>\n<p>&nbsp;<\/p>\n<p>&nbsp;<\/p>\n<h2 style=\"text-align: center;\"><em><span style=\"color: #000080;\"><strong>Sveobuhvatan pregled NFC kartica<\/strong><\/span><\/em><\/h2>\n<h3><span style=\"color: #333399;\"><strong> Klju\u010dne zna\u010dajke NFC kartica<\/strong><\/span><\/h3>\n<p>NFC kartice dizajnirane su s nekoliko klju\u010dnih atributa koji zadovoljavaju moderne poslovne potrebe:<br \/>\n<strong>Vodootporan\/otporan na vremenske uvjete:<\/strong><\/p>\n<p>Napravljene da traju, na\u0161e NFC kartice mogu izdr\u017eati razli\u010dite uvjete okoline. Ova izdr\u017eljivost zna\u010di da ih mo\u017eete koristiti u marketingu na otvorenom, doga\u0111ajima ili bilo kojem mjestu gdje tradicionalne kartice vjerojatno ne bi uspjele.<\/p>\n<p><strong>Komunikacijsko su\u010delje:<\/strong><\/p>\n<p>Kori\u0161tenje tehnologije NFC (Near Field Communication) omogu\u0107uje prakti\u010dnu beskontaktnu komunikaciju. Ova zna\u010dajka ne samo da pojednostavljuje transakcije, ve\u0107 tako\u0111er olak\u0161ava dijeljenje poslovnih informacija.<\/p>\n<p><strong>Atributi specifi\u010dni za industriju:<\/strong><\/p>\n<p>NFC kartice posebno su korisne za specifi\u010dne industrije koje zahtijevaju rje\u0161enja za identifikaciju i kontrolu.<\/p>\n<p>Poduze\u0107a u rasponu od maloprodaje do ugostiteljstva mogu iskoristiti zna\u010dajke ovih kartica.<\/p>\n<p><strong>Prilago\u0111ene veli\u010dine i dizajni:<\/strong><\/p>\n<p>Na\u0161e NFC kartice mogu se prilagoditi razli\u010ditim veli\u010dinama (85,5 *54 mm standardne ili prilago\u0111ene dimenzije) i dizajnu kako bi savr\u0161eno odgovarale robnoj marki va\u0161e tvrtke.<\/p>\n<p><strong>Napredna tehnologija \u010dipova:<\/strong><\/p>\n<p>Kori\u0161tenjem \u010dipova kao \u0161to su NTAG213,215 i 216 (registrirani za\u0161titni znakovi NXP BV), na\u0161e kartice jam\u010de visoku izvedbu i mogu\u0107nosti brzog dijeljenja podataka.<\/p>\n<h3><span style=\"color: #333399;\"><strong>Posebne zna\u010dajke na\u0161ih NFC kartica<\/strong><\/span><\/h3>\n<h3><strong>Vi\u0161enamjenska funkcionalnost<\/strong><\/h3>\n<p><span style=\"color: #008080;\">Bilo da se koriste za identifikaciju, kontrolu pristupa, programe vjernosti ili jednostavno kao marketin\u0161ki alat, NFC kartice su svestrane:<\/span><\/p>\n<p><strong>Funkcionalnost dodira za pisanje URL-a: <\/strong><\/p>\n<p>Omogu\u0107avanje korisnicima da prislone svojim telefonom na NFC karticu automatski ih preusmjerava na odre\u0111ene URL-ove, kao \u0161to su poslovne web stranice ili profili dru\u0161tvenih medija. Ova je funkcija klju\u010dna za u\u010dinkovito promoviranje proizvoda ili usluga.<\/p>\n<p><strong>Recenzije dru\u0161tvenog poslovanja:<\/strong><\/p>\n<p>Uz namjensku poveznicu za recenziju na Facebooku, potencijalni kupci mogu \u010ditati izjave i iskustva koja trenutno uspostavljaju povjerenje.<\/p>\n<h2><\/h2>\n<h2 style=\"text-align: center;\"><em><span style=\"color: #000080;\"><strong>Prijatelj okoli\u0161a<\/strong><\/span><\/em><\/h2>\n<p>Izra\u0111ene od ekolo\u0161ki osvije\u0161tenih materijala poput PVC-a, na\u0161e NFC kartice ne samo da su robusne, ve\u0107 im je i odr\u017eivost prioritet:<\/p>\n<p><strong>Materijali koji se mogu reciklirati:<\/strong> Na\u0161a predanost odgovornosti prema okoli\u0161u zna\u010di da se kartica nakon isteka \u017eivotnog vijeka mo\u017ee reciklirati, \u010dime se smanjuje va\u0161 uglji\u010dni otisak.<\/p>\n<h2 style=\"text-align: center;\"><span style=\"color: #000080;\"><em><strong>Tehni\u010dke specifikacije koje biste trebali znati<\/strong><\/em><\/span><\/h2>\n<p><strong><span style=\"color: #008080;\">| Specifikacija | Detalji |<\/span><\/strong><br \/>\n<strong><span style=\"color: #008080;\">|&#8212;&#8212;&#8212;&#8212;&#8212;&#8212;&#8212;&#8212;|&#8212;&#8212;&#8212;&#8212;&#8212;&#8212;&#8212;&#8212;&#8212;&#8212;&#8212;&#8212;&#8212;&#8212;&#8212;-|<\/span><\/strong><br \/>\n<strong><span style=\"color: #008080;\">| Frekvencija |13,56 MHz |<\/span><\/strong><br \/>\n<strong><span style=\"color: #008080;\">| Memorijske mogu\u0107nosti |144\/504\/888 bajtova |<\/span><\/strong><br \/>\n<strong><span style=\"color: #008080;\">| Materijal | PVC\/Epoxy\/Papir\/PET |<\/span><\/strong><br \/>\n<strong><span style=\"color: #008080;\">| Veli\u010dina | Prilagodljivo, standardno85,5 *54 mm |<\/span><\/strong><br \/>\n<strong><span style=\"color: #008080;\">| mikro\u010dip | NTAG213\/215\/216 |<\/span><\/strong><br \/>\n<strong><span style=\"color: #008080;\">| Udaljenost \u010ditanja |2-10 cm |<\/span><\/strong><br \/>\n<strong><span style=\"color: #008080;\">| Rukotvorine | QR kod, Inkjet ispis, Lasersko graviranje|<\/span><\/strong><br \/>\n<strong><span style=\"color: #008080;\">| Minimalna koli\u010dina za narud\u017ebu (MOQ) |500 jedinica |<\/span><\/strong><\/p>\n<p>&nbsp;<\/p>\n<h2 style=\"text-align: center;\"><em><strong><span style=\"color: #000080;\">Upute za kori\u0161tenje<\/span><\/strong><\/em><\/h2>\n<p>Kori\u0161tenje NFC kartica jednostavno je poput dodirivanja. Jednostavno dr\u017eite svoj NFC-omogu\u0107eni ure\u0111aj blizu kartice kako biste pokrenuli radnju definiranu na njoj. Evo kratkog korisni\u010dkog vodi\u010da:<br \/>\nProvjerite je li NFC funkcija omogu\u0107ena na va\u0161em pametnom telefonu.<br \/>\nPribli\u017eite svoj ure\u0111aj NFC kartici.<br \/>\nPri\u010dekajte da se obavijest ili upit pojavi na va\u0161em zaslonu i vodi vas do \u017eeljenog URL-a ili stranice dru\u0161tvenih medija.<\/p>\n<h2 style=\"text-align: center;\"><em><span style=\"color: #000080;\"><strong>Povratne informacije i uvidi kupaca<\/strong><\/span><\/em><\/h2>\n<p><strong>Aplikacije iz stvarnog svijeta<\/strong><\/p>\n<p>Kupci su koristili na\u0161e NFC kartice na razne na\u010dine:<br \/>\nProgrami vjernosti: tvrtke integriraju NFC kartice u svoje programe vjernosti, omogu\u0107uju\u0107i korisnicima pristup nagradama jednostavnim dodirom.<\/p>\n<p><strong>Anga\u017eman na doga\u0111aju: <\/strong><\/p>\n<p>Tijekom sajmova i doga\u0111anja, tvrtke koriste ove kartice kako bi posjetiteljima omogu\u0107ile trenutni pristup informacijama, \u010dime se pove\u0107ava anga\u017eman.<\/p>","protected":false},"excerpt":{"rendered":"<p>Otkrijte kako NFC kartice premo\u0161\u0107uju digitalni i fizi\u010dki svijet, pove\u0107avaju\u0107i anga\u017eman korisnika i pojednostavljuju\u0107i pristup dru\u0161tvenim recenzijama i informacijama.<\/p>","protected":false},"featured_media":3494,"template":"","meta":[],"product_brand":[],"product_cat":[46],"product_tag":[],"class_list":{"0":"post-3498","1":"product","2":"type-product","3":"status-publish","4":"has-post-thumbnail","6":"product_cat-nfc-cards","8":"first","9":"instock","10":"shipping-taxable","11":"product-type-simple"},"_links":{"self":[{"href":"https:\/\/nfc-readers.com\/hr\/wp-json\/wp\/v2\/product\/3498","targetHints":{"allow":["GET"]}}],"collection":[{"href":"https:\/\/nfc-readers.com\/hr\/wp-json\/wp\/v2\/product"}],"about":[{"href":"https:\/\/nfc-readers.com\/hr\/wp-json\/wp\/v2\/types\/product"}],"wp:featuredmedia":[{"embeddable":true,"href":"https:\/\/nfc-readers.com\/hr\/wp-json\/wp\/v2\/media\/3494"}],"wp:attachment":[{"href":"https:\/\/nfc-readers.com\/hr\/wp-json\/wp\/v2\/media?parent=3498"}],"wp:term":[{"taxonomy":"product_brand","embeddable":true,"href":"https:\/\/nfc-readers.com\/hr\/wp-json\/wp\/v2\/product_brand?post=3498"},{"taxonomy":"product_cat","embeddable":true,"href":"https:\/\/nfc-readers.com\/hr\/wp-json\/wp\/v2\/product_cat?post=3498"},{"taxonomy":"product_tag","embeddable":true,"href":"https:\/\/nfc-readers.com\/hr\/wp-json\/wp\/v2\/product_tag?post=3498"}],"curies":[{"name":"wp","href":"https:\/\/api.w.org\/{rel}","templated":true}]}}