{"id":3505,"date":"2024-11-04T15:45:07","date_gmt":"2024-11-04T15:45:07","guid":{"rendered":"https:\/\/nfc-readers.com\/?post_type=product&#038;p=3505"},"modified":"2024-11-04T15:45:07","modified_gmt":"2024-11-04T15:45:07","slug":"high-quality-ntag-213-ntag-215-pvc-nfc-business-card","status":"publish","type":"product","link":"https:\/\/nfc-readers.com\/hr\/ic-reader\/high-quality-ntag-213-ntag-215-pvc-nfc-business-card\/","title":{"rendered":"Visokokvalitetna NTAG 213 NTAG 215 PVC NFC posjetnica"},"content":{"rendered":"<h1><span style=\"color: #000080;\"><strong>Visokokvalitetna NTAG 213 NTAG 215 PVC NFC posjetnica<\/strong><\/span><\/h1>\n<p><span style=\"color: #666699;\">U digitalnom dobu u\u010dinkovita komunikacija i povezanost najva\u017eniji su za tvrtke koje \u017eele ostaviti trajan dojam. The <strong>Visokokvalitetna NTAG213 NTAG215 PVC NFC posjetnica<\/strong>\u00a0slu\u017ei kao mo\u0107an alat koji kombinira naprednu tehnologiju s prakti\u010dno\u0161\u0107u. Nude\u0107i besprijekoran pristup informacijama, ove NFC posjetnice ne samo da pojednostavljuju napore umre\u017eavanja, ve\u0107 i podi\u017eu va\u0161 profesionalni imid\u017e. Ovaj \u010dlanak detaljno istra\u017euje neusporedive prednosti ovih posjetnica, isti\u010du\u0107i njihove posebne zna\u010dajke, atribute specifi\u010dne za industriju i jo\u0161 mnogo toga.<\/span><\/p>\n<p>&nbsp;<\/p>\n<h2 style=\"text-align: center;\"><em><span style=\"color: #000080;\"><strong>Za\u0161to investirati u NTAG213 NTAG215 PVC NFC poslovne kartice?<\/strong><\/span><\/em><\/h2>\n<p>Ulaganje u\u00a0<strong>NTAG213 NTAG215 PVC NFC posjetnice<\/strong>\u00a0mo\u017ee promijeniti na\u010din na koji komunicirate s potencijalnim klijentima i partnerima. Za razliku od tradicionalnih posjetnica, ove kartice s omogu\u0107enim NFC-om omogu\u0107uju vam dijeljenje podataka za kontakt, poveznica dru\u0161tvenih medija i promotivnih sadr\u017eaja bez napora, jednostavnim dodirom. Ova beskontaktna tehnologija poti\u010de interaktivniju vezu s va\u0161om publikom, osiguravaju\u0107i da se isti\u010dete u konkurentskim okru\u017eenjima.<\/p>\n<p>Trajnost ovih kartica pove\u0107ava njihovu vrijednost. Izra\u0111eno od visokokvalitetnog\u00a0<strong>crni PVC<\/strong>, kartice NTAG213 i NTAG215 su\u00a0<strong>vodootporan<\/strong>\u00a0i\u00a0<strong>otporan na vremenske uvjete<\/strong>, otporan na razli\u010dite uvjete okoline. Ova otpornost jam\u010di da \u0107e va\u0161e kartice tijekom vremena ostati funkcionalne i vizualno privla\u010dne, odra\u017eavaju\u0107i profesionalizam i predanost kvaliteti u svakoj interakciji.<\/p>\n<p>&nbsp;<\/p>\n<hr \/>\n<h2 style=\"text-align: center;\"><span style=\"color: #000080;\"><em><strong>Tehni\u010dke specifikacije<\/strong><\/em><\/span><\/h2>\n<p><span style=\"color: #008080;\"><strong>Razumijevanje tehni\u010dkih detalja NTAG kartica klju\u010dno je za informirano dono\u0161enje odluka. Evo detaljnog pregleda:<\/strong><\/span><\/p>\n<div class=\"table-with-header rounded-lg border border-solid border-grey-line2-normal w-fit max-w-full mb-2\">\n<div class=\"overflow-x-auto custom-scrollbar custom-scrollbar-float max-w-full\">\n<table class=\"w-fit !mb-0 !max-w-none\" style=\"height: 288px;\" width=\"404\">\n<thead>\n<tr>\n<th>Specifikacija<\/th>\n<th>pojedinosti<\/th>\n<\/tr>\n<\/thead>\n<tbody>\n<tr>\n<td><strong>\u010cip<\/strong><\/td>\n<td>NTAG213 \/ NTAG215<\/td>\n<\/tr>\n<tr>\n<td><strong>Materijal<\/strong><\/td>\n<td>Crni PVC<\/td>\n<\/tr>\n<tr>\n<td><strong>Debljina<\/strong><\/td>\n<td>0,84 mm<\/td>\n<\/tr>\n<tr>\n<td><strong>Frekvencija<\/strong><\/td>\n<td>13,56 MHz<\/td>\n<\/tr>\n<tr>\n<td><strong>Protokol<\/strong><\/td>\n<td>ISO14443 Tip A<\/td>\n<\/tr>\n<tr>\n<td><strong>Povr\u0161inska obrada<\/strong><\/td>\n<td>Sjajni mat \/ matirani<\/td>\n<\/tr>\n<\/tbody>\n<\/table>\n<p>&nbsp;<\/p>\n<\/div>\n<\/div>\n<h2 style=\"text-align: center;\"><span style=\"color: #000080;\"><em><strong>Opis proizvoda<\/strong><\/em><\/span><\/h2>\n<h4><span style=\"color: #008080;\"><strong>Klju\u010dni atributi NTAG213 i NTAG215 kartica<\/strong><\/span><\/h4>\n<p>Prilikom odabira\u00a0<strong>NFC posjetnica<\/strong>, bitno je razumjeti njegove temeljne atribute. The\u00a0<strong>NTAG213<\/strong>\u00a0i\u00a0<strong>NTAG215<\/strong>\u00a0modeli uklju\u010duju napredne\u00a0<strong>RFID<\/strong>\u00a0tehnologija koja omogu\u0107uje beskontaktnu komunikaciju. Rade\u0107i na frekvenciji od\u00a0<strong>13,56 MHz<\/strong>, ove kartice podr\u017eavaju udaljenost \u010ditanja od\u00a0<strong>2-10 cm<\/strong>, \u010dine\u0107i ih jednostavnima za kori\u0161tenje i u\u010dinkovitima.<\/p>\n<h2 style=\"text-align: center;\"><\/h2>\n<h2 style=\"text-align: center;\"><strong><em><span style=\"color: #000080;\">Prednosti<\/span><\/em><\/strong><\/h2>\n<ul>\n<li><strong>Izdr\u017eljivost<\/strong>: Izra\u0111en kvalitetno\u00a0<strong>crni PVC<\/strong>, ove su kartice robusne i dizajnirane da traju. Njihova otpornost na vremenske uvjete \u010dini ih prikladnima za svakodnevno no\u0161enje.<\/li>\n<li><strong>Svestranost<\/strong>: Savr\u0161ene za razli\u010dite primjene, ove kartice mogu se koristiti za sustave kontrole pristupa, programe vjernosti i prodaju karata za doga\u0111aje.<\/li>\n<\/ul>\n<hr \/>\n<h2><\/h2>\n<h2 style=\"text-align: center;\"><em><span style=\"color: #000080;\"><strong>Posebne zna\u010dajke NFC posjetnica<\/strong><\/span><\/em><\/h2>\n<p>The\u00a0<strong>Visokokvalitetna NTAG213 NTAG215 PVC NFC posjetnica<\/strong> dolazi opremljen jedinstvenim zna\u010dajkama skrojenim za potrebe modernih profesionalaca.<\/p>\n<p>&nbsp;<\/p>\n<h2 style=\"text-align: center;\"><em><span style=\"color: #000080;\"><strong>Komunikacijsko su\u010delje<\/strong><\/span><\/em><\/h2>\n<p>Napredni\u00a0<strong>komunikacijsko su\u010delje<\/strong>\u00a0osigurao\u00a0<strong>RFID<\/strong>\u00a0tehnologija osigurava nesmetan i u\u010dinkovit prijenos podataka, omogu\u0107uju\u0107i trenutne veze. NTAG \u010dipovi koji se koriste u ovim karticama dizajnirani su za brzinu i pouzdanost.<\/p>\n<ul>\n<li><strong>NTAG213<\/strong>: Idealno za standardne potrebe pohrane podataka, pru\u017eaju\u0107i veli\u010dinu memorije od pribli\u017eno 144 bajta.<\/li>\n<li><strong>NTAG215<\/strong>: Nudi pove\u0107ani kapacitet memorije, idealno za korisnike koji \u017eele pohraniti dodatne informacije ili poveznice.<\/li>\n<\/ul>\n<hr \/>\n<h2><\/h2>\n<h2 style=\"text-align: center;\"><em><span style=\"color: #000080;\"><strong>Primjene specifi\u010dne za industriju<\/strong><\/span><\/em><\/h2>\n<p>NTAG213 i NTAG215 NFC posjetnice posebno su korisne u razli\u010ditim sektorima.<\/p>\n<p>&nbsp;<\/p>\n<h2 style=\"text-align: center;\"><em><span style=\"color: #000080;\"><strong>Korporativno umre\u017eavanje<\/strong><\/span><\/em><\/h2>\n<p>U korporativnom sektoru u\u010dinkovito umre\u017eavanje je od vitalnog zna\u010daja. Razmjenom NFC posjetnica profesionalci mogu brzo dijeliti svoje profile. Umjesto prepisivanja informacija, primatelji mogu samo dodirnuti svoje pametne telefone kako bi odmah dohvatili bitne detalje.<\/p>\n<p>&nbsp;<\/p>\n<h2 style=\"text-align: center;\"><span style=\"color: #000080;\"><em><strong>Marketing i brendiranje<\/strong><\/em><\/span><\/h2>\n<p><strong><span style=\"color: #666699;\">Tvrtke mogu iskoristiti ove kartice kao marketin\u0161ki alat, ugra\u0111ivati poveznice na svoje web stranice ili posebne promocije. Kao takvi, ne samo da slu\u017ee kao sredstvo identifikacije, ve\u0107 i promoviraju marku, podi\u017eu\u0107i svijest kroz svaku interakciju.<\/span><\/strong><\/p>\n<ul>\n<li><strong>Programi vjernosti<\/strong>: Pove\u0107ajte anga\u017eman kupaca integracijom popusta za vjernost u NFC kartice koje potro\u0161a\u010di mogu dodirnuti na blagajni.<\/li>\n<li><strong>Upravljanje doga\u0111ajima<\/strong>: Pojednostavite pristup doga\u0111ajima i konferencijama kori\u0161tenjem ovih kartica za jednostavnu prijavu prijavljenih.<\/li>\n<\/ul>","protected":false},"excerpt":{"rendered":"<p>Otkrijte visokokvalitetne NTAG213\/215 PVC NFC poslovne kartice za besprijekorno umre\u017eavanje. Vodootporni i svestrani, oni pobolj\u0161avaju va\u0161 profesionalni imid\u017e bez napora.<\/p>","protected":false},"featured_media":3509,"template":"","meta":[],"product_brand":[],"product_cat":[46],"product_tag":[],"class_list":{"0":"post-3505","1":"product","2":"type-product","3":"status-publish","4":"has-post-thumbnail","6":"product_cat-nfc-cards","8":"first","9":"instock","10":"shipping-taxable","11":"product-type-simple"},"_links":{"self":[{"href":"https:\/\/nfc-readers.com\/hr\/wp-json\/wp\/v2\/product\/3505","targetHints":{"allow":["GET"]}}],"collection":[{"href":"https:\/\/nfc-readers.com\/hr\/wp-json\/wp\/v2\/product"}],"about":[{"href":"https:\/\/nfc-readers.com\/hr\/wp-json\/wp\/v2\/types\/product"}],"wp:featuredmedia":[{"embeddable":true,"href":"https:\/\/nfc-readers.com\/hr\/wp-json\/wp\/v2\/media\/3509"}],"wp:attachment":[{"href":"https:\/\/nfc-readers.com\/hr\/wp-json\/wp\/v2\/media?parent=3505"}],"wp:term":[{"taxonomy":"product_brand","embeddable":true,"href":"https:\/\/nfc-readers.com\/hr\/wp-json\/wp\/v2\/product_brand?post=3505"},{"taxonomy":"product_cat","embeddable":true,"href":"https:\/\/nfc-readers.com\/hr\/wp-json\/wp\/v2\/product_cat?post=3505"},{"taxonomy":"product_tag","embeddable":true,"href":"https:\/\/nfc-readers.com\/hr\/wp-json\/wp\/v2\/product_tag?post=3505"}],"curies":[{"name":"wp","href":"https:\/\/api.w.org\/{rel}","templated":true}]}}