{"id":3515,"date":"2024-11-06T08:47:18","date_gmt":"2024-11-06T08:47:18","guid":{"rendered":"https:\/\/nfc-readers.com\/?post_type=product&#038;p=3515"},"modified":"2024-11-06T14:47:51","modified_gmt":"2024-11-06T14:47:51","slug":"custom-etched-copper-antenna-hf-nfc-inlay","status":"publish","type":"product","link":"https:\/\/nfc-readers.com\/hr\/ic-reader\/custom-etched-copper-antenna-hf-nfc-inlay\/","title":{"rendered":"NTAG serija ugravirane bakrene antene HF NFC ulo\u017eak"},"content":{"rendered":"<h1 style=\"text-align: center;\">NTAG serija ugravirane bakrene antene HF NFC ulo\u017eak<\/h1>\n<p>&nbsp;<\/p>\n<p>The <strong>NTAG serija ugravirane bakrene antene HF NFC ulo\u017eak\u00a0<\/strong>nudi inovativno rje\u0161enje u svijetu NFC (Near Field Communication) tehnologije. Svojim vrhunskim dizajnom i visokim performansama, ovaj se proizvod isti\u010de na tr\u017ei\u0161tu koje sve vi\u0161e cijeni u\u010dinkovitost, svestranost i odr\u017eivost. Bilo da \u017eelite pobolj\u0161ati svoje poslovne mogu\u0107nosti ili dodati jedinstvenu zna\u010dajku svojoj liniji proizvoda, ove NFC oznake donose neusporedive prednosti zbog kojih ih vrijedi razmotriti.<\/p>\n<p>&nbsp;<\/p>\n<h3>Za\u0161to biste trebali odabrati prilago\u0111enu bakrenu antenu s HF NFC umetkom<\/h3>\n<p>Inkorporiranje\u00a0<strong>NFC tehnologija<\/strong>\u00a0u va\u0161e aplikacije omogu\u0107uje besprijekornu razmjenu podataka i pobolj\u0161ava korisni\u010dko iskustvo. The\u00a0<strong>Prilago\u0111ena gravirana bakrena antena HF NFC umetak<\/strong>\u00a0pru\u017ea pouzdano komunikacijsko su\u010delje na frekvenciji od\u00a0<strong>13,56 MHz<\/strong>, \u0161to ga \u010dini kompatibilnim s raznim ure\u0111ajima koji podr\u017eavaju NFC. Ova NFC oznaka nije samo funkcionalna; izgra\u0111en je od visokokvalitetnih materijala kao \u0161to su\u00a0<strong>LJUBIMAC<\/strong>, osiguravaju\u0107i trajnost i otpornost.<\/p>\n<p>Bilo da se koristi u marketingu, pametnom pakiranju ili za interaktivne aplikacije, prednosti su jasne:<\/p>\n<ul>\n<li><strong>Pobolj\u0161ana komunikacija<\/strong>: Olak\u0161ava trenutni prijenos podataka izme\u0111u ure\u0111aja, pojednostavljuju\u0107i operacije u raznim industrijama.<\/li>\n<li><strong>Svestranost<\/strong>: Prilago\u0111ene veli\u010dine i dizajni osiguravaju da se NFC umetci mogu uklopiti u razli\u010dite primjene, od marketin\u0161kih materijala do pakiranja proizvoda.<\/li>\n<li><strong>Izdr\u017eljivost<\/strong>: Zna\u010dajke vodootpornosti i otpornosti na vremenske uvjete pobolj\u0161avaju performanse, \u010dine\u0107i ih prikladnima za unutarnju i vanjsku upotrebu.<\/li>\n<li><strong>Veliki kapacitet memorije<\/strong>: Sa\u00a0<strong>416 bajtova<\/strong>\u00a0memorije za pisanje, omogu\u0107uje u\u010dinkovito pohranjivanje i dohva\u0107anje podataka.<\/li>\n<\/ul>\n<p>&nbsp;<\/p>\n<h3>Klju\u010dne zna\u010dajke prilago\u0111ene ugravirane bakrene antene HF NFC umetka<\/h3>\n<p>The\u00a0<strong>Prilago\u0111ena gravirana bakrena antena HF NFC umetak<\/strong>\u00a0dizajniran je s nizom zna\u010dajki prikladnih za razli\u010dite primjene.<\/p>\n<h3>Napredna komunikacija<\/h3>\n<p>Ova NFC oznaka koristi a\u00a0<strong>komunikacijsko su\u010delje<\/strong>\u00a0koji besprijekorno funkcionira s\u00a0<strong>Ure\u0111aji s omogu\u0107enom NFC tehnologijom<\/strong>. Korisnici mogu jednostavno dodirnuti svoje\u00a0<strong>NFC \u010dita\u010d<\/strong>\u00a0ili\u00a0<strong>pametni telefon<\/strong>\u00a0na umetku za postizanje trenutnih veza i prijenosa podataka.<\/p>\n<h3>Mogu\u0107nosti prilagodljive veli\u010dine<\/h3>\n<p>Na\u0161i NFC umetci dolaze u standardnoj veli\u010dini od\u00a0<strong>Promjer 30 mm<\/strong>, s opcijama za\u00a0<strong>prilago\u0111eno dimenzioniranje<\/strong>\u00a0kako bi odgovarao va\u0161im jedinstvenim zahtjevima. Bez obzira trebate li manju oznaku za odre\u0111eni proizvod ili ve\u0107u za marketin\u0161ke zaslone, mi \u0107emo vas pokriti.<\/p>\n<h3>Otporan na vodu i vremenske uvjete<\/h3>\n<p>Nisu sve NFC oznake stvorene jednako; na\u0161i se hvale\u00a0<strong>vodootporan i otporan na vremenske uvjete<\/strong>. To zna\u010di da ih mo\u017eete koristiti na otvorenom bez brige o njihovoj izdr\u017eljivosti ili izvedbi, \u0161to ih \u010dini idealnim za doga\u0111aje, marketin\u0161ke kampanje i proizvode izlo\u017eene vremenskim uvjetima.<\/p>\n<p>&nbsp;<\/p>\n<h2>Tehni\u010dke specifikacije NFC umetka<\/h2>\n<table class=\"w-fit !mb-0 !max-w-none\" style=\"height: 311px;\" width=\"449\">\n<thead>\n<tr>\n<th><strong>Specifikacija<\/strong><\/th>\n<th><strong>pojedinosti<\/strong><\/th>\n<\/tr>\n<\/thead>\n<tbody>\n<tr>\n<td><strong>Tip<\/strong><\/td>\n<td>NFC forum tipa 4<\/td>\n<\/tr>\n<tr>\n<td><strong>Materijal<\/strong><\/td>\n<td>LJUBIMAC<\/td>\n<\/tr>\n<tr>\n<td><strong>Veli\u010dina<\/strong><\/td>\n<td>Promjer 30 mm\/prilago\u0111ena veli\u010dina<\/td>\n<\/tr>\n<tr>\n<td><strong>Kapacitet memorije<\/strong><\/td>\n<td>416 bajtova<\/td>\n<\/tr>\n<tr>\n<td><strong>\u010cip<\/strong><\/td>\n<td>Serija NTAG<\/td>\n<\/tr>\n<tr>\n<td><strong>Frekvencija<\/strong><\/td>\n<td>13,56 MHz<\/td>\n<\/tr>\n<tr>\n<td><strong>Napi\u0161i Izdr\u017eljivost<\/strong><\/td>\n<td>100 000 puta<\/td>\n<\/tr>\n<tr>\n<td><strong>Ispis<\/strong><\/td>\n<td>CMYK ofsetni tisak<\/td>\n<\/tr>\n<tr>\n<td><strong>Pakiranje<\/strong><\/td>\n<td>200 kom\/unutarnja bijela kutija, 25 kutija\/karton<\/td>\n<\/tr>\n<tr>\n<td><strong>Luka<\/strong><\/td>\n<td>Shenzhen<\/td>\n<\/tr>\n<tr>\n<td><strong>Pojedina\u010dna bruto te\u017eina<\/strong><\/td>\n<td>0,010 kg<\/td>\n<\/tr>\n<\/tbody>\n<\/table>\n<p>&nbsp;<\/p>\n<p>&nbsp;<\/p>\n<h3>\u010cesto postavljana pitanja (FAQ)<\/h3>\n<h2>1. \u0160to je prilago\u0111ena ugravirana bakrena antena HF NFC umetak?<\/h2>\n<p>The\u00a0<strong>Prilago\u0111ena gravirana bakrena antena HF NFC umetak<\/strong>\u00a0je visokofrekventna NFC oznaka dizajnirana za u\u010dinkovitu razmjenu podataka i besprijekornu komunikaciju s ure\u0111ajima koji podr\u017eavaju NFC. Koristi naprednu tehnologiju za trajnost i svestranost u raznim primjenama, uklju\u010duju\u0107i marketing, pametno pakiranje i interakcije proizvoda.<\/p>\n<h2>2. Kako funkcionira NFC tehnologija?<\/h2>\n<p>Tehnologija NFC (Near Field Communication) omogu\u0107uje be\u017ei\u010dni prijenos podataka izme\u0111u ure\u0111aja na malim udaljenostima. Kada ure\u0111aj koji podr\u017eava NFC, poput pametnog telefona ili \u010dita\u010da, do\u0111e u blizinu NFC oznake, podaci se razmjenjuju putem radiofrekvencijske komunikacije, omogu\u0107uju\u0107i korisnicima pristup informacijama ili brzo pokretanje aplikacija.<\/p>\n<h2>3. Koliki je kapacitet memorije i izdr\u017eljivost NFC umetka?<\/h2>\n<p>The\u00a0<strong>Prilago\u0111ena gravirana bakrena antena HF NFC umetak<\/strong>\u00a0ima kapacitet memorije od\u00a0<strong>416 bajtova<\/strong>\u00a0i podr\u017eava do\u00a0<strong>100 000 ciklusa pisanja<\/strong>. To omogu\u0107uje opse\u017enu pohranu podataka i mogu\u0107nost a\u017euriranja informacija prema potrebi.<\/p>\n<h2>4. Je li prilago\u0111ena bakrena antena HF NFC Inlay vodootporna i otporna na vremenske uvjete?<\/h2>\n<p>Da, jedna od istaknutih zna\u010dajki na\u0161eg NFC umetka je njegova\u00a0<strong>vodootporan i otporan na vremenske uvjete<\/strong>. To osigurava da oznaka mo\u017ee izdr\u017eati izlo\u017eenost elementima, \u0161to je \u010dini prikladnom za unutarnju i vanjsku primjenu.<\/p>","protected":false},"excerpt":{"rendered":"<p>Custom Etched Copper Antena HF NFC Inlay svestrano je i trajno NFC rje\u0161enje dizajnirano za besprijekoran prijenos podataka i inovativne primjene. Njegov vodootporan dizajn i prilagodljive mogu\u0107nosti \u010dine ga idealnim za razne industrije, pove\u0107avaju\u0107i anga\u017eman korisnika i operativnu u\u010dinkovitost.<\/p>","protected":false},"featured_media":3516,"template":"","meta":[],"product_brand":[],"product_cat":[48],"product_tag":[],"class_list":{"0":"post-3515","1":"product","2":"type-product","3":"status-publish","4":"has-post-thumbnail","6":"product_cat-nfc-stickers","8":"first","9":"instock","10":"shipping-taxable","11":"product-type-simple"},"_links":{"self":[{"href":"https:\/\/nfc-readers.com\/hr\/wp-json\/wp\/v2\/product\/3515","targetHints":{"allow":["GET"]}}],"collection":[{"href":"https:\/\/nfc-readers.com\/hr\/wp-json\/wp\/v2\/product"}],"about":[{"href":"https:\/\/nfc-readers.com\/hr\/wp-json\/wp\/v2\/types\/product"}],"wp:featuredmedia":[{"embeddable":true,"href":"https:\/\/nfc-readers.com\/hr\/wp-json\/wp\/v2\/media\/3516"}],"wp:attachment":[{"href":"https:\/\/nfc-readers.com\/hr\/wp-json\/wp\/v2\/media?parent=3515"}],"wp:term":[{"taxonomy":"product_brand","embeddable":true,"href":"https:\/\/nfc-readers.com\/hr\/wp-json\/wp\/v2\/product_brand?post=3515"},{"taxonomy":"product_cat","embeddable":true,"href":"https:\/\/nfc-readers.com\/hr\/wp-json\/wp\/v2\/product_cat?post=3515"},{"taxonomy":"product_tag","embeddable":true,"href":"https:\/\/nfc-readers.com\/hr\/wp-json\/wp\/v2\/product_tag?post=3515"}],"curies":[{"name":"wp","href":"https:\/\/api.w.org\/{rel}","templated":true}]}}