{"id":3530,"date":"2024-11-06T09:00:03","date_gmt":"2024-11-06T09:00:03","guid":{"rendered":"https:\/\/nfc-readers.com\/?post_type=product&#038;p=3530"},"modified":"2024-11-06T09:00:03","modified_gmt":"2024-11-06T09:00:03","slug":"iso14443a-high-security-anti-fake-ntag-424-nfc-sticker","status":"publish","type":"product","link":"https:\/\/nfc-readers.com\/hr\/ic-reader\/iso14443a-high-security-anti-fake-ntag-424-nfc-sticker\/","title":{"rendered":"ISO14443A visokosigurnosna anti-fake NTAG 424 NFC naljepnica"},"content":{"rendered":"<h1 style=\"text-align: center;\"><strong>ISO14443A visokosigurnosna anti-fake NTAG 424 NFC naljepnica<\/strong><\/h1>\n<p>&nbsp;<\/p>\n<p>The <strong>NTAG 424 DNA NFC oznaka<\/strong>\u00a0je vrhunsko rje\u0161enje dizajnirano za pobolj\u0161ane aplikacije protiv krivotvorenja. Kori\u0161tenjem protokola ISO 14443A i naprednih sigurnosnih zna\u010dajki, ova NFC naljepnica klju\u010dna je za robne marke koje \u017eele za\u0161tititi svoje intelektualno vlasni\u0161tvo i pove\u0107ati povjerenje kupaca. Sa svojim mogu\u0107nostima visokih performansi, dizajnom jednostavnim za kori\u0161tenje i svestranim aplikacijama, NTAG 424 DNA NFC naljepnica nije samo proizvod \u2013 to je siguran pristup pametnijoj budu\u0107nosti.<\/p>\n<p>&nbsp;<\/p>\n<h3>Uvod u NTAG 424 DNA NFC naljepnicu<\/h3>\n<p>The\u00a0<strong>NTAG 424 DNA NFC oznaka<\/strong>\u00a0predstavlja vrh NFC tehnologije, fokusiraju\u0107i se na maksimalnu sigurnost za razli\u010dite aplikacije, posebno u podru\u010dju autentifikacije proizvoda. Ova NFC naljepnica integrira napredne zna\u010dajke iz NTAG424 DNK \u010dipa, koji je sposoban za sigurnu komunikaciju i nudi izvrsnu za\u0161titu od krivotvorina. S dimenzijama od\u00a0<strong>25 mm<\/strong>\u00a0promjer i\u00a0<strong>45 mm x 30 mm<\/strong>\u00a0za pravokutne opcije, ovaj proizvod je prilago\u0111en markama koje cijene u\u010dinkovitost bez ugro\u017eavanja estetike.<\/p>\n<p>&nbsp;<\/p>\n<h3>Klju\u010dne zna\u010dajke NTAG 424 NFC oznake<\/h3>\n<p>NTAG 424 DNA NFC oznaka ima nekoliko posebnih zna\u010dajki dizajniranih za pobolj\u0161anje funkcionalnosti i sigurnosti:<\/p>\n<ul>\n<li><strong>Uskla\u0111enost s protokolom<\/strong>: Oznaka djeluje na\u00a0<strong>ISO 14443A<\/strong>\u00a0protokol, osiguravaju\u0107i kompatibilnost sa \u0161irokim rasponom ure\u0111aja koji podr\u017eavaju NFC.<\/li>\n<li><strong>Visoka komunikacijska frekvencija<\/strong>: S frekvencijom od\u00a0<strong>13,56MHz<\/strong>, ove naljepnice pru\u017eaju optimalne komunikacijske mogu\u0107nosti za pouzdanu razmjenu podataka.<\/li>\n<li><strong>Prilagodljive opcije<\/strong>: Korisnici mogu birati izme\u0111u razli\u010ditih veli\u010dina i opcija ispisa, uklju\u010duju\u0107i\u00a0<strong>CMYK ispis u boji<\/strong>,\u00a0<strong>offset tisak<\/strong>, i\u00a0<strong>sitotisak<\/strong>, \u0161to omogu\u0107uje jedinstvene mogu\u0107nosti brendiranja.<\/li>\n<\/ul>\n<p>NTAG 424 DNA tako\u0111er podr\u017eava \u0161ifriranu komunikaciju, \u0161to ga \u010dini idealnim za osjetljive aplikacije kao \u0161to su sustavi pla\u0107anja i sigurna autentifikacija.<\/p>\n<p>&nbsp;<\/p>\n<h3>Prednosti NFC naljepnica za za\u0161titu marke<\/h3>\n<p>Ulaganje u\u00a0<strong>NFC tehnologija<\/strong>\u00a0kao \u0161to je NTAG 424 DNA naljepnica nudi brojne prednosti:<\/p>\n<ul>\n<li><strong>Pobolj\u0161ana sigurnost<\/strong>: Sa svojim visokosigurnosnim zna\u010dajkama, NFC oznaka nudi bezbri\u017enost markama da su njihovi proizvodi za\u0161ti\u0107eni od krivotvoritelja.<\/li>\n<li><strong>Pove\u0107ano povjerenje potro\u0161a\u010da<\/strong>: Pru\u017eanje potro\u0161a\u010dima jednostavnog na\u010dina provjere autenti\u010dnosti proizvoda putem njihovih\u00a0<strong>Pametni telefoni s NFC-om<\/strong>\u00a0mo\u017ee pove\u0107ati lojalnost i povjerenje marki.<\/li>\n<li><strong>Isplativost<\/strong>: U usporedbi s tradicionalnim sigurnosnim mjerama, NFC oznake \u010desto pru\u017eaju pristupa\u010dnije rje\u0161enje za za\u0161titu proizvoda.<\/li>\n<\/ul>\n<p>&nbsp;<\/p>\n<h3>Tehni\u010dke specifikacije NTAG 424 DNA<\/h3>\n<table class=\"w-fit !mb-0 !max-w-none\">\n<thead>\n<tr>\n<th>Specifikacija<\/th>\n<th>pojedinosti<\/th>\n<\/tr>\n<\/thead>\n<tbody>\n<tr>\n<td><strong>\u010cip<\/strong><\/td>\n<td>NTAG424 DNK<\/td>\n<\/tr>\n<tr>\n<td><strong>Frekvencija<\/strong><\/td>\n<td>13,56MHz<\/td>\n<\/tr>\n<tr>\n<td><strong>Komunikacijsko su\u010delje<\/strong><\/td>\n<td>NFC, RFID<\/td>\n<\/tr>\n<tr>\n<td><strong>Udaljenost \u010ditanja<\/strong><\/td>\n<td>1-10 cm<\/td>\n<\/tr>\n<tr>\n<td><strong>Materijal<\/strong><\/td>\n<td>Premazani papir, PET<\/td>\n<\/tr>\n<tr>\n<td><strong>Opcije veli\u010dine<\/strong><\/td>\n<td>Promjer: 25 mm, pravokutni: 45 mm x 30 mm ili prilago\u0111eni<\/td>\n<\/tr>\n<tr>\n<td><strong>Veli\u010dina pakiranja<\/strong><\/td>\n<td>0,3 x 0,3 x 0,02 cm<\/td>\n<\/tr>\n<tr>\n<td><strong>Bruto te\u017eina<\/strong><\/td>\n<td>0,001 kg<\/td>\n<\/tr>\n<\/tbody>\n<\/table>\n<p>&nbsp;<\/p>\n<h3>\u010cesto postavljana pitanja (FAQ)<\/h3>\n<h4>1.\u00a0<strong>\u0160to je NTAG 424 DNA NFC oznaka i kako radi?<\/strong><\/h4>\n<p>NTAG 424 DNA NFC oznaka je NFC naljepnica visoke sigurnosti koja korisnicima omogu\u0107uje provjeru autenti\u010dnosti proizvoda pomo\u0107u pametnih telefona s NFC-om. Radi na protokolu ISO 14443A na frekvenciji od 13,56MHz, omogu\u0107uju\u0107i sigurnu komunikaciju i prijenos podataka izme\u0111u oznake i kompatibilnih ure\u0111aja.<\/p>\n<h4>2.\u00a0<strong>Koje su klju\u010dne zna\u010dajke NTAG 424 DNA?<\/strong><\/h4>\n<p>Klju\u010dne zna\u010dajke uklju\u010duju:<\/p>\n<ul>\n<li>Dinami\u010dka provjera autenti\u010dnosti za pobolj\u0161anu sigurnost.<\/li>\n<li>Tehnologija protiv neovla\u0161tenog pristupa za sprje\u010davanje neovla\u0161tenog pristupa.<\/li>\n<li>Prilagodljive veli\u010dine i mogu\u0107nosti ispisa za markiranje.<\/li>\n<li>Udaljenost \u010ditanja od 1-10 cm, pogodna za razne primjene.<\/li>\n<\/ul>\n<h4>3.\u00a0<strong>Kako mogu koristiti NTAG 424 DNA NFC oznaku?<\/strong><\/h4>\n<p>NFC oznaka se mo\u017ee koristiti za:<\/p>\n<ul>\n<li>Provjera autenti\u010dnosti proizvoda za provjeru legitimnosti artikala.<\/li>\n<li>Prodaja ulaznica za doga\u0111aje pru\u017eanjem sigurne i lako \u010ditljive metode pristupa.<\/li>\n<li>Pametno pakiranje za pove\u0107anje anga\u017emana kupaca putem informacija o proizvodu i promotivnog sadr\u017eaja.<\/li>\n<\/ul>\n<h4>4.\u00a0<strong>Koji se materijali koriste u NTAG 424 DNA NFC oznaci?<\/strong><\/h4>\n<p>NTAG 424 DNA NFC oznaka prvenstveno je izra\u0111ena od premazanog papira i PET-a, nude\u0107i izdr\u017eljivost i fleksibilnost za razli\u010dite primjene.<\/p>","protected":false},"excerpt":{"rendered":"<p>The\u00a0<strong>ISO14443A visokosigurnosna anti-fake NTAG 424 NFC naljepnica<\/strong>\u00a0je vrhunsko rje\u0161enje dizajnirano za sigurnu provjeru autenti\u010dnosti proizvoda i mjere protiv krivotvorenja. Uz zna\u010dajke napredne enkripcije i dinami\u010dke provjere autenti\u010dnosti, ova NFC naljepnica omogu\u0107uje robnim markama da za\u0161tite svoje proizvode i pove\u0107aju povjerenje potro\u0161a\u010da bez napora.<\/p>","protected":false},"featured_media":3531,"template":"","meta":[],"product_brand":[],"product_cat":[48],"product_tag":[],"class_list":{"0":"post-3530","1":"product","2":"type-product","3":"status-publish","4":"has-post-thumbnail","6":"product_cat-nfc-stickers","8":"first","9":"instock","10":"shipping-taxable","11":"product-type-simple"},"_links":{"self":[{"href":"https:\/\/nfc-readers.com\/hr\/wp-json\/wp\/v2\/product\/3530","targetHints":{"allow":["GET"]}}],"collection":[{"href":"https:\/\/nfc-readers.com\/hr\/wp-json\/wp\/v2\/product"}],"about":[{"href":"https:\/\/nfc-readers.com\/hr\/wp-json\/wp\/v2\/types\/product"}],"wp:featuredmedia":[{"embeddable":true,"href":"https:\/\/nfc-readers.com\/hr\/wp-json\/wp\/v2\/media\/3531"}],"wp:attachment":[{"href":"https:\/\/nfc-readers.com\/hr\/wp-json\/wp\/v2\/media?parent=3530"}],"wp:term":[{"taxonomy":"product_brand","embeddable":true,"href":"https:\/\/nfc-readers.com\/hr\/wp-json\/wp\/v2\/product_brand?post=3530"},{"taxonomy":"product_cat","embeddable":true,"href":"https:\/\/nfc-readers.com\/hr\/wp-json\/wp\/v2\/product_cat?post=3530"},{"taxonomy":"product_tag","embeddable":true,"href":"https:\/\/nfc-readers.com\/hr\/wp-json\/wp\/v2\/product_tag?post=3530"}],"curies":[{"name":"wp","href":"https:\/\/api.w.org\/{rel}","templated":true}]}}