{"id":3537,"date":"2024-11-06T10:55:59","date_gmt":"2024-11-06T10:55:59","guid":{"rendered":"https:\/\/nfc-readers.com\/?post_type=product&#038;p=3537"},"modified":"2024-11-06T10:56:00","modified_gmt":"2024-11-06T10:56:00","slug":"customize-replicable-uid-iso14443a-rfid-card-for-attendance","status":"publish","type":"product","link":"https:\/\/nfc-readers.com\/hr\/ic-reader\/customize-replicable-uid-iso14443a-rfid-card-for-attendance\/","title":{"rendered":"prilagodite replicirani uid iso14443A RFID kartice za prisutnost"},"content":{"rendered":"<h1 style=\"text-align: center;\"><span style=\"color: #000080;\"><strong>prilagodite replicirani uid iso14443A RFID kartice za prisutnost<\/strong><\/span><\/h1>\n<p><span style=\"color: #666699;\"><strong>Prilagodljiva replicirana UID ISO14443A RFID kartica za prisustvo revolucionira na\u010din na koji organizacije upravljaju prisustvom i kontrolom pristupa. Dizajnirane za svestranost i pouzdanost, ove kartice nude besprijekoran do\u017eivljaj pra\u0107enja prisutnosti, pobolj\u0161avaju sigurnost i pojednostavljuju tijek rada u razli\u010ditim aplikacijama. S robusnim zna\u010dajkama i dizajnom prilago\u0111enim korisniku, ova RFID kartica nezaobilazna je oprema za tvrtke koje tra\u017ee u\u010dinkovitost i sigurnost.<\/strong><\/span><\/p>\n<p><span style=\"color: #666699;\"><strong>Prednosti proizvoda i za\u0161to biste trebali kupiti - Besprijekorno pra\u0107enje prisutnosti: UID ISO14443A RFID kartica pojednostavljuje proces prisutnosti. Korisnici mogu brzo prisloniti svoje kartice na \u010dita\u010d, trenutno bilje\u017ee\u0107i svoju prisutnost bez gnjava\u017ee ru\u010dnih prijava.<\/strong><\/span><\/p>\n<ul>\n<li><strong>Prilagodljive opcije<\/strong>: Prilagodite dizajn i funkcionalnost ovih RFID kartica kako bi zadovoljili specifi\u010dne organizacijske potrebe. Bilo da se radi o poslovnom okru\u017eenju, \u0161koli ili doga\u0111aju, prilagodba osigurava da svaka kartica jedinstveno odgovara svojoj namjeni.<\/li>\n<li><strong>Pouzdanost i trajnost<\/strong>: Izra\u0111ene od visokokvalitetnog PVC\/PET materijala, ove kartice su dizajnirane da izdr\u017ee svakodnevnu upotrebu. Njihova svojstva vodootpornosti i otpornosti na vremenske uvjete osiguravaju dugotrajnost i pouzdanost, bitnu za svaki sustav kontrole pristupa.<\/li>\n<li><strong>Isplativo rje\u0161enje<\/strong>: Ulaganje u ove RFID kartice smanjuje vrijeme i resurse potro\u0161ene na sustave ru\u010dne evidencije. Nadalje, niska po\u010detna cijena i visoka izdr\u017eljivost zna\u010de da \u0107e trajati dulje od tradicionalnih papirnih sustava.<\/li>\n<\/ul>\n<p>&nbsp;<\/p>\n<p>&nbsp;<\/p>\n<h2 style=\"text-align: center;\"><span style=\"color: #000080;\"><em><strong>Pregled MIFARE proizvoda<\/strong><\/em><\/span><\/h2>\n<p><strong>Tehnologija MIFARE, koju je razvio NXP Semiconductors, vode\u0107e je rje\u0161enje za beskontaktne pametne kartice i RFID aplikacije. <\/strong><\/p>\n<p><span style=\"color: #008080;\"><strong>MIFARE Classic1K, predstavljen u na\u0161im prilago\u0111enim UID karticama, posebno je poznat po svojoj pouzdanosti u kontroli pristupa i sigurnim identifikacijskim sustavima. Ova pametna kartica besprijekorno funkcionira s razli\u010ditim \u010dita\u010dima, \u0161to je \u010dini industrijskim standardom.<\/strong><\/span><\/p>\n<p>&nbsp;<\/p>\n<p>&nbsp;<\/p>\n<h2 style=\"text-align: center;\"><em><span style=\"color: #000080;\"><strong>Klju\u010dne zna\u010dajke Customize UID RFID kartice<\/strong><\/span><\/em><\/h2>\n<h4>The\u00a0<strong>prilagoditi UID ISO14443A RFID karticu koja se mo\u017ee replicirati za prisutnost<\/strong>\u00a0dolazi s najsuvremenijim zna\u010dajkama:<\/h4>\n<ul>\n<li><strong>Otporan na vodu i vremenske uvjete<\/strong>: Ove kartice mogu izdr\u017eati o\u0161tra okru\u017eenja, osiguravaju\u0107i kontinuiranu izvedbu.<\/li>\n<li><strong>Jednostavna prilagodba<\/strong>: Odaberite izme\u0111u raznih opcija ispisa kao \u0161to su\u00a0<strong>CMYK4C ispis<\/strong>, offset, sitotisak, lasersko kodiranje i UV tinta, omogu\u0107uju\u0107i organizacijama da u\u010dinkovito personaliziraju svaku karticu.<\/li>\n<li><strong>Komunikacijsko su\u010delje<\/strong>: Kartice koriste RFID i NFC tehnologiju, omogu\u0107uju\u0107i brzu komunikaciju s \u010dita\u010dima na frekvenciji od 13,56 MHz.<\/li>\n<\/ul>\n<p>&nbsp;<\/p>\n<p>&nbsp;<\/p>\n<h2 style=\"text-align: center;\"><em><span style=\"color: #000080;\"><strong>Tehni\u010dke specifikacije<\/strong><\/span><\/em><\/h2>\n<p style=\"text-align: left;\">\n|\u00a0<strong>Model \u010dipa<\/strong>\u00a0| MIFARE Classic1K |<br \/>\n|\u00a0<strong>Udaljenost \u010ditanja<\/strong> |2-10 cm |<br \/>\n|\u00a0<strong>Veli\u010dina<\/strong>\u00a0|85,5 x54 mm |<br \/>\n|\u00a0<strong>Materijal<\/strong>\u00a0| PVC\/PET |<br \/>\n|\u00a0<strong>Posebne zna\u010dajke<\/strong>\u00a0| Vodootporan, otporan na vremenske uvjete |<br \/>\n|\u00a0<strong>Mjesto podrijetla<\/strong>\u00a0| Guangdong, Kina |<br \/>\n|\u00a0<strong>Zanat<\/strong>\u00a0| Laserski kod, UV tinta, serijski broj, utiskivanje, termalni ispis |<br \/>\n|\u00a0<strong>Prodaja jedinica<\/strong>\u00a0| Pojedina\u010dna stavka |<br \/>\n|\u00a0<strong>Veli\u010dina pakiranja<\/strong>\u00a0|8,55 x5,4 x0,08 cm |<br \/>\n|\u00a0<strong>Te\u017eina<\/strong>\u00a0|0,006 kg |<\/p>\n<p>&nbsp;<\/p>\n<p>&nbsp;<\/p>\n<h3 style=\"text-align: center;\"><span style=\"color: #000080;\"><em><strong>Primjena RFID kartica<\/strong><\/em><\/span><\/h3>\n<h4>The\u00a0<strong>prilagoditi UID ISO14443A RFID karticu koja se mo\u017ee replicirati za prisutnost<\/strong>\u00a0mo\u017ee se koristiti u raznim sektorima, uklju\u010duju\u0107i:<\/h4>\n<ul>\n<li><strong>Kontrola pristupa<\/strong>: Idealne za kontrolu ulaska u sigurna podru\u010dja, ove kartice osiguravaju pristup samo ovla\u0161tenom osoblju.<\/li>\n<li><strong>Pra\u0107enje posje\u0107enosti<\/strong>: Savr\u0161eno za \u0161kole i korporativne urede gdje je klju\u010dno evidentiranje prisutnosti. Zna\u010dajka brzog dodirivanja zna\u010dajno smanjuje vrijeme potro\u0161eno na ru\u010dne zapise.<\/li>\n<li><strong>Javni prijevoz<\/strong>: Pobolj\u0161ajte korisni\u010dku pogodnost u sustavima prijevoza dopu\u0161taju\u0107i brzo ukrcavanje putem beskontaktne tehnologije.<\/li>\n<\/ul>\n<p>&nbsp;<\/p>\n<p>&nbsp;<\/p>\n<h2 style=\"text-align: center;\"><span style=\"color: #000080;\"><em><strong>Utjecaj na okoli\u0161 i odr\u017eivost<\/strong><\/em><\/span><\/h2>\n<p><strong>Odabir prilago\u0111enih repliciranih UID ISO14443A RFID kartica doprinosi odr\u017eivoj praksi. Njihova trajnost zna\u010di manje zamjena i otpada, smanjuju\u0107i utjecaj na okoli\u0161 povezan sa standardnim papirnatim ili plasti\u010dnim karticama.<\/strong><\/p>\n<p>&nbsp;<\/p>\n<p>&nbsp;<\/p>\n<h2 style=\"text-align: center;\"><em><span style=\"color: #000080;\"><strong>Recenzije i izjave kupaca<\/strong><\/span><\/em><\/h2>\n<p><span style=\"color: #008080;\">\u201eOve RFID kartice u\u010dinile su pra\u0107enje poha\u0111anja nastave u na\u0161oj \u0161koli mnogo jednostavnijim! Mogu\u0107nosti prilagodbe bile su veliki plus.\u201d \u2013 <em>Emily R., \u0161kolska upraviteljica<\/em><\/span><\/p>\n<blockquote><p>\u201cVrlo pouzdan i izdr\u017eljiv. Ve\u0107 mjesecima ih koristimo u na\u0161em sustavu kontrole pristupa bez ikakvih problema.\u201d<\/p><\/blockquote>","protected":false},"excerpt":{"rendered":"<p>Prilagodljiva RFID kartica za u\u010dinkovito pra\u0107enje prisutnosti i sigurnu kontrolu pristupa, s MIFARE Classic1K tehnologijom i izdr\u017eljivim PVC\/PET materijalom.<\/p>","protected":false},"featured_media":3357,"template":"","meta":[],"product_brand":[],"product_cat":[46],"product_tag":[],"class_list":{"0":"post-3537","1":"product","2":"type-product","3":"status-publish","4":"has-post-thumbnail","6":"product_cat-nfc-cards","8":"first","9":"instock","10":"shipping-taxable","11":"product-type-simple"},"_links":{"self":[{"href":"https:\/\/nfc-readers.com\/hr\/wp-json\/wp\/v2\/product\/3537","targetHints":{"allow":["GET"]}}],"collection":[{"href":"https:\/\/nfc-readers.com\/hr\/wp-json\/wp\/v2\/product"}],"about":[{"href":"https:\/\/nfc-readers.com\/hr\/wp-json\/wp\/v2\/types\/product"}],"wp:featuredmedia":[{"embeddable":true,"href":"https:\/\/nfc-readers.com\/hr\/wp-json\/wp\/v2\/media\/3357"}],"wp:attachment":[{"href":"https:\/\/nfc-readers.com\/hr\/wp-json\/wp\/v2\/media?parent=3537"}],"wp:term":[{"taxonomy":"product_brand","embeddable":true,"href":"https:\/\/nfc-readers.com\/hr\/wp-json\/wp\/v2\/product_brand?post=3537"},{"taxonomy":"product_cat","embeddable":true,"href":"https:\/\/nfc-readers.com\/hr\/wp-json\/wp\/v2\/product_cat?post=3537"},{"taxonomy":"product_tag","embeddable":true,"href":"https:\/\/nfc-readers.com\/hr\/wp-json\/wp\/v2\/product_tag?post=3537"}],"curies":[{"name":"wp","href":"https:\/\/api.w.org\/{rel}","templated":true}]}}