{"id":3538,"date":"2024-11-06T11:31:12","date_gmt":"2024-11-06T11:31:12","guid":{"rendered":"https:\/\/nfc-readers.com\/?post_type=product&#038;p=3538"},"modified":"2024-11-06T11:31:12","modified_gmt":"2024-11-06T11:31:12","slug":"ntag213-nfc-card-with-qr-code-printed-for-whatsapp-marketing","status":"publish","type":"product","link":"https:\/\/nfc-readers.com\/hr\/ic-reader\/ntag213-nfc-card-with-qr-code-printed-for-whatsapp-marketing\/","title":{"rendered":"NTAG213 NFC kartica s QR kodom ispisana za Whatsapp marketing"},"content":{"rendered":"<h1><span style=\"color: #000080;\"><strong>NTAG213 NFC kartica s QR kodom ispisana za Whatsapp marketing<\/strong><\/span><\/h1>\n<div class=\"chat-list relative custom-scrollbar-reset-margin custom-scrollbar custom-scrollbar-hidden custom-scrollbar-float pb-9 flex-1 overflow-y-auto\">\n<div class=\"mx-auto max-w-[790px]\">\n<div class=\"message-item-outer relative px-4 mb-2\" data-id=\"314708bd-f25a-4472-bc0c-0927c643c147\">\n<div class=\"content-area pl-[0px]\">\n<div class=\"message-item select-text relative\">\n<div class=\"message-inner relative\">\n<div class=\"py-[2px]\">\n<div class=\"flex flex-col gap-2\">\n<div class=\"answer-markdown-box overflow-x-auto select-text custom-scrollbar\">\n<div class=\"markdown-body\">\n<h3><span style=\"color: #008080;\"><strong>Revolucionirajte svoj anga\u017eman kupaca<\/strong><\/span><\/h3>\n<p>U dana\u0161njem digitalnom dobu, tvrtke neprestano tra\u017ee inovativne na\u010dine za interakciju sa svojim klijentima i promicanje svoje marke. Jedan od u\u010dinkovitih na\u010dina za to je kori\u0161tenje tehnologije NFC (Near Field Communication), posebno NTAG213 NFC kartica s ispisom QR koda.<\/p>\n<p>Ove su kartice postale sve popularnije za WhatsApp marketing, omogu\u0107uju\u0107i tvrtkama da upravljaju svojim privatnim prometom i pove\u017eu se s klijentima na osobniji i interaktivniji na\u010din.<\/p>\n<p>&nbsp;<\/p>\n<\/div>\n<\/div>\n<\/div>\n<\/div>\n<p>&nbsp;<\/p>\n<div class=\"py-[2px]\">\n<div class=\"flex flex-col gap-2\">\n<div class=\"answer-markdown-box overflow-x-auto select-text custom-scrollbar\">\n<div class=\"markdown-body\">\n<h2 style=\"text-align: center;\"><span style=\"color: #333399;\"><em><strong>Prednosti NTAG213 NFC kartice<\/strong><\/em><\/span><\/h2>\n<p>NTAG213 NFC kartice s ispisom QR koda nude niz pogodnosti za tvrtke koje \u017eele pobolj\u0161ati svoj anga\u017eman kupaca i marketin\u0161ke napore. Ove prednosti uklju\u010duju:<\/p>\n<ul>\n<li><strong>Jednostavan za kori\u0161tenje i upravljanje<\/strong>: NTAG213 NFC kartice jednostavne su za kori\u0161tenje i upravljanje, omogu\u0107uju\u0107i tvrtkama da jednostavno kreiraju i dijele WhatsApp veze sa svojim klijentima.<\/li>\n<li><strong>Veliki kapacitet<\/strong>: NTAG213 NFC kartice imaju veliki memorijski kapacitet, \u0161to tvrtkama omogu\u0107uje pohranjivanje zna\u010dajne koli\u010dine podataka, kao \u0161to su WhatsApp veze, kontakt informacije i vi\u0161e.<\/li>\n<li><strong>Prilagodljiv<\/strong>: NTAG213 NFC kartice mogu se prilagoditi razli\u010ditim opcijama ispisa, uklju\u010duju\u0107i QR kodove, omogu\u0107uju\u0107i tvrtkama da personaliziraju svoje marketin\u0161ke napore.<\/li>\n<li><\/li>\n<\/ul>\n<p>&nbsp;<\/p>\n<\/div>\n<p>&nbsp;<\/p>\n<div class=\"markdown-body\">\n<h2 style=\"text-align: center;\"><span style=\"color: #333399;\"><em><strong>Zna\u010dajke NTAG213 NFC kartice<\/strong><\/em><\/span><\/h2>\n<p>NTAG213 NFC kartice s ispisom QR koda za WhatsApp marketing imaju niz naprednih zna\u010dajki, uklju\u010duju\u0107i:<\/p>\n<ul>\n<li><strong>Kompatibilnost s WhatsAppom<\/strong>: NTAG213 NFC kartice posebno su dizajnirane za rad s WhatsAppom, omogu\u0107uju\u0107i tvrtkama da jednostavno kreiraju i dijele WhatsApp veze sa svojim klijentima.<\/li>\n<li><strong>Ispis QR koda<\/strong>: NTAG213 NFC kartice imaju ispis QR koda, omogu\u0107uju\u0107i tvrtkama da jednostavno prilagode svoje marketin\u0161ke napore.<\/li>\n<li><strong>NFC tehnologija<\/strong>: NTAG213 NFC kartice koriste naprednu NFC tehnologiju, omogu\u0107uju\u0107i brz i pouzdan prijenos podataka izme\u0111u kartice i mobilnog ure\u0111aja.<\/li>\n<li><strong>Enkripcija visoke sigurnosti<\/strong>: NTAG213 NFC kartice imaju naprednu sigurnosnu enkripciju, \u0161tite\u0107i od neovla\u0161tenog pristupa i osiguravaju\u0107i sigurnost korisni\u010dkih podataka.<\/li>\n<\/ul>\n<p>&nbsp;<\/p>\n<\/div>\n<p>&nbsp;<\/p>\n<div class=\"markdown-body\">\n<h2 style=\"text-align: center;\"><span style=\"color: #333399;\"><em><strong>Tehni\u010dki podaci<\/strong><\/em><\/span><\/h2>\n<div class=\"table-with-header rounded-lg border border-solid border-grey-line2-normal w-fit max-w-full mb-2\">\n<div class=\"overflow-x-auto custom-scrollbar custom-scrollbar-float max-w-full\">\n<table class=\"w-fit !mb-0 !max-w-none\">\n<thead>\n<tr>\n<th>Specifikacija<\/th>\n<th>Vrijednost<\/th>\n<\/tr>\n<\/thead>\n<tbody>\n<tr>\n<td>Materijal<\/td>\n<td>PVC<\/td>\n<\/tr>\n<tr>\n<td>Veli\u010dina<\/td>\n<td>Obi\u010daj<\/td>\n<\/tr>\n<tr>\n<td>Memorija<\/td>\n<td>144 bajta<\/td>\n<\/tr>\n<tr>\n<td>\u010cip<\/td>\n<td>NTAG213<\/td>\n<\/tr>\n<tr>\n<td>Ispis<\/td>\n<td>Podr\u017ean ispis QR koda<\/td>\n<\/tr>\n<tr>\n<td>Pakiranje<\/td>\n<td>200 kom \/ unutarnja bijela kutija .25 kutija \/ karton, veli\u010dina kartona: 48<em>22.5<\/em>30 cm<\/td>\n<\/tr>\n<tr>\n<td>Prodaja jedinica<\/td>\n<td>Pojedina\u010dna stavka<\/td>\n<\/tr>\n<tr>\n<td>Veli\u010dina jednog paketa<\/td>\n<td>35X1,5X0,02 cm<\/td>\n<\/tr>\n<tr>\n<td>Pojedina\u010dna bruto te\u017eina<\/td>\n<td>0,010 kg<\/td>\n<\/tr>\n<\/tbody>\n<\/table>\n<p>&nbsp;<\/p>\n<\/div>\n<\/div>\n<h2 style=\"text-align: center;\"><span style=\"color: #333399;\"><em><strong>Kako koristiti NTAG213 NFC karticu\u00a0<\/strong><\/em><\/span><\/h2>\n<p>Kori\u0161tenje NTAG213 NFC kartice jednostavno je i jednostavno. Evo vodi\u010da korak po korak za po\u010detak:<\/p>\n<ol>\n<li><strong>Stvorite WhatsApp vezu<\/strong>: Stvorite WhatsApp vezu koriste\u0107i format &quot;<a href=\"https:\/\/wa.me\/WhatsAppnumber\" target=\"_blank\" rel=\"noopener\">https:\/\/wa.me\/WhatsAppnumber<\/a>\u201c, gdje je \u201cWhatsAppnumber\u201d va\u0161 broj telefona u me\u0111unarodnom formatu.<\/li>\n<li><strong>Programirajte WhatsApp vezu<\/strong>: Programirajte WhatsApp vezu na NTAG213 NFC karticu pomo\u0107u kompatibilnog ure\u0111aja i softvera.<\/li>\n<li><strong>Prilagodite karticu<\/strong>: Prilagodite NTAG213 NFC karticu brendiranju i marketin\u0161koj poruci svoje tvrtke.<\/li>\n<li><strong>Podijelite karticu<\/strong>: Podijelite NTAG213 NFC karticu svojim kupcima, bilo osobno ili putem po\u0161te.<\/li>\n<\/ol>\n<p>&nbsp;<\/p>\n<\/div>\n<p>&nbsp;<\/p>\n<div class=\"markdown-body\">\n<h2 style=\"text-align: center;\"><em><span style=\"color: #333399;\"><strong>Prednosti NTAG213 NFC kartice<\/strong><\/span><\/em><\/h2>\n<p>NTAG213 NFC kartice s ispisom QR koda za WhatsApp marketing nude niz prednosti u odnosu na tradicionalne marketin\u0161ke metode. Te prednosti uklju\u010duju:<\/p>\n<ul>\n<li><strong>Pove\u0107ani anga\u017eman<\/strong>: NTAG213 NFC kartice s ispisom QR koda za WhatsApp marketing omogu\u0107uju tvrtkama da komuniciraju s klijentima na osobniji i interaktivniji na\u010din.<\/li>\n<li><strong>Pobolj\u0161ano prepoznavanje marke<\/strong>: NTAG213 NFC kartice s ispisom QR koda za WhatsApp marketing mogu se prilagoditi brendiranju tvrtke i marketin\u0161koj poruci, pobolj\u0161avaju\u0107i prepoznavanje brenda i svijest.<\/li>\n<li><strong>Isplativo<\/strong>: NTAG213 NFC kartice s ispisom QR koda za WhatsApp marketing pristupa\u010dno su marketin\u0161ko rje\u0161enje koje nudi visok povrat ulaganja za tvrtke.<\/li>\n<\/ul>\n<p>&nbsp;<\/p>\n<h2 style=\"text-align: center;\"><span style=\"color: #008080;\"><em><strong>ODABERITE NAS SADA!<\/strong><\/em><\/span><\/h2>\n<p>NTAG213 NFC kartice s ispisom QR koda za WhatsApp marketing su inovativan i u\u010dinkovit na\u010din za interakciju s kupcima i promoviranje va\u0161eg brenda. Sa svojom jednostavno\u0161\u0107u upotrebe, velikim kapacitetom, sigurnom enkripcijom i prilagodljivim dizajnom, NTAG213 NFC kartice s ispisom QR koda za WhatsApp marketing idealno su rje\u0161enje za tvrtke koje \u017eele pobolj\u0161ati svoj anga\u017eman kupaca i marketin\u0161ke napore.<\/p>\n<\/div>\n<\/div>\n<\/div>\n<\/div>\n<\/div>\n<\/div>\n<\/div>\n<\/div>\n<\/div>\n<\/div>","protected":false},"excerpt":{"rendered":"<p><strong>NTAG213 NFC kartica s QR kodom za WhatsApp Marketing<\/strong>: Revolucionirajte svoj anga\u017eman kupaca pomo\u0107u NFC kartica koje su jednostavne za kori\u0161tenje, velikog kapaciteta i prilagodljive za personalizirani marketing.<\/p>","protected":false},"featured_media":3543,"template":"","meta":[],"product_brand":[],"product_cat":[46],"product_tag":[],"class_list":{"0":"post-3538","1":"product","2":"type-product","3":"status-publish","4":"has-post-thumbnail","6":"product_cat-nfc-cards","8":"first","9":"instock","10":"shipping-taxable","11":"product-type-simple"},"_links":{"self":[{"href":"https:\/\/nfc-readers.com\/hr\/wp-json\/wp\/v2\/product\/3538","targetHints":{"allow":["GET"]}}],"collection":[{"href":"https:\/\/nfc-readers.com\/hr\/wp-json\/wp\/v2\/product"}],"about":[{"href":"https:\/\/nfc-readers.com\/hr\/wp-json\/wp\/v2\/types\/product"}],"wp:featuredmedia":[{"embeddable":true,"href":"https:\/\/nfc-readers.com\/hr\/wp-json\/wp\/v2\/media\/3543"}],"wp:attachment":[{"href":"https:\/\/nfc-readers.com\/hr\/wp-json\/wp\/v2\/media?parent=3538"}],"wp:term":[{"taxonomy":"product_brand","embeddable":true,"href":"https:\/\/nfc-readers.com\/hr\/wp-json\/wp\/v2\/product_brand?post=3538"},{"taxonomy":"product_cat","embeddable":true,"href":"https:\/\/nfc-readers.com\/hr\/wp-json\/wp\/v2\/product_cat?post=3538"},{"taxonomy":"product_tag","embeddable":true,"href":"https:\/\/nfc-readers.com\/hr\/wp-json\/wp\/v2\/product_tag?post=3538"}],"curies":[{"name":"wp","href":"https:\/\/api.w.org\/{rel}","templated":true}]}}