{"id":3553,"date":"2024-11-06T12:50:53","date_gmt":"2024-11-06T12:50:53","guid":{"rendered":"https:\/\/nfc-readers.com\/?post_type=product&#038;p=3553"},"modified":"2024-11-06T12:50:53","modified_gmt":"2024-11-06T12:50:53","slug":"nfc-rfid-sticker-alien-h9-9662-9654-9610-9640-long-read-range","status":"publish","type":"product","link":"https:\/\/nfc-readers.com\/hr\/ic-reader\/nfc-rfid-sticker-alien-h9-9662-9654-9610-9640-long-read-range\/","title":{"rendered":"NFC RFID naljepnica Alien H9 9662 9654 9610 9640 Dug domet o\u010ditanja"},"content":{"rendered":"<h1 style=\"text-align: center;\"><strong>NFC RFID naljepnica Alien H9 9662 9654 9610 9640 Dug domet o\u010ditanja<\/strong><\/h1>\n<p>U dana\u0161njem brzom digitalnom svijetu u\u010dinkovita komunikacija i prijenos informacija mogu uvelike pobolj\u0161ati operativnu u\u010dinkovitost. The <strong>NFC RFID naljepnica Alien H9<\/strong>\u00a0je izuzetno rje\u0161enje koje se mo\u017ee pohvaliti a\u00a0<strong>dug raspon \u010ditanja<\/strong>\u00a0i naprednu funkcionalnost koja slu\u017ei raznim aplikacijama, uklju\u010duju\u0107i parkiranje, upravljanje inventarom i jo\u0161 mnogo toga. Uz impresivnu udaljenost \u010ditanja od\u00a0<strong>3-7 metara<\/strong>, ova svestrana naljepnica osigurava besprijekornu interakciju izme\u0111u ure\u0111aja s omogu\u0107enom NFC tehnologijom, revolucioniraju\u0107i na\u010din na koji korisnici rade s podacima.<\/p>\n<p>Integriranjem vrhunske tehnologije u kompaktnom formatu, oznaka Alien H9 mo\u017ee unaprijediti va\u0161e poslovne procese, pobolj\u0161ati korisni\u010dko iskustvo i olak\u0161ati povezivanje bez napora. Otkrijte nevjerojatne prednosti Alien H9 NFC RFID naljepnice kako biste shvatili za\u0161to je to isplativo ulaganje za va\u0161e potrebe.<\/p>\n<p>&nbsp;<\/p>\n<h2>Pregled NFC i RFID tehnologije<\/h2>\n<p>NFC (Near Field Communication) i RFID (Radio Frequency Identification) mo\u0107ne su be\u017ei\u010dne komunikacijske tehnologije koje olak\u0161avaju razmjenu podataka izme\u0111u ure\u0111aja. NFC omogu\u0107uje sigurne transakcije i interakcije u neposrednoj blizini, dok RFID omogu\u0107uje o\u010ditanja ve\u0107eg dometa, \u0161to ga \u010dini bitnim za razne industrije. The\u00a0<strong>Vanzemaljac H9<\/strong>\u00a0NFC RFID naljepnica kombinira ove dvije tehnologije, iskori\u0161tavaju\u0107i frekvenciju od\u00a0<strong>860-960 MHz<\/strong>, osiguravaju\u0107i optimalne performanse u razli\u010ditim aplikacijama.<\/p>\n<p>&nbsp;<\/p>\n<h2>Klju\u010dne specifikacije Alien H9 NFC RFID naljepnice<\/h2>\n<p>The\u00a0<strong>Alien H9 NFC RFID naljepnica<\/strong>\u00a0dolazi opremljen s nizom zna\u010dajki i specifikacija dizajniranih da udovolje zahtjevima moderne tehnologije:<\/p>\n<ul>\n<li><strong>Vrsta \u010dipa<\/strong>: Alien H9<\/li>\n<li><strong>Veli\u010dina oznake<\/strong>: 92 x 26 mm<\/li>\n<li><strong>Veli\u010dina antene<\/strong>: 70 x 17 mm<\/li>\n<li><strong>EPC memorija<\/strong>: 128-bitni<\/li>\n<li><strong>Udaljenost \u010ditanja<\/strong>: U prosjeku 3-7 metara<\/li>\n<li><strong>Frekvencija<\/strong>: Radi na 860-960 MHz<\/li>\n<li><strong>Podrijetlo proizvodnje<\/strong>: Guangdong, Kina<\/li>\n<li><strong>Naziv marke<\/strong>: SX<\/li>\n<li><strong>Broj modela<\/strong>: SX-050<\/li>\n<\/ul>\n<p>Ove specifikacije isti\u010du visoke performanse i u\u010dinkovit dizajn koji \u010dini Alien H9 vode\u0107im na tr\u017ei\u0161tu.<\/p>\n<p>&nbsp;<\/p>\n<h2>Detaljne tehni\u010dke specifikacije<\/h2>\n<table class=\"w-fit !mb-0 !max-w-none\" style=\"height: 196px;\" width=\"401\">\n<thead>\n<tr>\n<th>Specifikacija<\/th>\n<th>pojedinosti<\/th>\n<\/tr>\n<\/thead>\n<tbody>\n<tr>\n<td><strong>Komunikacijsko su\u010delje<\/strong><\/td>\n<td>RFID<\/td>\n<\/tr>\n<tr>\n<td><strong>Vrsta kartice<\/strong><\/td>\n<td>\u010citanje\/Pisanje<\/td>\n<\/tr>\n<tr>\n<td><strong>Povr\u0161inska obrada<\/strong><\/td>\n<td>Sjajni\/mat<\/td>\n<\/tr>\n<tr>\n<td><strong>Ispis<\/strong><\/td>\n<td>CMYK ofsetni tisak u roli<\/td>\n<\/tr>\n<tr>\n<td><strong>Veli\u010dina paketa<\/strong><\/td>\n<td>20 x 10 x 1 cm<\/td>\n<\/tr>\n<tr>\n<td><strong>Bruto te\u017eina<\/strong><\/td>\n<td>0,100 kg<\/td>\n<\/tr>\n<\/tbody>\n<\/table>\n<p>&nbsp;<\/p>\n<h2>\u010cesto postavljana pitanja o Alien H9 NFC RFID naljepnici<\/h2>\n<p><strong>P1: Kolika je udaljenost \u010ditanja?<\/strong><br \/>\nA1: Udaljenost za \u010ditanje obi\u010dno se kre\u0107e od\u00a0<strong>3 do 7 metara<\/strong>, ovisno o uvjetima okoline.<\/p>\n<p><strong>P2: Je li naljepnica prilagodljiva?<\/strong><br \/>\nO2: Da, Alien H9 podr\u017eava prilagodbu kroz ispis koda i kodiranje za jedinstvene aplikacije.<\/p>","protected":false},"excerpt":{"rendered":"<p>NFC RFID naljepnica Alien H9 dizajnirana je za optimalne performanse s velikim rasponom o\u010ditanja, \u0161to je \u010dini idealnom za razli\u010dite primjene kao \u0161to su upravljanje inventarom i sigurna kontrola pristupa. Njegova izdr\u017eljiva konstrukcija osigurava pouzdanost u razli\u010ditim okru\u017eenjima.<\/p>","protected":false},"featured_media":3558,"template":"","meta":[],"product_brand":[],"product_cat":[48],"product_tag":[],"class_list":{"0":"post-3553","1":"product","2":"type-product","3":"status-publish","4":"has-post-thumbnail","6":"product_cat-nfc-stickers","8":"first","9":"instock","10":"shipping-taxable","11":"product-type-simple"},"_links":{"self":[{"href":"https:\/\/nfc-readers.com\/hr\/wp-json\/wp\/v2\/product\/3553","targetHints":{"allow":["GET"]}}],"collection":[{"href":"https:\/\/nfc-readers.com\/hr\/wp-json\/wp\/v2\/product"}],"about":[{"href":"https:\/\/nfc-readers.com\/hr\/wp-json\/wp\/v2\/types\/product"}],"wp:featuredmedia":[{"embeddable":true,"href":"https:\/\/nfc-readers.com\/hr\/wp-json\/wp\/v2\/media\/3558"}],"wp:attachment":[{"href":"https:\/\/nfc-readers.com\/hr\/wp-json\/wp\/v2\/media?parent=3553"}],"wp:term":[{"taxonomy":"product_brand","embeddable":true,"href":"https:\/\/nfc-readers.com\/hr\/wp-json\/wp\/v2\/product_brand?post=3553"},{"taxonomy":"product_cat","embeddable":true,"href":"https:\/\/nfc-readers.com\/hr\/wp-json\/wp\/v2\/product_cat?post=3553"},{"taxonomy":"product_tag","embeddable":true,"href":"https:\/\/nfc-readers.com\/hr\/wp-json\/wp\/v2\/product_tag?post=3553"}],"curies":[{"name":"wp","href":"https:\/\/api.w.org\/{rel}","templated":true}]}}