{"id":3564,"date":"2024-11-06T13:06:22","date_gmt":"2024-11-06T13:06:22","guid":{"rendered":"https:\/\/nfc-readers.com\/?post_type=product&#038;p=3564"},"modified":"2024-11-14T14:59:24","modified_gmt":"2024-11-14T14:59:24","slug":"t5577-dia-25mm-coated-paper-programmable-flexible-rfid-tag","status":"publish","type":"product","link":"https:\/\/nfc-readers.com\/hr\/ic-reader\/t5577-dia-25mm-coated-paper-programmable-flexible-rfid-tag\/","title":{"rendered":"T5577 Dia 25mm oblo\u017eeni papir Programabilna fleksibilna RFID oznaka"},"content":{"rendered":"<h1 style=\"text-align: center;\"><strong>T5577 Dia 25mm oblo\u017eeni papir Programabilna fleksibilna RFID oznaka<\/strong><\/h1>\n<p>The <strong>T5577 Dia 25mm premazani papir programabilna Fleksibilna RFID oznaka<\/strong>\u00a0je izvanredan proizvod u svijetu NFC tehnologije, dizajniran za pobolj\u0161anje rje\u0161enja za izdavanje ulaznica i pojednostavljenje procesa identifikacije u raznim industrijama.<\/p>\n<p>S naprednim T5577 \u010dipom ugra\u0111enim u otporan i svestran dizajn, ova RFID oznaka spaja funkcionalnost s prakti\u010dno\u0161\u0107u. Ovaj opis \u0107e vas voditi kroz prednosti, zna\u010dajke, specifikacije i vi\u0161e, nagla\u0161avaju\u0107i za\u0161to je ova oznaka neophodna za va\u0161e poslovne ili osobne potrebe.<\/p>\n<p>&nbsp;<\/p>\n<h3><strong>Komunikacijsko su\u010delje: Kako radi RFID<\/strong><\/h3>\n<p>Opremljen sna\u017enim\u00a0<strong>RFID<\/strong>\u00a0komunikacijsko su\u010delje, 12T5577 radi na frekvenciji od\u00a0<strong>125 KHz<\/strong>. To omogu\u0107uje komunikaciju izme\u0111u oznake i NFC-omogu\u0107enih ure\u0111aja ili \u010dita\u010da, olak\u0161avaju\u0107i brzu razmjenu podataka. Jednostavno dodirnite svoj\u00a0<strong>Mobilni telefon ili ure\u0111aj koji podr\u017eava NFC<\/strong>\u00a0uz oznaku za trenutno dohva\u0107anje ili pisanje informacija.<\/p>\n<p>&nbsp;<\/p>\n<p>&nbsp;<\/p>\n<h3><strong>Podru\u010dja primjene: od prodaje ulaznica do upravljanja imovinom<\/strong><\/h3>\n<p>T5577 RFID oznake prvenstveno su dizajnirane za <strong>prodaja karata<\/strong>\u00a0aplikacije, ali se mogu u\u010dinkovito koristiti u raznim podru\u010djima uklju\u010duju\u0107i upravljanje maloprodajnim inventarom, sustave kontrole pristupa i upravljanje doga\u0111ajima. Njihova sposobnost jednostavnog programiranja i ponovnog pisanja podataka \u010dini ih iznimno korisnim u dinami\u010dnim okru\u017eenjima gdje se informacije moraju \u010desto a\u017eurirati.<\/p>\n<p>&nbsp;<\/p>\n<h3><strong>Za\u0161to kupiti 12T5577 RFID oznaku?<\/strong><\/h3>\n<p>Ulaganje u\u00a0<strong>12T5577 RFID oznaka<\/strong>\u00a0zna\u010di odabir u\u010dinkovitosti, prilagodljivosti i trajnosti. Za razliku od tradicionalnih metoda identifikacije, RFID oznake omogu\u0107uju brz pristup podacima i mogu se programirati za jednostavno pohranjivanje raznih informacija. Za tvrtke uklju\u010dene u izdavanje ulaznica, upravljanje zalihama ili identifikaciju usluga, ove oznake dramati\u010dno pojednostavljuju rad, smanjuju ljudsku pogre\u0161ku i pobolj\u0161avaju korisni\u010dko iskustvo.<\/p>\n<p>Izra\u0111ena od premazanog papira promjera 25 mm, oznaka je lagana i fleksibilna, \u0161to je \u010dini idealnom za razli\u010dite primjene, od brendiranja do logistike. Osim toga, ovaj se proizvod mo\u017ee pohvaliti zna\u010dajkama poput vodootpornosti\/otpornosti na vremenske uvjete, dugog raspona o\u010ditanja od 2 do 10 cm i ciklusa pisanja do 100 000 puta, \u010dime se osigurava dugotrajnost i pouzdan rad.<\/p>\n<p>&nbsp;<\/p>\n<h3><strong>Tehni\u010dke specifikacije<\/strong><\/h3>\n<table class=\"w-fit !mb-0 !max-w-none\" style=\"height: 285px;\" width=\"426\">\n<thead>\n<tr>\n<th><strong>Specifikacija<\/strong><\/th>\n<th><strong>pojedinosti<\/strong><\/th>\n<\/tr>\n<\/thead>\n<tbody>\n<tr>\n<td><strong>\u010cip<\/strong><\/td>\n<td>T5577<\/td>\n<\/tr>\n<tr>\n<td><strong>Veli\u010dina<\/strong><\/td>\n<td>Promjer 25 mm<\/td>\n<\/tr>\n<tr>\n<td><strong>Materijal<\/strong><\/td>\n<td>Premazani papir<\/td>\n<\/tr>\n<tr>\n<td><strong>Povr\u0161inski<\/strong><\/td>\n<td>Mat, sjajni, matirani<\/td>\n<\/tr>\n<tr>\n<td><strong>Raspon \u010ditanja<\/strong><\/td>\n<td>2-10 cm<\/td>\n<\/tr>\n<tr>\n<td><strong>Protokol<\/strong><\/td>\n<td>ISO11784\/11785<\/td>\n<\/tr>\n<tr>\n<td><strong>Ciklus pisanja<\/strong><\/td>\n<td>100 000 puta<\/td>\n<\/tr>\n<tr>\n<td><strong>Radna temperatura<\/strong><\/td>\n<td>20~+80\u00b0C<\/td>\n<\/tr>\n<tr>\n<td><strong>Mjesto podrijetla<\/strong><\/td>\n<td>Guangdong, Kina<\/td>\n<\/tr>\n<tr>\n<td><strong>Mogu\u0107nost ispisa<\/strong><\/td>\n<td>4C Offset\/Sitotisak<\/td>\n<\/tr>\n<\/tbody>\n<\/table>\n<p>&nbsp;<\/p>\n<h2><strong>\u010cesto postavljana pitanja (FAQ)<\/strong><\/h2>\n<h3><strong>1. \u0160to su NFC i RFID tehnologije?<\/strong><\/h3>\n<p><strong>NFC (Near Field Communication)<\/strong>\u00a0i\u00a0<strong>RFID (Radio Frequency Identification)<\/strong>\u00a0su be\u017ei\u010dne komunikacijske tehnologije koje omogu\u0107uju ure\u0111ajima razmjenu podataka na kratkim udaljenostima. NFC se \u010desto koristi za mobilna pla\u0107anja i prijenos podataka, dok se RFID obi\u010dno koristi za pra\u0107enje i upravljanje zalihama.<\/p>\n<h3><strong>2. Kako mogu programirati T5577 RFID oznake?<\/strong><\/h3>\n<p>Za programiranje 12T5577 RFID oznaka potreban vam je ure\u0111aj s omogu\u0107enom NFC tehnologijom i kompatibilna aplikacija. Jednostavno preuzmite NFC aplikaciju za pisanje, otvorite je i slijedite upute za unos podataka koje \u017eelite pohraniti na oznaku. Nakon \u0161to su podaci programirani, oznaku mo\u017ee pro\u010ditati bilo koji ure\u0111aj koji podr\u017eava NFC.<\/p>\n<h3><strong>3. Koji je raspon o\u010ditanja T5577 RFID oznake?<\/strong><\/h3>\n<p>Raspon o\u010ditanja za 12T5577 RFID oznaku je\u00a0<strong>2 do 10 centimetara<\/strong>. Ovaj raspon je optimalan za ve\u0107inu aplikacija, omogu\u0107uju\u0107i brzu i u\u010dinkovitu razmjenu podataka bez potrebe za fizi\u010dkim kontaktom.<\/p>\n<h3><strong>4. Jesu li ove oznake vodootporne?<\/strong><\/h3>\n<p>Da, T5577 RFID oznake dizajnirane su da budu vodootporne\/otporne na vremenske uvjete, \u0161to ih \u010dini prikladnima za unutarnju i vanjsku primjenu. Mogu izdr\u017eati izlaganje vlazi i razli\u010ditim uvjetima okoline.<\/p>","protected":false},"excerpt":{"rendered":"<p>The <strong>T5577 Dia 25mm premazani papir programabilna Fleksibilna RFID oznaka<\/strong>\u00a0je svestrano i trajno rje\u0161enje za u\u010dinkovito pohranjivanje i dohva\u0107anje podataka, idealno za prodaju karata i upravljanje zalihama. Njegov vodootporan dizajn, u kombinaciji s mogu\u0107no\u0161\u0107u jednostavnog programiranja i prilago\u0111avanja, \u010dini ga pouzdanim izborom za razne primjene.<\/p>","protected":false},"featured_media":3565,"template":"","meta":[],"product_brand":[],"product_cat":[47],"product_tag":[],"class_list":{"0":"post-3564","1":"product","2":"type-product","3":"status-publish","4":"has-post-thumbnail","6":"product_cat-nfc-tags","8":"first","9":"instock","10":"shipping-taxable","11":"product-type-simple"},"_links":{"self":[{"href":"https:\/\/nfc-readers.com\/hr\/wp-json\/wp\/v2\/product\/3564","targetHints":{"allow":["GET"]}}],"collection":[{"href":"https:\/\/nfc-readers.com\/hr\/wp-json\/wp\/v2\/product"}],"about":[{"href":"https:\/\/nfc-readers.com\/hr\/wp-json\/wp\/v2\/types\/product"}],"wp:featuredmedia":[{"embeddable":true,"href":"https:\/\/nfc-readers.com\/hr\/wp-json\/wp\/v2\/media\/3565"}],"wp:attachment":[{"href":"https:\/\/nfc-readers.com\/hr\/wp-json\/wp\/v2\/media?parent=3564"}],"wp:term":[{"taxonomy":"product_brand","embeddable":true,"href":"https:\/\/nfc-readers.com\/hr\/wp-json\/wp\/v2\/product_brand?post=3564"},{"taxonomy":"product_cat","embeddable":true,"href":"https:\/\/nfc-readers.com\/hr\/wp-json\/wp\/v2\/product_cat?post=3564"},{"taxonomy":"product_tag","embeddable":true,"href":"https:\/\/nfc-readers.com\/hr\/wp-json\/wp\/v2\/product_tag?post=3564"}],"curies":[{"name":"wp","href":"https:\/\/api.w.org\/{rel}","templated":true}]}}