{"id":3571,"date":"2024-11-06T13:14:59","date_gmt":"2024-11-06T13:14:59","guid":{"rendered":"https:\/\/nfc-readers.com\/?post_type=product&#038;p=3571"},"modified":"2024-11-06T13:14:59","modified_gmt":"2024-11-06T13:14:59","slug":"factory-wholesale-roll-rfid-sticker-nfc-30mm-25mm","status":"publish","type":"product","link":"https:\/\/nfc-readers.com\/hr\/ic-reader\/factory-wholesale-roll-rfid-sticker-nfc-30mm-25mm\/","title":{"rendered":"Tvorni\u010dka veleprodaja Roll RFID naljepnica NFC 30 mm 25 mm"},"content":{"rendered":"<h1 style=\"text-align: center;\"><strong>Tvorni\u010dka veleprodaja Roll RFID naljepnica NFC 30 mm 25 mm<\/strong><\/h1>\n<p>The <strong>Tvorni\u010dka veleprodajna rola RFID naljepnice NFC<\/strong>, dostupan u veli\u010dinama od 30 mm i 25 mm, na \u010delu je inovativnih rje\u0161enja za ozna\u010davanje. Uz pomo\u0107 naprednog NXP NTAG213 \u010dipa, ove NFC naljepnice nude nevjerojatnu svestranost za identifikaciju, kontrolu pristupa i interakciju s proizvodom. Dizajnirane imaju\u0107i na umu optimalne performanse, ove naljepnice osiguravaju besprijekornu komunikaciju izme\u0111u ure\u0111aja, \u0161to ih \u010dini nezamjenjivim alatom za tvrtke koje \u017eele pobolj\u0161ati svoju operativnu u\u010dinkovitost. Odaberite ovaj proizvod vrhunske kvalitete i otvorite vrata novom carstvu mogu\u0107nosti NFC tehnologije i RFID rje\u0161enja.<\/p>\n<p>&nbsp;<\/p>\n<h3><span style=\"font-size: 80%;\"><strong>Prednosti proizvoda: Za\u0161to biste trebali kupiti na\u0161e NFC naljepnice<\/strong><\/span><\/h3>\n<ol>\n<li><strong>Napredna tehnologija<\/strong>: Koriste\u0107i najsuvremeniji NTAG213 \u010dip i uskla\u0111ene s ISO 14443A protokolom, ove naljepnice jam\u010de robusno komunikacijsko su\u010delje putem RFID i NFC tehnologija.<\/li>\n<li><strong>Trajnost i svestranost<\/strong>: Karakteristike vodootpornosti i otpornosti na vremenske uvjete na\u0161ih RFID naljepnica osiguravaju da mogu izdr\u017eati te\u0161ke uvjete okoline, \u0161to ih \u010dini prikladnima za unutarnju i vanjsku primjenu.<\/li>\n<li><strong>Visoke performanse<\/strong>: Uz udaljenost \u010ditanja od 1-10 cm, ove NFC naljepnice nude pouzdan domet za u\u010dinkovit prijenos podataka i komunikaciju.<\/li>\n<li><strong>Mogu\u0107nosti prilagodbe<\/strong>: Dostupne u razli\u010ditim veli\u010dinama i prilagodljivim ispisima, ove naljepnice mogu se prilagoditi kako bi zadovoljile specifi\u010dne potrebe brendiranja i operativne potrebe.<\/li>\n<li><strong>Isplativost<\/strong>: Tvorni\u010dke veleprodajne cijene osiguravaju da si tvrtke svih veli\u010dina mogu priu\u0161titi ovu visokokvalitetnu tehnologiju bez tro\u0161enja novca.<\/li>\n<\/ol>\n<p>&nbsp;<\/p>\n<h3>\u010cesto postavljana pitanja (FAQ)<\/h3>\n<h4>P1: Jesu li ove naljepnice vodootporne?<\/h4>\n<p><strong>A1<\/strong>: Da! Na\u0161e NFC naljepnice su vodootporne i otporne na vremenske uvjete, osiguravaju\u0107i trajnost u razli\u010ditim okru\u017eenjima.<\/p>\n<h4>P2: Mogu li prilago\u0111eno ispisati svoj logo na ovim naljepnicama?<\/h4>\n<p><strong>A2<\/strong>: Apsolutno! Nudimo razli\u010dite mogu\u0107nosti ispisa, uklju\u010duju\u0107i CMYK 4C ispis, kako bismo vam pomogli u stvaranju prepoznatljivih elemenata marke na va\u0161im naljepnicama.<\/p>\n<h4>P3: Koji su ure\u0111aji kompatibilni s va\u0161im NFC naljepnicama?<\/h4>\n<p><strong>A3<\/strong>: Na\u0161e naljepnice kompatibilne su s bilo kojim\u00a0<strong>Pametni telefon ili ure\u0111aj koji podr\u017eava NFC<\/strong>, uklju\u010duju\u0107i Android i iOS proizvode.<\/p>\n<p>&nbsp;<\/p>\n<h3>Mogu\u0107nosti veli\u010dine: 30 mm i 25 mm<\/h3>\n<p>Dostupnost dvije istaknute veli\u010dine,\u00a0<strong>30 mm<\/strong>\u00a0i\u00a0<strong>25 mm<\/strong>, zadovoljava razli\u010dite potrebe u vi\u0161e industrija. Obje veli\u010dine se lako pri\u010dvr\u0161\u0107uju i mogu se primijeniti na proizvode, pakiranja ili \u010dak dokumente bez ugro\u017eavanja funkcionalnosti. Kompaktna priroda ovih naljepnica osigurava da mogu stati bez ometanja ukupne estetike proizvoda na koji su pri\u010dvr\u0161\u0107ene.<\/p>\n<p>&nbsp;<\/p>\n<h3>Prakti\u010dne primjene na\u0161ih RFID naljepnica<\/h3>\n<p>Od sustava kontrole pristupa do provjere proizvoda,\u00a0<strong>primjena<\/strong>\u00a0na\u0161eg\u00a0<strong>RFID naljepnice<\/strong>\u00a0su ogromni. Tvrtke mogu pobolj\u0161ati svoju interakciju s klijentima ugra\u0111ivanjem digitalnog sadr\u017eaja ili poveznica unutar naljepnica, pru\u017eaju\u0107i korisnicima jednostavan pristup promocijama, dodatnim informacijama ili \u010dak multimedijskim iskustvima koja oboga\u0107uju njihovo putovanje. Industrije kao \u0161to su maloprodaja, logistika i zdravstvo mogu zna\u010dajno profitirati od ovih svestranih naljepnica.<\/p>","protected":false},"excerpt":{"rendered":"<p>Predstavljamo na\u0161e tvorni\u010dke veleprodajne RFID naljepnice u rolama, dostupne u veli\u010dinama od 30 mm i 25 mm. Ove izdr\u017eljive, prilagodljive naljepnice omogu\u0107uju besprijekornu NFC komunikaciju za razli\u010dite primjene.<\/p>","protected":false},"featured_media":3572,"template":"","meta":[],"product_brand":[],"product_cat":[48],"product_tag":[],"class_list":{"0":"post-3571","1":"product","2":"type-product","3":"status-publish","4":"has-post-thumbnail","6":"product_cat-nfc-stickers","8":"first","9":"instock","10":"shipping-taxable","11":"product-type-simple"},"_links":{"self":[{"href":"https:\/\/nfc-readers.com\/hr\/wp-json\/wp\/v2\/product\/3571","targetHints":{"allow":["GET"]}}],"collection":[{"href":"https:\/\/nfc-readers.com\/hr\/wp-json\/wp\/v2\/product"}],"about":[{"href":"https:\/\/nfc-readers.com\/hr\/wp-json\/wp\/v2\/types\/product"}],"wp:featuredmedia":[{"embeddable":true,"href":"https:\/\/nfc-readers.com\/hr\/wp-json\/wp\/v2\/media\/3572"}],"wp:attachment":[{"href":"https:\/\/nfc-readers.com\/hr\/wp-json\/wp\/v2\/media?parent=3571"}],"wp:term":[{"taxonomy":"product_brand","embeddable":true,"href":"https:\/\/nfc-readers.com\/hr\/wp-json\/wp\/v2\/product_brand?post=3571"},{"taxonomy":"product_cat","embeddable":true,"href":"https:\/\/nfc-readers.com\/hr\/wp-json\/wp\/v2\/product_cat?post=3571"},{"taxonomy":"product_tag","embeddable":true,"href":"https:\/\/nfc-readers.com\/hr\/wp-json\/wp\/v2\/product_tag?post=3571"}],"curies":[{"name":"wp","href":"https:\/\/api.w.org\/{rel}","templated":true}]}}