{"id":3578,"date":"2024-11-06T13:26:21","date_gmt":"2024-11-06T13:26:21","guid":{"rendered":"https:\/\/nfc-readers.com\/?post_type=product&#038;p=3578"},"modified":"2024-11-06T13:26:21","modified_gmt":"2024-11-06T13:26:21","slug":"nfc-sticker-manufacturer-customize-anti-counterfeiting-label","status":"publish","type":"product","link":"https:\/\/nfc-readers.com\/hr\/ic-reader\/nfc-sticker-manufacturer-customize-anti-counterfeiting-label\/","title":{"rendered":"Proizvo\u0111a\u010d NFC naljepnica prilagodio je naljepnicu protiv krivotvorenja"},"content":{"rendered":"<h1 style=\"text-align: center;\"><strong>Proizvo\u0111a\u010d NFC naljepnica prilagodio je naljepnicu protiv krivotvorenja<\/strong><\/h1>\n<p>&nbsp;<\/p>\n<p>U dana\u0161njem digitalnom dobu, potreba za sigurnim i pouzdanim rje\u0161enjima za brendiranje nikad nije bila va\u017enija. Na\u0161e <strong>NFC naljepnice<\/strong>, posebno dizajniran za aplikacije protiv krivotvorenja, nudi revolucionaran na\u010din za osiguranje autenti\u010dnosti proizvoda i pove\u0107anje povjerenja kupaca. Skrojeni i prilago\u0111eni za razne namjene, na\u0161i\u00a0<strong>NFC oznake<\/strong>\u00a0su vi\u0161e od obi\u010dnih naljepnica; oni su potpis sigurnosti koji se mo\u017ee neprimjetno integrirati u va\u0161e poslovanje. Koriste\u0107i naprednu tehnologiju kao \u0161to je\u00a0<strong>NTAG 424 DNA NFC oznaka<\/strong>, ove naljepnice pru\u017eaju niz zna\u010dajki koje ne samo da \u0161tite va\u0161e proizvode, ve\u0107 i anga\u017eiraju va\u0161e klijente na nove i inovativne na\u010dine.<\/p>\n<p>&nbsp;<\/p>\n<p><strong>Za\u0161to kupiti NFC naljepnice?<\/strong><br \/>\nUlaganje u NFC naljepnice na\u0161eg proizvo\u0111a\u010da zna\u010di za\u0161titu va\u0161eg brenda od krivotvorina uz pru\u017eanje interaktivnog iskustva za va\u0161e klijente. Kori\u0161tenje visokih performansi <strong>RFID i NFC<\/strong>\u00a0tehnologija osigurava da svaka naljepnica djeluje kao jedinstveni identifikator, pobolj\u0161avaju\u0107i ne samo sigurnost, ve\u0107 i cjelokupno iskustvo marke. Ovo nisu samo etikete; oni su mo\u0107ni alati za izgradnju povjerenja potro\u0161a\u010da.<\/p>\n<p>&nbsp;<\/p>\n<h3>Posebne zna\u010dajke NFC naljepnica<\/h3>\n<p>NFC naljepnice dolaze prepune zna\u010dajki koje ih \u010dine vrhunskim izborom za aplikacije protiv krivotvorenja. Od mogu\u0107nosti prilagodbe do raznih veli\u010dina i oblika, ove naljepnice kombiniraju funkcionalnost sa korisni\u010dki prilago\u0111enim su\u010deljima.<\/p>\n<h3>Komunikacijsko su\u010delje: RFID i NFC<\/h3>\n<p>Istra\u017eite besprijekornu integraciju\u00a0<strong>RFID i NFC<\/strong>\u00a0tehnologije u ovim naljepnicama. Shvatite kako rade zajedno kako bi pru\u017eili sna\u017ene komunikacijske mogu\u0107nosti izme\u0111u oznaka i ure\u0111aja s omogu\u0107enom NFC tehnologijom.<\/p>\n<h3>U\u010destalost i izvedba<\/h3>\n<p>S u\u010destalo\u0161\u0107u od\u00a0<strong>13,56MHz<\/strong>, ove NFC oznake daju pouzdanu udaljenost \u010ditanja od 1-10 cm, osiguravaju\u0107i brzo i u\u010dinkovito skeniranje bilo u maloprodajnim postavkama ili logisti\u010dkim aplikacijama.<\/p>\n<h3>Kori\u0161teni materijali: premazani papir i PET<\/h3>\n<p>Izbor materijala utje\u010de na trajnost i performanse NFC naljepnica. Ovaj odjeljak obja\u0161njava za\u0161to koristimo\u00a0<strong>premazani papir i PET<\/strong>\u00a0i kako ti materijali pridonose dugovje\u010dnosti i upotrebljivosti naljepnice u razli\u010ditim okru\u017eenjima.<\/p>\n<p>&nbsp;<\/p>\n<h2>\u010cesto postavljana pitanja (FAQ)<\/h2>\n<h3>1.\u00a0<strong>\u0160to su NFC naljepnice i kako rade?<\/strong><\/h3>\n<p>NFC (Near Field Communication) naljepnice male su naljepnice s ugra\u0111enom NFC tehnologijom koja omogu\u0107uje be\u017ei\u010dnu komunikaciju izme\u0111u naljepnice i ure\u0111aja koji podr\u017eavaju NFC, poput pametnih telefona ili tableta. Kada korisnik svojim ure\u0111ajem dodirne naljepnicu, to mo\u017ee pokrenuti razli\u010dite radnje, poput prikazivanja informacija o proizvodu, posjete web stranici ili potvrde autenti\u010dnosti.<\/p>\n<hr \/>\n<h3>2.\u00a0<strong>Koja je najve\u0107a udaljenost \u010ditanja va\u0161ih NFC naljepnica?<\/strong><\/h3>\n<p>Na\u0161e NFC naljepnice imaju udaljenost \u010ditanja od\u00a0<strong>1-10 cm<\/strong>\u00a0(otprilike 0,4-4 in\u010da). U\u010dinkoviti domet ovisi o ure\u0111aju koji se koristi i okru\u017eenju u kojem se skenira.<\/p>\n<hr \/>\n<h3>3.\u00a0<strong>Mogu li se NFC naljepnice prilagoditi?<\/strong><\/h3>\n<p>Da! Na\u0161e NFC naljepnice mogu se u potpunosti prilagoditi u pogledu veli\u010dine, oblika, dizajna i ispisanog sadr\u017eaja. nudimo\u00a0<strong>CMYK tisak u boji, offset tisak i sitotisak<\/strong>\u00a0opcije kako biste osigurali da poruka va\u0161e marke bude vidljivo prikazana.<\/p>","protected":false},"excerpt":{"rendered":"<p>Na\u0161e NFC naljepnice prilago\u0111ene su naljepnice protiv krivotvorenja dizajnirane za pove\u0107anje sigurnosti i autenti\u010dnosti proizvoda. S naprednom tehnologijom i jedinstvenim dizajnom, ove naljepnice tvrtkama nude pouzdano rje\u0161enje za za\u0161titu njihove marke i anga\u017eiranje kupaca na interaktivan na\u010din.<\/p>","protected":false},"featured_media":3579,"template":"","meta":[],"product_brand":[],"product_cat":[48],"product_tag":[],"class_list":{"0":"post-3578","1":"product","2":"type-product","3":"status-publish","4":"has-post-thumbnail","6":"product_cat-nfc-stickers","8":"first","9":"instock","10":"shipping-taxable","11":"product-type-simple"},"_links":{"self":[{"href":"https:\/\/nfc-readers.com\/hr\/wp-json\/wp\/v2\/product\/3578","targetHints":{"allow":["GET"]}}],"collection":[{"href":"https:\/\/nfc-readers.com\/hr\/wp-json\/wp\/v2\/product"}],"about":[{"href":"https:\/\/nfc-readers.com\/hr\/wp-json\/wp\/v2\/types\/product"}],"wp:featuredmedia":[{"embeddable":true,"href":"https:\/\/nfc-readers.com\/hr\/wp-json\/wp\/v2\/media\/3579"}],"wp:attachment":[{"href":"https:\/\/nfc-readers.com\/hr\/wp-json\/wp\/v2\/media?parent=3578"}],"wp:term":[{"taxonomy":"product_brand","embeddable":true,"href":"https:\/\/nfc-readers.com\/hr\/wp-json\/wp\/v2\/product_brand?post=3578"},{"taxonomy":"product_cat","embeddable":true,"href":"https:\/\/nfc-readers.com\/hr\/wp-json\/wp\/v2\/product_cat?post=3578"},{"taxonomy":"product_tag","embeddable":true,"href":"https:\/\/nfc-readers.com\/hr\/wp-json\/wp\/v2\/product_tag?post=3578"}],"curies":[{"name":"wp","href":"https:\/\/api.w.org\/{rel}","templated":true}]}}