{"id":3594,"date":"2024-11-07T11:55:05","date_gmt":"2024-11-07T11:55:05","guid":{"rendered":"https:\/\/nfc-readers.com\/?post_type=product&#038;p=3594"},"modified":"2024-11-07T11:55:05","modified_gmt":"2024-11-07T11:55:05","slug":"icodeslix2-iso15693-rfid-card-for-library-management","status":"publish","type":"product","link":"https:\/\/nfc-readers.com\/hr\/ic-reader\/icodeslix2-iso15693-rfid-card-for-library-management\/","title":{"rendered":"ICODESLIX2 ISO15693 RFID kartica za upravljanje knji\u017enicom"},"content":{"rendered":"<h1 style=\"text-align: center;\"><span style=\"color: #000080;\"><strong>ICODESLIX2 ISO15693 RFID kartica za upravljanje knji\u017enicom<\/strong><\/span><\/h1>\n<div class=\"chat-list relative custom-scrollbar-reset-margin custom-scrollbar custom-scrollbar-hidden custom-scrollbar-float pb-9 flex-1 overflow-y-auto\">\n<div class=\"mx-auto max-w-[790px]\">\n<div class=\"message-item-outer relative px-4 mb-2\" data-id=\"364de8f7-3595-4f4e-adbf-ca8cd06befd0\">\n<div class=\"content-area pl-[0px]\">\n<div class=\"message-item select-text relative\">\n<div class=\"message-inner relative\">\n<div class=\"py-[2px]\">\n<div class=\"flex flex-col gap-2\">\n<div class=\"answer-markdown-box overflow-x-auto select-text custom-scrollbar\">\n<div class=\"markdown-body\">\n<p><span style=\"color: #666699;\"><strong>U eri u kojoj tehnologija ubrzano mijenja svakodnevne operacije, integracija ICODESLIX2 ISO15693 RFID kartica za upravljanje knji\u017enicom mijenja pravila igre. Ova inovacija ne samo da pojednostavljuje rad, ve\u0107 i oboga\u0107uje korisni\u010dko iskustvo, zna\u010dajno pobolj\u0161avaju\u0107i u\u010dinkovitost i sigurnost unutar knji\u017enica. Ove pametne kartice posebno su dizajnirane da pobolj\u0161aju na\u010din na koji knji\u017enice upravljaju inventarom, prate resurse i komuniciraju sa svojim korisnicima.<\/strong><\/span><\/p>\n<p>&nbsp;<\/p>\n<\/div>\n<p>&nbsp;<\/p>\n<div class=\"markdown-body\">\n<h2 style=\"text-align: center;\"><span style=\"color: #000080;\"><em><strong>Prednosti ICODESLIX2 ISO15693 RFID kartica<\/strong><\/em><\/span><\/h2>\n<p style=\"text-align: left;\">\n<span style=\"color: #008080;\">ICODESLIX2 ISO15693 RFID kartica knji\u017enicama pru\u017ea besprijekorno rje\u0161enje za pra\u0107enje i upravljanje resursima. Kori\u0161tenjem ove vrhunske tehnologije, knji\u017enice mogu automatizirati mnoge procese, smanjuju\u0107i optere\u0107enje osoblja i minimiziraju\u0107i ljudske pogre\u0161ke. Ove RFID kartice nisu samo u\u010dinkovitost; oni tako\u0111er nude pobolj\u0161anu sigurnost i jednostavnost kori\u0161tenja, \u0161to ih \u010dini neprocjenjivim sredstvom za svaku knji\u017enicu.<\/span><\/p>\n<p>&nbsp;<\/p>\n<p>&nbsp;<\/p>\n<h2 style=\"text-align: center;\"><em><span style=\"color: #000080;\"><strong>Materijal i dizajn visoke kvalitete<\/strong><\/span><\/em><\/h2>\n<p>Na\u0161a ICODESLIX2 ISO15693 RFID kartica izra\u0111ena je od izdr\u017eljivog PVC materijala, osiguravaju\u0107i dugovje\u010dnost i otpornost na habanje. S dimenzijama od <strong>85,5 mm x 54 mm<\/strong>, kartica je dizajnirana za jednostavno rukovanje i skladi\u0161tenje. Zna\u010dajke kartice\u00a0<strong>CMYK4C tisak<\/strong>, omogu\u0107uju\u0107i knji\u017enicama da prilagode karticu svojim brendiranjem, \u010dine\u0107i je i funkcionalnim alatom i promotivnim artiklom.<\/p>\n<p>&nbsp;<\/p>\n<\/div>\n<p>&nbsp;<\/p>\n<div class=\"markdown-body\">\n<h2 style=\"text-align: center;\"><span style=\"color: #000080;\"><em><strong>Klju\u010dni atributi:<\/strong><\/em><\/span><\/h2>\n<ul>\n<li><strong>Materijal<\/strong>: PVC<\/li>\n<li><strong>Veli\u010dina<\/strong>: 85,5 x 54 mm<\/li>\n<li>Pobolj\u0161ano komunikacijsko su\u010delje<\/li>\n<li>ICODESLIX2 kartica radi na frekvenciji od <strong>13,56MHz<\/strong>, koriste\u0107i i RFID i NFC komunikacijska su\u010delja. To osigurava besprijekornu interakciju s razli\u010ditim \u010dita\u010dima kartica, poja\u010davaju\u0107i integraciju sustava kontrole pristupa i softvera za upravljanje knji\u017enicom.<\/li>\n<\/ul>\n<p>&nbsp;<\/p>\n<p>&nbsp;<\/p>\n<h2 style=\"text-align: center;\"><em><span style=\"color: #000080;\"><strong>Prednosti za knji\u017enice<\/strong><\/span><\/em><\/h2>\n<ul>\n<li><strong>Dinami\u010dko upravljanje podacima<\/strong>: U\u010dinkovita a\u017euriranja poma\u017eu u pra\u0107enju procesa prijave\/odjave u stvarnom vremenu.<\/li>\n<li><strong>Pobolj\u0161ana kontrola inventara<\/strong>: Smanjite gubitke s preciznim mogu\u0107nostima pra\u0107enja.<\/li>\n<\/ul>\n<p>&nbsp;<\/p>\n<h3><strong><span style=\"color: #333399;\">Aplikacija prilago\u0111ena korisniku<\/span><\/strong><\/h3>\n<p>Primjena ICODESLIX2 RFID tehnologije nadilazi tradicionalno upravljanje resursima. Knji\u017enice mogu koristiti ove kartice za:<\/p>\n<ul>\n<li><strong>Identifikacija pokrovitelja<\/strong>: Brzo skeniranje na blagajnama.<\/li>\n<li><strong>Pra\u0107enje doga\u0111aja<\/strong>: Zapisi o sudjelovanju na radionicama ili doga\u0111ajima.<\/li>\n<li><strong>Raspodjela resursa<\/strong>: Automatsko bilje\u017eenje rukovanja resursima.<\/li>\n<\/ul>\n<p>&nbsp;<\/p>\n<h3><strong><span style=\"color: #333399;\">Zna\u010dajke usmjerene na korisnika:<\/span><\/strong><\/h3>\n<ul>\n<li><strong>Jednostavna integracija<\/strong>: Jednostavan za integraciju u postoje\u0107e knji\u017eni\u010dne sustave.<\/li>\n<li><strong>Potrebna minimalna obuka<\/strong>: Osoblje \u0107e se brzo prilagoditi kori\u0161tenju novih karti\u010dnih sustava.<\/li>\n<\/ul>\n<p>&nbsp;<\/p>\n<\/div>\n<p>&nbsp;<\/p>\n<div class=\"markdown-body\">\n<h2 style=\"text-align: center;\"><em><span style=\"color: #000080;\"><strong>Tehni\u010dke specifikacije i izvedba<\/strong><\/span><\/em><\/h2>\n<p>sveobuhvatno razumijevanje specifikacija kartice poma\u017ee u dono\u0161enju informiranih odluka.<\/p>\n<div class=\"table-with-header rounded-lg border border-solid border-grey-line2-normal w-fit max-w-full mb-2\">\n<div class=\"overflow-x-auto custom-scrollbar custom-scrollbar-float max-w-full\">\n<table class=\"w-fit !mb-0 !max-w-none\" style=\"height: 226px;\" width=\"440\">\n<thead>\n<tr>\n<th>Specifikacija<\/th>\n<th>Vrijednost<\/th>\n<\/tr>\n<\/thead>\n<tbody>\n<tr>\n<td>\u010cip<\/td>\n<td>ICODESLIX2<\/td>\n<\/tr>\n<tr>\n<td>Frekvencija<\/td>\n<td>13,56 MHz<\/td>\n<\/tr>\n<tr>\n<td>Memorija<\/td>\n<td>2kbit<\/td>\n<\/tr>\n<tr>\n<td>Udaljenost \u010ditanja<\/td>\n<td>2-10 cm<\/td>\n<\/tr>\n<tr>\n<td>Materijal<\/td>\n<td>PVC<\/td>\n<\/tr>\n<tr>\n<td>Veli\u010dina<\/td>\n<td>85<\/td>\n<\/tr>\n<\/tbody>\n<\/table>\n<\/div>\n<\/div>\n<p>&nbsp;<\/p>\n<h2 style=\"text-align: center;\"><em><span style=\"color: #000080;\"><strong>Prednosti NFC-a:<\/strong><\/span><\/em><\/h2>\n<ul>\n<li><strong>Beskontaktne transakcije<\/strong>: Korisnici mogu brzo dodirnuti svoje kartice za pristup knji\u017eni\u010dnim sustavima bez fizi\u010dkog kontakta.<\/li>\n<li><strong>Kompatibilnost<\/strong>: Tehnologiju kartice razvila je tvrtka NXP Semiconductors, osiguravaju\u0107i rad s razli\u010ditim sustavima \u010dita\u010da.<\/li>\n<li>Robusna memorija i funkcionalnost<\/li>\n<li>Opremljen sa <strong style=\"color: #555555;\">2kbit memorije<\/strong><span style=\"color: #555555;\">, ICODESLIX2 ISO15693 RFID kartica nudi dovoljno prostora za pohranu bitnih podataka. Funkcionalnost \u010ditanja i pisanja omogu\u0107uje knji\u017enicama dinami\u010dko a\u017euriranje podataka, osiguravaju\u0107i da informacije poput dostupnosti knjiga i pojedinosti o pokroviteljima ostanu aktualne.<\/span><\/li>\n<\/ul>\n<p>&nbsp;<\/p>\n<\/div>\n<p>&nbsp;<\/p>\n<h2 style=\"text-align: center;\"><span style=\"color: #000080;\"><em><strong>Utjecaj na okoli\u0161<\/strong><\/em><\/span><\/h2>\n<ul>\n<li><strong>Odr\u017eivi materijali<\/strong>: Na\u0161 PVC se mo\u017ee reciklirati, pridonose\u0107i manje otpada u okoli\u0161u.<\/li>\n<li><strong>Dugovje\u010dnost<\/strong>: Smanjuje potrebu za \u010destim zamjenama.<\/li>\n<\/ul>\n<p>&nbsp;<\/p>\n<\/div>\n<p>&nbsp;<\/p>\n<div class=\"answer-markdown-box overflow-x-auto select-text custom-scrollbar\">\n<h3 style=\"text-align: center;\"><span style=\"color: #333399;\"><strong>U\u010dinkoviti alati za interakciju i upravljanje<\/strong><\/span><\/h3>\n<p>ICODESLIX2 RFID kartica pojednostavljuje interakciju izme\u0111u korisnika i knji\u017eni\u010dnih sustava:<\/p>\n<ul>\n<li><strong>Pojednostavljeni procesi<\/strong>: Skratite vrijeme \u010dekanja na \u0161alterima za odjavu, pove\u0107avaju\u0107i zadovoljstvo korisnika.<\/li>\n<li><strong>Uvid u podatke<\/strong>: Generirajte izvje\u0161\u0107a o kori\u0161tenju koja pru\u017eaju uvid u raspodjelu resursa i aktivnosti pokrovitelja.<\/li>\n<\/ul>\n<p>&nbsp;<\/p>\n<h3 style=\"text-align: center;\"><span style=\"color: #333399;\"><strong>Napredni alati za upravljanje<\/strong><\/span><\/h3>\n<ul>\n<li><strong>Integracija s digitalnim sustavima<\/strong>: Pove\u017eite se neprimjetno s raznim sustavima upravljanja knji\u017enicom.<\/li>\n<li><strong>A\u017euriranja u stvarnom vremenu<\/strong>: Trenuta\u010dna sinkronizacija s bazom podataka inventara.<\/li>\n<\/ul>\n<\/div>\n<\/div>\n<\/div>\n<\/div>\n<\/div>\n<\/div>\n<\/div>\n<\/div>\n<\/div>","protected":false},"excerpt":{"rendered":"<p>Pobolj\u0161ajte upravljanje knji\u017enicom s ICODESLIX2 ISO15693 RFID karticama, nude\u0107i u\u010dinkovito pra\u0107enje izvora, jednostavnu integraciju i pobolj\u0161ani anga\u017eman korisnika.<\/p>","protected":false},"featured_media":3480,"template":"","meta":[],"product_brand":[],"product_cat":[46],"product_tag":[],"class_list":{"0":"post-3594","1":"product","2":"type-product","3":"status-publish","4":"has-post-thumbnail","6":"product_cat-nfc-cards","8":"first","9":"instock","10":"shipping-taxable","11":"product-type-simple"},"_links":{"self":[{"href":"https:\/\/nfc-readers.com\/hr\/wp-json\/wp\/v2\/product\/3594","targetHints":{"allow":["GET"]}}],"collection":[{"href":"https:\/\/nfc-readers.com\/hr\/wp-json\/wp\/v2\/product"}],"about":[{"href":"https:\/\/nfc-readers.com\/hr\/wp-json\/wp\/v2\/types\/product"}],"wp:featuredmedia":[{"embeddable":true,"href":"https:\/\/nfc-readers.com\/hr\/wp-json\/wp\/v2\/media\/3480"}],"wp:attachment":[{"href":"https:\/\/nfc-readers.com\/hr\/wp-json\/wp\/v2\/media?parent=3594"}],"wp:term":[{"taxonomy":"product_brand","embeddable":true,"href":"https:\/\/nfc-readers.com\/hr\/wp-json\/wp\/v2\/product_brand?post=3594"},{"taxonomy":"product_cat","embeddable":true,"href":"https:\/\/nfc-readers.com\/hr\/wp-json\/wp\/v2\/product_cat?post=3594"},{"taxonomy":"product_tag","embeddable":true,"href":"https:\/\/nfc-readers.com\/hr\/wp-json\/wp\/v2\/product_tag?post=3594"}],"curies":[{"name":"wp","href":"https:\/\/api.w.org\/{rel}","templated":true}]}}