{"id":3595,"date":"2024-11-07T12:13:18","date_gmt":"2024-11-07T12:13:18","guid":{"rendered":"https:\/\/nfc-readers.com\/?post_type=product&#038;p=3595"},"modified":"2024-11-07T12:13:18","modified_gmt":"2024-11-07T12:13:18","slug":"custom-plastic-pvc-nfc-card-printing-for-business","status":"publish","type":"product","link":"https:\/\/nfc-readers.com\/hr\/ic-reader\/custom-plastic-pvc-nfc-card-printing-for-business\/","title":{"rendered":"Ispis prilago\u0111enih plasti\u010dnih PVC NFC kartica za posao"},"content":{"rendered":"<h1><span style=\"color: #000080;\"><strong>Ispis prilago\u0111enih plasti\u010dnih PVC NFC kartica za posao<\/strong><\/span><\/h1>\n<p><strong><span style=\"color: #666699;\">U dana\u0161njem brzom digitalnom svijetu, optimizacija poslovnih operacija je klju\u010dna, a Custom Plastic PVC NFC Card Printing for Business prednja\u010di u tome. Tehnologija NFC (Near Field Communication) pobolj\u0161ava na\u010din na koji tvrtke upravljaju kontrolom pristupa, interakcijama s korisnicima i promotivnim aktivnostima. Prilago\u0111ene NFC kartice ne samo da pobolj\u0161avaju anga\u017eman, ve\u0107 tako\u0111er omogu\u0107uju besprijekorne transakcije, prilago\u0111eno brendiranje i u\u010dinkovito upravljanje podacima. Bez obzira tra\u017eite li kartice za kontrolu pristupa, Mifare kartice ili kartice vjernosti, ulaganje u prilago\u0111ena NFC rje\u0161enja strate\u0161ki je potez koji mo\u017ee pobolj\u0161ati funkcionalnost va\u0161eg poslovanja.<\/span><\/strong><\/p>\n<p><span style=\"color: #008080;\">S brojnim prednostima u rasponu od pobolj\u0161ane sigurnosti do pobolj\u0161anog korisni\u010dkog iskustva, ove kartice mogu zadovoljiti razli\u010dite industrije, uklju\u010duju\u0107i maloprodaju, ugostiteljstvo i javni prijevoz. Istra\u017eimo vi\u0161estruke prednosti i zna\u010dajke NFC kartica, za\u0161to su vrijedne ulaganja i kako mogu zna\u010dajno pobolj\u0161ati va\u0161e poslovne procese.<\/span><\/p>\n<hr \/>\n<h2><\/h2>\n<h2 style=\"text-align: center;\"><span style=\"color: #333399;\"><em><strong>Klju\u010dne zna\u010dajke prilago\u0111enih NFC kartica<\/strong><\/em><\/span><\/h2>\n<p><strong>Kada se odlu\u010dite za ispis prilago\u0111ene plasti\u010dne PVC NFC kartice za posao, prihva\u0107ate svestrani alat prilago\u0111en va\u0161im jedinstvenim potrebama. Ove kartice mogu biti izra\u0111ene od izdr\u017eljivog PVC+Epoxy materijala, osiguravaju\u0107i da \u0107e izdr\u017eati svakodnevno habanje. Standardna veli\u010dina je 85,5 mm x 54 mm, ali prilagodba omogu\u0107uje razli\u010dite dimenzije koje odgovaraju va\u0161im aplikacijama. Nadalje, mo\u017eete se odlu\u010diti za prilago\u0111enu debljinu od 0,85 mm za dodatnu izdr\u017eljivost.<\/strong><\/p>\n<p>&nbsp;<\/p>\n<h2 style=\"text-align: center;\"><em><span style=\"color: #333399;\"><strong>Prednosti<\/strong><\/span><\/em><\/h2>\n<ul>\n<li><strong>Izdr\u017eljivost<\/strong>: Prilago\u0111eni PVC osigurava dugovje\u010dnost, \u010dine\u0107i va\u0161u investiciju isplativom.<\/li>\n<li><strong>Prilagodba<\/strong>: Odaberite boje, logotipe i stilove tiska koji odra\u017eavaju identitet va\u0161e marke.<\/li>\n<\/ul>\n<p>&nbsp;<\/p>\n<h2 style=\"text-align: center;\"><em><span style=\"color: #333399;\"><strong>Posebne zna\u010dajke<\/strong><\/span><\/em><\/h2>\n<p><strong>Otporan na vodu i vremenske uvjete<\/strong><\/p>\n<p><strong>Prilago\u0111ene NFC kartice nude posebne zna\u010dajke dizajnirane za pobolj\u0161anje korisni\u010dkog iskustva i maksimalnu svestranost. Mogu biti otporni na vodu i vremenske uvjete, \u0161to je klju\u010dno za tvrtke koje posluju u razli\u010ditim okru\u017eenjima.<\/strong><\/p>\n<h3><span style=\"color: #666699;\"><strong>Za\u0161to je ovo va\u017eno:<\/strong><\/span><\/h3>\n<ul>\n<li><strong>Svestranost<\/strong>: Idealno za doga\u0111aje na otvorenom, kontrolu pristupa na mjestima na otvorenom i jo\u0161 mnogo toga.<\/li>\n<li><strong>Dugovje\u010dnost<\/strong>: Kartice koje su otporne na o\u0161te\u0107enje vodom traju dulje, osiguravaju\u0107i da ne\u0107ete imati \u010deste tro\u0161kove zamjene.<\/li>\n<\/ul>\n<p>&nbsp;<\/p>\n<h2 style=\"text-align: center;\"><em><span style=\"color: #333399;\"><strong>Tehni\u010dke specifikacije PVC NFC kartica<\/strong><\/span><\/em><\/h2>\n<p><span style=\"color: #008080;\"><strong>Razumijevanje tehni\u010dkih specifikacija NFC kartica klju\u010dno je za dono\u0161enje informiranih odluka. <\/strong><\/span><\/p>\n<p><span style=\"color: #008080;\"><strong>Evo ra\u0161\u010dlambe bitnih pojedinosti:<\/strong><\/span><\/p>\n<div class=\"table-with-header rounded-lg border border-solid border-grey-line2-normal w-fit max-w-full mb-2\">\n<div class=\"overflow-x-auto custom-scrollbar custom-scrollbar-float max-w-full\">\n<table class=\"w-fit !mb-0 !max-w-none\" style=\"height: 265px;\" width=\"435\">\n<thead>\n<tr>\n<th>Atribut<\/th>\n<th>Specifikacija<\/th>\n<\/tr>\n<\/thead>\n<tbody>\n<tr>\n<td>\u010cip<\/td>\n<td>F08\/NTag213\/Tag215\/Tag216 (2k\/4k\/8k)<\/td>\n<\/tr>\n<tr>\n<td>Veli\u010dina<\/td>\n<td>85,5 mm x 54 mm\/prilago\u0111eno<\/td>\n<\/tr>\n<tr>\n<td>Mogu\u0107nosti ispisa<\/td>\n<td>CMYK4C Tisak\/offset\/sitotisak<\/td>\n<\/tr>\n<tr>\n<td>Frekvencija<\/td>\n<td>13,56 MHz<\/td>\n<\/tr>\n<tr>\n<td>Memorija<\/td>\n<td>Do 8k, prilagodljivo<\/td>\n<\/tr>\n<tr>\n<td>Veli\u010dina pakiranja<\/td>\n<td>5,55 cm x 5,4 cm x 0,01 cm<\/td>\n<\/tr>\n<tr>\n<td>Bruto te\u017eina<\/td>\n<td>0,010 kg<\/td>\n<\/tr>\n<\/tbody>\n<\/table>\n<\/div>\n<\/div>\n<h2><span style=\"color: #666699;\"><strong>Dodatne zna\u010dajke:<\/strong><\/span><\/h2>\n<ul>\n<li><strong>Prilago\u0111eni logotip<\/strong>: Kori\u0161tenje va\u0161e marke pove\u0107ava vidljivost i profesionalizam.<\/li>\n<li><strong>Tanak, ali sna\u017ean<\/strong>: Debljina od 0,85 mm osigurava laganu i izdr\u017eljivu karticu.<\/li>\n<\/ul>\n<p>&nbsp;<\/p>\n<h2 style=\"text-align: center;\"><strong><em><span style=\"color: #000080;\">Pobolj\u0161ana komunikacijska su\u010delja RFID i NFC<\/span><\/em><\/strong><\/h2>\n<p>The <strong>komunikacijska su\u010delja<\/strong>\u00a0NFC kartica sastavni su dio njihove funkcije. Radite na frekvenciji od\u00a0<strong>13,56 MHz<\/strong>, NFC kartice koriste i RFID i NFC tehnologiju, koje omogu\u0107uju brzu beskontaktnu razmjenu podataka.<\/p>\n<h3><span style=\"color: #666699;\"><strong>Klju\u010dne to\u010dke:<\/strong><\/span><\/h3>\n<ul>\n<li><strong>Besprijekorne transakcije<\/strong>: Brze i jednostavne korisni\u010dke interakcije za pla\u0107anja i pristup.<\/li>\n<li><strong>Kompatibilnost<\/strong>: Besprijekorno radi s raznim\u00a0<strong>\u010dita\u010di kartica<\/strong>\u00a0i sustave upravljanja, \u010dine\u0107i integraciju jednostavnom.<\/li>\n<\/ul>\n<p>&nbsp;<\/p>\n<h3><span style=\"color: #666699;\"><strong>Primjene u industriji: <\/strong><\/span><\/h3>\n<p><strong>Osna\u017eite svoj posao. Prilago\u0111ene NFC kartice su nevjerojatno svestrane i mogu se koristiti u brojnim industrijskim sektorima. Od Mifare kartica za javni prijevoz do kartica za kontrolu pristupa za sigurna okru\u017eenja, primjene su ogromne.<\/strong><\/p>\n<p>&nbsp;<\/p>\n<h3><span style=\"color: #666699;\"><strong>Primjeri primjene:<\/strong><\/span><\/h3>\n<ul>\n<li><strong>Maloprodaja<\/strong>: Upotrijebite kartice vjernosti kako biste izravno anga\u017eirali kupce, nagra\u0111uju\u0107i ponovljene posjete dok prikupljate vrijedne podatke.<\/li>\n<li><strong>Gostoljubivost<\/strong>: Implementirajte pametne klju\u010deve soba za hotele, pru\u017eaju\u0107i gostima besprijekorno iskustvo prijave.<\/li>\n<\/ul>\n<p>&nbsp;<\/p>\n<p>&nbsp;<\/p>\n<h2 style=\"text-align: center;\"><span style=\"color: #333399;\"><em><strong>Utjecaj na okoli\u0161 i odr\u017eivost<\/strong><\/em><\/span><\/h2>\n<p><strong>Uklju\u010divanje ekolo\u0161ki prihvatljivih praksi klju\u010dno je za dana\u0161nje poslovanje. Na\u0161e PVC NFC kartice mogu se dizajnirati za smanjenje utjecaja na okoli\u0161. Kori\u0161tenje materijala koji se mogu reciklirati rje\u0161ava pitanja odr\u017eivosti uz zadr\u017eavanje visoke funkcionalnosti.<\/strong><\/p>\n<ul>\n<li><strong>Ni\u017ei uglji\u010dni otisak<\/strong>: Kori\u0161tenje odr\u017eivih materijala smanjuje otpad.<\/li>\n<li><strong>Izdr\u017eljiv \u017eivotni vijek<\/strong>: Kartice visoke kvalitete zna\u010de manje zamjena, \u0161to je bolje za okoli\u0161.<\/li>\n<\/ul>\n<p>&nbsp;<\/p>\n<h2 style=\"text-align: center;\"><em><span style=\"color: #333399;\"><strong>Recenzije kupaca<\/strong><\/span><\/em><\/h2>\n<ul>\n<li><strong>Sarah K.<\/strong>: \u201cMogu\u0107nosti prilagodbe omogu\u0107ile su nam da savr\u0161eno integriramo na\u0161e brendiranje. Na\u0161i gosti obo\u017eavaju nove pametne klju\u010deve sobe!\u201d<\/li>\n<li><strong>Mike R.<\/strong>: \u201cOve kartice besprijekorno rade s na\u0161im sustavom kontrole pristupa. Instalacija je bila brza i sada mo\u017eemo jednostavno upravljati svojim vjerodajnicama.\u201d<\/li>\n<\/ul>","protected":false},"excerpt":{"rendered":"<p>Optimizirajte svoje poslovanje s prilago\u0111enim PVC NFC karticama, koje nude izdr\u017eljivost, vodootporne zna\u010dajke, besprijekorne transakcije i prilago\u0111enu marku za razli\u010dite primjene.<\/p>","protected":false},"featured_media":3597,"template":"","meta":[],"product_brand":[],"product_cat":[46],"product_tag":[],"class_list":{"0":"post-3595","1":"product","2":"type-product","3":"status-publish","4":"has-post-thumbnail","6":"product_cat-nfc-cards","8":"first","9":"instock","10":"shipping-taxable","11":"product-type-simple"},"_links":{"self":[{"href":"https:\/\/nfc-readers.com\/hr\/wp-json\/wp\/v2\/product\/3595","targetHints":{"allow":["GET"]}}],"collection":[{"href":"https:\/\/nfc-readers.com\/hr\/wp-json\/wp\/v2\/product"}],"about":[{"href":"https:\/\/nfc-readers.com\/hr\/wp-json\/wp\/v2\/types\/product"}],"wp:featuredmedia":[{"embeddable":true,"href":"https:\/\/nfc-readers.com\/hr\/wp-json\/wp\/v2\/media\/3597"}],"wp:attachment":[{"href":"https:\/\/nfc-readers.com\/hr\/wp-json\/wp\/v2\/media?parent=3595"}],"wp:term":[{"taxonomy":"product_brand","embeddable":true,"href":"https:\/\/nfc-readers.com\/hr\/wp-json\/wp\/v2\/product_brand?post=3595"},{"taxonomy":"product_cat","embeddable":true,"href":"https:\/\/nfc-readers.com\/hr\/wp-json\/wp\/v2\/product_cat?post=3595"},{"taxonomy":"product_tag","embeddable":true,"href":"https:\/\/nfc-readers.com\/hr\/wp-json\/wp\/v2\/product_tag?post=3595"}],"curies":[{"name":"wp","href":"https:\/\/api.w.org\/{rel}","templated":true}]}}