{"id":3602,"date":"2024-11-07T15:58:55","date_gmt":"2024-11-07T15:58:55","guid":{"rendered":"https:\/\/nfc-readers.com\/?post_type=product&#038;p=3602"},"modified":"2024-11-07T16:39:39","modified_gmt":"2024-11-07T16:39:39","slug":"write-url-dynamic-qr-code-ntag-213-nfc-card","status":"publish","type":"product","link":"https:\/\/nfc-readers.com\/hr\/ic-reader\/write-url-dynamic-qr-code-ntag-213-nfc-card\/","title":{"rendered":"Napi\u0161ite URL dinami\u010dki QR kod Ntag 213 NFC kartica"},"content":{"rendered":"<h1 style=\"text-align: center;\"><span style=\"color: #000080;\"><strong>Napi\u0161ite URL dinami\u010dki QR kod Ntag 213 NFC kartica<\/strong><\/span><\/h1>\n<p><span style=\"color: #666699;\"><strong>Napi\u0161ite URL dinami\u010dki QR kod NTAG213 NFC kartica: Transformirajte svoje poslovne interakcije U svijetu koji je sve digitalniji, u\u010dinkovita komunikacija i operativna u\u010dinkovitost najva\u017eniji su za svako poslovanje. Dinami\u010dki QR kod za pisanje URL-a NTAG213 NFC kartica je revolucionarni proizvod koji pobolj\u0161ava interakcije, pojednostavljuje procese i olak\u0161ava povezivanje klijenata i tvrtki.<\/strong><\/span><\/p>\n<p>Ove NFC kartice koriste vrhunske\u00a0<strong>NTAG213 tehnologija<\/strong>\u00a0za pru\u017eanje mogu\u0107nosti dinami\u010dkog URL-a, omogu\u0107uju\u0107i tvrtkama da neprimjetno usmjere korisnike na bilo koje web mjesto ili digitalni izvor. Ova mo\u0107na kombinacija tehnologije NFC-a i QR koda omogu\u0107uje svestrane aplikacije, uklju\u010duju\u0107i marketin\u0161ke kampanje, upravljanje doga\u0111ajima, autentifikaciju proizvoda i jo\u0161 mnogo toga. Ulaganje u NTAG213 NFC kartice nije samo strate\u0161ki potez, ve\u0107 korak prema modernizaciji va\u0161eg poslovanja.<\/p>\n<hr \/>\n<p>&nbsp;<\/p>\n<p>&nbsp;<\/p>\n<h2 style=\"text-align: center;\"><em><strong><span style=\"color: #333399;\">Klju\u010dne zna\u010dajke NTAG213 NFC kartice<\/span><\/strong><\/em><\/h2>\n<p><span style=\"color: #008080;\"><strong>NTAG213 NFC kartica isti\u010de se svojim inovativnim zna\u010dajkama i robusnom konstrukcijom. Evo osnovnih atributa:<\/strong><\/span><\/p>\n<ul>\n<li><strong>Materijal<\/strong>: Izra\u0111eno od visokokvalitetnog\u00a0<strong>PVC<\/strong>, ove su kartice dizajnirane za izdr\u017eljivost i dugovje\u010dnost. Mogu izdr\u017eati napore svakodnevne uporabe, bilo da se dijele na doga\u0111ajima ili koriste u sustavima kontrole pristupa.<\/li>\n<li><strong>Tehnologija \u010dipova<\/strong>: NTAG213 \u010dip je posebno dizajniran za aplikacije koje zahtijevaju dinami\u010dke podatke, nude\u0107i kapacitet memorije od\u00a0<strong>144 bajta<\/strong>\u00a0i mogu\u0107nost ponovnog pisanja URL-ova u bilo kojem trenutku bez potrebe za ispisom novih kartica.<\/li>\n<li><strong>Veli\u010dina i prilagodba<\/strong>: Standardne dimenzije su\u00a0<strong>85,5 mm x 54 mm<\/strong>, \u0161to omogu\u0107uje ujedna\u010denost s tradicionalnim veli\u010dinama kreditnih kartica, \u0161to ih \u010dini lakima za no\u0161enje. Mogu\u0107e su i prilagodbe u veli\u010dini i dizajnu kako bi odgovarale va\u0161im potrebama brendiranja.<\/li>\n<\/ul>\n<p>&nbsp;<\/p>\n<p>&nbsp;<\/p>\n<h2 style=\"text-align: center;\"><em><strong><span style=\"color: #333399;\">Posebne zna\u010dajke<\/span><\/strong><\/em><\/h2>\n<p style=\"text-align: left;\"><strong>Dizajn otporan na vodu i vremenske uvjete<\/strong><\/p>\n<p style=\"text-align: left;\">Jedna od istaknutih zna\u010dajki Write URL NFC kartica je njihova\u00a0<strong>vodootporan i otporan na vremenske uvjete<\/strong>\u00a0svojstva. Tvrtke koje posluju u razli\u010ditim okru\u017eenjima mogu imati velike koristi od ovih zna\u010dajki.<\/p>\n<ul>\n<li><strong>Svestranost<\/strong>: Ove kartice su idealne za doga\u0111aje na otvorenom, gdje izlo\u017eenost vlazi mo\u017ee o\u0161tetiti standardne kartice. Bilo da se radi o glazbenom festivalu, sportskom doga\u0111aju ili marketin\u0161kim kampanjama na otvorenom, va\u0161\u00a0<strong>NTAG213 NFC kartica<\/strong>\u00a0radit \u0107e pouzdano.<\/li>\n<li><strong>Dugovje\u010dnost<\/strong>: Otpornost na o\u0161te\u0107enje vodom ne samo da produljuje \u017eivotni vijek kartice, ve\u0107 vam tako\u0111er \u0161tedi tro\u0161kove povezane s \u010destim zamjenama.<\/li>\n<\/ul>\n<p>&nbsp;<\/p>\n<h2 style=\"text-align: center;\"><em><strong><span style=\"color: #333399;\">Komunikacijska su\u010delja<\/span><\/strong><\/em><\/h2>\n<ul>\n<li><strong>RFID i NFC<\/strong>: Radi na frekvenciji od\u00a0<strong>13,56 MHz<\/strong>, ove kartice koriste i RFID i NFC tehnologiju za omogu\u0107avanje beskontaktne komunikacije. To osigurava brzu i u\u010dinkovitu razmjenu podataka, pobolj\u0161avaju\u0107i korisni\u010dko iskustvo tijekom transakcija.<\/li>\n<li><strong>Besprijekorne transakcije<\/strong>: Integracija NFC tehnologije omogu\u0107uje interakciju bez napora. Korisnici mogu jednostavno prisloniti svoju karticu na kompatibilni \u010dita\u010d, trenutno prikazuju\u0107i povezani URL, koji ih mo\u017ee usmjeriti na web stranicu, obrazac ili multimedijski sadr\u017eaj.<\/li>\n<\/ul>\n<p>&nbsp;<\/p>\n<p>&nbsp;<\/p>\n<h2 style=\"text-align: center;\"><em><span style=\"color: #333399;\"><strong>Tehni\u010dke specifikacije<\/strong><\/span><\/em><\/h2>\n<p><span style=\"color: #008080;\"><strong>Za informirano dono\u0161enje odluka, ovdje su detaljne tehni\u010dke specifikacije NFC kartice Write URL Dynamic QR Code NTAG213:<\/strong><\/span><\/p>\n<div class=\"table-with-header rounded-lg border border-solid border-grey-line2-normal w-fit max-w-full mb-2\">\n<div class=\"overflow-x-auto custom-scrollbar custom-scrollbar-float max-w-full\">\n<table class=\"w-fit !mb-0 !max-w-none\">\n<thead>\n<tr>\n<th><strong>Atribut<\/strong><\/th>\n<th><strong>Specifikacija<\/strong><\/th>\n<\/tr>\n<\/thead>\n<tbody>\n<tr>\n<td><strong>\u010cip<\/strong><\/td>\n<td>NTAG213 (NXP\u00ae registrirani za\u0161titni znak)<\/td>\n<\/tr>\n<tr>\n<td><strong>Materijal<\/strong><\/td>\n<td>PVC<\/td>\n<\/tr>\n<tr>\n<td><strong>Veli\u010dina<\/strong><\/td>\n<td>85,5 mm x 54 mm<\/td>\n<\/tr>\n<tr>\n<td><strong>Memorija<\/strong><\/td>\n<td>144 bajta (dostupne prilago\u0111ene opcije)<\/td>\n<\/tr>\n<tr>\n<td><strong>Frekvencija<\/strong><\/td>\n<td>13,56 MHz<\/td>\n<\/tr>\n<tr>\n<td><strong>Mogu\u0107nosti ispisa<\/strong><\/td>\n<td>CMYK ofsetni tisak<\/td>\n<\/tr>\n<tr>\n<td><strong>Udaljenost \u010ditanja<\/strong><\/td>\n<td>2-10 cm<\/td>\n<\/tr>\n<tr>\n<td><strong>Mjesto podrijetla<\/strong><\/td>\n<td>Guangdong, Kina<\/td>\n<\/tr>\n<tr>\n<td><strong>Zanat<\/strong><\/td>\n<td>Razli\u010dite opcije: laserski kod, UV tinta, itd.<\/td>\n<\/tr>\n<\/tbody>\n<\/table>\n<p>&nbsp;<\/p>\n<\/div>\n<\/div>\n<h2 style=\"text-align: center;\"><em><strong><span style=\"color: #333399;\">Primjene u svim industrijama<\/span><\/strong><\/em><\/h2>\n<p><span style=\"color: #008080;\"><strong>NFC kartica Write URL Dynamic QR Code NTAG213 ima razli\u010dite primjene u razli\u010ditim sektorima:<\/strong><\/span><\/p>\n<ul>\n<li><strong>Maloprodaja i marketing<\/strong>: Koristite ove kartice za programe vjernosti, omogu\u0107uju\u0107i korisnicima jednostavan pristup promotivnim poveznicama ili posebnim ponudama. The\u00a0<strong>dinami\u010dki URL<\/strong>\u00a0zna\u010dajka zna\u010di da mo\u017eete trenuta\u010dno a\u017eurirati promocije bez potrebe za novim karticama.<\/li>\n<li><strong>Upravljanje doga\u0111ajima<\/strong>: Savr\u0161ene za konferencije, koncerte ili sajmove, ove kartice mogu omogu\u0107iti beskontaktni pristup rasporedima, informacijama o govornicima i a\u017euriranjima doga\u0111aja putem QR kodova povezanih s NFC \u010dipom.<\/li>\n<\/ul>","protected":false},"excerpt":{"rendered":"<p>NFC kartica Write URL Dynamic QR Code NTAG213 pobolj\u0161ava poslovne interakcije s dinami\u010dkim URL-ovima, NFC tehnologijom, vodootpornim dizajnom i raznovrsnim aplikacijama.<\/p>","protected":false},"featured_media":3604,"template":"","meta":[],"product_brand":[],"product_cat":[46],"product_tag":[],"class_list":{"0":"post-3602","1":"product","2":"type-product","3":"status-publish","4":"has-post-thumbnail","6":"product_cat-nfc-cards","8":"first","9":"instock","10":"shipping-taxable","11":"product-type-simple"},"_links":{"self":[{"href":"https:\/\/nfc-readers.com\/hr\/wp-json\/wp\/v2\/product\/3602","targetHints":{"allow":["GET"]}}],"collection":[{"href":"https:\/\/nfc-readers.com\/hr\/wp-json\/wp\/v2\/product"}],"about":[{"href":"https:\/\/nfc-readers.com\/hr\/wp-json\/wp\/v2\/types\/product"}],"wp:featuredmedia":[{"embeddable":true,"href":"https:\/\/nfc-readers.com\/hr\/wp-json\/wp\/v2\/media\/3604"}],"wp:attachment":[{"href":"https:\/\/nfc-readers.com\/hr\/wp-json\/wp\/v2\/media?parent=3602"}],"wp:term":[{"taxonomy":"product_brand","embeddable":true,"href":"https:\/\/nfc-readers.com\/hr\/wp-json\/wp\/v2\/product_brand?post=3602"},{"taxonomy":"product_cat","embeddable":true,"href":"https:\/\/nfc-readers.com\/hr\/wp-json\/wp\/v2\/product_cat?post=3602"},{"taxonomy":"product_tag","embeddable":true,"href":"https:\/\/nfc-readers.com\/hr\/wp-json\/wp\/v2\/product_tag?post=3602"}],"curies":[{"name":"wp","href":"https:\/\/api.w.org\/{rel}","templated":true}]}}