{"id":3610,"date":"2024-11-08T02:46:18","date_gmt":"2024-11-08T02:46:18","guid":{"rendered":"https:\/\/nfc-readers.com\/?post_type=product&#038;p=3610"},"modified":"2024-11-08T02:46:18","modified_gmt":"2024-11-08T02:46:18","slug":"nfc-soft-pvc-vinyl-wristband-card-for-rfid-fabric-wristband","status":"publish","type":"product","link":"https:\/\/nfc-readers.com\/hr\/ic-reader\/nfc-soft-pvc-vinyl-wristband-card-for-rfid-fabric-wristband\/","title":{"rendered":"NFC meka PVC vinilna narukvica za narukvicu od Rfid tkanine"},"content":{"rendered":"<h1><strong>NFC meka PVC vinilna narukvica za narukvicu od RFID tkanine<\/strong><\/h1>\n<p>&nbsp;<\/p>\n<p>U dana\u0161njem brzom ritmu svijeta vo\u0111enom tehnologijom, <strong>NFC meka PVC vinilna narukvica za narukvicu od RFID tkanine<\/strong>\u00a0isti\u010de se kao bitan alat za besprijekornu kontrolu pristupa, bezgotovinske transakcije i pobolj\u0161ana korisni\u010dka iskustva. Izra\u0111ene od visokokvalitetnog vinila, ove narukvice su lagane, \u0161arene i nevjerojatno svestrane, \u0161to ih \u010dini savr\u0161enim za razne doga\u0111aje kao \u0161to su koncerti, festivali, tematski parkovi i korporativna okupljanja. S radnom frekvencijom od\u00a0<strong>13,56 MHz<\/strong>\u00a0i kompatibilnosti s RFID i NFC tehnologijama, ove narukvice nude jedinstvena rje\u0161enja za organizatore doga\u0111aja i tvrtke koje \u017eele pobolj\u0161ati sigurnost i pojednostaviti operacije.<\/p>\n<p>&nbsp;<\/p>\n<h3><strong>Za\u0161to odabrati NFC meke PVC vinilne narukvice?<\/strong><\/h3>\n<p>Ulaganje u NFC narukvice nije samo modni izraz ve\u0107 funkcionalna nadogradnja za u\u010dinkovito upravljanje doga\u0111ajima i interakcijama korisnika. Ove narukvice eliminiraju potrebu za tradicionalnim sustavima izdavanja ulaznica i kontrole pristupa, smanjuju\u0107i vrijeme \u010dekanja i pobolj\u0161avaju\u0107i iskustvo gostiju. S dostupnim opcijama prilago\u0111enog brendiranja, tvrtke mogu pove\u0107ati svoju vidljivost uz pru\u017eanje pouzdane i sigurne metode za bezgotovinsko pla\u0107anje. Bilo da organizirate glazbene festivale, sportske doga\u0111aje ili zabavne parkove, ove narukvice nude pouzdanost i funkcionalnost koju trebate.<\/p>\n<p>&nbsp;<\/p>\n<h2>Zna\u010dajke RFID i NFC tehnologije<\/h2>\n<h3>Pobolj\u0161ana kontrola pristupa<\/h3>\n<p>The\u00a0<strong>RFID tehnologija<\/strong>\u00a0ugra\u0111en unutar ovih narukvica omogu\u0107uje\u00a0<strong>brza kontrola pristupa<\/strong>\u00a0na doga\u0111ajima, osiguravaju\u0107i da su ulazne to\u010dke osigurane, a istovremeno smanjuje vrijeme koje gosti provode \u010dekaju\u0107i u redu. Organizatori doga\u0111aja mogu koristiti\u00a0<strong>RFID narukvice<\/strong>\u00a0za razli\u010dite funkcije, uklju\u010duju\u0107i:<\/p>\n<ul>\n<li><strong>VIP pristup<\/strong>: Napravite razliku izme\u0111u op\u0107eg ulaza i VIP sudionika za posebna podru\u010dja.<\/li>\n<li><strong>Bezgotovinsko pla\u0107anje<\/strong>: Omogu\u0107ite bezgotovinske transakcije za robu, hranu i pi\u0107e na licu mjesta, \u010dine\u0107i cjelokupno iskustvo prakti\u010dnijim.<\/li>\n<\/ul>\n<h3>Pojednostavljene operacije<\/h3>\n<p>Kori\u0161tenje\u00a0<strong>NFC tehnologija narukvice<\/strong>\u00a0zna\u010dajno pojednostavljuje rad doga\u0111aja. Sposobnost dirigiranja\u00a0<strong>prikupljanje podataka<\/strong>\u00a0putem ovih ure\u0111aja dobavlja\u010dima omogu\u0107uje u\u010dinkovitu analizu pona\u0161anja sudionika i obrazaca potro\u0161nje. Te se informacije zatim mogu koristiti za pobolj\u0161anje budu\u0107ih doga\u0111aja, pobolj\u0161anje marketin\u0161kih strategija i optimiziranje korisni\u010dkih iskustava.<\/p>\n<p>&nbsp;<\/p>\n<h3><strong>Prednosti kori\u0161tenja vinilnih narukvica<\/strong><\/h3>\n<h3>Trajnost i udobnost<\/h3>\n<p>Izra\u0111eno od visokokvalitetnog\u00a0<strong>vinilni materijal<\/strong>, NFC narukvice dizajnirane su da izdr\u017ee razli\u010dite elemente povezane s festivalima, koncertima i doga\u0111anjima na otvorenom. Za razliku od papirnatih ulaznica ili narukvica od tkanine koje se lako mogu potrgati ili o\u0161tetiti, narukvice od vinila su vodootporne, otporne na trganje i znoj, \u0161to osigurava da ostanu netaknute tijekom cijelog doga\u0111aja.<\/p>\n<h3>Jednokratna upotreba i za\u0161tita od neovla\u0161tenog otvaranja<\/h3>\n<p>The\u00a0<strong>jednokratna upotreba<\/strong>\u00a0priroda ovih narukvica osigurava maksimalnu sigurnost. Jednom kada se narukvica koristi za ulazak, postaje neva\u017ee\u0107a i ne mo\u017ee se ponovno upotrijebiti. Ovo zna\u010dajno smanjuje rizik od prijevare s ulaznicama, \u0161to je \u010dest problem na velikim doga\u0111ajima. Organizatori doga\u0111aja mogu biti sigurni da su njihova imovina i poslovanje za\u0161ti\u0107eni.<\/p>\n<p>&nbsp;<\/p>\n<h3><strong>Prilagodljive opcije za brendiranje<\/strong><\/h3>\n<h3>Stvaranje trajnog dojma<\/h3>\n<p>NFC narukvice nude nekoliko mogu\u0107nosti prilagodbe u svrhu brendiranja. Tvrtke mogu pobolj\u0161ati svoju vidljivost prilago\u0111enim\u00a0<strong>tisak prijenosom topline<\/strong>, logotipi, crti\u010dni kodovi ili QR kodovi na narukvicama i popratnim karticama. Ove prilike za brendiranje stvaraju profesionalni izgled koji ostavlja trajan dojam na goste, promi\u010du\u0107i prepoznatljivost brenda \u010dak i nakon doga\u0111aja.<\/p>\n<h3>Marketin\u0161ke prednosti<\/h3>\n<p>Brendiranje putem prilago\u0111enih narukvica pokazalo se u\u010dinkovitim marketin\u0161kim alatom. Sudionici koji nose narukvice va\u0161eg brenda postaju hodaju\u0107e reklame, pokazuju\u0107i va\u0161 logo i dizajn dugo nakon zavr\u0161etka doga\u0111aja. Ovo pobolj\u0161ava vidljivost robne marke i potencijalno bi moglo privu\u0107i nove klijente koji va\u0161u robnu marku vide u razli\u010ditim kontekstima.<\/p>\n<p>&nbsp;<\/p>\n<h3><strong>\u010cesto postavljana pitanja (FAQ)<\/strong><\/h3>\n<h2>1. \u0160to su NFC meke PVC vinilne narukvice?<\/h2>\n<p>NFC meke PVC vinilne narukvice nosiva su tehnologija koja koristi komunikaciju kratkog polja (NFC) i radiofrekvencijsku identifikaciju (RFID) za pru\u017eanje beskontaktne kontrole pristupa, prikupljanje podataka i opcije bezgotovinskog pla\u0107anja na doga\u0111ajima. Izra\u0111ene su od izdr\u017eljivog vinilnog materijala i dizajnirane su za udobnost i prakti\u010dnost korisnika.<\/p>\n<h2>2. Koja je frekvencija ovih narukvica?<\/h2>\n<p>Ove narukvice rade na frekvenciji od\u00a0<strong>13,56 MHz<\/strong>, \u0161to je uobi\u010dajeno za NFC i RFID tehnologije, osiguravaju\u0107i kompatibilnost s ve\u0107inom RFID \u010dita\u010da i ure\u0111aja koji podr\u017eavaju NFC.<\/p>\n<h2>3. Jesu li narukvice za vi\u0161ekratnu upotrebu?<\/h2>\n<p>Ne, NFC meke PVC vinilne narukvice su dizajnirane za\u00a0<strong>za jednokratnu upotrebu<\/strong>. Ova je zna\u010dajka namijenjena pobolj\u0161anju sigurnosti i smanjenju rizika od prijevare s ulaznicama, \u0161to ih \u010dini idealnim za doga\u0111aje na kojima je kontrola pristupa klju\u010dna.<\/p>\n<h2>4. Mogu li se narukvice prilagoditi?<\/h2>\n<p>Da! Narukvice mo\u017eete prilagoditi na razli\u010dite na\u010dine, uklju\u010duju\u0107i:<\/p>\n<ul>\n<li><strong>Tisak logotipa<\/strong><\/li>\n<li><strong>Crti\u010dni kodovi i QR kodovi<\/strong><\/li>\n<li><strong>Dizajni u boji<\/strong><\/li>\n<li><strong>Posebne tehnike izrade<\/strong>\u00a0kao \u0161to je ispis prijenosom topline i lasersko kodiranje.<\/li>\n<\/ul>\n<p>Ova prilagodba omogu\u0107uje tvrtkama da pobolj\u0161aju brendiranje i stvore profesionalni izgled za doga\u0111aje.<\/p>","protected":false},"excerpt":{"rendered":"<p>NFC Soft PVC Vinyl Wristband Card je izdr\u017eljivo, prilagodljivo rje\u0161enje za siguran pristup i bezgotovinske transakcije na doga\u0111ajima. Dizajnirane za udobnost i funkcionalnost, ove narukvice pobolj\u0161avaju sveukupno iskustvo gostiju, istovremeno osiguravaju\u0107i pouzdanu kontrolu pristupa.<\/p>","protected":false},"featured_media":3611,"template":"","meta":[],"product_brand":[],"product_cat":[50],"product_tag":[],"class_list":{"0":"post-3610","1":"product","2":"type-product","3":"status-publish","4":"has-post-thumbnail","6":"product_cat-silicone-rfid-nfc-wristbands","8":"first","9":"instock","10":"shipping-taxable","11":"product-type-simple"},"_links":{"self":[{"href":"https:\/\/nfc-readers.com\/hr\/wp-json\/wp\/v2\/product\/3610","targetHints":{"allow":["GET"]}}],"collection":[{"href":"https:\/\/nfc-readers.com\/hr\/wp-json\/wp\/v2\/product"}],"about":[{"href":"https:\/\/nfc-readers.com\/hr\/wp-json\/wp\/v2\/types\/product"}],"wp:featuredmedia":[{"embeddable":true,"href":"https:\/\/nfc-readers.com\/hr\/wp-json\/wp\/v2\/media\/3611"}],"wp:attachment":[{"href":"https:\/\/nfc-readers.com\/hr\/wp-json\/wp\/v2\/media?parent=3610"}],"wp:term":[{"taxonomy":"product_brand","embeddable":true,"href":"https:\/\/nfc-readers.com\/hr\/wp-json\/wp\/v2\/product_brand?post=3610"},{"taxonomy":"product_cat","embeddable":true,"href":"https:\/\/nfc-readers.com\/hr\/wp-json\/wp\/v2\/product_cat?post=3610"},{"taxonomy":"product_tag","embeddable":true,"href":"https:\/\/nfc-readers.com\/hr\/wp-json\/wp\/v2\/product_tag?post=3610"}],"curies":[{"name":"wp","href":"https:\/\/api.w.org\/{rel}","templated":true}]}}