{"id":3619,"date":"2024-11-08T04:21:11","date_gmt":"2024-11-08T04:21:11","guid":{"rendered":"https:\/\/nfc-readers.com\/?post_type=product&#038;p=3619"},"modified":"2024-11-08T04:21:11","modified_gmt":"2024-11-08T04:21:11","slug":"mifare-ultralight-ev1-rfid-stretchy-woven-nfc-rfid-wristband","status":"publish","type":"product","link":"https:\/\/nfc-readers.com\/hr\/ic-reader\/mifare-ultralight-ev1-rfid-stretchy-woven-nfc-rfid-wristband\/","title":{"rendered":"MIFARE Ultralight Ev1 RFID rastezljiva tkana NFC RFID narukvica"},"content":{"rendered":"<h1 style=\"text-align: center;\"><strong>MIFARE Ultralight Ev1 RFID rastezljiva tkana NFC RFID narukvica<\/strong><\/h1>\n<p>&nbsp;<\/p>\n<p>The <strong>MIFARE Ultralight EV1 RFID rastezljiva tkana NFC narukvica<\/strong>\u00a0je ultimativno rje\u0161enje za moderno upravljanje doga\u0111ajima, pru\u017eaju\u0107i besprijekornu kontrolu pristupa, rje\u0161enja za bezgotovinsko pla\u0107anje i pobolj\u0161ano iskustvo gostiju. Izra\u0111ena imaju\u0107i na umu inovacije, ova narukvica kombinira vrhunsku RFID tehnologiju s prilagodljivim dizajnom, postaju\u0107i bitan alat za organizatore doga\u0111aja i posjetitelje. Bez obzira organizirate li glazbeni festival, atrakciju u vodenom parku ili korporativni doga\u0111aj, ova RFID narukvica osigurava pojednostavljene operacije, pove\u0107anu sigurnost i nezaboravno iskustvo za sve uklju\u010dene.<\/p>\n<p>&nbsp;<\/p>\n<h3><strong>Prednosti proizvoda<\/strong><\/h3>\n<ul>\n<li><strong>Pobolj\u0161ana sigurnost<\/strong>: MIFARE Ultralight EV1 \u010dip osigurava da va\u0161a narukvica nije samo za\u0161ti\u0107ena od neovla\u0161tenog otvaranja, ve\u0107 i sposobna za siguran prijenos podataka.<\/li>\n<li><strong>Vodootporan i izdr\u017eljiv<\/strong>: Ocijenjena IP68, ova narukvica je i vodootporna i otporna na vremenske uvjete, dizajnirana da izdr\u017ei razli\u010dite uvjete okoline osiguravaju\u0107i da se ne\u0107e o\u0161tetiti tijekom doga\u0111aja na otvorenom ili aktivnosti povezanih s vodom.<\/li>\n<li><strong>Prilago\u0111en korisniku<\/strong>: RFID narukvica eliminira potrebu za gotovinskim transakcijama, omogu\u0107uju\u0107i bezgotovinsko pla\u0107anje koje pove\u0107ava u\u010dinkovitost i skra\u0107uje vrijeme \u010dekanja gostiju.<\/li>\n<li><strong>Prilagodljivi dizajni<\/strong>: Uz opciju CMYK ispisa u punoj boji, organizatori doga\u0111aja mogu stvoriti vizualno privla\u010dne narukvice koje pove\u0107avaju vidljivost marke.<\/li>\n<li><strong>Fleksibilne veli\u010dine i boje<\/strong>: Dostupne u razli\u010ditim veli\u010dinama (145x25x1,5 mm i 185x25x1,5 mm) i bojama (plava, crvena, bijela, crna, zelena, \u017euta, naran\u010dasta, siva), narukvice zadovoljavaju razli\u010dite estetske preferencije.<\/li>\n<\/ul>\n<p>&nbsp;<\/p>\n<h2><strong>Klju\u010dne zna\u010dajke i specifikacije<\/strong><\/h2>\n<h3>MIFARE \u010dip visokih performansi<\/h3>\n<p>Srce narukvice je\u00a0<strong>MIFARE Ultralight EV1 \u010dip<\/strong>, koji pru\u017ea pouzdane performanse za kontrolu pristupa i upravljanje podacima. \u010cip osigurava sigurnu komunikaciju s RFID \u010dita\u010dima, \u0161to ga \u010dini idealnim za doga\u0111aje s velikim prometom gdje je neophodna brza obrada.<\/p>\n<h3>Dizajn otporan na vodu i vremenske uvjete<\/h3>\n<p>S an\u00a0<strong>IP68 ocjena<\/strong>, narukvica je vodootporna, \u0161to joj omogu\u0107uje da ostane funkcionalna \u010dak iu te\u0161kim vremenskim uvjetima. Bilo da pada ki\u0161a na koncertu ili prska u vodenom parku, korisnici mogu bezbri\u017eno u\u017eivati u svojim aktivnostima.<\/p>\n<h3>Rje\u0161enja za bezgotovinsko pla\u0107anje<\/h3>\n<p>Pro\u0161la su vremena no\u0161enja gotovine ili kartica. Ova narukvica omogu\u0107uje brzo i jednostavno\u00a0<strong>bezgotovinsko pla\u0107anje<\/strong>, savr\u0161eno za u\u017eurbane doga\u0111aje gdje je u\u010dinkovitost klju\u010dna. Organizatori doga\u0111aja mogu jednostavno pratiti transakcije i pojednostaviti operacije.<\/p>\n<h3>Prilagodba i brendiranje<\/h3>\n<p>Organizatori doga\u0111aja mogu iskoristiti\u00a0<strong>CMYK ispis u punoj boji<\/strong>\u00a0mogu\u0107nost izrade prilago\u0111enih dizajna. Ovo ne samo da unapre\u0111uje brendiranje, ve\u0107 dodaje i jedinstvenu notu, omogu\u0107uju\u0107i sudionicima da poka\u017eu svoje iskustvo doga\u0111aja.<\/p>\n<p>&nbsp;<\/p>\n<h2><strong>\u010cesto postavljana pitanja (FAQ)<\/strong><\/h2>\n<h3>1.\u00a0<strong>\u0160to je RFID narukvica?<\/strong><\/h3>\n<p>RFID narukvica nosivi je ure\u0111aj koji koristi tehnologiju radiofrekvencijske identifikacije (RFID) za prijenos podataka putem radiovalova. Omogu\u0107uje sigurnu kontrolu pristupa, bezgotovinsko pla\u0107anje i prikupljanje podataka na doga\u0111ajima.<\/p>\n<h3>2.\u00a0<strong>Kako radi MIFARE Ultralight EV1 RFID narukvica?<\/strong><\/h3>\n<p>Narukvica radi pomo\u0107u \u010dipa koji komunicira s RFID \u010dita\u010dima. Kada se narukvicom dodirne \u010dita\u010d, on prenosi pohranjene podatke, odobravaju\u0107i pristup ili obra\u0111uju\u0107i pla\u0107anje.<\/p>\n<h3>3.\u00a0<strong>Je li narukvica vodootporna?<\/strong><\/h3>\n<p>Da, na\u0161a MIFARE Ultralight EV1 RFID narukvica ima ocjenu IP68, \u0161to zna\u010di da je potpuno vodootporna i mo\u017ee izdr\u017eati uranjanje u vodu, \u0161to je \u010dini prikladnom za razne doga\u0111aje na otvorenom, uklju\u010duju\u0107i vodene parkove.<\/p>\n<h3>4.\u00a0<strong>Mo\u017ee li se narukvica prilagoditi?<\/strong><\/h3>\n<p>Apsolutno! Nudimo prilagodljive opcije boja i CMYK ispis u punoj boji, \u0161to vam omogu\u0107uje da dizajnirate narukvice koje odgovaraju brendu i temi va\u0161eg doga\u0111aja.<\/p>\n<p>&nbsp;<\/p>","protected":false},"excerpt":{"rendered":"<p>MIFARE Ultralight EV1 RFID rastezljiva tkana NFC narukvica dizajnirana je za sigurnu kontrolu pristupa i bezgotovinske transakcije na doga\u0111ajima. Njegove vodootporne i prilagodljive zna\u010dajke \u010dine ga idealnim za razne prigode.<\/p>","protected":false},"featured_media":3620,"template":"","meta":[],"product_brand":[],"product_cat":[50],"product_tag":[],"class_list":{"0":"post-3619","1":"product","2":"type-product","3":"status-publish","4":"has-post-thumbnail","6":"product_cat-silicone-rfid-nfc-wristbands","8":"first","9":"instock","10":"shipping-taxable","11":"product-type-simple"},"_links":{"self":[{"href":"https:\/\/nfc-readers.com\/hr\/wp-json\/wp\/v2\/product\/3619","targetHints":{"allow":["GET"]}}],"collection":[{"href":"https:\/\/nfc-readers.com\/hr\/wp-json\/wp\/v2\/product"}],"about":[{"href":"https:\/\/nfc-readers.com\/hr\/wp-json\/wp\/v2\/types\/product"}],"wp:featuredmedia":[{"embeddable":true,"href":"https:\/\/nfc-readers.com\/hr\/wp-json\/wp\/v2\/media\/3620"}],"wp:attachment":[{"href":"https:\/\/nfc-readers.com\/hr\/wp-json\/wp\/v2\/media?parent=3619"}],"wp:term":[{"taxonomy":"product_brand","embeddable":true,"href":"https:\/\/nfc-readers.com\/hr\/wp-json\/wp\/v2\/product_brand?post=3619"},{"taxonomy":"product_cat","embeddable":true,"href":"https:\/\/nfc-readers.com\/hr\/wp-json\/wp\/v2\/product_cat?post=3619"},{"taxonomy":"product_tag","embeddable":true,"href":"https:\/\/nfc-readers.com\/hr\/wp-json\/wp\/v2\/product_tag?post=3619"}],"curies":[{"name":"wp","href":"https:\/\/api.w.org\/{rel}","templated":true}]}}