{"id":3626,"date":"2024-11-08T04:27:49","date_gmt":"2024-11-08T04:27:49","guid":{"rendered":"https:\/\/nfc-readers.com\/?post_type=product&#038;p=3626"},"modified":"2024-11-08T04:27:50","modified_gmt":"2024-11-08T04:27:50","slug":"concert-access-identification-tickets-nfc-elastic-wristband","status":"publish","type":"product","link":"https:\/\/nfc-readers.com\/hr\/ic-reader\/concert-access-identification-tickets-nfc-elastic-wristband\/","title":{"rendered":"ulaznice za identifikaciju pristupa koncertu NFC elasti\u010dna narukvica"},"content":{"rendered":"<h1 style=\"text-align: center;\"><strong>ulaznice za identifikaciju pristupa koncertu NFC elasti\u010dna narukvica<\/strong><\/h1>\n<p>&nbsp;<\/p>\n<p>Kretanje svijetom doga\u0111anja i festivala nikada nije bilo lak\u0161e, zahvaljuju\u0107i uvo\u0111enju NFC elasti\u010dnih narukvica. U krajoliku koji se sve vi\u0161e oslanja na tehnologiju za sigurnost i prakti\u010dnost, <strong>NFC narukvica<\/strong> pojavljuje se kao promjena igre za identifikaciju pristupa koncertima i prodaju ulaznica. Izra\u0111ene od izdr\u017eljivih materijala i pro\u017eete vrhunskom RFID tehnologijom, ove narukvice nude u\u010dinkovito rje\u0161enje bez muke za organizatore doga\u0111aja i posjetitelje. Bez obzira vodite li u\u017eurbani glazbeni festival ili intimni koncert, ulaganje u ove napredne narukvice mo\u017ee pojednostaviti kontrolu pristupa i pobolj\u0161ati cjelokupno iskustvo gostiju.<\/p>\n<p>&nbsp;<\/p>\n<h2><strong>Za\u0161to odabrati NFC elasti\u010dnu narukvicu?<\/strong><\/h2>\n<p>NFC elasti\u010dna narukvica dizajnirana je da pojednostavi proces ulaska, a istovremeno osigurava sigurnost i pouzdanost. Ove su narukvice vodootporne, prilagodljive i opremljene naprednom NFC tehnologijom, omogu\u0107uju\u0107i rje\u0161enja za bezgotovinsko pla\u0107anje i brzi ulazak. Uklju\u010divanjem zna\u010dajki posebno dizajniranih za doga\u0111aje velikog kapaciteta, mo\u017eete zna\u010dajno smanjiti vrijeme \u010dekanja i pobolj\u0161ati sigurnost, a sve to istovremeno pru\u017eaju\u0107i nezaboravno iskustvo za sudionike.<\/p>\n<p>Ovaj sveobuhvatni vodi\u010d istra\u017euje razli\u010dite zna\u010dajke i prednosti NFC elasti\u010dne narukvice, govore\u0107i za\u0161to je to vrijedna investicija za svaki doga\u0111aj.<\/p>\n<p>&nbsp;<\/p>\n<h2><strong>Zna\u010dajke i prednosti proizvoda<\/strong><\/h2>\n<h3>1.\u00a0<strong>Napredna RFID i NFC tehnologija<\/strong><\/h3>\n<p>NFC elasti\u010dna narukvica koristi napredne\u00a0<strong>RFID<\/strong>\u00a0(radiofrekvencijska identifikacija) i\u00a0<strong>NFC<\/strong>\u00a0(Near Field Communication) tehnologije koje rade na frekvenciji od\u00a0<strong>13,56MHz<\/strong>. Ova integracija osigurava brzu komunikaciju izme\u0111u narukvice i opreme za skeniranje, olak\u0161avaju\u0107i besprijekornu kontrolu pristupa bez potrebe za tra\u017eenjem fizi\u010dkih ulaznica.<\/p>\n<p>Uklju\u010duju\u0107i oboje\u00a0<strong>RFID<\/strong>\u00a0i\u00a0<strong>NFC<\/strong>\u00a0nijanse u postavkama doga\u0111aja omogu\u0107uju u\u010dinkovito prikupljanje podataka, budu\u0107e marketin\u0161ke uvide i pobolj\u0161ana iskustva gostiju. Obje su tehnologije dokazane\u00a0<strong>vodootporan<\/strong>, \u0161to ih \u010dini idealnim za koncerte na otvorenom i festivale gdje nepredvi\u0111eni vremenski uvjeti ina\u010de mogu poremetiti doga\u0111aje.<\/p>\n<h3>2.\u00a0<strong>Mogu\u0107nosti prilagodljivosti<\/strong><\/h3>\n<p>Jedna od zna\u010dajki koje se isti\u010du\u00a0<strong>NFC narukvica<\/strong>\u00a0je njegova prilagodljivost. Kroz\u00a0<strong>tisak prijenosom topline<\/strong>, mo\u017eete personalizirati ove narukvice s logotipovima, bojama i grafikom koja odgovara va\u0161em doga\u0111aju. Bilo da organizirate korporativnu gala sve\u010danost, ljetni festival ili koncert, osiguravanje vidljivosti va\u0161eg brendiranja ja\u010da prepoznatljivost brenda me\u0111u sudionicima.<\/p>\n<p>Nadalje, na\u0161e narukvice dolaze u razli\u010ditim veli\u010dinama, uklju\u010duju\u0107i\u00a0<strong>180x20 mm<\/strong>, ili se mo\u017ee prilagoditi va\u0161im specifi\u010dnim zahtjevima. Ova razina prilagodbe poma\u017ee poticanju osje\u0107aja pripadnosti i identiteta za va\u0161e sudionike.<\/p>\n<h3>3.\u00a0<strong>Pobolj\u0161ano iskustvo gosta<\/strong><\/h3>\n<p>U\u010dinkovito\u00a0<strong>kontrola pristupa<\/strong>\u00a0klju\u010dna je tijekom velikih doga\u0111aja. Na\u0161e NFC elasti\u010dne narukvice pru\u017eaju trenutnu provjeru, omogu\u0107uju\u0107i gostima da brzo u\u0111u u prostore. Minimiziranjem uskih grla i skra\u0107ivanjem vremena \u010dekanja stvarate povoljnije i ugodnije iskustvo za svoju publiku.<\/p>\n<p>Osim toga, ove se narukvice mogu ponovno koristiti; izra\u0111eni su od izdr\u017eljivog\u00a0<strong>tkanina\/PVC<\/strong>\u00a0materijali koji mogu izdr\u017eati razli\u010dite uvjete okoline, a istovremeno zadr\u017eati svoj integritet. Ova je otpornost va\u017ena na doga\u0111ajima na otvorenom gdje narukvice mogu biti izlo\u017eene vodi, znoju ili \u010dak grubom rukovanju.<\/p>\n<h3>4.\u00a0<strong>U\u010dinkovita rje\u0161enja pla\u0107anja<\/strong><\/h3>\n<p>U dana\u0161njem bezgotovinskom dru\u0161tvu, ponuda\u00a0<strong>bezgotovinsko pla\u0107anje<\/strong>\u00a0opcije su postale bitne. NFC elasti\u010dne narukvice olak\u0161avaju beskontaktne transakcije, omogu\u0107uju\u0107i korisnicima kupnju na \u0161tandovima s hranom, prodajnim \u0161tandovima i vi\u0161e bez potrebe za fizi\u010dkim gotovinom. Ovo ne samo da pobolj\u0161ava iskustvo gostiju, ve\u0107 i pojednostavljuje rad doga\u0111aja smanjenjem brige oko rukovanja gotovinom.<\/p>\n<p>Gosti mogu jednostavno dodirnuti svoju narukvicu na bilo kojem prodajnom mjestu s omogu\u0107enom NFC-om, drasti\u010dno skra\u0107uju\u0107i vrijeme transakcije\u2014osiguravaju\u0107i da nitko ne\u0107e propustiti popularne artikle!<\/p>\n<h3>5.\u00a0<strong>Sigurnost i prikupljanje podataka<\/strong><\/h3>\n<p>Kori\u0161tenje\u00a0<strong>RFID<\/strong>\u00a0tehnologija zna\u010dajno pove\u0107ava sigurnost va\u0161eg doga\u0111aja. Svaka narukvica mo\u017ee biti ugra\u0111ena s jedinstvenim identifikatorima koji poma\u017eu u pra\u0107enju i upravljanju pristupom gostiju; ova tehnologija omogu\u0107uje pra\u0107enje protoka gostiju unutar mjesta u stvarnom vremenu.<\/p>\n<p>Osim toga, mogu\u0107nosti prikupljanja podataka zna\u010de da mo\u017eete analizirati trendove, razumjeti pona\u0161anje sudionika i implementirati dinami\u010dke strategije cijena za nadolaze\u0107e doga\u0111aje. Ovaj uvid mo\u017ee dovesti do pobolj\u0161anog planiranja i izvr\u0161enja\u00a0<strong>RFID doga\u0111aji<\/strong>\u00a0u budu\u0107nosti.<\/p>\n<p>&nbsp;<\/p>\n<h2>Tehni\u010dke specifikacije<\/h2>\n<table class=\"w-fit !mb-0 !max-w-none\">\n<thead>\n<tr>\n<th><strong>Atribut<\/strong><\/th>\n<th><strong>Opis<\/strong><\/th>\n<\/tr>\n<\/thead>\n<tbody>\n<tr>\n<td><strong>Naziv proizvoda<\/strong><\/td>\n<td>NFC elasti\u010dna narukvica<\/td>\n<\/tr>\n<tr>\n<td><strong>Materijal<\/strong><\/td>\n<td>Tkanina\/PVC<\/td>\n<\/tr>\n<tr>\n<td><strong>Komunikacijsko su\u010delje<\/strong><\/td>\n<td>RFID, NFC<\/td>\n<\/tr>\n<tr>\n<td><strong>Frekvencija<\/strong><\/td>\n<td>13,56MHz<\/td>\n<\/tr>\n<tr>\n<td><strong>Mogu\u0107nosti \u010dipova<\/strong><\/td>\n<td>Tag213\/tag215\/tag216\/2k\/4k\/8k\/tk4100\/t5577<\/td>\n<\/tr>\n<tr>\n<td><strong>Protokol<\/strong><\/td>\n<td>ISO 14443A<\/td>\n<\/tr>\n<tr>\n<td><strong>Udaljenost \u010ditanja<\/strong><\/td>\n<td>1-10 cm<\/td>\n<\/tr>\n<tr>\n<td><strong>Prilagodba<\/strong><\/td>\n<td>Logo, boja, grafika<\/td>\n<\/tr>\n<\/tbody>\n<\/table>\n<p>&nbsp;<\/p>\n<h2><strong>\u010cesto postavljana pitanja (FAQ)<\/strong><\/h2>\n<h3>1.\u00a0<strong>\u0160to je NFC elasti\u010dna narukvica?<\/strong><\/h3>\n<p>NFC elasti\u010dna narukvica je nosivi ure\u0111aj s ugra\u0111enom tehnologijom NFC (Near Field Communication) i RFID (Radio Frequency Identification). Omogu\u0107uje brzu kontrolu pristupa, bezgotovinsko pla\u0107anje i prikupljanje podataka na doga\u0111ajima, pobolj\u0161avaju\u0107i cjelokupno iskustvo gostiju.<\/p>\n<h3>2.\u00a0<strong>Kako rade NFC narukvice?<\/strong><\/h3>\n<p>NFC narukvice rade prijenosom podataka putem radio valova kada se pribli\u017ee kompatibilnom \u010dita\u010du. To omogu\u0107uje beskontaktne interakcije, poput skeniranja unosa ili obrade pla\u0107anja, jednostavnim dodirivanjem narukvice na senzor.<\/p>\n<h3>3.\u00a0<strong>Jesu li NFC narukvice vodootporne?<\/strong><\/h3>\n<p>Da, na\u0161e NFC elasti\u010dne narukvice dizajnirane su da budu vodootporne, \u0161to ih \u010dini prikladnima za kori\u0161tenje u razli\u010ditim okru\u017eenjima, uklju\u010duju\u0107i koncerte i doga\u0111anja na otvorenom gdje mo\u017ee do\u0107i do izlaganja vodi.<\/p>\n<h3>4.\u00a0<strong>Mogu li se narukvice prilagoditi?<\/strong><\/h3>\n<p>Apsolutno! NFC elasti\u010dne narukvice mogu se personalizirati va\u0161im logotipom, bojama i grafikama putem ispisa prijenosa topline. Ova prilagodba idealna je za brendiranje i pobolj\u0161anje do\u017eivljaja doga\u0111aja.<\/p>","protected":false},"excerpt":{"rendered":"<p>The\u00a0<strong>NFC elasti\u010dna narukvica za identifikaciju pristupa koncertu<\/strong>\u00a0je vrhunsko rje\u0161enje dizajnirano za pojednostavljenje ulaska na doga\u0111aje i pobolj\u0161anje do\u017eivljaja gostiju. Uz naprednu RFID tehnologiju, ove prilagodljive i vodootporne narukvice omogu\u0107uju besprijekornu kontrolu pristupa i bezgotovinsko pla\u0107anje, \u0161to ih \u010dini idealnim za koncerte i festivale bilo koje razine.<\/p>","protected":false},"featured_media":3627,"template":"","meta":[],"product_brand":[],"product_cat":[50],"product_tag":[],"class_list":{"0":"post-3626","1":"product","2":"type-product","3":"status-publish","4":"has-post-thumbnail","6":"product_cat-silicone-rfid-nfc-wristbands","8":"first","9":"instock","10":"shipping-taxable","11":"product-type-simple"},"_links":{"self":[{"href":"https:\/\/nfc-readers.com\/hr\/wp-json\/wp\/v2\/product\/3626","targetHints":{"allow":["GET"]}}],"collection":[{"href":"https:\/\/nfc-readers.com\/hr\/wp-json\/wp\/v2\/product"}],"about":[{"href":"https:\/\/nfc-readers.com\/hr\/wp-json\/wp\/v2\/types\/product"}],"wp:featuredmedia":[{"embeddable":true,"href":"https:\/\/nfc-readers.com\/hr\/wp-json\/wp\/v2\/media\/3627"}],"wp:attachment":[{"href":"https:\/\/nfc-readers.com\/hr\/wp-json\/wp\/v2\/media?parent=3626"}],"wp:term":[{"taxonomy":"product_brand","embeddable":true,"href":"https:\/\/nfc-readers.com\/hr\/wp-json\/wp\/v2\/product_brand?post=3626"},{"taxonomy":"product_cat","embeddable":true,"href":"https:\/\/nfc-readers.com\/hr\/wp-json\/wp\/v2\/product_cat?post=3626"},{"taxonomy":"product_tag","embeddable":true,"href":"https:\/\/nfc-readers.com\/hr\/wp-json\/wp\/v2\/product_tag?post=3626"}],"curies":[{"name":"wp","href":"https:\/\/api.w.org\/{rel}","templated":true}]}}