{"id":3633,"date":"2024-11-08T04:33:33","date_gmt":"2024-11-08T04:33:33","guid":{"rendered":"https:\/\/nfc-readers.com\/?post_type=product&#038;p=3633"},"modified":"2024-11-08T04:33:34","modified_gmt":"2024-11-08T04:33:34","slug":"rfid-wristband-elastic-nfc-rfid-tag-access-control-identification","status":"publish","type":"product","link":"https:\/\/nfc-readers.com\/hr\/ic-reader\/rfid-wristband-elastic-nfc-rfid-tag-access-control-identification\/","title":{"rendered":"RFID narukvica Elasti\u010dna NFC RFID oznaka za kontrolu pristupa identifikacije"},"content":{"rendered":"<h1 style=\"text-align: center;\"><strong>RFID narukvica Elasti\u010dna NFC RFID oznaka za kontrolu pristupa identifikacije<\/strong><\/h1>\n<p>The <strong>RFID narukvica<\/strong>\u00a0mijenja na\u010din na koji organizacije upravljaju kontrolom pristupa i identifikacijom na doga\u0111ajima, festivalima i mjestima. Sa svojim naprednim\u00a0<strong>NFC tehnologija<\/strong>,\u00a0<strong>vodootporni materijali<\/strong>, i prilagodljivim zna\u010dajkama, ova elasti\u010dna narukvica nije samo funkcionalna, ve\u0107 je dizajnirana za izdr\u017eljivost i stil. U\u010dinkovito kombinira sigurnosne mjere sa zna\u010dajkama koje su jednostavne za kori\u0161tenje, nude\u0107i organizatorima doga\u0111aja pojednostavljeno rje\u0161enje za upravljanje velikim mno\u0161tvom ljudi dok istovremeno pobolj\u0161ava iskustvo gostiju.<\/p>\n<p>&nbsp;<\/p>\n<h2><strong>Za\u0161to odabrati RFID narukvicu?<\/strong><\/h2>\n<p>Ulaganje u an\u00a0<strong>RFID narukvica<\/strong>\u00a0nudi brojne pogodnosti za organizatore i posjetitelje. S funkcionalnostima koje omogu\u0107uju\u00a0<strong>bezgotovinsko pla\u0107anje<\/strong>\u00a0i\u00a0<strong>brzi ulazak<\/strong>, ove su narukvice posebno dizajnirane za doga\u0111aje koji zahtijevaju pove\u0107anu sigurnost i u\u010dinkovitost. Bez obzira upravljate li a\u00a0<strong>glazbeni festival<\/strong>, korporativno okupljanje ili tematski park, RFID narukvica nudi razinu pristupa\u010dnosti i sigurnosti koju tradicionalne ulaznice ne mogu pru\u017eiti.<\/p>\n<h3>Prednosti proizvoda:<\/h3>\n<ul>\n<li><strong>Pobolj\u0161ana sigurnost<\/strong>: RFID narukvica osigurava da samo ovla\u0161tene osobe mogu u\u0107i, smanjuju\u0107i rizik od neovla\u0161tenog pristupa.<\/li>\n<li><strong>Pojednostavljene operacije<\/strong>: Olak\u0161ava brz ulazak i izlazak, smanjuju\u0107i zagu\u0161enje na pristupnim to\u010dkama.<\/li>\n<li><strong>Svestrana primjena<\/strong>: Prikladno za doga\u0111aje bilo koje veli\u010dine, od festivala do kontrole pristupa teretani.<\/li>\n<li><strong>Prilago\u0111eno brendiranje<\/strong>: Personalizirajte narukvice s jedinstvenim dizajnom, logotipom i bojama kako biste pobolj\u0161ali vidljivost marke.<\/li>\n<\/ul>\n<p>&nbsp;<\/p>\n<h3><strong>Zna\u010dajke RFID narukvice<\/strong><\/h3>\n<p>The\u00a0<strong>RFID narukvica<\/strong>\u00a0mo\u017ee se pohvaliti mno\u0161tvom posebnih zna\u010dajki dizajniranih da osiguraju besprijekornu kontrolu pristupa. Ove narukvice su\u00a0<strong>vodootporan<\/strong>, jam\u010de\u0107i pouzdan rad \u010dak i u nepredvidivim vremenskim uvjetima. Rade\u0107i na frekvenciji od\u00a0<strong>13,56 MHz<\/strong>\u00a0i pomo\u0107u\u00a0<strong>ISO 14443A protokol<\/strong>, ove narukvice koriste\u00a0<strong>NTAG213 \u010dipovi<\/strong>\u00a0s kapacitetom memorije od\u00a0<strong>144 bajta<\/strong>.<\/p>\n<p>Narukvica komunicira pomo\u0107u\u00a0<strong>NFC<\/strong>\u00a0(Near Field Communication) tehnologija, koja omogu\u0107uje brzu interakciju kada se skenira RFID \u010dita\u010dima unutar udaljenosti \u010ditanja od\u00a0<strong>1-10 cm<\/strong>. To zna\u010di da gosti mogu brzo u\u0107i u prostore jednostavnim dodirivanjem narukvice na \u010dita\u010d, zna\u010dajno pobolj\u0161avaju\u0107i protok prometa na ulaznim to\u010dkama.<\/p>\n<p>&nbsp;<\/p>\n<h3><strong>Tehni\u010dke specifikacije<\/strong><\/h3>\n<table class=\"w-fit !mb-0 !max-w-none\" style=\"height: 463px;\" width=\"472\">\n<thead>\n<tr>\n<th><strong>Atribut<\/strong><\/th>\n<th><strong>pojedinosti<\/strong><\/th>\n<\/tr>\n<\/thead>\n<tbody>\n<tr>\n<td><strong>Naziv proizvoda<\/strong><\/td>\n<td>RFID narukvica<\/td>\n<\/tr>\n<tr>\n<td><strong>Naziv marke<\/strong><\/td>\n<td>Shunxin<\/td>\n<\/tr>\n<tr>\n<td><strong>Broj modela<\/strong><\/td>\n<td>SX-narukvica<\/td>\n<\/tr>\n<tr>\n<td><strong>Materijal<\/strong><\/td>\n<td>Tkanina<\/td>\n<\/tr>\n<tr>\n<td><strong>Veli\u010dina<\/strong><\/td>\n<td>180 * 20 mm<\/td>\n<\/tr>\n<tr>\n<td><strong>\u010cip<\/strong><\/td>\n<td>NTAG213<\/td>\n<\/tr>\n<tr>\n<td><strong>Memorija<\/strong><\/td>\n<td>144 bajta<\/td>\n<\/tr>\n<tr>\n<td><strong>Komunikacijsko su\u010delje<\/strong><\/td>\n<td>RFID, NFC<\/td>\n<\/tr>\n<tr>\n<td><strong>Frekvencija<\/strong><\/td>\n<td>13,56 MHz<\/td>\n<\/tr>\n<tr>\n<td><strong>Protokol<\/strong><\/td>\n<td>ISO 14443A<\/td>\n<\/tr>\n<tr>\n<td><strong>Udaljenost \u010ditanja<\/strong><\/td>\n<td>1 \u2013 10 cm<\/td>\n<\/tr>\n<tr>\n<td><strong>Vrijeme isporuke<\/strong><\/td>\n<td>8 \u2013 12 radnih dana<\/td>\n<\/tr>\n<tr>\n<td><strong>Ispis<\/strong><\/td>\n<td>Tisak prijenosom topline<\/td>\n<\/tr>\n<tr>\n<td><strong>Pakiranje<\/strong><\/td>\n<td>200 kom\/unutarnja kutija, 25 kutija\/karton<\/td>\n<\/tr>\n<tr>\n<td><strong>Veli\u010dina kartona<\/strong><\/td>\n<td>48 * 22,5 * 30 cm<\/td>\n<\/tr>\n<tr>\n<td><strong>Bruto te\u017eina<\/strong><\/td>\n<td>0,010 kg<\/td>\n<\/tr>\n<tr>\n<td><strong>Veli\u010dina pojedina\u010dnog pakiranja<\/strong><\/td>\n<td>35 * 1,5 * 0,02 cm<\/td>\n<\/tr>\n<\/tbody>\n<\/table>\n<p>&nbsp;<\/p>\n<h2><strong>\u010cesto postavljana pitanja (FAQ)<\/strong><\/h2>\n<h3>1. \u0160to je RFID narukvica?<\/h3>\n<p>An\u00a0<strong>RFID narukvica<\/strong>\u00a0je nosivi ure\u0111aj opremljen tehnologijom radiofrekvencijske identifikacije (RFID), koja se uglavnom koristi za kontrolu pristupa, bezgotovinsko pla\u0107anje i identifikaciju na doga\u0111ajima kao \u0161to su koncerti, festivali i rekreacijska mjesta.<\/p>\n<h3>2. Kako radi RFID tehnologija?<\/h3>\n<p>RFID tehnologija koristi radio valove za prijenos podataka s narukvice na \u010dita\u010d. Kada narukvica do\u0111e unutar udaljenosti za \u010ditanje (1-10 cm), automatski komunicira s \u010dita\u010dem, omogu\u0107uju\u0107i brz i siguran pristup ili transakcije.<\/p>\n<h3>3. Koje su prednosti kori\u0161tenja RFID narukvica u odnosu na tradicionalne ulaznice?<\/h3>\n<p>RFID narukvice imaju nekoliko prednosti:<\/p>\n<ul>\n<li><strong>Br\u017ei ulazak<\/strong>: Sudionici mogu dodirnuti svoje narukvice za brzi pristup, smanjuju\u0107i redove i vrijeme \u010dekanja.<\/li>\n<li><strong>Pobolj\u0161ana sigurnost<\/strong>: Neovla\u0161tene osobe ne mogu koristiti RFID narukvice jer je svaka narukvica jedinstveno kodirana.<\/li>\n<li><strong>Bezgotovinske transakcije<\/strong>: Mnoge narukvice omogu\u0107uju bezgotovinsko pla\u0107anje hrane, robe i usluga, pobolj\u0161avaju\u0107i korisni\u010dko iskustvo.<\/li>\n<li><strong>Prikupljanje podataka<\/strong>: Organizatori doga\u0111aja mogu prikupiti vrijedne analiti\u010dke podatke o pona\u0161anju i preferencijama posjetitelja.<\/li>\n<\/ul>\n<h3>4. Jesu li RFID narukvice vodootporne?<\/h3>\n<p>Da, na\u0161e RFID narukvice su dizajnirane da budu\u00a0<strong>vodootporan<\/strong>\u00a0i\u00a0<strong>otporan na vremenske uvjete<\/strong>, \u0161to ih \u010dini prikladnima za doga\u0111aje i aktivnosti na otvorenom.<\/p>","protected":false},"excerpt":{"rendered":"<p>RFID narukvica kombinira elasti\u010dnu udobnost s naprednom NFC tehnologijom za u\u010dinkovitu kontrolu pristupa i identifikaciju. Savr\u0161en za doga\u0111aje, nudi sigurnost i prakti\u010dnost u prilagodljivom dizajnu.<\/p>","protected":false},"featured_media":3634,"template":"","meta":[],"product_brand":[],"product_cat":[50],"product_tag":[],"class_list":{"0":"post-3633","1":"product","2":"type-product","3":"status-publish","4":"has-post-thumbnail","6":"product_cat-silicone-rfid-nfc-wristbands","8":"first","9":"instock","10":"shipping-taxable","11":"product-type-simple"},"_links":{"self":[{"href":"https:\/\/nfc-readers.com\/hr\/wp-json\/wp\/v2\/product\/3633","targetHints":{"allow":["GET"]}}],"collection":[{"href":"https:\/\/nfc-readers.com\/hr\/wp-json\/wp\/v2\/product"}],"about":[{"href":"https:\/\/nfc-readers.com\/hr\/wp-json\/wp\/v2\/types\/product"}],"wp:featuredmedia":[{"embeddable":true,"href":"https:\/\/nfc-readers.com\/hr\/wp-json\/wp\/v2\/media\/3634"}],"wp:attachment":[{"href":"https:\/\/nfc-readers.com\/hr\/wp-json\/wp\/v2\/media?parent=3633"}],"wp:term":[{"taxonomy":"product_brand","embeddable":true,"href":"https:\/\/nfc-readers.com\/hr\/wp-json\/wp\/v2\/product_brand?post=3633"},{"taxonomy":"product_cat","embeddable":true,"href":"https:\/\/nfc-readers.com\/hr\/wp-json\/wp\/v2\/product_cat?post=3633"},{"taxonomy":"product_tag","embeddable":true,"href":"https:\/\/nfc-readers.com\/hr\/wp-json\/wp\/v2\/product_tag?post=3633"}],"curies":[{"name":"wp","href":"https:\/\/api.w.org\/{rel}","templated":true}]}}