{"id":3640,"date":"2024-11-08T04:40:44","date_gmt":"2024-11-08T04:40:44","guid":{"rendered":"https:\/\/nfc-readers.com\/?post_type=product&#038;p=3640"},"modified":"2024-11-08T04:40:44","modified_gmt":"2024-11-08T04:40:44","slug":"silicone-wristband-rfid-locker-silicone-wristband","status":"publish","type":"product","link":"https:\/\/nfc-readers.com\/hr\/ic-reader\/silicone-wristband-rfid-locker-silicone-wristband\/","title":{"rendered":"silikonska narukvica RFID Locker silikonska narukvica"},"content":{"rendered":"<h1 style=\"text-align: center;\"><strong>silikonska narukvica RFID Locker silikonska narukvica<\/strong><\/h1>\n<p>&nbsp;<\/p>\n<p>U dana\u0161njem brzom digitalnom svijetu u\u010dinkovita rje\u0161enja za kontrolu pristupa najva\u017enija su za doga\u0111aje, prostore i organizacije. The <strong>Silikonska RFID narukvica<\/strong>\u00a0nije samo moderan dodatak, ve\u0107 i pristup pobolj\u0161anoj sigurnosti, u\u010dinkovitosti i prakti\u010dnosti. Dizajnirane s najsuvremenijom RFID tehnologijom, na\u0161e narukvice osiguravaju besprijekornu kontrolu pristupa dok pru\u017eaju vodootpornu i izdr\u017eljivu opciju za razli\u010dite primjene. Bilo da se radi o glazbenom festivalu, zabavnom parku ili poslovnom doga\u0111aju, ove narukvice morate imati.<\/p>\n<p>&nbsp;<\/p>\n<h3><strong>Za\u0161to odabrati na\u0161u silikonsku RFID narukvicu?<\/strong><\/h3>\n<p>Na\u0161e\u00a0<strong>RFID narukvice<\/strong>\u00a0kombinirajte funkcionalnost sa stilom, osiguravaju\u0107i glatko i sigurno funkcioniranje va\u0161eg doga\u0111aja ili objekta. Sa zna\u010dajkama kao \u0161to su prilagodljivi logotipi i robusne RFID mogu\u0107nosti, ove narukvice savr\u0161ene su za pobolj\u0161anje korisni\u010dkog iskustva uz odr\u017eavanje visoke razine sigurnosti. Narukvice nisu samo vodootporne, ve\u0107 su i dizajnirane za visoku izdr\u017eljivost, \u0161to zna\u010di da \u0107e izdr\u017eati napore bilo kojeg doga\u0111aja. Ako tra\u017eite u\u010dinkovito i elegantno rje\u0161enje za\u00a0<strong>kontrola pristupa<\/strong>, ne tra\u017eite dalje!<\/p>\n<p>&nbsp;<\/p>\n<h2>Prednosti kori\u0161tenja silikonskih RFID narukvica<\/h2>\n<h3>Pobolj\u0161ana sigurnost<\/h3>\n<p>Jedna od najja\u010dih prednosti na\u0161e\u00a0<strong>silikonske RFID narukvice<\/strong>\u00a0je pove\u0107ana sigurnost koju pru\u017eaju. S\u00a0<strong>za\u0161ti\u0107en od neovla\u0161tenog otvaranja<\/strong>\u00a0dizajna, ove narukvice poma\u017eu osigurati da neovla\u0161tene osobe ne mogu dobiti pristup ograni\u010denim podru\u010djima. Nadalje, RFID tehnologija omogu\u0107uje pra\u0107enje i prikupljanje podataka u stvarnom vremenu, \u0161to olak\u0161ava pra\u0107enje prisutnosti i kretanja.<\/p>\n<h3>Iskustvo prilago\u0111eno korisniku<\/h3>\n<p>Na\u0161e\u00a0<strong>RFID narukvice<\/strong>\u00a0su iznimno jednostavni za kori\u0161tenje. Jednostavnim pokretom zgloba korisnici mogu dobiti pristup VIP podru\u010djima, sustavima bezgotovinskog pla\u0107anja i jo\u0161 mnogo toga. Ova zna\u010dajka ne samo da podi\u017ee cjelokupno iskustvo gostiju, ve\u0107 tako\u0111er poti\u010de zanimljivije i interaktivnije okru\u017eenje.<\/p>\n<p>&nbsp;<\/p>\n<hr \/>\n<h2>Klju\u010dne karakteristike ShunXin RFID narukvica<\/h2>\n<h3>Dizajn otporan na vodu i vremenske uvjete<\/h3>\n<p>Napravljene da izdr\u017ee razli\u010dite uvjete okoline, na\u0161e narukvice imaju dizajn otporan na vodu i vremenske uvjete. To ih \u010dini prikladnima za doga\u0111anja na otvorenom poput festivala i vodenih parkova, osiguravaju\u0107i izdr\u017eljivost i pouzdanost bez obzira na vremenske prilike.<\/p>\n<h3>Mogu\u0107nosti prilagodbe<\/h3>\n<p>Prilagodba je klju\u010dna kada je u pitanju\u00a0<strong>prilago\u0111ene RFID narukvice<\/strong>. Na\u0161e narukvice mogu se personalizirati logotipovima i bojama, \u0161to vam poma\u017ee u promociji va\u0161eg brenda, a istovremeno pove\u0107ava sigurnost. Mogu\u0107nost ispisa jedinstvenog dizajna \u010dini ove narukvice izvrsnim izborom za korporativna doga\u0111anja i posebne prigode.<\/p>\n<p>&nbsp;<\/p>\n<h2>Tehni\u010dke specifikacije<\/h2>\n<table class=\"w-fit !mb-0 !max-w-none\" style=\"height: 266px;\" width=\"401\">\n<thead>\n<tr>\n<th>Specifikacija<\/th>\n<th>Detalj<\/th>\n<\/tr>\n<\/thead>\n<tbody>\n<tr>\n<td><strong>Naziv proizvoda<\/strong><\/td>\n<td>RFID narukvica<\/td>\n<\/tr>\n<tr>\n<td><strong>Naziv marke<\/strong><\/td>\n<td>ShunXin<\/td>\n<\/tr>\n<tr>\n<td><strong>Broj modela<\/strong><\/td>\n<td>SX-008<\/td>\n<\/tr>\n<tr>\n<td><strong>Materijal<\/strong><\/td>\n<td>Silikon<\/td>\n<\/tr>\n<tr>\n<td><strong>Frekvencija<\/strong><\/td>\n<td>13,56 MHz<\/td>\n<\/tr>\n<tr>\n<td><strong>\u010cip<\/strong><\/td>\n<td>Icodeslix<\/td>\n<\/tr>\n<tr>\n<td><strong>Udaljenost \u010ditanja<\/strong><\/td>\n<td>1-30 cm<\/td>\n<\/tr>\n<tr>\n<td><strong>Veli\u010dina<\/strong><\/td>\n<td>Prilago\u0111ena veli\u010dina<\/td>\n<\/tr>\n<tr>\n<td><strong>Logo<\/strong><\/td>\n<td>Prilago\u0111eni logotip prihva\u0107en<\/td>\n<\/tr>\n<\/tbody>\n<\/table>\n<p>&nbsp;<\/p>\n<h3><strong>\u010cesto postavljana pitanja (FAQ) o silikonskim RFID narukvicama<\/strong><\/h3>\n<h3>1. Za \u0161to se koriste silikonske RFID narukvice?<\/h3>\n<p>Silikonske RFID narukvice prvenstveno se koriste za kontrolu pristupa na doga\u0111ajima, festivalima, zabavnim parkovima i korporativnim doga\u0111anjima. Olak\u0161avaju ulazak, bezgotovinsko pla\u0107anje, prikupljanje podataka i poja\u010dane sigurnosne mjere.<\/p>\n<h3>2. Jesu li silikonske RFID narukvice vodootporne?<\/h3>\n<p>Da, na\u0161e silikonske RFID narukvice dizajnirane su da budu vodootporne i otporne na vremenske uvjete, \u0161to ih \u010dini prikladnima za doga\u0111aje na otvorenom i scenarije gdje je vjerojatno izlaganje vodi.<\/p>\n<h3>3. Koliko su narukvice prilagodljive?<\/h3>\n<p>Na\u0161e narukvice mogu se prilagoditi logotipovima, bojama i veli\u010dinama kako bi zadovoljile va\u0161e specifi\u010dne potrebe brendiranja. Ova opcija prilagodbe osigurava da se va\u0161 brend isti\u010de na svakom doga\u0111aju.<\/p>\n<h3>4. Koja je udaljenost \u010ditanja RFID narukvica?<\/h3>\n<p>Udaljenost \u010ditanja za na\u0161e silikonske RFID narukvice obi\u010dno je izme\u0111u 1 i 10 centimetara, \u0161to omogu\u0107uje brzo i u\u010dinkovito pronala\u017eenje pristupa nakon skeniranja.<\/p>","protected":false},"excerpt":{"rendered":"<div class=\"chat-list relative custom-scrollbar-reset-margin custom-scrollbar custom-scrollbar-hidden custom-scrollbar-float pb-9 flex-1 overflow-y-auto\">\n<div class=\"mx-auto max-w-[790px]\">\n<div class=\"message-item-outer relative px-4 mb-2\" data-id=\"89b7e141-4a8f-450b-a58e-15b6a9288c93\">\n<div class=\"content-area pl-[0px]\">\n<div class=\"message-item select-text relative\">\n<div class=\"message-inner relative\">\n<div class=\"py-[2px]\">\n<div class=\"flex flex-col gap-2\">\n<div class=\"answer-markdown-box overflow-x-auto select-text custom-scrollbar\">\n<div class=\"markdown-body\"><\/div>\n<\/div>\n<\/div>\n<\/div>\n<\/div>\n<\/div>\n<\/div>\n<\/div>\n<\/div>\n<\/div>\n<div>\n<div class=\"input-box relative max-w-[790px] mx-auto\">\n<div class=\"chat-input-box relative bg-grey-layer2-normal px-3 max-w-[790px] mx-auto pb-1\">\n<div class=\"main-input-area\">\n<div class=\"chat-input-top-bar gap-2 py-2 flex justify-start items-center\">\n<div class=\"flex gap-[6px] min-w-[90px] max-w-[calc(100%-40px)]\">\n<div class=\"flex gap-0\">\n<div class=\"topbar-btn h-[30px] w-[30px] text-text-primary-1 flex overflow-hidden  items-center justify-center text-xs leading-4 rounded-lg model-btn model-btn-no-bg\" role=\"button\">The <strong>Silikonski RFID ormari\u0107 za narukvicu<\/strong>\u00a0kombinira elegantan dizajn i naprednu RFID tehnologiju za siguran i prakti\u010dan pristup sustavima ormari\u0107a. Savr\u0161ena za teretane, vodene parkove i doga\u0111aje, ova izdr\u017eljiva narukvica osigurava ulazak bez napora dok pobolj\u0161ava korisni\u010dko iskustvo svojim udobnim pristajanjem i prilagodljivim opcijama.<\/div>\n<\/div>\n<\/div>\n<\/div>\n<\/div>\n<\/div>\n<\/div>\n<\/div>","protected":false},"featured_media":3641,"template":"","meta":[],"product_brand":[],"product_cat":[50],"product_tag":[],"class_list":{"0":"post-3640","1":"product","2":"type-product","3":"status-publish","4":"has-post-thumbnail","6":"product_cat-silicone-rfid-nfc-wristbands","8":"first","9":"instock","10":"shipping-taxable","11":"product-type-simple"},"_links":{"self":[{"href":"https:\/\/nfc-readers.com\/hr\/wp-json\/wp\/v2\/product\/3640","targetHints":{"allow":["GET"]}}],"collection":[{"href":"https:\/\/nfc-readers.com\/hr\/wp-json\/wp\/v2\/product"}],"about":[{"href":"https:\/\/nfc-readers.com\/hr\/wp-json\/wp\/v2\/types\/product"}],"wp:featuredmedia":[{"embeddable":true,"href":"https:\/\/nfc-readers.com\/hr\/wp-json\/wp\/v2\/media\/3641"}],"wp:attachment":[{"href":"https:\/\/nfc-readers.com\/hr\/wp-json\/wp\/v2\/media?parent=3640"}],"wp:term":[{"taxonomy":"product_brand","embeddable":true,"href":"https:\/\/nfc-readers.com\/hr\/wp-json\/wp\/v2\/product_brand?post=3640"},{"taxonomy":"product_cat","embeddable":true,"href":"https:\/\/nfc-readers.com\/hr\/wp-json\/wp\/v2\/product_cat?post=3640"},{"taxonomy":"product_tag","embeddable":true,"href":"https:\/\/nfc-readers.com\/hr\/wp-json\/wp\/v2\/product_tag?post=3640"}],"curies":[{"name":"wp","href":"https:\/\/api.w.org\/{rel}","templated":true}]}}