{"id":3647,"date":"2024-11-08T04:47:36","date_gmt":"2024-11-08T04:47:36","guid":{"rendered":"https:\/\/nfc-readers.com\/?post_type=product&#038;p=3647"},"modified":"2024-11-08T04:47:36","modified_gmt":"2024-11-08T04:47:36","slug":"custom-laser-logo-waterproof-silicone-m1-nfc-rubber-wristband","status":"publish","type":"product","link":"https:\/\/nfc-readers.com\/hr\/ic-reader\/custom-laser-logo-waterproof-silicone-m1-nfc-rubber-wristband\/","title":{"rendered":"Prilago\u0111eni laserski logotip Vodootporna silikonska M1 NFC gumena narukvica"},"content":{"rendered":"<h1 style=\"text-align: center;\"><strong>Prilago\u0111eni laserski logotip Vodootporna silikonska M1 NFC gumena narukvica<\/strong><\/h1>\n<p>&nbsp;<\/p>\n<p>The <strong>Prilago\u0111eni laserski logotip Vodootporna silikonska M1 NFC gumena narukvica<\/strong>\u00a0je vrhunsko rje\u0161enje za one koji tra\u017ee idealan spoj funkcionalnosti, stila i brendiranja. Izra\u0111ena od izdr\u017eljivog silikona, ova RFID narukvica neprimjetno integrira naprednu NFC tehnologiju, nude\u0107i besprijekorno korisni\u010dko iskustvo u kontroli pristupa i bezgotovinskim transakcijama. S prilagodljivim opcijama logotipa, ne slu\u017ei samo kao prakti\u010dan dodatak ve\u0107 i kao prilika za brendiranje za doga\u0111aje, koncerte i festivale.<\/p>\n<p>U svijetu u kojem prakti\u010dnost i sigurnost idu ruku pod ruku, ulaganje u na\u0161e NFC narukvice podi\u017ee funkcionalnost va\u0161ih doga\u0111aja dok osigurava profesionalni izgled. Bilo da \u017eelite pobolj\u0161ati svoje sustave kontrole pristupa ili stvoriti nezaboravna iskustva robne marke za svoje goste, ova je narukvica savr\u0161en izbor. Vodootporan je i dizajniran da izdr\u017ei niz vanjskih uvjeta, \u0161to ga \u010dini prikladnim za razne doga\u0111aje.<\/p>\n<p>&nbsp;<\/p>\n<h2>Zna\u010dajke proizvoda<\/h2>\n<p>The\u00a0<strong>Silikonska M1 NFC gumena narukvica<\/strong>\u00a0mo\u017ee se pohvaliti nizom zna\u010dajki koje slu\u017ee i pojedina\u010dnim korisnicima i organizacijama koje \u017eele pobolj\u0161ati svoje iskustvo doga\u0111aja.<\/p>\n<p><strong>1. Dizajn otporan na vodu i vremenske uvjete:<\/strong><br \/>\nZa razliku od tradicionalnih narukvica, ova silikonska rfid narukvica osigurava da va\u0161i podaci ostanu sigurni i netaknuti, \u010dak i u vla\u017enim uvjetima. Ova zna\u010dajka je klju\u010dna za doga\u0111aje koji se odr\u017eavaju po nepredvidivom vremenu ili za aktivnosti koje uklju\u010duju vodu, kao \u0161to su vodeni parkovi ili glazbeni festivali.<\/p>\n<p><strong>2. Superiorna udaljenost \u010ditanja:<\/strong><br \/>\nUz podr\u0161ku RFID tehnologije, ove narukvice imaju udaljenost \u010ditanja izme\u0111u 1-10 cm, \u0161to omogu\u0107uje brzo skeniranje i pristup. Bez obzira upravljate li velikom publikom na festivalu ili osiguravate jednostavan ulazak na mjesto doga\u0111aja,\u00a0<strong>RFID tehnologija narukvice<\/strong>\u00a0radi glatko kako bi se smanjilo vrijeme \u010dekanja i pobolj\u0161alo iskustvo gostiju.<\/p>\n<p>&nbsp;<\/p>\n<h2>Materijal i dizajn<\/h2>\n<p>Izra\u0111eno od visokokvalitetnog\u00a0<strong>silikon<\/strong>, ova narukvica nudi fleksibilnost i udobnost za korisnika. Njegov lagani dizajn \u010dini ga pogodnim za dugotrajno no\u0161enje bez nelagode. Osim toga,\u00a0<strong>prilagodljiv<\/strong>\u00a0Priroda narukvice zna\u010di da se mo\u017ee prilagoditi bilo kojoj veli\u010dini, \u0161to je \u010dini idealnom za razli\u010dite korisnike, od djece do odraslih.<\/p>\n<ul>\n<li><strong>Udobna odje\u0107a:<\/strong>\u00a0Za razliku od vinilnih ili platnenih narukvica, silikon je mekan na ko\u017ei, \u0161to ga \u010dini idealnim za cjelodnevno no\u0161enje.<\/li>\n<li><strong>Otporni materijal:<\/strong>\u00a0Izdr\u017eljivost silikona osigurava da se va\u0161a narukvica ne\u0107e lako o\u0161tetiti, \u0161to je osobito va\u017eno za doga\u0111aje koji traju vi\u0161e dana.<\/li>\n<\/ul>\n<p>&nbsp;<\/p>\n<h2>NFC i RFID tehnologija<\/h2>\n<p>Kombiniraju\u0107i oboje\u00a0<strong>NFC<\/strong>\u00a0i\u00a0<strong>RFID<\/strong>\u00a0mogu\u0107nosti, ova narukvica odra\u017eava najnovija dostignu\u0107a u\u00a0<strong>RFID tehnologija<\/strong>.<\/p>\n<ul>\n<li><strong>Frekvencija:<\/strong>\u00a0Rade\u0107i na frekvenciji od\u00a0<strong>13,56 MHz<\/strong>, ove narukvice koriste komunikaciju na temelju blizine. Mogu se programirati za razli\u010dite primjene, od bezgotovinskog pla\u0107anja do ulaznog pristupa.<\/li>\n<li><strong>Uskla\u0111enost s protokolom:<\/strong>\u00a0Narukvice se pridr\u017eavaju\u00a0<strong>ISO 14443A<\/strong>\u00a0protokol, osiguravaju\u0107i kompatibilnost sa \u0161irokim rasponom NFC \u010dita\u010da. To korisnicima nudi slobodu kori\u0161tenja na vi\u0161e platformi, \u0161to ga \u010dini neprocjenjivim sredstvom za razli\u010dite vrste doga\u0111aja.<\/li>\n<\/ul>\n<p>&nbsp;<\/p>\n<h2>Mogu\u0107nosti prilago\u0111enog brendiranja<\/h2>\n<p>Na\u0161e narukvice mogu sadr\u017eavati a\u00a0<strong>prilago\u0111eni logo<\/strong>, omogu\u0107uju\u0107i tvrtkama da pobolj\u0161aju vidljivost svoje marke u bilo kojem okru\u017eenju.<\/p>\n<ul>\n<li><strong>Sitotisak:<\/strong>\u00a0Va\u0161 logo mo\u017ee biti istaknut na narukvici kori\u0161tenjem visokokvalitetnih tehnika sitotiska. To ne samo da osigurava \u017eivopisne boje, ve\u0107 i dugovje\u010dnost protiv habanja.<\/li>\n<li><strong>Laserska prilagodba:<\/strong>\u00a0Osim toga, nudimo prilago\u0111eno lasersko graviranje za trajnije rje\u0161enje brendiranja, osiguravaju\u0107i da se va\u0161 logotip u\u010dinkovito isti\u010de.<\/li>\n<\/ul>\n<p>&nbsp;<\/p>\n<h2>Primjene narukvice<\/h2>\n<p>The\u00a0<strong>Prilago\u0111eni laserski logotip Vodootporna silikonska M1 NFC gumena narukvica<\/strong>\u00a0je svestran i primjenjiv u brojnim industrijama i doga\u0111ajima.<\/p>\n<ul>\n<li><strong>Sustavi kontrole pristupa:<\/strong>\u00a0Idealno za\u00a0<strong>organizatori doga\u0111anja<\/strong>, ove narukvice pojednostavljuju procese ulaska, omogu\u0107uju\u0107i\u00a0<strong>brza kontrola pristupa<\/strong>\u00a0i pobolj\u0161anu sigurnost kroz dizajn za\u0161ti\u0107en od neovla\u0161tenog otvaranja.<\/li>\n<li><strong>Bezgotovinsko pla\u0107anje:<\/strong>\u00a0Uz porast bezgotovinskih transakcija, kori\u0161tenje NFC tehnologije omogu\u0107uje besprijekoran protok na prodajnim mjestima, smanjuju\u0107i potrebu za gotovinom i pobolj\u0161avaju\u0107i brzinu transakcija.<\/li>\n<\/ul>\n<p>&nbsp;<\/p>\n<h2>\u010cesto postavljana pitanja (FAQ)<\/h2>\n<p>Evo nekih uobi\u010dajenih pitanja i odgovora u vezi s\u00a0<strong>Prilago\u0111eni laserski logotip Vodootporna silikonska M1 NFC gumena narukvica<\/strong>. Ako imate dodatnih pitanja, nemojte se ustru\u010davati kontaktirati!<\/p>\n<h3>1.\u00a0<strong>Koja je primarna upotreba RFID narukvica?<\/strong><\/h3>\n<p>RFID narukvice prvenstveno se koriste za kontrolu pristupa, bezgotovinsko pla\u0107anje i upravljanje gostima na doga\u0111ajima kao \u0161to su koncerti, festivali i vodeni parkovi. Poma\u017eu pojednostaviti rad, skra\u0107uju vrijeme \u010dekanja i pobolj\u0161avaju cjelokupno iskustvo gostiju.<\/p>\n<h3>2.\u00a0<strong>Mo\u017eemo li prilagoditi narukvice?<\/strong><\/h3>\n<p>Da! Na\u0161e narukvice mogu se u potpunosti prilagoditi va\u0161im logotipom ili porukom robne marke. Nudimo opcije za sitotisak i lasersko graviranje kako bismo zadovoljili va\u0161e zahtjeve za brendiranjem.<\/p>\n<h3>3.\u00a0<strong>Od kojih su materijala izra\u0111ene narukvice?<\/strong><\/h3>\n<p>Narukvice su izra\u0111ene od visokokvalitetnog, mekanog silikona koji osigurava udobnost pri dugotrajnom no\u0161enju. Tako\u0111er su vodootporni i otporni na vremenske uvjete, \u0161to ih \u010dini prikladnim za vanjska i izazovna okru\u017eenja.<\/p>\n<h3>4.\u00a0<strong>Koju tehnologiju koriste ove narukvice?<\/strong><\/h3>\n<p>Narukvice koriste oboje\u00a0<strong>NFC (Near Field Communication)<\/strong>\u00a0i\u00a0<strong>RFID (Radio Frequency Identification)<\/strong>\u00a0tehnologija koja radi na frekvenciji od\u00a0<strong>13,56 MHz<\/strong>. To omogu\u0107uje brzo i u\u010dinkovito skeniranje.<\/p>\n<h3>5.\u00a0<strong>Kako mogu osigurati da narukvice odgovaraju razli\u010ditim korisnicima?<\/strong><\/h3>\n<p>Nudimo prilagodljive veli\u010dine kako bismo osigurali da narukvice udobno pristaju razli\u010ditim korisnicima. Fleksibilni silikonski materijal tako\u0111er se prilago\u0111ava razli\u010ditim veli\u010dinama zape\u0161\u0107a.<\/p>\n<p>&nbsp;<\/p>","protected":false},"excerpt":{"rendered":"<p>Vodootporna silikonska M1 NFC gumena narukvica prilago\u0111enog laserskog logotipa spaja izdr\u017eljivost s naprednom NFC tehnologijom, \u0161to je \u010dini idealnom za doga\u0111aje i bezgotovinske transakcije. Personalizirajte ga svojim logotipom za pobolj\u0161anu robnu marku i vidljivost!<\/p>","protected":false},"featured_media":3648,"template":"","meta":[],"product_brand":[],"product_cat":[50],"product_tag":[],"class_list":{"0":"post-3647","1":"product","2":"type-product","3":"status-publish","4":"has-post-thumbnail","6":"product_cat-silicone-rfid-nfc-wristbands","8":"first","9":"instock","10":"shipping-taxable","11":"product-type-simple"},"_links":{"self":[{"href":"https:\/\/nfc-readers.com\/hr\/wp-json\/wp\/v2\/product\/3647","targetHints":{"allow":["GET"]}}],"collection":[{"href":"https:\/\/nfc-readers.com\/hr\/wp-json\/wp\/v2\/product"}],"about":[{"href":"https:\/\/nfc-readers.com\/hr\/wp-json\/wp\/v2\/types\/product"}],"wp:featuredmedia":[{"embeddable":true,"href":"https:\/\/nfc-readers.com\/hr\/wp-json\/wp\/v2\/media\/3648"}],"wp:attachment":[{"href":"https:\/\/nfc-readers.com\/hr\/wp-json\/wp\/v2\/media?parent=3647"}],"wp:term":[{"taxonomy":"product_brand","embeddable":true,"href":"https:\/\/nfc-readers.com\/hr\/wp-json\/wp\/v2\/product_brand?post=3647"},{"taxonomy":"product_cat","embeddable":true,"href":"https:\/\/nfc-readers.com\/hr\/wp-json\/wp\/v2\/product_cat?post=3647"},{"taxonomy":"product_tag","embeddable":true,"href":"https:\/\/nfc-readers.com\/hr\/wp-json\/wp\/v2\/product_tag?post=3647"}],"curies":[{"name":"wp","href":"https:\/\/api.w.org\/{rel}","templated":true}]}}