{"id":3667,"date":"2024-11-10T06:11:18","date_gmt":"2024-11-10T06:11:18","guid":{"rendered":"https:\/\/nfc-readers.com\/?post_type=product&#038;p=3667"},"modified":"2024-11-10T06:11:19","modified_gmt":"2024-11-10T06:11:19","slug":"custom-nfc-sticker-for-brand-authentication-anti-counterfeiting","status":"publish","type":"product","link":"https:\/\/nfc-readers.com\/hr\/ic-reader\/custom-nfc-sticker-for-brand-authentication-anti-counterfeiting\/","title":{"rendered":"Prilago\u0111ena NFC naljepnica za provjeru autenti\u010dnosti marke protiv krivotvorina"},"content":{"rendered":"<h1 style=\"text-align: center;\"><strong>Prilago\u0111ena NFC naljepnica za provjeru autenti\u010dnosti marke protiv krivotvorina<\/strong><\/h1>\n<p>Na dana\u0161njem tr\u017ei\u0161tu koje se brzo razvija, osiguranje legitimnosti proizvoda postalo je kriti\u010dnije nego ikada. Prilago\u0111ene NFC naljepnice slu\u017ee kao inovativno rje\u0161enje za provjeru autenti\u010dnosti robne marke i mjere protiv krivotvorenja. Ove napredne naljepnice koriste tehnologiju Near Field Communication (NFC) kako bi pru\u017eile besprijekoran postupak provjere, pove\u0107avaju\u0107i integritet marke i povjerenje kupaca. Ovaj proizvod ne slu\u017ei samo kao sigurnosna mjera, ve\u0107 tako\u0111er olak\u0161ava privla\u010dno korisni\u010dko iskustvo. S nizom prilagodljivih opcija, ove NFC naljepnice vrijedna su investicija za svaku tvrtku koja \u017eeli za\u0161tititi identitet svoje marke.<\/p>\n<p>&nbsp;<\/p>\n<h2>Za\u0161to odabrati prilago\u0111ene NFC naljepnice?<\/h2>\n<p>Prilago\u0111ene NFC naljepnice nude brojne prednosti koje ih \u010dine vrijednim dodatkom sigurnosnom arsenalu va\u0161e marke. Integracijom NFC tehnologije, ove naljepnice omogu\u0107uju brzu i laku autentifikaciju putem pametnih telefona i ure\u0111aja koji podr\u017eavaju NFC. Sa zna\u010dajkama kao \u0161to su vodootporna izdr\u017eljivost, razli\u010dite veli\u010dine i oblici te prilagodljive mogu\u0107nosti ispisa, ove naljepnice ne samo da pove\u0107avaju sigurnost ve\u0107 i pobolj\u0161avaju izgled va\u0161ih proizvoda.<\/p>\n<p>Ulaganje u prilago\u0111ene NFC naljepnice mo\u017ee zna\u010dajno smanjiti rizik od krivotvorina, daju\u0107i potro\u0161a\u010dima povjerenje u autenti\u010dnost njihovih kupnji. Transparentnim pru\u017eanjem informacija o podrijetlu proizvoda i pojedinostima o proizvodnji, ove naljepnice tako\u0111er mogu podi\u0107i iskustvo i anga\u017eman potro\u0161a\u010da.<\/p>\n<p>&nbsp;<\/p>\n<h2>Zna\u010dajke prilago\u0111enih NFC naljepnica<\/h2>\n<h3>Napredna tehnologija i sigurnost<\/h3>\n<p>Prilago\u0111ene NFC naljepnice opremljene su vrhunskom tehnologijom, kao \u0161to su RFID komunikacijska su\u010delja, \u0161to ih \u010dini iznimno u\u010dinkovitima u autentifikaciji robne marke. Koriste\u0107i se\u00a0<strong>NXP NTAG213<\/strong>\u00a0\u010dip, ove naljepnice rade na frekvenciji od\u00a0<strong>13,56 MHz<\/strong>, osiguravaju\u0107i pouzdanu vezu s drugim ure\u0111ajima koji podr\u017eavaju NFC. Bilo da su zalijepljene na ambala\u017eu proizvoda ili etikete, ove naljepnice pru\u017eaju sofisticirano rje\u0161enje za borbu protiv krivotvorina uz minimalan napor.<\/p>\n<h3>Svestrane primjene<\/h3>\n<p>Svestranost prilago\u0111enih NFC naljepnica \u010dini ih prikladnima za \u0161irok raspon industrija, od luksuzne robe do potro\u0161a\u010dke elektronike. Mogu se pri\u010dvrstiti na razne povr\u0161ine\u2014uklju\u010duju\u0107i\u00a0<strong>PVC, PET<\/strong>i metal\u2014omogu\u0107uju\u0107i tvrtkama da ih neprimjetno ugrade u svoje brendiranje. Tvrtke mogu birati izme\u0111u vi\u0161e dizajna, uklju\u010duju\u0107i\u00a0<strong>okrugli, \u010detvrtasti<\/strong>i prilago\u0111ene konfiguracije kako bi najbolje odgovarale estetici proizvoda.<\/p>\n<h2>2. Trajnost i upotrebljivost<\/h2>\n<h3>Dizajn otporan na vodu i vremenske uvjete<\/h3>\n<p>Kada je rije\u010d o ozna\u010davanju proizvoda, trajnost je najva\u017enija. Prilago\u0111ene NFC naljepnice dizajnirane su da izdr\u017ee te\u0161ke uvjete okoline. Njihovo\u00a0<strong>vodootporan<\/strong>\u00a0i\u00a0<strong>otporan na vremenske uvjete<\/strong>\u00a0Svojstva ih \u010dine idealnima za vanjsku primjenu ili proizvode izlo\u017eene vlazi. To osigurava da NFC tehnologija ostaje u potpunosti operativna, bez obzira na vanjsko okru\u017eenje, \u0161tite\u0107i integritet va\u0161eg brenda.<\/p>\n<h3>Su\u010delje prilago\u0111eno korisniku<\/h3>\n<p>Jednostavnost kori\u0161tenja prilago\u0111enih NFC naljepnica jo\u0161 je jedna zna\u010dajna prednost. Kupci mogu jednostavno provjeriti autenti\u010dnost proizvoda tako da dodirnu svoje\u00a0<strong>Pametni telefoni s NFC-om<\/strong>\u00a0uz naljepnicu. Ova intuitivna interakcija eliminira slo\u017eene procese, omogu\u0107uju\u0107i korisnicima provjeru autenti\u010dnosti i brz pristup dodatnim informacijama o proizvodu. Kao rezultat toga, to pove\u0107ava zadovoljstvo i anga\u017eman kupaca.<\/p>\n<p>&nbsp;<\/p>\n<p>&nbsp;<\/p>\n<h2>Tehni\u010dke specifikacije<\/h2>\n<table class=\"w-fit !mb-0 !max-w-none\">\n<thead>\n<tr>\n<th>Specifikacija<\/th>\n<th>Detalj<\/th>\n<\/tr>\n<\/thead>\n<tbody>\n<tr>\n<td><strong>\u010cip<\/strong><\/td>\n<td>Ntag213, Ntag215, Ntag216<\/td>\n<\/tr>\n<tr>\n<td><strong>Frekvencija<\/strong><\/td>\n<td>13,56 MHz<\/td>\n<\/tr>\n<tr>\n<td><strong>Protokol<\/strong><\/td>\n<td>ISO 14443A<\/td>\n<\/tr>\n<tr>\n<td><strong>Tipovi podataka koji se mogu pisati<\/strong><\/td>\n<td>Web stranica, tekst, QR kodovi, drugi formati<\/td>\n<\/tr>\n<tr>\n<td><strong>Mogu\u0107nosti ispisa<\/strong><\/td>\n<td>Offset tisak, Digitalni tisak, Prilagodba<\/td>\n<\/tr>\n<tr>\n<td><strong>Mogu\u0107nosti zanata<\/strong><\/td>\n<td>Sjajni, mat, epoksi, hologram<\/td>\n<\/tr>\n<tr>\n<td><strong>Opcije veli\u010dine<\/strong><\/td>\n<td>Okrugli (promjer 30 mm), kvadratni, prilago\u0111eni<\/td>\n<\/tr>\n<tr>\n<td><strong>Detalji pakiranja<\/strong><\/td>\n<td>200 kom u unutarnjoj kutiji, 25 kutija u kartonu; veli\u010dina kartona: 48<em>22.5<\/em>30 cm<\/td>\n<\/tr>\n<tr>\n<td><strong>Te\u017eina<\/strong><\/td>\n<td>0,010 kg po naljepnici<\/td>\n<\/tr>\n<\/tbody>\n<\/table>\n<p>&nbsp;<\/p>\n<p>&nbsp;<\/p>\n<h2>\u010cesto postavljana pitanja (FAQ)<\/h2>\n<h3>1.\u00a0<strong>\u0160to je NFC tehnologija i kako radi?<\/strong><\/h3>\n<p>NFC (Near Field Communication) be\u017ei\u010dna je tehnologija kratkog dometa koja omogu\u0107uje komunikaciju izme\u0111u kompatibilnih ure\u0111aja kada se oni pribli\u017ee, obi\u010dno unutar nekoliko centimetara. Prilago\u0111ene NFC naljepnice sadr\u017ee NFC \u010dip koji prenosi podatke pametnim telefonima i ure\u0111ajima koji podr\u017eavaju NFC kada se dodirnu, omogu\u0107uju\u0107i korisnicima brzu provjeru autenti\u010dnosti proizvoda ili pristup dodatnim informacijama.<\/p>\n<h3>2.\u00a0<strong>Koliko su izdr\u017eljive prilago\u0111ene NFC naljepnice?<\/strong><\/h3>\n<p>Prilago\u0111ene NFC naljepnice dizajnirane su da budu vodootporne i otporne na vremenske uvjete, \u0161to ih \u010dini prikladnima za unutarnju i vanjsku primjenu. Mogu izdr\u017eati razli\u010dite uvjete okoline, osiguravaju\u0107i da NFC tehnologija ostane funkcionalna dulje vrijeme.<\/p>\n<h3>3.\u00a0<strong>Mogu li se ove naljepnice prilagoditi?<\/strong><\/h3>\n<p>Da! Na\u0161e prilago\u0111ene NFC naljepnice nude niz opcija za prilagodbu, uklju\u010duju\u0107i veli\u010dinu, oblik, dizajn i metode ispisa. Mo\u017eete ispisati logotipe, informacije o proizvodu, QR kodove i druge elemente marke kako biste se uskladili s identitetom va\u0161e marke.<\/p>\n<h3>4.\u00a0<strong>Koji se materijali koriste za naljepnice?<\/strong><\/h3>\n<p>Prilago\u0111ene NFC naljepnice mogu se izraditi od razli\u010ditih materijala kao \u0161to su PVC, PET ili premazani papir. Svaki je materijal odabran zbog svoje izdr\u017eljivosti i prikladnosti za razli\u010dite primjene, \u010dime se osigurava u\u010dinkovito lijepljenje naljepnica na va\u0161e proizvode.<\/p>","protected":false},"excerpt":{"rendered":"<p>Prilago\u0111ene NFC naljepnice nude sofisticirano rje\u0161enje za provjeru autenti\u010dnosti marke i za\u0161titu od krivotvorina. Jednostavno provjerite legitimnost proizvoda jednostavnim dodirom pametnog telefona.<\/p>","protected":false},"featured_media":3668,"template":"","meta":[],"product_brand":[],"product_cat":[48],"product_tag":[],"class_list":{"0":"post-3667","1":"product","2":"type-product","3":"status-publish","4":"has-post-thumbnail","6":"product_cat-nfc-stickers","8":"first","9":"instock","10":"shipping-taxable","11":"product-type-simple"},"_links":{"self":[{"href":"https:\/\/nfc-readers.com\/hr\/wp-json\/wp\/v2\/product\/3667","targetHints":{"allow":["GET"]}}],"collection":[{"href":"https:\/\/nfc-readers.com\/hr\/wp-json\/wp\/v2\/product"}],"about":[{"href":"https:\/\/nfc-readers.com\/hr\/wp-json\/wp\/v2\/types\/product"}],"wp:featuredmedia":[{"embeddable":true,"href":"https:\/\/nfc-readers.com\/hr\/wp-json\/wp\/v2\/media\/3668"}],"wp:attachment":[{"href":"https:\/\/nfc-readers.com\/hr\/wp-json\/wp\/v2\/media?parent=3667"}],"wp:term":[{"taxonomy":"product_brand","embeddable":true,"href":"https:\/\/nfc-readers.com\/hr\/wp-json\/wp\/v2\/product_brand?post=3667"},{"taxonomy":"product_cat","embeddable":true,"href":"https:\/\/nfc-readers.com\/hr\/wp-json\/wp\/v2\/product_cat?post=3667"},{"taxonomy":"product_tag","embeddable":true,"href":"https:\/\/nfc-readers.com\/hr\/wp-json\/wp\/v2\/product_tag?post=3667"}],"curies":[{"name":"wp","href":"https:\/\/api.w.org\/{rel}","templated":true}]}}